{"id":11199,"date":"2026-01-26T18:57:58","date_gmt":"2026-01-26T16:57:58","guid":{"rendered":"https:\/\/www.zeushotels.gr\/?page_id=11199"},"modified":"2026-01-26T18:57:58","modified_gmt":"2026-01-26T16:57:58","slug":"dienstleistungen-einrichtungen","status":"publish","type":"page","link":"https:\/\/www.zeushotels.gr\/de\/magma-resort\/dienstleistungen-einrichtungen\/","title":{"rendered":"Dienstleistungen &amp; Einrichtungen"},"content":{"rendered":"\n<div class=\"gb-white-background gb-container-section-l gb-element-1db0d76d text-box\" id=\"welcome\">\n<div class=\"gb-element-9da7d55e\">\n<div class=\"gb-element-8192c3fc\">\n<img loading=\"lazy\" decoding=\"async\" width=\"1600\" height=\"1067\" class=\"gb-media-ff6e88f6\" src=\"https:\/\/www.zeushotels.gr\/wp-content\/uploads\/2025\/03\/BLUE-SEA-RESTAURANTE-6.jpg\" title=\"BLUE SEA-RESTAURANTE-6\" srcset=\"https:\/\/www.zeushotels.gr\/wp-content\/uploads\/2025\/03\/BLUE-SEA-RESTAURANTE-6.jpg 1600w, https:\/\/www.zeushotels.gr\/wp-content\/uploads\/2025\/03\/BLUE-SEA-RESTAURANTE-6-800x534.jpg 800w, https:\/\/www.zeushotels.gr\/wp-content\/uploads\/2025\/03\/BLUE-SEA-RESTAURANTE-6-1024x683.jpg 1024w, https:\/\/www.zeushotels.gr\/wp-content\/uploads\/2025\/03\/BLUE-SEA-RESTAURANTE-6-600x400.jpg 600w, https:\/\/www.zeushotels.gr\/wp-content\/uploads\/2025\/03\/BLUE-SEA-RESTAURANTE-6-768x512.jpg 768w, https:\/\/www.zeushotels.gr\/wp-content\/uploads\/2025\/03\/BLUE-SEA-RESTAURANTE-6-1536x1024.jpg 1536w\" sizes=\"auto, (max-width: 1600px) 100vw, 1600px\" \/>\n<\/div>\n\n\n\n<div class=\"gb-element-cccc8c60\">\n<div class=\"gb-accordion zeus-accordion\">\n<div class=\"gb-accordion__item gb-accordion__item-6a076f2f gb-accordion__item-open\">\n<div role=\"button\" tabindex=\"0\" class=\"gb-accordion__toggle gb-accordion__toggle-7f52f785 gb-block-is-current\" id=\"gb-accordion-toggle-7f52f785\">\n<span class=\"gb-text-1be42ea5\"><span class=\"gb-shape\"><svg aria-hidden=\"true\" role=\"img\" height=\"1em\" width=\"1em\" viewBox=\"0 0 512 512\" xmlns=\"http:\/\/www.w3.org\/2000\/svg\"><path fill=\"currentColor\" d=\"M256 8C119 8 8 119 8 256s111 248 248 248 248-111 248-248S393 8 256 8z\"><\/path><\/svg><\/span><span class=\"gb-text\">G\u00e4ste-serviceleistungen<\/span><\/span>\n<\/div>\n\n\n\n<div class=\"gb-accordion__content\" id=\"gb-accordion-content-d7481e1b\">\n<div class=\"gb-element-2079fb9c\">\n<div>\n<ul class=\"wp-block-list has-surface-70-color has-text-color has-link-color wp-elements-e22c7862634fd30368c2437a6e23bf69\">\n<li>24-Stunden-Rezeption<\/li>\n\n\n\n<li>Begr\u00fc\u00dfendes Erfrischungstuch und Getr\u00e4nk<\/li>\n\n\n\n<li>WLAN in allen \u00f6ffentlichen Bereichen<\/li>\n\n\n\n<li>Gep\u00e4ckraum und -service<\/li>\n\n\n\n<li>24-Stunden-Zimmerservice&nbsp;*<\/li>\n\n\n\n<li>Weckruf<\/li>\n\n\n\n<li>Aufdeckservice&nbsp;*<\/li>\n\n\n\n<li>Kissenmen\u00fc<\/li>\n\n\n\n<li>Strandt\u00fccher gegen r\u00fcckzahlbare Kaution<\/li>\n\n\n\n<li>Strandservice&nbsp;*<\/li>\n\n\n\n<li>TV Lounge<\/li>\n<\/ul>\n<\/div>\n\n\n\n<div>\n<ul class=\"wp-block-list has-surface-70-color has-text-color has-link-color wp-elements-35186086fc3d82bf3a5ee126ee49dfd7\">\n<li>Internet-Ecke<\/li>\n\n\n\n<li>Laptop \/ Tablet&nbsp;*<\/li>\n\n\n\n<li>W\u00e4scheservice (Waschen, chemische Reinigung &amp; B\u00fcgeln)&nbsp;*<\/li>\n\n\n\n<li>\u00c4rztlicher Bereitschaftsdienst&nbsp;*<\/li>\n\n\n\n<li>Erste-Hilfe-Set<\/li>\n\n\n\n<li>Taxi-Transfer&nbsp;*<\/li>\n\n\n\n<li>Autovermietung&nbsp;*<\/li>\n\n\n\n<li>Ausfl\u00fcge&nbsp;*<\/li>\n\n\n\n<li>Tagungsraum<\/li>\n\n\n\n<li>Business Center<\/li>\n\n\n\n<li>Parkplatz<\/li>\n<\/ul>\n<\/div>\n<\/div>\n<\/div>\n<\/div>\n\n\n\n<div class=\"gb-accordion__item gb-accordion__item-5a3f4533\">\n<div role=\"button\" tabindex=\"0\" class=\"gb-accordion__toggle gb-accordion__toggle-749ec945\" id=\"gb-accordion-toggle-749ec945\">\n<span class=\"gb-text-e89640a9\"><span class=\"gb-shape\"><svg aria-hidden=\"true\" role=\"img\" height=\"1em\" width=\"1em\" viewBox=\"0 0 512 512\" xmlns=\"http:\/\/www.w3.org\/2000\/svg\"><path fill=\"currentColor\" d=\"M256 8C119 8 8 119 8 256s111 248 248 248 248-111 248-248S393 8 256 8z\"><\/path><\/svg><\/span><span class=\"gb-text\">Freizeit &amp; Sport<\/span><\/span>\n<\/div>\n\n\n\n<div class=\"gb-accordion__content\" id=\"gb-accordion-content-73d6842f\">\n<div class=\"gb-element-53e3fefb\">\n<ul class=\"wp-block-list has-surface-70-color has-text-color has-link-color wp-elements-0503d42c12ef830e897ca38200e4950c\">\n<li>2 Au\u00dfenpools mit S\u00fc\u00dfwasser<\/li>\n\n\n\n<li>1 beheizter Innenpool<\/li>\n\n\n\n<li>Sandstrand<\/li>\n\n\n\n<li>Kostenlose Sonnenliegen &amp; Sonnenschirme am Pool f\u00fcr alle Hotelg\u00e4ste<\/li>\n\n\n\n<li>Kostenlose Sonnenliegen &amp; Sonnenschirme am Strand nur f\u00fcr All-Inclusive-G\u00e4ste<\/li>\n\n\n\n<li>Spa&nbsp;*<\/li>\n\n\n\n<li>Fitnessraum<\/li>\n\n\n\n<li>Tischtennis<\/li>\n\n\n\n<li>Billard&nbsp;*<\/li>\n\n\n\n<li>Darts<\/li>\n\n\n\n<li>Wassersport (externer Anbieter)&nbsp;*<\/li>\n\n\n\n<li>Tages- und Abendanimation<\/li>\n\n\n\n<li>Folkloretanzabend<\/li>\n\n\n\n<li>Live-Musikabend<\/li>\n<\/ul>\n<\/div>\n<\/div>\n<\/div>\n\n\n\n<div class=\"gb-accordion__item gb-accordion__item-84262baa\">\n<div role=\"button\" tabindex=\"0\" class=\"gb-accordion__toggle gb-accordion__toggle-3115609f\" id=\"gb-accordion-toggle-3115609f\">\n<span class=\"gb-text-fc3267c3\"><span class=\"gb-shape\"><svg aria-hidden=\"true\" role=\"img\" height=\"1em\" width=\"1em\" viewBox=\"0 0 512 512\" xmlns=\"http:\/\/www.w3.org\/2000\/svg\"><path fill=\"currentColor\" d=\"M256 8C119 8 8 119 8 256s111 248 248 248 248-111 248-248S393 8 256 8z\"><\/path><\/svg><\/span><span class=\"gb-text\">Gastronomie &amp; Bars<\/span><\/span>\n<\/div>\n\n\n\n<div class=\"gb-accordion__content\" id=\"gb-accordion-content-0924768a\">\n<div class=\"gb-element-6274be97\">\n<ul class=\"wp-block-list has-surface-70-color has-text-color has-link-color wp-elements-e4738358dc9fbf6ab897d3574112bac5\">\n<li>Hauptrestaurant<\/li>\n\n\n\n<li>Hauptbar<\/li>\n\n\n\n<li>Snackbar<\/li>\n\n\n\n<li>Zimmerservice mit Snacks &amp; Getr\u00e4nken&nbsp;*<\/li>\n\n\n\n<li>Zimmerservice schwimmendes Fr\u00fchst\u00fcck&nbsp;*<\/li>\n\n\n\n<li>Zimmerservice f\u00fcr Fr\u00fchst\u00fcck&nbsp;*<\/li>\n\n\n\n<li>Fr\u00fches Fr\u00fchst\u00fcck auf Anfrage<\/li>\n\n\n\n<li>Lunchpaket auf Anfrage&nbsp;*<\/li>\n\n\n\n<li>Privates Candle-Light-Dinner&nbsp;*<\/li>\n<\/ul>\n\n\n\n<p class=\"gb-text gb-text-2fc27d58\">Dress Code:&nbsp;Die G\u00e4ste werden gebeten, beim Abendessen sportlich-elegante Kleidung zu tragen. Strandkleidung und Hausschuhe sind zum Essen nicht geeignet.<\/p>\n<\/div>\n<\/div>\n<\/div>\n\n\n\n<div class=\"gb-accordion__item gb-accordion__item-ad74cc9f\">\n<div role=\"button\" tabindex=\"0\" class=\"gb-accordion__toggle gb-accordion__toggle-a26ad45a\" id=\"gb-accordion-toggle-a26ad45a\">\n<span class=\"gb-text-ed071a59\"><span class=\"gb-shape\"><svg aria-hidden=\"true\" role=\"img\" height=\"1em\" width=\"1em\" viewBox=\"0 0 512 512\" xmlns=\"http:\/\/www.w3.org\/2000\/svg\"><path fill=\"currentColor\" d=\"M256 8C119 8 8 119 8 256s111 248 248 248 248-111 248-248S393 8 256 8z\"><\/path><\/svg><\/span><span class=\"gb-text\">Nur F\u00fcr Kinder<\/span><\/span>\n<\/div>\n\n\n\n<div class=\"gb-accordion__content\" id=\"gb-accordion-content-aa99daea\">\n<div class=\"gb-element-73b85020\">\n<ul class=\"wp-block-list has-surface-70-color has-text-color has-link-color wp-elements-49ec59923f8a7bdcdbf21282f646186a\">\n<li>1 Kinderpool<\/li>\n\n\n\n<li>Innen- und Au\u00dfenspielplatz<\/li>\n\n\n\n<li>Mini Club<\/li>\n\n\n\n<li>Minidisco (Teil der Animation)<\/li>\n\n\n\n<li>Babybetten<\/li>\n\n\n\n<li>Hochst\u00fchle<\/li>\n\n\n\n<li>Babysitter-Service&nbsp;*<\/li>\n\n\n\n<li>Unterhaltsames Kinderprogramm mit Malen, Spielen, Musik<\/li>\n<\/ul>\n<\/div>\n<\/div>\n<\/div>\n\n\n\n<div class=\"gb-accordion__item gb-accordion__item-dea703e5\">\n<div role=\"button\" tabindex=\"0\" class=\"gb-accordion__toggle gb-accordion__toggle-c59bd7e2\" id=\"gb-accordion-toggle-c59bd7e2\">\n<span class=\"gb-text-fb3ebb7f\"><span class=\"gb-shape\"><svg aria-hidden=\"true\" role=\"img\" height=\"1em\" width=\"1em\" viewBox=\"0 0 512 512\" xmlns=\"http:\/\/www.w3.org\/2000\/svg\"><path fill=\"currentColor\" d=\"M256 8C119 8 8 119 8 256s111 248 248 248 248-111 248-248S393 8 256 8z\"><\/path><\/svg><\/span><span class=\"gb-text\">Hotelrichtlinie<\/span><\/span>\n<\/div>\n\n\n\n<div class=\"gb-accordion__content\" id=\"gb-accordion-content-391b9cd3\">\n<div class=\"gb-element-0a334c82\">\n<ul class=\"wp-block-list has-surface-70-color has-text-color has-link-color wp-elements-fa24b13e6602affb20ba34051fb0ff1e\">\n<li>Check-In: 15:00<\/li>\n\n\n\n<li>Check-Out: 11:00<\/li>\n\n\n\n<li>Bei Ankunft erhalten alle G\u00e4ste eine ID-Karte mit Foto f\u00fcr die Dauer ihres Aufenthalts<\/li>\n\n\n\n<li>MasterCard, Visa, Maestro und AmEx werden akzeptiert<\/li>\n\n\n\n<li>Pers\u00f6nliche Schecks werden nicht akzeptiert<\/li>\n\n\n\n<li>Hochst\u00fchle<\/li>\n\n\n\n<li>Haustiere sind im Hotel nicht erlaubt<\/li>\n\n\n\n<li>Aktivit\u00e4ten k\u00f6nnen abweichen oder variieren \/ \u00c4nderungen vorbehalten<\/li>\n<\/ul>\n\n\n\n<p>* Aktivit\u00e4ten k\u00f6nnen abweichen oder variieren \/ \u00c4nderungen vorbehalten<\/p>\n<\/div>\n<\/div>\n<\/div>\n<\/div>\n<\/div>\n<\/div>\n<\/div>\n","protected":false},"excerpt":{"rendered":"","protected":false},"author":1,"featured_media":0,"parent":8329,"menu_order":0,"comment_status":"closed","ping_status":"closed","template":"","meta":{"_acf_changed":false,"footnotes":""},"class_list":["post-11199","page","type-page","status-publish"],"acf":{"description":"","menus":false},"_links":{"self":[{"href":"https:\/\/www.zeushotels.gr\/de\/wp-json\/wp\/v2\/pages\/11199","targetHints":{"allow":["GET"]}}],"collection":[{"href":"https:\/\/www.zeushotels.gr\/de\/wp-json\/wp\/v2\/pages"}],"about":[{"href":"https:\/\/www.zeushotels.gr\/de\/wp-json\/wp\/v2\/types\/page"}],"author":[{"embeddable":true,"href":"https:\/\/www.zeushotels.gr\/de\/wp-json\/wp\/v2\/users\/1"}],"replies":[{"embeddable":true,"href":"https:\/\/www.zeushotels.gr\/de\/wp-json\/wp\/v2\/comments?post=11199"}],"version-history":[{"count":1,"href":"https:\/\/www.zeushotels.gr\/de\/wp-json\/wp\/v2\/pages\/11199\/revisions"}],"predecessor-version":[{"id":11207,"href":"https:\/\/www.zeushotels.gr\/de\/wp-json\/wp\/v2\/pages\/11199\/revisions\/11207"}],"up":[{"embeddable":true,"href":"https:\/\/www.zeushotels.gr\/de\/wp-json\/wp\/v2\/pages\/8329"}],"wp:attachment":[{"href":"https:\/\/www.zeushotels.gr\/de\/wp-json\/wp\/v2\/media?parent=11199"}],"curies":[{"name":"wp","href":"https:\/\/api.w.org\/{rel}","templated":true}]}}