{"id":1865,"date":"2025-02-06T01:11:08","date_gmt":"2025-02-05T23:11:08","guid":{"rendered":"https:\/\/www.zeushotels.gr\/zeus-homepage\/"},"modified":"2026-01-30T17:05:16","modified_gmt":"2026-01-30T15:05:16","slug":"zeus-homepage","status":"publish","type":"page","link":"https:\/\/www.zeushotels.gr\/de\/","title":{"rendered":"Zeus Homepage"},"content":{"rendered":"\n<div class=\"gb-element-4154350b hero\">\n<div class=\"gb-element-57ce5c91\">\n<video loop muted autoplay playsinline poster=\"https:\/\/www.zeushotels.gr\/wp-content\/uploads\/2025\/03\/04-Neptuno-Beach-Beach-Aerial-3-1-1.jpg\" class=\"background-video\">\r\n    <source src=\"https:\/\/www.zeushotels.gr\/wp-content\/uploads\/2025\/10\/5-updated-for-website-with-new-files-Copy-01.mp4\" type=\"video\/mp4\">\r\n<\/video>\n\n\n\n<div class=\"gb-element-374953ae background-video-content\">\n<div class=\"gb-element-77dfe0b2\">\n<div>\n<h1 class=\"gb-text gb-headline-huge gb-text-ef5e2992\">ERLEBEN SIE GRIECHISCHE<br>GASTFREUNDSCHAFT VON IHRER BESTEN SEITE<\/h1>\n<\/div>\n\n\n\n<p class=\"gb-text gb-text-e5009a3a\">Unser Ziel ist es, ein umfassendes Urlaubserlebnis mit erstklassigem Service und echter griechischer Gastfreundschaft zu bieten<\/p>\n<\/div>\n<\/div>\n<\/div>\n<\/div>\n\n\n\n<div class=\"gb-element-184c81bc\">\n<h2 class=\"gb-text gb-headline-h2 gb-text-ab998fae\">Willkommen<\/h2>\n\n\n\n<h3 class=\"gb-text gb-headline-h3 gb-text-c7494c27\">Zu Zeus Hotels &amp; Resorts<\/h3>\n\n\n\n<div class=\"gb-element-2d43d6e3\">\n<div class=\"gb-element-f2fc53cf\">\n<img loading=\"lazy\" decoding=\"async\" width=\"1619\" height=\"1080\" class=\"gb-media-e9d97ce1\" src=\"https:\/\/www.zeushotels.gr\/wp-content\/uploads\/2025\/10\/welcome1.jpg\" title=\"welcome1\" alt=\"\" srcset=\"https:\/\/www.zeushotels.gr\/wp-content\/uploads\/2025\/10\/welcome1.jpg 1619w, https:\/\/www.zeushotels.gr\/wp-content\/uploads\/2025\/10\/welcome1-800x534.jpg 800w, https:\/\/www.zeushotels.gr\/wp-content\/uploads\/2025\/10\/welcome1-1024x683.jpg 1024w, https:\/\/www.zeushotels.gr\/wp-content\/uploads\/2025\/10\/welcome1-600x400.jpg 600w, https:\/\/www.zeushotels.gr\/wp-content\/uploads\/2025\/10\/welcome1-768x512.jpg 768w, https:\/\/www.zeushotels.gr\/wp-content\/uploads\/2025\/10\/welcome1-1536x1025.jpg 1536w\" sizes=\"auto, (max-width: 1619px) 100vw, 1619px\" \/>\n<\/div>\n\n\n\n<div class=\"gb-element-c67fb3bb\">\n<div class=\"gb-element-459f496d\">\n<h2 class=\"gb-text gb-text-db76acda\">F\u00fchlen Sie sich wie zu Hause. Genie\u00dfen Sie unsere Gastfreundschaft.<\/h2>\n\n\n\n<p class=\"gb-text gb-text-ae1c5804\">Zeus Hotels ist ein modern denkendes Unternehmen, spezialisiert auf Hotelmanagement mit dem Ziel, ein umfassendes Urlaubserlebnis mit erstklassigem Service zu bieten. Besetzt mit einem erfahrenen Team von Tourismus- und Gastgewerbeprofis begann es 2013 seine T\u00e4tigkeit, indem es die Verwaltung von vier 4-Sterne-Hotels auf Kreta und Rhodos \u00fcbernahm, die 2013 den Betrieb aufnahmen. Im Jahr 2015 f\u00fcgte das Unternehmen das 5-Sterne-Hotel Blue Sea Beach, affiliiert mit Meli\u00e1, auf Kreta hinzu. F\u00fcr 2018 wurden das 4-Sterne-Hotel Sol by Meli\u00e1 Marina Beach und das brandneue Konzept-Hotel Cook\u2019s Club auf Kreta er\u00f6ffnet, was eine starke Pr\u00e4senz in der griechischen Hotelbranche markiert.<\/p>\n<\/div>\n<\/div>\n<\/div>\n<\/div>\n\n\n\n<div class=\"gb-element-d1bc08e0\">\n<div class=\"gb-container-section-l gb-element-13e823db\">\n<h2 class=\"gb-text gb-headline-h2 gb-text-5e0d2000\">WARUM SIE SICH F\u00dcR UNS ENTSCHEIDEN SOLLTEN<\/h2>\n\n\n\n<div class=\"gb-element-47f39313\">\n<p class=\"gb-text gb-text-b987a071\">Zeus Hotels bietet spezielle R\u00e4umlichkeiten und Erlebnisse, die auf jeden Reisenden zugeschnitten sind, und garantiert so einen perfekten Aufenthalt f\u00fcr alle.<\/p>\n<\/div>\n\n\n\n<div class=\"gb-element-99874160\">\n<div class=\"gb-element-6d8381ff\">\n<img loading=\"lazy\" decoding=\"async\" width=\"465\" height=\"464\" class=\"gb-media-7d23ffaa\" alt=\"Seafront Locations\" src=\"https:\/\/www.zeushotels.gr\/wp-content\/uploads\/2025\/05\/Group-2-4.svg\" title=\"Seafront Locations\"\/>\n\n\n\n<h2 class=\"gb-text gb-text-d34456f4\">Standorte am Meer<\/h2>\n\n\n\n<p class=\"gb-text gb-text-0a9ea37a\">Genie\u00dfen Sie atemberaubende Ausblicke und direkten Zugang zum Strand in unseren wundersch\u00f6nen Hotels direkt am Meer.<\/p>\n<\/div>\n\n\n\n<div class=\"gb-element-bb77178d\">\n<img loading=\"lazy\" decoding=\"async\" width=\"464\" height=\"464\" class=\"gb-media-e0ca8a11\" src=\"https:\/\/www.zeushotels.gr\/wp-content\/uploads\/2025\/05\/Group-2-5.svg\" alt=\"Greek Authenticity\" title=\"Greek Authenticity\"\/>\n\n\n\n<h2 class=\"gb-text gb-text-dcc3f5f9\">Griechische Authentizit\u00e4t<\/h2>\n\n\n\n<p class=\"gb-text gb-text-c78b5c03\">Tauchen Sie ein in den wahren Geist Griechenlands mit lokal inspiriertem Design, K\u00fcche und Gastfreundschaft.<\/p>\n<\/div>\n\n\n\n<div class=\"gb-element-3053c779\">\n<img loading=\"lazy\" decoding=\"async\" width=\"464\" height=\"464\" class=\"gb-media-36ad29c7\" src=\"https:\/\/www.zeushotels.gr\/wp-content\/uploads\/2025\/05\/Group-2-9.svg\" alt=\"Premium Comfort\" title=\"Premium Comfort\"\/>\n\n\n\n<h2 class=\"gb-text gb-text-6ade9238\">Premium-Komfort<\/h2>\n\n\n\n<p class=\"gb-text gb-text-c4cc13e4\">Erleben Sie gehobenen Komfort mit eleganten Unterk\u00fcnften, modernen Annehmlichkeiten und aufmerksamem Service.<\/p>\n<\/div>\n\n\n\n<div class=\"gb-element-25f7f0b1\">\n<img loading=\"lazy\" decoding=\"async\" width=\"464\" height=\"464\" class=\"gb-media-e150095c\" src=\"https:\/\/www.zeushotels.gr\/wp-content\/uploads\/2025\/05\/Group-2-7.svg\" title=\"Family &amp; Adults-Only\" alt=\"Family &amp; Adults-Only\"\/>\n\n\n\n<h2 class=\"gb-text gb-text-d394250e\">Familie &amp; Nur f\u00fcr Erwachsene<\/h2>\n\n\n\n<p class=\"gb-text gb-text-92bd78b9\">Ob Sie Spa\u00df mit der Familie oder einen ruhigen R\u00fcckzugsort suchen, unsere speziellen Bereiche bieten f\u00fcr jeden Gast das Richtige.<\/p>\n<\/div>\n\n\n\n<div class=\"gb-element-66cad765\">\n<img loading=\"lazy\" decoding=\"async\" width=\"464\" height=\"464\" class=\"gb-media-34925cb5\" src=\"https:\/\/www.zeushotels.gr\/wp-content\/uploads\/2025\/05\/Group-2-8.svg\" alt=\"Wellness &amp; Relaxation\" title=\"Wellness &amp; Relaxation\"\/>\n\n\n\n<h2 class=\"gb-text gb-text-682711e8\">Wellness &amp; Entspannung<\/h2>\n\n\n\n<p class=\"gb-text gb-text-3ca4c609\">Verj\u00fcngen Sie K\u00f6rper und Geist mit unseren sorgf\u00e4ltig zusammengestellten Wellness-Programmen, ruhigen Spas und friedlichen Umgebungen.<\/p>\n<\/div>\n\n\n\n<div class=\"gb-element-0340cfd6\">\n<img loading=\"lazy\" decoding=\"async\" width=\"464\" height=\"464\" class=\"gb-media-ee72d67d\" src=\"https:\/\/www.zeushotels.gr\/wp-content\/uploads\/2025\/05\/Group-2-6.svg\" title=\"Group 2 (6)\" alt=\"30+ Years Expertise\"\/>\n\n\n\n<h2 class=\"gb-text gb-text-2f285b88\">\u00dcber 60 Jahre Erfahrung<\/h2>\n\n\n\n<p class=\"gb-text gb-text-4ea24cc1\">Vertrauen Sie auf eine Hotelgruppe mit \u00fcber drei Jahrzehnten Erfahrung, die Ihnen au\u00dfergew\u00f6hnliche Urlaubserinnerungen beschert.<\/p>\n<\/div>\n<\/div>\n<\/div>\n<\/div>\n\n\n\n<div class=\"gb-element-8634f3a8\">\n<div class=\"gb-element-1ae9da2c\">\n<h2 class=\"gb-text gb-text-82e543fc\">W\u00c4HLEN SIE IHR TRAUMREISEZIEL<br>UND<\/h2>\n\n\n\n<h3 class=\"gb-text gb-text-340032ae\">Entdecken Sie unsere Immobilien<\/h3>\n\n\n\n<div class=\"gb-tabs gb-tabs-a72f5107\" data-opened-tab=\"1\">\n<div class=\"gb-tabs__items gb-tabs__items-3cfb46cf\">\n<div class=\"gb-tabs__item gb-tabs__item-open\" role=\"tabpanel\" id=\"gb-tab-item-93d539e8\">\n<div class=\"gb-element-003eae21\">\n<div>    <div class=\"acf-map\" data-zoom=\"10\">\n                    <div class=\"marker\" data-lat=\"35.294461\" data-lng=\"25.424609\">\n                                                            <h4><a href=\"https:\/\/www.zeushotels.gr\/de\/blue-sea\/\">Blue Sea Beach Affiliated by Melia<\/a><\/h4>\n                                                                        <p>Eleftheriou Venizelou Stalida Iraklio 700 07 Greece<\/p>\n                            <\/div>\n                    <div class=\"marker\" data-lat=\"35.3142622\" data-lng=\"25.3943492\">\n                                                            <h4><a href=\"https:\/\/www.zeushotels.gr\/de\/cooks-club\/\">Cook\u2019s Club Hersonissos<\/a><\/h4>\n                                                                        <p>Eleftheriou Venizelou Limenas Chersonisou Iraklio 700 14 Greece<\/p>\n                            <\/div>\n                    <div class=\"marker\" data-lat=\"35.333872\" data-lng=\"25.299918\">\n                                                            <h4><a href=\"https:\/\/www.zeushotels.gr\/de\/sol-marina\/\">Sol Marina Beach Crete<\/a><\/h4>\n                                                                        <p>Marina Gouvon \u039a\u03ac\u03c4\u03c9 \u0393\u03bf\u03cd\u03b2\u03b5\u03c2 \u0397\u03c1\u03ac\u03ba\u03bb\u03b5\u03b9\u03bf 700 14 Greece<\/p>\n                            <\/div>\n                    <div class=\"marker\" data-lat=\"35.3366875\" data-lng=\"25.0878599\">\n                                                            <h4><a href=\"https:\/\/www.zeushotels.gr\/de\/neptuno-beach\/\">Neptuno Beach Resort<\/a><\/h4>\n                                                                        <p>Vagias Herakliou Iraklio 714 14 Greece<\/p>\n                            <\/div>\n                    <div class=\"marker\" data-lat=\"35.3732842\" data-lng=\"24.5493428\">\n                                                            <h4><a href=\"https:\/\/www.zeushotels.gr\/de\/ydoria-resort\/\">Ydoria Resort<\/a><\/h4>\n                                                                <\/div>\n                    <div class=\"marker\" data-lat=\"35.242667\" data-lng=\"25.729398\">\n                                                            <h4><a href=\"https:\/\/www.zeushotels.gr\/de\/innside-elounda\/\">INNSiDE by Meli\u00e1 Elounda<\/a><\/h4>\n                                                                <\/div>\n                    <div class=\"marker\" data-lat=\"35.2931149\" data-lng=\"25.4317819\">\n                                                            <h4><a href=\"https:\/\/www.zeushotels.gr\/de\/palm-beach\/\">Zeus Hotels Palm Beach<\/a><\/h4>\n                                                                        <p>Agiou Ioanni Stalida Iraklio 700 07 Greece<\/p>\n                            <\/div>\n                    <div class=\"marker\" data-lat=\"35.33851\" data-lng=\"25.13279\">\n                                                            <h4><a href=\"https:\/\/www.zeushotels.gr\/de\/el-greco\/\">El Greco<\/a><\/h4>\n                                                                        <p>Odos 1821 Iraklio Iraklio 712 01 Greece<\/p>\n                            <\/div>\n            <\/div>\n\n\n<\/div>\n<\/div>\n<\/div>\n\n\n\n<div class=\"gb-tabs__item\" role=\"tabpanel\" id=\"gb-tab-item-b2ac18cf\">\n<div class=\"gb-element-59ec64fd\">\n<div>    <div class=\"acf-map\" data-zoom=\"10\">\n                    <div class=\"marker\" data-lat=\"36.426638\" data-lng=\"28.199773\">\n                                                           <h4><a href=\"https:\/\/www.zeushotels.gr\/de\/sol-cosmopolitan\/\">Sol by Meli\u00e1 Cosmopolitan Rhodes<\/a><\/h4>\n                                                                        <p>Ialisou Ialisos Rodos 851 01 Greece<\/p>\n                            <\/div>\n            <\/div>\n\n\n<\/div>\n<\/div>\n<\/div>\n\n\n\n<div class=\"gb-tabs__item\" role=\"tabpanel\" id=\"gb-tab-item-43b9a28b\">\n<div class=\"gb-element-a8527b86\">\n<div>    <div class=\"acf-map\" data-zoom=\"12\">\n                    <div class=\"marker\" data-lat=\"36.4350665\" data-lng=\"25.4412288\">\n                                                            <h4><a href=\"https:\/\/www.zeushotels.gr\/de\/magma-resort\/\">Magma Resort Santorini - The Unbound Collection by Hyatt<\/a><\/h4>\n                                                                <\/div>\n            <\/div>\n\n\n<\/div>\n<\/div>\n<\/div>\n<\/div>\n\n\n\n<div class=\"gb-tabs__menu gb-tabs__menu-152f3009\" role=\"tablist\">\n<div tabindex=\"0\" class=\"gb-tabs__menu-item gb-tabs__menu-item-9bdd4597 gb-block-is-current\" role=\"tab\" id=\"gb-tab-menu-item-9bdd4597\">\n<span class=\"gb-text gb-text-4064ef6b\">Crete<\/span>\n<\/div>\n\n\n\n<div tabindex=\"0\" class=\"gb-tabs__menu-item gb-tabs__menu-item-db8e2302\" role=\"tab\" id=\"gb-tab-menu-item-db8e2302\">\n<span class=\"gb-text gb-text-8e3c37dc\">Rhodes<\/span>\n<\/div>\n\n\n\n<div tabindex=\"0\" class=\"gb-tabs__menu-item gb-tabs__menu-item-456ebf6b\" role=\"tab\" id=\"gb-tab-menu-item-456ebf6b\">\n<span class=\"gb-text gb-text-29bc868b\">Santorini<\/span>\n<\/div>\n<\/div>\n<\/div>\n<\/div>\n\n\n\n<div class=\"gb-element-a4f13973\">\n<img loading=\"lazy\" decoding=\"async\" width=\"1441\" height=\"1080\" class=\"gb-media-d6b289c0\" alt=\"\" src=\"https:\/\/www.zeushotels.gr\/wp-content\/uploads\/2025\/10\/iLriNUoA.jpeg\" title=\"iLriNUoA\" srcset=\"https:\/\/www.zeushotels.gr\/wp-content\/uploads\/2025\/10\/iLriNUoA.jpeg 1441w, https:\/\/www.zeushotels.gr\/wp-content\/uploads\/2025\/10\/iLriNUoA-800x600.jpeg 800w, https:\/\/www.zeushotels.gr\/wp-content\/uploads\/2025\/10\/iLriNUoA-1024x768.jpeg 1024w, https:\/\/www.zeushotels.gr\/wp-content\/uploads\/2025\/10\/iLriNUoA-768x576.jpeg 768w, https:\/\/www.zeushotels.gr\/wp-content\/uploads\/2025\/10\/iLriNUoA-1536x1151.jpeg 1536w\" sizes=\"auto, (max-width: 1441px) 100vw, 1441px\" \/>\n<\/div>\n<\/div>\n\n\n\n<div class=\"gb-container-section-l gb-element-0959c192\">\n<div class=\"gb-element-82722e55\">\n<h2 class=\"gb-text gb-text-b2876118\">ENTDECKEN SIE UNSERE HOTELS &amp; RESORTS<\/h2>\n<\/div>\n\n\n\n<div class=\"gb-element-f3c859c0\">\n<a class=\"gb-element-5a9838fb\" href=\"https:\/\/www.zeushotels.gr\/de\/blue-sea\/\">\n<div class=\"gb-element-edc38692\">\n<img loading=\"lazy\" decoding=\"async\" width=\"306\" height=\"94\" class=\"gb-media-d5eed0d1\" alt=\"Blue Sea Beach Affiliated by Melia\" src=\"https:\/\/www.zeushotels.gr\/wp-content\/uploads\/2025\/08\/blue-sea-logo.svg\" title=\"blue-sea-logo\"\/>\n<\/div>\n<\/a>\n\n\n\n<a class=\"gb-element-14119519\" href=\"https:\/\/www.zeushotels.gr\/de\/sol-cosmopolitan\/\">\n<div class=\"gb-element-a94c641d\">\n<img loading=\"lazy\" decoding=\"async\" width=\"178\" height=\"93\" class=\"gb-media-55f4a59a\" alt=\"Sol Cosmopolitan Rhodes\" src=\"https:\/\/www.zeushotels.gr\/wp-content\/uploads\/2025\/08\/sol-cosmopolitan.svg\" title=\"sol-cosmopolitan\"\/>\n<\/div>\n<\/a>\n\n\n\n<a class=\"gb-element-dfdb1eab\" href=\"https:\/\/www.zeushotels.gr\/de\/sol-marina\/\">\n<div class=\"gb-element-8d28e5a9\">\n<img loading=\"lazy\" decoding=\"async\" width=\"169\" height=\"94\" class=\"gb-media-1bba0973\" alt=\"Sol Marina Beach Crete\" src=\"https:\/\/www.zeushotels.gr\/wp-content\/uploads\/2025\/08\/sol-marina-beach.svg\" title=\"sol-marina-beach\"\/>\n<\/div>\n<\/a>\n\n\n\n<a class=\"gb-element-f713dc92\" href=\"https:\/\/www.zeushotels.gr\/de\/innside-elounda\/\">\n<div class=\"gb-element-49e517c1\">\n<img loading=\"lazy\" decoding=\"async\" width=\"306\" height=\"83\" class=\"gb-media-9a866ba6\" alt=\"INNSiDE by Melia Elounda\" src=\"https:\/\/www.zeushotels.gr\/wp-content\/uploads\/2025\/08\/innside-by-melia.svg\" title=\"innside-by-melia\"\/>\n<\/div>\n<\/a>\n<\/div>\n\n\n\n<div class=\"gb-element-4d3adac9\">\n<a class=\"gb-text gb-button-primary gb-text-dc8c60b1\" href=\"https:\/\/www.zeushotels.gr\/de\/hotels\/\">Alle Eigenschaften<\/a>\n<\/div>\n<\/div>\n\n\n\n<div class=\"gb-container-section-l gb-element-61e2df94\">\n<div class=\"gb-element-41e6a544\">\n<h2 class=\"gb-text gb-headline-h2 gb-text-18fc7c57\">BLEIBEN SIE IN VERBINDUNG<\/h2>\n\n\n\n<p class=\"gb-text gb-text-2f0e01fd\">Folgen Sie uns auf Social Media<\/p>\n\n\n        <div\n            class=\"spotlight-instagram-feed\"\n            data-feed-var=\"cbd95530\"\n            data-analytics=\"0\"\n            data-instance=\"1865\"\n        >\n        <\/div>\n        <input type=\"hidden\" id=\"sli__f__cbd95530\" data-json='{&quot;useCase&quot;:&quot;accounts&quot;,&quot;template&quot;:&quot;row&quot;,&quot;layout&quot;:&quot;grid&quot;,&quot;numColumns&quot;:{&quot;desktop&quot;:6,&quot;phone&quot;:3,&quot;tablet&quot;:5},&quot;highlightFreq&quot;:{&quot;desktop&quot;:7},&quot;sliderNumScrollPosts&quot;:{&quot;desktop&quot;:1},&quot;sliderInfinite&quot;:true,&quot;sliderLoop&quot;:false,&quot;sliderArrowPos&quot;:{&quot;desktop&quot;:&quot;inside&quot;},&quot;sliderArrowSize&quot;:{&quot;desktop&quot;:20},&quot;sliderArrowColor&quot;:{&quot;r&quot;:255,&quot;b&quot;:255,&quot;g&quot;:255,&quot;a&quot;:1},&quot;sliderArrowBgColor&quot;:{&quot;r&quot;:0,&quot;b&quot;:0,&quot;g&quot;:0,&quot;a&quot;:0.8},&quot;sliderAutoScroll&quot;:false,&quot;sliderAutoInterval&quot;:3,&quot;postOrder&quot;:&quot;date_desc&quot;,&quot;numPosts&quot;:{&quot;desktop&quot;:6,&quot;phone&quot;:3,&quot;tablet&quot;:5},&quot;linkBehavior&quot;:{&quot;desktop&quot;:&quot;new_tab&quot;},&quot;feedWidth&quot;:{&quot;desktop&quot;:0},&quot;feedHeight&quot;:{&quot;desktop&quot;:0},&quot;feedPadding&quot;:{&quot;desktop&quot;:0,&quot;tablet&quot;:0,&quot;phone&quot;:0},&quot;imgPadding&quot;:{&quot;desktop&quot;:0,&quot;tablet&quot;:0,&quot;phone&quot;:0},&quot;ratio&quot;:&quot;classic&quot;,&quot;textSize&quot;:{&quot;desktop&quot;:0,&quot;tablet&quot;:0,&quot;phone&quot;:0},&quot;bgColor&quot;:{&quot;r&quot;:255,&quot;g&quot;:255,&quot;b&quot;:255,&quot;a&quot;:0},&quot;hoverInfo&quot;:[&quot;likes_comments&quot;,&quot;insta_link&quot;,&quot;date&quot;],&quot;textColorHover&quot;:{&quot;r&quot;:255,&quot;g&quot;:255,&quot;b&quot;:255,&quot;a&quot;:1},&quot;bgColorHover&quot;:{&quot;r&quot;:0,&quot;g&quot;:0,&quot;b&quot;:0,&quot;a&quot;:0.5},&quot;showHeader&quot;:{&quot;desktop&quot;:false},&quot;headerInfo&quot;:{&quot;desktop&quot;:[&quot;profile_pic&quot;,&quot;bio&quot;]},&quot;headerAccount&quot;:null,&quot;headerStyle&quot;:{&quot;desktop&quot;:&quot;normal&quot;,&quot;phone&quot;:&quot;centered&quot;},&quot;headerTextSize&quot;:{&quot;desktop&quot;:0},&quot;headerPhotoSize&quot;:{&quot;desktop&quot;:50},&quot;headerTextColor&quot;:{&quot;r&quot;:0,&quot;g&quot;:0,&quot;b&quot;:0,&quot;a&quot;:1},&quot;headerBgColor&quot;:{&quot;r&quot;:255,&quot;g&quot;:255,&quot;b&quot;:255,&quot;a&quot;:1},&quot;headerPadding&quot;:{&quot;desktop&quot;:0},&quot;customProfilePic&quot;:&quot;&quot;,&quot;customBioText&quot;:&quot;&quot;,&quot;includeStories&quot;:false,&quot;storiesInterval&quot;:5,&quot;showCaptions&quot;:{&quot;desktop&quot;:false,&quot;tablet&quot;:false},&quot;captionMaxLength&quot;:{&quot;desktop&quot;:0},&quot;captionRemoveDots&quot;:false,&quot;captionSize&quot;:{&quot;desktop&quot;:0},&quot;captionColor&quot;:{&quot;r&quot;:0,&quot;g&quot;:0,&quot;b&quot;:0,&quot;a&quot;:1},&quot;showLikes&quot;:{&quot;desktop&quot;:false,&quot;tablet&quot;:false},&quot;showComments&quot;:{&quot;desktop&quot;:false,&quot;tablet&quot;:false},&quot;lcIconSize&quot;:{&quot;desktop&quot;:14},&quot;likesIconColor&quot;:{&quot;r&quot;:0,&quot;g&quot;:0,&quot;b&quot;:0,&quot;a&quot;:1},&quot;commentsIconColor&quot;:{&quot;r&quot;:0,&quot;g&quot;:0,&quot;b&quot;:0,&quot;a&quot;:1},&quot;lightboxShowSidebar&quot;:false,&quot;lightboxCtaStyle&quot;:&quot;link&quot;,&quot;lightboxCtaDesign&quot;:{&quot;text&quot;:{&quot;color&quot;:{&quot;r&quot;:0,&quot;g&quot;:0,&quot;b&quot;:0,&quot;a&quot;:1},&quot;align&quot;:&quot;center&quot;},&quot;bgColor&quot;:{&quot;r&quot;:230,&quot;g&quot;:230,&quot;b&quot;:230,&quot;a&quot;:1},&quot;border&quot;:{&quot;radius&quot;:3}},&quot;numLightboxComments&quot;:50,&quot;showLoadMoreBtn&quot;:{&quot;desktop&quot;:false},&quot;loadMoreBtnDesign&quot;:{&quot;text&quot;:{&quot;color&quot;:{&quot;r&quot;:255,&quot;g&quot;:255,&quot;b&quot;:255,&quot;a&quot;:1},&quot;align&quot;:&quot;center&quot;},&quot;border&quot;:{&quot;radius&quot;:3},&quot;bgColor&quot;:{&quot;r&quot;:0,&quot;g&quot;:149,&quot;b&quot;:246,&quot;a&quot;:1},&quot;margin&quot;:{&quot;top&quot;:0,&quot;bottom&quot;:0,&quot;left&quot;:0,&quot;right&quot;:0}},&quot;loadMoreBtnText&quot;:&quot;Load more&quot;,&quot;loadMoreBtnScroll&quot;:true,&quot;autoload&quot;:false,&quot;showFollowBtn&quot;:{&quot;desktop&quot;:false,&quot;phone&quot;:false},&quot;followBtnText&quot;:&quot;Follow on Instagram&quot;,&quot;followBtnDesign&quot;:{&quot;text&quot;:{&quot;color&quot;:{&quot;r&quot;:255,&quot;g&quot;:255,&quot;b&quot;:255,&quot;a&quot;:1},&quot;align&quot;:&quot;center&quot;},&quot;border&quot;:{&quot;radius&quot;:3},&quot;bgColor&quot;:{&quot;r&quot;:0,&quot;g&quot;:149,&quot;b&quot;:246,&quot;a&quot;:1},&quot;margin&quot;:{&quot;top&quot;:0,&quot;bottom&quot;:0,&quot;left&quot;:0,&quot;right&quot;:0}},&quot;followBtnLocation&quot;:{&quot;desktop&quot;:&quot;header&quot;,&quot;phone&quot;:&quot;bottom&quot;},&quot;alignFooterButtons&quot;:{&quot;desktop&quot;:false},&quot;customCss&quot;:&quot;\\\/* Enter your custom CSS below *\\\/\\n\\n&quot;,&quot;accounts&quot;:[4486],&quot;tagged&quot;:[],&quot;hashtags&quot;:[],&quot;mediaType&quot;:&quot;all&quot;,&quot;hashtagWhitelist&quot;:[],&quot;hashtagBlacklist&quot;:[],&quot;captionWhitelist&quot;:[],&quot;captionBlacklist&quot;:[],&quot;hashtagWhitelistSettings&quot;:true,&quot;hashtagBlacklistSettings&quot;:true,&quot;captionWhitelistSettings&quot;:true,&quot;captionBlacklistSettings&quot;:true,&quot;moderation&quot;:[],&quot;moderationMode&quot;:&quot;blacklist&quot;,&quot;promosVersion&quot;:2,&quot;promosEnabled&quot;:true,&quot;globalPromosEnabled&quot;:true,&quot;autoPromosEnabled&quot;:true,&quot;promoOverrides&quot;:[],&quot;feedPromo&quot;:{&quot;linkSource&quot;:{&quot;type&quot;:null},&quot;linkBehavior&quot;:{&quot;openNewTab&quot;:false,&quot;showPopupBox&quot;:false},&quot;linkText&quot;:&quot;&quot;},&quot;gaCampaignSource&quot;:&quot;&quot;,&quot;gaCampaignMedium&quot;:&quot;&quot;,&quot;gaCampaignName&quot;:&quot;&quot;}' \/>\n        <input type=\"hidden\" id=\"sli__a__cbd95530\" data-json='[{&quot;id&quot;:4486,&quot;type&quot;:&quot;PERSONAL&quot;,&quot;userId&quot;:&quot;25302075769400488&quot;,&quot;username&quot;:&quot;zeushotels&quot;,&quot;bio&quot;:&quot;&quot;,&quot;customBio&quot;:&quot;&quot;,&quot;profilePicUrl&quot;:&quot;&quot;,&quot;customProfilePicUrl&quot;:&quot;&quot;,&quot;mediaCount&quot;:&quot;94&quot;,&quot;followersCount&quot;:&quot;0&quot;,&quot;usages&quot;:[],&quot;creationDate&quot;:&quot;2025-10-22 17:44:39&quot;}]' \/>\n        <input type=\"hidden\" id=\"sli__m__cbd95530\" data-json='[]' \/>\n        \n<\/div>\n<\/div>\n\n\n\n<div class=\"gb-container-section-l gb-element-4e76d657\">\n<div class=\"gb-container-section-l gb-element-125f8b3b\">\n<p class=\"gb-text gb-headline-h2 gb-text-01b78ee4\">AUSZEICHNUNGEN, DIE WIR ERHALTEN HABEN<\/p>\n<\/div>\n\n\n\n<div>\n<div class=\"gb-element-cb7920b6\">\n<div class=\"gb-element-4fddf5ea\">\n<img loading=\"lazy\" decoding=\"async\" width=\"400\" height=\"400\" class=\"gb-media-67a46e00\" src=\"https:\/\/www.zeushotels.gr\/wp-content\/uploads\/2025\/11\/reve-luxury-awards.jpg\" title=\"reve-luxury-awards\" alt=\"\"\/>\n<\/div>\n\n\n\n<div class=\"gb-element-f0475fdd\">\n<img loading=\"lazy\" decoding=\"async\" width=\"400\" height=\"400\" class=\"gb-media-e60c0fc0\" src=\"https:\/\/www.zeushotels.gr\/wp-content\/uploads\/2025\/11\/world-luxury-spa.jpg\" title=\"world-luxury-spa\" alt=\"\"\/>\n<\/div>\n\n\n\n<div class=\"gb-element-d2477a56\">\n<img loading=\"lazy\" decoding=\"async\" width=\"400\" height=\"400\" class=\"gb-media-a80d486b\" src=\"https:\/\/www.zeushotels.gr\/wp-content\/uploads\/2025\/11\/golden-plate.jpg\" title=\"golden-plate\" alt=\"\"\/>\n<\/div>\n\n\n\n<div class=\"gb-element-ecf55fc5\">\n<img loading=\"lazy\" decoding=\"async\" width=\"400\" height=\"400\" class=\"gb-media-06cf034f\" src=\"https:\/\/www.zeushotels.gr\/wp-content\/uploads\/2025\/11\/green-key.jpg\" title=\"green-key\" alt=\"\" data-gb-overlay=\"gb-overlay-11142\"\/>\n<\/div>\n\n\n\n<div class=\"gb-element-aced2309\">\n<img loading=\"lazy\" decoding=\"async\" width=\"400\" height=\"400\" class=\"gb-media-a9cb4132\" src=\"https:\/\/www.zeushotels.gr\/wp-content\/uploads\/2025\/11\/gtbb.jpg\" title=\"gtbb\" alt=\"\"\/>\n<\/div>\n<\/div>\n<\/div>\n<\/div>\n","protected":false},"excerpt":{"rendered":"<p>ERLEBEN SIE GRIECHISCHEGASTFREUNDSCHAFT VON IHRER BESTEN SEITE Unser Ziel ist es, ein umfassendes Urlaubserlebnis mit erstklassigem Service und echter griechischer Gastfreundschaft zu bieten Willkommen Zu Zeus Hotels &amp; Resorts F\u00fchlen Sie sich wie zu Hause. Genie\u00dfen Sie unsere Gastfreundschaft. Zeus Hotels ist ein modern denkendes Unternehmen, spezialisiert auf Hotelmanagement mit dem Ziel, ein umfassendes Urlaubserlebnis &#8230; <a title=\"Zeus Homepage\" class=\"read-more\" href=\"https:\/\/www.zeushotels.gr\/de\/\" aria-label=\"Mehr Informationen \u00fcber Zeus Homepage\">Weiterlesen<\/a><\/p>\n","protected":false},"author":1,"featured_media":0,"parent":0,"menu_order":0,"comment_status":"closed","ping_status":"closed","template":"","meta":{"_acf_changed":false,"footnotes":""},"class_list":["post-1865","page","type-page","status-publish"],"acf":{"description":"","menus":false},"_links":{"self":[{"href":"https:\/\/www.zeushotels.gr\/de\/wp-json\/wp\/v2\/pages\/1865","targetHints":{"allow":["GET"]}}],"collection":[{"href":"https:\/\/www.zeushotels.gr\/de\/wp-json\/wp\/v2\/pages"}],"about":[{"href":"https:\/\/www.zeushotels.gr\/de\/wp-json\/wp\/v2\/types\/page"}],"author":[{"embeddable":true,"href":"https:\/\/www.zeushotels.gr\/de\/wp-json\/wp\/v2\/users\/1"}],"replies":[{"embeddable":true,"href":"https:\/\/www.zeushotels.gr\/de\/wp-json\/wp\/v2\/comments?post=1865"}],"version-history":[{"count":26,"href":"https:\/\/www.zeushotels.gr\/de\/wp-json\/wp\/v2\/pages\/1865\/revisions"}],"predecessor-version":[{"id":11594,"href":"https:\/\/www.zeushotels.gr\/de\/wp-json\/wp\/v2\/pages\/1865\/revisions\/11594"}],"wp:attachment":[{"href":"https:\/\/www.zeushotels.gr\/de\/wp-json\/wp\/v2\/media?parent=1865"}],"curies":[{"name":"wp","href":"https:\/\/api.w.org\/{rel}","templated":true}]}}