{"id":7698,"date":"2025-02-04T00:53:44","date_gmt":"2025-02-03T22:53:44","guid":{"rendered":"https:\/\/www.zeushotels.gr\/blue-sea\/rooms\/"},"modified":"2026-01-16T14:30:28","modified_gmt":"2026-01-16T12:30:28","slug":"zimmer","status":"publish","type":"page","link":"https:\/\/www.zeushotels.gr\/de\/blue-sea\/zimmer\/","title":{"rendered":"Zimmer"},"content":{"rendered":"\n<div class=\"gb-container-section-l gb-element-9b626aa1\">\n<div class=\"gb-element-7b802c35\">\n<div><div class=\"gb-looper-7095a3dd\">\n<div class=\"gb-loop-item gb-loop-item-ace0ceb7 post-7724 room type-room status-publish has-post-thumbnail hentry assigned-hotel-blue-sea\">\n<a class=\"gb-element-8ad61a80 room-container\" href=\"https:\/\/www.zeushotels.gr\/de\/room\/blue-sea\/superior-room\/\">\n<img loading=\"lazy\" decoding=\"async\" width=\"800\" height=\"533\" alt=\"\" data-media-id=\"2630\" class=\"gb-media-ef5fb56e\" src=\"https:\/\/www.zeushotels.gr\/wp-content\/uploads\/2025\/03\/BLUE-SEA-SUPERIOR-ROOM-196-GARDEN-VIEW-800x533.jpg\" srcset=\"https:\/\/www.zeushotels.gr\/wp-content\/uploads\/2025\/03\/BLUE-SEA-SUPERIOR-ROOM-196-GARDEN-VIEW-800x533.jpg 800w, https:\/\/www.zeushotels.gr\/wp-content\/uploads\/2025\/03\/BLUE-SEA-SUPERIOR-ROOM-196-GARDEN-VIEW-1024x683.jpg 1024w, https:\/\/www.zeushotels.gr\/wp-content\/uploads\/2025\/03\/BLUE-SEA-SUPERIOR-ROOM-196-GARDEN-VIEW-600x400.jpg 600w, https:\/\/www.zeushotels.gr\/wp-content\/uploads\/2025\/03\/BLUE-SEA-SUPERIOR-ROOM-196-GARDEN-VIEW-768x512.jpg 768w, https:\/\/www.zeushotels.gr\/wp-content\/uploads\/2025\/03\/BLUE-SEA-SUPERIOR-ROOM-196-GARDEN-VIEW.jpg 1200w\" sizes=\"auto, (max-width: 800px) 100vw, 800px\" \/>\n\n\n\n<div class=\"gb-element-7dcd3a88\">\n<h2 class=\"gb-text gb-text-96524396\">Superior Zimmer<\/h2>\n\n\n<\/div>\n<\/a>\n<\/div>\n\n<div class=\"gb-loop-item gb-loop-item-ace0ceb7 post-7707 room type-room status-publish has-post-thumbnail hentry assigned-hotel-blue-sea\">\n<a class=\"gb-element-8ad61a80 room-container\" href=\"https:\/\/www.zeushotels.gr\/de\/room\/blue-sea\/double-room-garden-or-sea-view\/\">\n<img loading=\"lazy\" decoding=\"async\" width=\"800\" height=\"523\" alt=\"\" data-media-id=\"8678\" class=\"gb-media-ef5fb56e\" src=\"https:\/\/www.zeushotels.gr\/wp-content\/uploads\/2025\/03\/Premium-Sea-view-2-800x523.jpg\" srcset=\"https:\/\/www.zeushotels.gr\/wp-content\/uploads\/2025\/03\/Premium-Sea-view-2-800x523.jpg 800w, https:\/\/www.zeushotels.gr\/wp-content\/uploads\/2025\/03\/Premium-Sea-view-2-1024x670.jpg 1024w, https:\/\/www.zeushotels.gr\/wp-content\/uploads\/2025\/03\/Premium-Sea-view-2-768x502.jpg 768w, https:\/\/www.zeushotels.gr\/wp-content\/uploads\/2025\/03\/Premium-Sea-view-2-1536x1005.jpg 1536w, https:\/\/www.zeushotels.gr\/wp-content\/uploads\/2025\/03\/Premium-Sea-view-2-2048x1340.jpg 2048w\" sizes=\"auto, (max-width: 800px) 100vw, 800px\" \/>\n\n\n\n<div class=\"gb-element-7dcd3a88\">\n<h2 class=\"gb-text gb-text-96524396\">Doppelzimmer<\/h2>\n\n\n<\/div>\n<\/a>\n<\/div>\n\n<div class=\"gb-loop-item gb-loop-item-ace0ceb7 post-7727 room type-room status-publish has-post-thumbnail hentry assigned-hotel-blue-sea\">\n<a class=\"gb-element-8ad61a80 room-container\" href=\"https:\/\/www.zeushotels.gr\/de\/room\/blue-sea\/family-room-with-sliding-door\/\">\n<img loading=\"lazy\" decoding=\"async\" width=\"800\" height=\"534\" alt=\"Family Room\" data-media-id=\"8510\" class=\"gb-media-ef5fb56e\" src=\"https:\/\/www.zeushotels.gr\/wp-content\/uploads\/2025\/03\/Family-Room-6-800x534.jpg\" srcset=\"https:\/\/www.zeushotels.gr\/wp-content\/uploads\/2025\/03\/Family-Room-6-800x534.jpg 800w, https:\/\/www.zeushotels.gr\/wp-content\/uploads\/2025\/03\/Family-Room-6-1024x683.jpg 1024w, https:\/\/www.zeushotels.gr\/wp-content\/uploads\/2025\/03\/Family-Room-6-600x400.jpg 600w, https:\/\/www.zeushotels.gr\/wp-content\/uploads\/2025\/03\/Family-Room-6-768x513.jpg 768w, https:\/\/www.zeushotels.gr\/wp-content\/uploads\/2025\/03\/Family-Room-6-1536x1025.jpg 1536w, https:\/\/www.zeushotels.gr\/wp-content\/uploads\/2025\/03\/Family-Room-6-2048x1367.jpg 2048w\" sizes=\"auto, (max-width: 800px) 100vw, 800px\" \/>\n\n\n\n<div class=\"gb-element-7dcd3a88\">\n<h2 class=\"gb-text gb-text-96524396\">Familienzimmer<\/h2>\n\n\n<\/div>\n<\/a>\n<\/div>\n\n<div class=\"gb-loop-item gb-loop-item-ace0ceb7 post-7730 room type-room status-publish has-post-thumbnail hentry assigned-hotel-blue-sea\">\n<a class=\"gb-element-8ad61a80 room-container\" href=\"https:\/\/www.zeushotels.gr\/de\/room\/blue-sea\/family-room-with-2-bedrooms-sea-view\/\">\n<img loading=\"lazy\" decoding=\"async\" width=\"800\" height=\"534\" alt=\"\" data-media-id=\"8559\" class=\"gb-media-ef5fb56e\" src=\"https:\/\/www.zeushotels.gr\/wp-content\/uploads\/2025\/03\/Family-2room-Sea-View-1-800x534.jpg\" srcset=\"https:\/\/www.zeushotels.gr\/wp-content\/uploads\/2025\/03\/Family-2room-Sea-View-1-800x534.jpg 800w, https:\/\/www.zeushotels.gr\/wp-content\/uploads\/2025\/03\/Family-2room-Sea-View-1-1024x683.jpg 1024w, https:\/\/www.zeushotels.gr\/wp-content\/uploads\/2025\/03\/Family-2room-Sea-View-1-600x400.jpg 600w, https:\/\/www.zeushotels.gr\/wp-content\/uploads\/2025\/03\/Family-2room-Sea-View-1-768x513.jpg 768w, https:\/\/www.zeushotels.gr\/wp-content\/uploads\/2025\/03\/Family-2room-Sea-View-1-1536x1025.jpg 1536w, https:\/\/www.zeushotels.gr\/wp-content\/uploads\/2025\/03\/Family-2room-Sea-View-1-2048x1367.jpg 2048w\" sizes=\"auto, (max-width: 800px) 100vw, 800px\" \/>\n\n\n\n<div class=\"gb-element-7dcd3a88\">\n<h2 class=\"gb-text gb-text-96524396\">Familienzimmer<\/h2>\n\n\n<\/div>\n<\/a>\n<\/div>\n\n<div class=\"gb-loop-item gb-loop-item-ace0ceb7 post-7732 room type-room status-publish has-post-thumbnail hentry assigned-hotel-blue-sea\">\n<a class=\"gb-element-8ad61a80 room-container\" href=\"https:\/\/www.zeushotels.gr\/de\/room\/blue-sea\/junior-suite-garden-view\/\">\n<img loading=\"lazy\" decoding=\"async\" width=\"800\" height=\"534\" alt=\"\" data-media-id=\"8572\" class=\"gb-media-ef5fb56e\" src=\"https:\/\/www.zeushotels.gr\/wp-content\/uploads\/2025\/03\/Junior-Suite-Garden-View-4-800x534.jpg\" srcset=\"https:\/\/www.zeushotels.gr\/wp-content\/uploads\/2025\/03\/Junior-Suite-Garden-View-4-800x534.jpg 800w, https:\/\/www.zeushotels.gr\/wp-content\/uploads\/2025\/03\/Junior-Suite-Garden-View-4-1024x683.jpg 1024w, https:\/\/www.zeushotels.gr\/wp-content\/uploads\/2025\/03\/Junior-Suite-Garden-View-4-600x400.jpg 600w, https:\/\/www.zeushotels.gr\/wp-content\/uploads\/2025\/03\/Junior-Suite-Garden-View-4-768x513.jpg 768w, https:\/\/www.zeushotels.gr\/wp-content\/uploads\/2025\/03\/Junior-Suite-Garden-View-4-1536x1025.jpg 1536w, https:\/\/www.zeushotels.gr\/wp-content\/uploads\/2025\/03\/Junior-Suite-Garden-View-4-2048x1367.jpg 2048w\" sizes=\"auto, (max-width: 800px) 100vw, 800px\" \/>\n\n\n\n<div class=\"gb-element-7dcd3a88\">\n<h2 class=\"gb-text gb-text-96524396\">Junior Suite<\/h2>\n\n\n<\/div>\n<\/a>\n<\/div>\n\n<div class=\"gb-loop-item gb-loop-item-ace0ceb7 post-7737 room type-room status-publish has-post-thumbnail hentry assigned-hotel-blue-sea\">\n<a class=\"gb-element-8ad61a80 room-container\" href=\"https:\/\/www.zeushotels.gr\/de\/room\/blue-sea\/junior-suite-private-pool-garden-view\/\">\n<img loading=\"lazy\" decoding=\"async\" width=\"800\" height=\"534\" alt=\"Name or name\" data-media-id=\"2307\" class=\"gb-media-ef5fb56e\" src=\"https:\/\/www.zeushotels.gr\/wp-content\/uploads\/2025\/03\/BLUE-SEA-ROOM-424-JUNIOR-SUITE-PRIVATE-POOL-1-800x534.jpg\" srcset=\"https:\/\/www.zeushotels.gr\/wp-content\/uploads\/2025\/03\/BLUE-SEA-ROOM-424-JUNIOR-SUITE-PRIVATE-POOL-1-800x534.jpg 800w, https:\/\/www.zeushotels.gr\/wp-content\/uploads\/2025\/03\/BLUE-SEA-ROOM-424-JUNIOR-SUITE-PRIVATE-POOL-1-1024x683.jpg 1024w, https:\/\/www.zeushotels.gr\/wp-content\/uploads\/2025\/03\/BLUE-SEA-ROOM-424-JUNIOR-SUITE-PRIVATE-POOL-1-600x400.jpg 600w, https:\/\/www.zeushotels.gr\/wp-content\/uploads\/2025\/03\/BLUE-SEA-ROOM-424-JUNIOR-SUITE-PRIVATE-POOL-1-768x512.jpg 768w, https:\/\/www.zeushotels.gr\/wp-content\/uploads\/2025\/03\/BLUE-SEA-ROOM-424-JUNIOR-SUITE-PRIVATE-POOL-1.jpg 1240w\" sizes=\"auto, (max-width: 800px) 100vw, 800px\" \/>\n\n\n\n<div class=\"gb-element-7dcd3a88\">\n<h2 class=\"gb-text gb-text-96524396\">Junior Suite<\/h2>\n\n\n<\/div>\n<\/a>\n<\/div>\n\n<div class=\"gb-loop-item gb-loop-item-ace0ceb7 post-1916 room type-room status-publish has-post-thumbnail hentry assigned-hotel-blue-sea\">\n<a class=\"gb-element-8ad61a80 room-container\" href=\"https:\/\/www.zeushotels.gr\/de\/room\/blue-sea\/suite-with-private-pool-sea-view\/\">\n<img loading=\"lazy\" decoding=\"async\" width=\"800\" height=\"534\" alt=\"Blue Sea Suite with private pool sea view\" data-media-id=\"2279\" class=\"gb-media-ef5fb56e\" src=\"https:\/\/www.zeushotels.gr\/wp-content\/uploads\/2025\/02\/BLUE-SEA-439-SUITE-WITH-PRIVATE-POOL-1-800x534.jpg\" srcset=\"https:\/\/www.zeushotels.gr\/wp-content\/uploads\/2025\/02\/BLUE-SEA-439-SUITE-WITH-PRIVATE-POOL-1-800x534.jpg 800w, https:\/\/www.zeushotels.gr\/wp-content\/uploads\/2025\/02\/BLUE-SEA-439-SUITE-WITH-PRIVATE-POOL-1-1024x683.jpg 1024w, https:\/\/www.zeushotels.gr\/wp-content\/uploads\/2025\/02\/BLUE-SEA-439-SUITE-WITH-PRIVATE-POOL-1-600x400.jpg 600w, https:\/\/www.zeushotels.gr\/wp-content\/uploads\/2025\/02\/BLUE-SEA-439-SUITE-WITH-PRIVATE-POOL-1-768x512.jpg 768w, https:\/\/www.zeushotels.gr\/wp-content\/uploads\/2025\/02\/BLUE-SEA-439-SUITE-WITH-PRIVATE-POOL-1.jpg 1240w\" sizes=\"auto, (max-width: 800px) 100vw, 800px\" \/>\n\n\n\n<div class=\"gb-element-7dcd3a88\">\n<h2 class=\"gb-text gb-text-96524396\">Suite Mit Privatpool<\/h2>\n\n\n<\/div>\n<\/a>\n<\/div>\n<\/div><\/div>\n<\/div>\n<\/div>\n","protected":false},"excerpt":{"rendered":"<p>Blue Sea Beach Affiliated by Meli\u00e1 features 226 spacious rooms with views to the sea, the pool or the beautiful garden. Designed to inspire rest and relaxation, modernly decorated with peaceful colour tones our rooms create a feeling of relaxed luxury.<\/p>\n","protected":false},"author":1,"featured_media":0,"parent":7682,"menu_order":0,"comment_status":"closed","ping_status":"closed","template":"","meta":{"_acf_changed":false,"footnotes":""},"class_list":["post-7698","page","type-page","status-publish"],"acf":{"description":"<p>Das Blue Sea Beach Hotel, affiliiert mit Meli\u00e1, verf\u00fcgt \u00fcber 208 ger\u00e4umige Zimmer mit Blick auf das Meer, den Pool oder den wundersch\u00f6nen Garten. Entworfen, um Ruhe und Entspannung zu inspirieren, modern dekoriert mit friedlichen Farbt\u00f6nen, schaffen unsere Zimmer ein Gef\u00fchl von entspannter Eleganz.<\/p>\n","menus":false},"_links":{"self":[{"href":"https:\/\/www.zeushotels.gr\/de\/wp-json\/wp\/v2\/pages\/7698","targetHints":{"allow":["GET"]}}],"collection":[{"href":"https:\/\/www.zeushotels.gr\/de\/wp-json\/wp\/v2\/pages"}],"about":[{"href":"https:\/\/www.zeushotels.gr\/de\/wp-json\/wp\/v2\/types\/page"}],"author":[{"embeddable":true,"href":"https:\/\/www.zeushotels.gr\/de\/wp-json\/wp\/v2\/users\/1"}],"replies":[{"embeddable":true,"href":"https:\/\/www.zeushotels.gr\/de\/wp-json\/wp\/v2\/comments?post=7698"}],"version-history":[{"count":5,"href":"https:\/\/www.zeushotels.gr\/de\/wp-json\/wp\/v2\/pages\/7698\/revisions"}],"predecessor-version":[{"id":9803,"href":"https:\/\/www.zeushotels.gr\/de\/wp-json\/wp\/v2\/pages\/7698\/revisions\/9803"}],"up":[{"embeddable":true,"href":"https:\/\/www.zeushotels.gr\/de\/wp-json\/wp\/v2\/pages\/7682"}],"wp:attachment":[{"href":"https:\/\/www.zeushotels.gr\/de\/wp-json\/wp\/v2\/media?parent=7698"}],"curies":[{"name":"wp","href":"https:\/\/api.w.org\/{rel}","templated":true}]}}