{"id":7743,"date":"2025-03-09T20:45:02","date_gmt":"2025-03-09T18:45:02","guid":{"rendered":"https:\/\/www.zeushotels.gr\/blue-sea\/dining\/"},"modified":"2026-01-19T21:27:56","modified_gmt":"2026-01-19T19:27:56","slug":"gastronomie","status":"publish","type":"page","link":"https:\/\/www.zeushotels.gr\/de\/blue-sea\/gastronomie\/","title":{"rendered":"Gastronomie &amp; Bars"},"content":{"rendered":"\n<div class=\"gb-white-background gb-container-section-l gb-element-1db0d76d text-box\" id=\"welcome\">\n<h2 class=\"gb-text gb-text-c467e595\">Gastronomie<\/h2>\n\n\n\n<div class=\"gb-element-9da7d55e\">\n<div class=\"gb-element-8192c3fc\">\n<img loading=\"lazy\" decoding=\"async\" width=\"1600\" height=\"1067\" class=\"gb-media-ff6e88f6\" src=\"https:\/\/www.zeushotels.gr\/wp-content\/uploads\/2025\/03\/BLUE-SEA-RESTAURANTE-6.jpg\" title=\"BLUE SEA-RESTAURANTE-6\" srcset=\"https:\/\/www.zeushotels.gr\/wp-content\/uploads\/2025\/03\/BLUE-SEA-RESTAURANTE-6.jpg 1600w, https:\/\/www.zeushotels.gr\/wp-content\/uploads\/2025\/03\/BLUE-SEA-RESTAURANTE-6-800x534.jpg 800w, https:\/\/www.zeushotels.gr\/wp-content\/uploads\/2025\/03\/BLUE-SEA-RESTAURANTE-6-1024x683.jpg 1024w, https:\/\/www.zeushotels.gr\/wp-content\/uploads\/2025\/03\/BLUE-SEA-RESTAURANTE-6-600x400.jpg 600w, https:\/\/www.zeushotels.gr\/wp-content\/uploads\/2025\/03\/BLUE-SEA-RESTAURANTE-6-768x512.jpg 768w, https:\/\/www.zeushotels.gr\/wp-content\/uploads\/2025\/03\/BLUE-SEA-RESTAURANTE-6-1536x1024.jpg 1536w\" sizes=\"auto, (max-width: 1600px) 100vw, 1600px\" \/>\n<\/div>\n\n\n\n<div class=\"gb-element-cccc8c60\">\n<h2 class=\"gb-text gb-headline-h2 gb-text-2ba41748\">HAUPTRESTAURANT<\/h2>\n\n\n\n<p class=\"gb-text gb-text-9b261cce\">Genie\u00dfen Sie Ihr Fr\u00fchst\u00fcck, Mittag- und Abendessen drinnen oder drau\u00dfen mit herrlichem Blick auf das funkelnde blaue Meer im Hauptrestaurant des Hotels.<\/p>\n\n\n\n<h3 class=\"gb-text gb-text-0d99e6c5\">Fr\u00fchst\u00fcck In Buffetform<\/h3>\n\n\n\n<p class=\"gb-text gb-text-8a24f5d0\">F\u00fcr den besten Start in den Tag w\u00e4hlen Sie das Fr\u00fchst\u00fcck vom amerikanischen Buffet mit Live-Kochen, verf\u00fcgbar zwischen 07:15 und 10:30 Uhr.<\/p>\n\n\n\n<h3 class=\"gb-text gb-text-4c14f06f\">Mittagessen In Buffetform<\/h3>\n\n\n\n<p class=\"gb-text gb-text-bfbc4836\">Bunte Salate, \u00fcppige Hauptgerichte, k\u00f6stliche Fr\u00fcchte und Desserts werden zum Mittagessen von 12:30 bis 14:30 Uhr angeboten.<\/p>\n\n\n\n<h3 class=\"gb-text gb-text-879619be\">Abendessen In Buffetform<\/h3>\n\n\n\n<p class=\"gb-text gb-text-ecfaff83\">Zum Abendessen zwischen 18:30 und 21:30 Uhr bereitet der Chefkoch Rezepte aus der internationalen, mediterranen und griechischen K\u00fcche zu, die mit frischen Zutaten, Kr\u00e4utern und Gew\u00fcrzen angereichert sind, um alle Geschmacksrichtungen zu erfreuen.<\/p>\n\n\n\n<a class=\"gb-text gb-text-4396d332\" href=\"https:\/\/www.zeushotels.gr\/wp-content\/uploads\/2025\/03\/Blue-Sea_Ammos_All-Inclusive.pdf\">Men\u00fcs<\/a>\n<\/div>\n<\/div>\n<\/div>\n\n\n\n<div class=\"gb-container-section-l gb-element-f3a0b5d4 text-box\">\n<div class=\"gb-element-64333bf1\">\n<div class=\"gb-element-a7bb032e\">\n<h2 class=\"gb-text gb-headline-h2 gb-text-dcd9447b\">A La Carte \u201cAmmos\u201d<\/h2>\n\n\n\n<p class=\"gb-text gb-text-106cd136\">Kosten Sie die frischesten Zutaten, die Griechenland zu bieten hat, perfekt zubereitet in unserem \u00c0-la-carte-Restaurant, Sinne werden in den k\u00f6stlichen Aromen griechischer und internationaler Gerichte in einer sch\u00f6nen Meeresumgebung eintauchen, die jede Mahlzeit bereichern wird.<\/p>\n\n\n\n<h3 class=\"gb-text gb-text-aa2cc667\">Fr\u00fchst\u00fcck<\/h3>\n\n\n\n<p class=\"gb-text gb-text-2fd156d2\">Europ\u00e4isches kontinentales Fr\u00fchst\u00fcck wird von 10:30 bis 11:30 Uhr f\u00fcr G\u00e4ste serviert, die einen sp\u00e4ten Start in den Tag bevorzugen.<\/p>\n\n\n\n<h3 class=\"gb-text gb-text-f0d93383\">Abendessen<\/h3>\n\n\n\n<p class=\"gb-text gb-text-ba9eb71e\">Abendessen wird von 19:00 bis 23:00 Uhr serviert.<\/p>\n\n\n\n<a class=\"gb-text gb-text-7511778b\" href=\"https:\/\/www.zeushotels.gr\/wp-content\/uploads\/2025\/03\/Blue-Sea_Ammos-Lunch.pdf\">Men\u00fcs<\/a>\n<\/div>\n\n\n\n<div class=\"gb-element-98bc0cf1\">\n<img loading=\"lazy\" decoding=\"async\" width=\"1600\" height=\"1068\" class=\"gb-media-c3054452\" src=\"https:\/\/www.zeushotels.gr\/wp-content\/uploads\/2025\/03\/Ammos-a-la-carte-4.jpg\" title=\"Ammos a la carte 4\" srcset=\"https:\/\/www.zeushotels.gr\/wp-content\/uploads\/2025\/03\/Ammos-a-la-carte-4.jpg 1600w, https:\/\/www.zeushotels.gr\/wp-content\/uploads\/2025\/03\/Ammos-a-la-carte-4-800x534.jpg 800w, https:\/\/www.zeushotels.gr\/wp-content\/uploads\/2025\/03\/Ammos-a-la-carte-4-1024x684.jpg 1024w, https:\/\/www.zeushotels.gr\/wp-content\/uploads\/2025\/03\/Ammos-a-la-carte-4-600x400.jpg 600w, https:\/\/www.zeushotels.gr\/wp-content\/uploads\/2025\/03\/Ammos-a-la-carte-4-768x513.jpg 768w, https:\/\/www.zeushotels.gr\/wp-content\/uploads\/2025\/03\/Ammos-a-la-carte-4-1536x1025.jpg 1536w\" sizes=\"auto, (max-width: 1600px) 100vw, 1600px\" \/>\n<\/div>\n<\/div>\n<\/div>\n\n\n\n<div class=\"gb-white-background gb-container-section-l gb-element-17b3414b text-box\" id=\"welcome\">\n<h2 class=\"gb-text gb-text-d29fcc4d\">BaRS<\/h2>\n\n\n\n<div class=\"gb-element-c0e28317\">\n<div class=\"gb-element-a9871f0d\">\n<img loading=\"lazy\" decoding=\"async\" width=\"1600\" height=\"1068\" class=\"gb-media-9098bac6\" src=\"https:\/\/www.zeushotels.gr\/wp-content\/uploads\/2025\/03\/ammos-pool-bar-5.jpg\" title=\"ammos pool &amp; bar 5\" alt=\"\" srcset=\"https:\/\/www.zeushotels.gr\/wp-content\/uploads\/2025\/03\/ammos-pool-bar-5.jpg 1600w, https:\/\/www.zeushotels.gr\/wp-content\/uploads\/2025\/03\/ammos-pool-bar-5-800x534.jpg 800w, https:\/\/www.zeushotels.gr\/wp-content\/uploads\/2025\/03\/ammos-pool-bar-5-1024x684.jpg 1024w, https:\/\/www.zeushotels.gr\/wp-content\/uploads\/2025\/03\/ammos-pool-bar-5-600x400.jpg 600w, https:\/\/www.zeushotels.gr\/wp-content\/uploads\/2025\/03\/ammos-pool-bar-5-768x513.jpg 768w, https:\/\/www.zeushotels.gr\/wp-content\/uploads\/2025\/03\/ammos-pool-bar-5-1536x1025.jpg 1536w\" sizes=\"auto, (max-width: 1600px) 100vw, 1600px\" \/>\n<\/div>\n\n\n\n<div class=\"gb-element-8a05c28d\">\n<h2 class=\"gb-text gb-headline-h2 gb-text-c9e6ec35\">Ammos Pool Bar<\/h2>\n\n\n\n<p class=\"gb-text gb-text-61b256c8\">Entspannen Sie beim Beobachten des Sonnenuntergangs oder verlieren Sie sich unter den Sternen, w\u00e4hrend Sie einen Signature-Cocktail an der Ammos Poolbar genie\u00dfen. Auf der Strandpromenade, mit einer reichhaltigen Auswahl an Kaffee und Tee, Chill-Out-Musik und einer Reihe von Getr\u00e4nken und Cocktails, ist die Ammos Poolbar der Ort, um Ihren Sommerabend zu beginnen und Ihre Urlaubsmomente zu schaffen.<\/p>\n\n\n\n<a class=\"gb-text gb-text-2cde6cdf\" href=\"https:\/\/www.zeushotels.gr\/wp-content\/uploads\/2025\/03\/Blue-Sea_Ammos-Pool-Bar.pdf\">Men\u00fc<\/a>\n<\/div>\n<\/div>\n<\/div>\n\n\n\n<div class=\"gb-container-section-l gb-element-10756c8c text-box\">\n<div class=\"gb-element-d5644644\">\n<div class=\"gb-element-be8402a5\">\n<h2 class=\"gb-text gb-headline-h2 gb-text-62cfed42\">Pool Snack Bar<\/h2>\n\n\n\n<p class=\"gb-text gb-text-4ab5f712\">Perfekt am Rande des Pools neben dem Strand gelegen, ist die Poolbar eine Oase f\u00fcr unsere sonnenverw\u00f6hnten G\u00e4ste.<\/p>\n\n\n\n<a class=\"gb-text gb-text-6e921cde\" href=\"https:\/\/www.zeushotels.gr\/wp-content\/uploads\/2025\/03\/Blue-Sea_Snack-Bar-Menu.pdf\">Men\u00fc<\/a>\n<\/div>\n\n\n\n<div class=\"gb-element-9d840ffc\">\n<img loading=\"lazy\" decoding=\"async\" width=\"1600\" height=\"1068\" class=\"gb-media-fb67a319\" src=\"https:\/\/www.zeushotels.gr\/wp-content\/uploads\/2025\/03\/Ammos-a-la-carte-4.jpg\" title=\"Ammos a la carte 4\" srcset=\"https:\/\/www.zeushotels.gr\/wp-content\/uploads\/2025\/03\/Ammos-a-la-carte-4.jpg 1600w, https:\/\/www.zeushotels.gr\/wp-content\/uploads\/2025\/03\/Ammos-a-la-carte-4-800x534.jpg 800w, https:\/\/www.zeushotels.gr\/wp-content\/uploads\/2025\/03\/Ammos-a-la-carte-4-1024x684.jpg 1024w, https:\/\/www.zeushotels.gr\/wp-content\/uploads\/2025\/03\/Ammos-a-la-carte-4-600x400.jpg 600w, https:\/\/www.zeushotels.gr\/wp-content\/uploads\/2025\/03\/Ammos-a-la-carte-4-768x513.jpg 768w, https:\/\/www.zeushotels.gr\/wp-content\/uploads\/2025\/03\/Ammos-a-la-carte-4-1536x1025.jpg 1536w\" sizes=\"auto, (max-width: 1600px) 100vw, 1600px\" \/>\n<\/div>\n<\/div>\n<\/div>\n\n\n\n<div class=\"gb-white-background gb-container-section-l gb-element-8676e3b3 text-box\" id=\"welcome\">\n<div class=\"gb-element-7835619b\">\n<div class=\"gb-element-7c89d054\">\n<img loading=\"lazy\" decoding=\"async\" width=\"1600\" height=\"1068\" class=\"gb-media-6292c4ac\" src=\"https:\/\/www.zeushotels.gr\/wp-content\/uploads\/2025\/03\/Main-Bar-Terrace-4.jpg\" title=\"Main Bar Terrace 4\" alt=\"\" srcset=\"https:\/\/www.zeushotels.gr\/wp-content\/uploads\/2025\/03\/Main-Bar-Terrace-4.jpg 1600w, https:\/\/www.zeushotels.gr\/wp-content\/uploads\/2025\/03\/Main-Bar-Terrace-4-800x534.jpg 800w, https:\/\/www.zeushotels.gr\/wp-content\/uploads\/2025\/03\/Main-Bar-Terrace-4-1024x684.jpg 1024w, https:\/\/www.zeushotels.gr\/wp-content\/uploads\/2025\/03\/Main-Bar-Terrace-4-600x400.jpg 600w, https:\/\/www.zeushotels.gr\/wp-content\/uploads\/2025\/03\/Main-Bar-Terrace-4-768x513.jpg 768w, https:\/\/www.zeushotels.gr\/wp-content\/uploads\/2025\/03\/Main-Bar-Terrace-4-1536x1025.jpg 1536w\" sizes=\"auto, (max-width: 1600px) 100vw, 1600px\" \/>\n<\/div>\n\n\n\n<div class=\"gb-element-51e9ea1a\">\n<h2 class=\"gb-text gb-headline-h2 gb-text-6e8f59ed\">Hauptbar<\/h2>\n\n\n\n<p class=\"gb-text gb-text-230956ec\">Zentral gelegen, bietet die Hauptbar des Hotels klassische Getr\u00e4nke, Spirituosen (und Snacks) in entspannter Atmosph\u00e4re von 10:00 bis 01:30 Uhr.<\/p>\n\n\n\n<a class=\"gb-text gb-text-d75196a3\" href=\"https:\/\/www.zeushotels.gr\/wp-content\/uploads\/2025\/11\/blue-sea-bar-list-2025.pdf\">Men\u00fc<\/a>\n<\/div>\n<\/div>\n<\/div>\n","protected":false},"excerpt":{"rendered":"<p>Enjoy your breakfast, lunch and dinner indoors or outdoors with magnificent views to the dazzling blue sea at the hotel&#8217;s main restaurant.<\/p>\n","protected":false},"author":1,"featured_media":0,"parent":7682,"menu_order":0,"comment_status":"closed","ping_status":"closed","template":"","meta":{"_acf_changed":false,"footnotes":""},"class_list":["post-7743","page","type-page","status-publish"],"acf":{"description":"","menus":false},"_links":{"self":[{"href":"https:\/\/www.zeushotels.gr\/de\/wp-json\/wp\/v2\/pages\/7743","targetHints":{"allow":["GET"]}}],"collection":[{"href":"https:\/\/www.zeushotels.gr\/de\/wp-json\/wp\/v2\/pages"}],"about":[{"href":"https:\/\/www.zeushotels.gr\/de\/wp-json\/wp\/v2\/types\/page"}],"author":[{"embeddable":true,"href":"https:\/\/www.zeushotels.gr\/de\/wp-json\/wp\/v2\/users\/1"}],"replies":[{"embeddable":true,"href":"https:\/\/www.zeushotels.gr\/de\/wp-json\/wp\/v2\/comments?post=7743"}],"version-history":[{"count":3,"href":"https:\/\/www.zeushotels.gr\/de\/wp-json\/wp\/v2\/pages\/7743\/revisions"}],"predecessor-version":[{"id":9977,"href":"https:\/\/www.zeushotels.gr\/de\/wp-json\/wp\/v2\/pages\/7743\/revisions\/9977"}],"up":[{"embeddable":true,"href":"https:\/\/www.zeushotels.gr\/de\/wp-json\/wp\/v2\/pages\/7682"}],"wp:attachment":[{"href":"https:\/\/www.zeushotels.gr\/de\/wp-json\/wp\/v2\/media?parent=7743"}],"curies":[{"name":"wp","href":"https:\/\/api.w.org\/{rel}","templated":true}]}}