{"id":7748,"date":"2025-03-10T02:12:01","date_gmt":"2025-03-10T00:12:01","guid":{"rendered":"https:\/\/www.zeushotels.gr\/blue-sea\/bars\/"},"modified":"2026-02-10T17:17:03","modified_gmt":"2026-02-10T15:17:03","slug":"bars","status":"publish","type":"page","link":"https:\/\/www.zeushotels.gr\/de\/blue-sea\/bars\/","title":{"rendered":"Bars"},"content":{"rendered":"\n<div class=\"gb-white-background gb-container-section-l gb-element-17b3414b text-box\" id=\"welcome\">\n<div class=\"gb-element-c0e28317\">\n<div class=\"gb-element-a9871f0d\">\n<img loading=\"lazy\" decoding=\"async\" width=\"1600\" height=\"1068\" class=\"gb-media-9098bac6\" src=\"https:\/\/www.zeushotels.gr\/wp-content\/uploads\/2025\/03\/ammos-pool-bar-5.jpg\" title=\"ammos pool &amp; bar 5\" alt=\"\" srcset=\"https:\/\/www.zeushotels.gr\/wp-content\/uploads\/2025\/03\/ammos-pool-bar-5.jpg 1600w, https:\/\/www.zeushotels.gr\/wp-content\/uploads\/2025\/03\/ammos-pool-bar-5-800x534.jpg 800w, https:\/\/www.zeushotels.gr\/wp-content\/uploads\/2025\/03\/ammos-pool-bar-5-1024x684.jpg 1024w, https:\/\/www.zeushotels.gr\/wp-content\/uploads\/2025\/03\/ammos-pool-bar-5-600x400.jpg 600w, https:\/\/www.zeushotels.gr\/wp-content\/uploads\/2025\/03\/ammos-pool-bar-5-768x513.jpg 768w, https:\/\/www.zeushotels.gr\/wp-content\/uploads\/2025\/03\/ammos-pool-bar-5-1536x1025.jpg 1536w\" sizes=\"auto, (max-width: 1600px) 100vw, 1600px\" \/>\n<\/div>\n\n\n\n<div class=\"gb-element-8a05c28d\">\n<h2 class=\"gb-text gb-headline-h2 gb-text-c9e6ec35\">Ammos Pool Bar<\/h2>\n\n\n\n<p class=\"gb-text gb-text-61b256c8\">Entspannen Sie beim Beobachten des Sonnenuntergangs oder verlieren Sie sich unter den Sternen, w\u00e4hrend Sie einen Signature-Cocktail an der Ammos Poolbar genie\u00dfen. Auf der Strandpromenade, mit einer reichhaltigen Auswahl an Kaffee und Tee, Chill-Out-Musik und einer Reihe von Getr\u00e4nken und Cocktails, ist die Ammos Poolbar der Ort, um Ihren Sommerabend zu beginnen und Ihre Urlaubsmomente zu schaffen.<\/p>\n\n\n\n<a class=\"gb-text gb-text-4396d332\" href=\"https:\/\/www.zeushotels.gr\/wp-content\/uploads\/2025\/03\/Blue-Sea_Ammos-Pool-Bar.pdf\">Men\u00fc<\/a>\n<\/div>\n<\/div>\n<\/div>\n\n\n\n<div class=\"gb-container-section-l gb-element-10756c8c text-box\">\n<div class=\"gb-element-d5644644\">\n<div class=\"gb-element-be8402a5\">\n<h2 class=\"gb-text gb-headline-h2 gb-text-62cfed42\">Pool Snack Bar<\/h2>\n\n\n\n<p class=\"gb-text gb-text-4ab5f712\">Perfekt am Rande des Pools neben dem Strand gelegen, ist die Poolbar eine Oase f\u00fcr unsere sonnenverw\u00f6hnten G\u00e4ste.<\/p>\n\n\n\n<a class=\"gb-text gb-text-7511778b\" href=\"https:\/\/www.zeushotels.gr\/wp-content\/uploads\/2025\/03\/Blue-Sea_Snack-Bar-Menu.pdf\">Men\u00fc<\/a>\n<\/div>\n\n\n\n<div class=\"gb-element-9d840ffc\">\n<img loading=\"lazy\" decoding=\"async\" width=\"1600\" height=\"1068\" class=\"gb-media-fb67a319\" src=\"https:\/\/www.zeushotels.gr\/wp-content\/uploads\/2025\/03\/Ammos-a-la-carte-4.jpg\" title=\"Ammos a la carte 4\" srcset=\"https:\/\/www.zeushotels.gr\/wp-content\/uploads\/2025\/03\/Ammos-a-la-carte-4.jpg 1600w, https:\/\/www.zeushotels.gr\/wp-content\/uploads\/2025\/03\/Ammos-a-la-carte-4-800x534.jpg 800w, https:\/\/www.zeushotels.gr\/wp-content\/uploads\/2025\/03\/Ammos-a-la-carte-4-1024x684.jpg 1024w, https:\/\/www.zeushotels.gr\/wp-content\/uploads\/2025\/03\/Ammos-a-la-carte-4-600x400.jpg 600w, https:\/\/www.zeushotels.gr\/wp-content\/uploads\/2025\/03\/Ammos-a-la-carte-4-768x513.jpg 768w, https:\/\/www.zeushotels.gr\/wp-content\/uploads\/2025\/03\/Ammos-a-la-carte-4-1536x1025.jpg 1536w\" sizes=\"auto, (max-width: 1600px) 100vw, 1600px\" \/>\n<\/div>\n<\/div>\n<\/div>\n\n\n\n<div class=\"gb-white-background gb-container-section-l gb-element-8676e3b3 text-box\" id=\"welcome\">\n<div class=\"gb-element-7835619b\">\n<div class=\"gb-element-7c89d054\">\n<img loading=\"lazy\" decoding=\"async\" width=\"1600\" height=\"1068\" class=\"gb-media-6292c4ac\" src=\"https:\/\/www.zeushotels.gr\/wp-content\/uploads\/2025\/03\/Main-Bar-Terrace-4.jpg\" title=\"Main Bar Terrace 4\" alt=\"\" srcset=\"https:\/\/www.zeushotels.gr\/wp-content\/uploads\/2025\/03\/Main-Bar-Terrace-4.jpg 1600w, https:\/\/www.zeushotels.gr\/wp-content\/uploads\/2025\/03\/Main-Bar-Terrace-4-800x534.jpg 800w, https:\/\/www.zeushotels.gr\/wp-content\/uploads\/2025\/03\/Main-Bar-Terrace-4-1024x684.jpg 1024w, https:\/\/www.zeushotels.gr\/wp-content\/uploads\/2025\/03\/Main-Bar-Terrace-4-600x400.jpg 600w, https:\/\/www.zeushotels.gr\/wp-content\/uploads\/2025\/03\/Main-Bar-Terrace-4-768x513.jpg 768w, https:\/\/www.zeushotels.gr\/wp-content\/uploads\/2025\/03\/Main-Bar-Terrace-4-1536x1025.jpg 1536w\" sizes=\"auto, (max-width: 1600px) 100vw, 1600px\" \/>\n<\/div>\n\n\n\n<div class=\"gb-element-51e9ea1a\">\n<h2 class=\"gb-text gb-headline-h2 gb-text-6e8f59ed\">Hauptbar<\/h2>\n\n\n\n<p class=\"gb-text gb-text-230956ec\">Zentral gelegen, bietet die Hauptbar des Hotels klassische Getr\u00e4nke, Spirituosen (und Snacks) in entspannter Atmosph\u00e4re von 10:00 bis 01:30 Uhr.<\/p>\n\n\n\n<a class=\"gb-text gb-text-d75196a3\" href=\"https:\/\/www.zeushotels.gr\/wp-content\/uploads\/2025\/11\/blue-sea-bar-list-2025.pdf\">Men\u00fc<\/a>\n<\/div>\n<\/div>\n<\/div>\n","protected":false},"excerpt":{"rendered":"<p>Enjoy your breakfast, lunch and dinner indoors or outdoors with magnificent views to the dazzling blue sea at the hotel&#8217;s main restaurant.<\/p>\n","protected":false},"author":1,"featured_media":0,"parent":7682,"menu_order":0,"comment_status":"closed","ping_status":"closed","template":"","meta":{"_acf_changed":false,"footnotes":""},"class_list":["post-7748","page","type-page","status-publish"],"acf":{"description":"","menus":false},"_links":{"self":[{"href":"https:\/\/www.zeushotels.gr\/de\/wp-json\/wp\/v2\/pages\/7748","targetHints":{"allow":["GET"]}}],"collection":[{"href":"https:\/\/www.zeushotels.gr\/de\/wp-json\/wp\/v2\/pages"}],"about":[{"href":"https:\/\/www.zeushotels.gr\/de\/wp-json\/wp\/v2\/types\/page"}],"author":[{"embeddable":true,"href":"https:\/\/www.zeushotels.gr\/de\/wp-json\/wp\/v2\/users\/1"}],"replies":[{"embeddable":true,"href":"https:\/\/www.zeushotels.gr\/de\/wp-json\/wp\/v2\/comments?post=7748"}],"version-history":[{"count":1,"href":"https:\/\/www.zeushotels.gr\/de\/wp-json\/wp\/v2\/pages\/7748\/revisions"}],"predecessor-version":[{"id":7749,"href":"https:\/\/www.zeushotels.gr\/de\/wp-json\/wp\/v2\/pages\/7748\/revisions\/7749"}],"up":[{"embeddable":true,"href":"https:\/\/www.zeushotels.gr\/de\/wp-json\/wp\/v2\/pages\/7682"}],"wp:attachment":[{"href":"https:\/\/www.zeushotels.gr\/de\/wp-json\/wp\/v2\/media?parent=7748"}],"curies":[{"name":"wp","href":"https:\/\/api.w.org\/{rel}","templated":true}]}}