{"id":7770,"date":"2025-03-10T02:15:19","date_gmt":"2025-03-10T00:15:19","guid":{"rendered":"https:\/\/www.zeushotels.gr\/blue-sea\/all-inclusive\/"},"modified":"2026-02-17T16:25:11","modified_gmt":"2026-02-17T14:25:11","slug":"alles-inklusive","status":"publish","type":"page","link":"https:\/\/www.zeushotels.gr\/de\/blue-sea\/alles-inklusive\/","title":{"rendered":"Alles Inklusive"},"content":{"rendered":"\n<div class=\"gb-white-background gb-container-section-l gb-element-1db0d76d text-box\" id=\"welcome\">\n<div class=\"gb-element-9da7d55e\">\n<div class=\"gb-element-8192c3fc\">\n<img loading=\"lazy\" decoding=\"async\" width=\"1600\" height=\"1068\" class=\"gb-media-ff6e88f6\" src=\"https:\/\/www.zeushotels.gr\/wp-content\/uploads\/2025\/03\/41-Blue-Sea-Beach-Food-Market-2.jpg\" title=\"41 Blue Sea Beach - Food Market 2\" alt=\"\" srcset=\"https:\/\/www.zeushotels.gr\/wp-content\/uploads\/2025\/03\/41-Blue-Sea-Beach-Food-Market-2.jpg 1600w, https:\/\/www.zeushotels.gr\/wp-content\/uploads\/2025\/03\/41-Blue-Sea-Beach-Food-Market-2-800x534.jpg 800w, https:\/\/www.zeushotels.gr\/wp-content\/uploads\/2025\/03\/41-Blue-Sea-Beach-Food-Market-2-1024x684.jpg 1024w, https:\/\/www.zeushotels.gr\/wp-content\/uploads\/2025\/03\/41-Blue-Sea-Beach-Food-Market-2-600x400.jpg 600w, https:\/\/www.zeushotels.gr\/wp-content\/uploads\/2025\/03\/41-Blue-Sea-Beach-Food-Market-2-768x513.jpg 768w, https:\/\/www.zeushotels.gr\/wp-content\/uploads\/2025\/03\/41-Blue-Sea-Beach-Food-Market-2-1536x1025.jpg 1536w\" sizes=\"auto, (max-width: 1600px) 100vw, 1600px\" \/>\n<\/div>\n\n\n\n<div class=\"gb-element-cccc8c60\">\n<div class=\"gb-accordion zeus-accordion\">\n<div class=\"gb-accordion__item gb-accordion__item-6a076f2f gb-accordion__item-open\">\n<div role=\"button\" tabindex=\"0\" class=\"gb-accordion__toggle gb-accordion__toggle-7f52f785 gb-block-is-current\" id=\"gb-accordion-toggle-7f52f785\">\n<span class=\"gb-text-1be42ea5\"><span class=\"gb-shape\"><svg aria-hidden=\"true\" role=\"img\" height=\"1em\" width=\"1em\" viewBox=\"0 0 512 512\" xmlns=\"http:\/\/www.w3.org\/2000\/svg\"><path fill=\"currentColor\" d=\"M256 8C119 8 8 119 8 256s111 248 248 248 248-111 248-248S393 8 256 8z\"><\/path><\/svg><\/span><span class=\"gb-text\">Hauptrestaurant<\/span><\/span>\n<\/div>\n\n\n\n<div class=\"gb-accordion__content\" id=\"gb-accordion-content-d7481e1b\">\n<div class=\"gb-element-2079fb9c\">\n<div>\n<p class=\"gb-text gb-text-144a8d8f\">Das Hauptrestaurant bietet griechische und internationale K\u00fcche. Show-Cooking mit Themenabenden findet w\u00e4hrend der Woche statt.<\/p>\n\n\n\n<p class=\"gb-text gb-text-29dc4f72\"><strong>Fr\u00fchst\u00fccksbuffet<\/strong><\/p>\n\n\n\n<p class=\"has-surface-70-color has-text-color has-link-color wp-elements-b7080ef76ef9659eb3bd95e5c2f57380\">Von 07:15 bis 10:30 Uhr Amerikanisches Fr\u00fchst\u00fcck mit Show-Cooking.<\/p>\n\n\n\n<p class=\"gb-text gb-text-7741e982\"><strong>Sp\u00e4tfr\u00fchst\u00fcck<\/strong><\/p>\n\n\n\n<p class=\"has-surface-70-color has-text-color has-link-color wp-elements-e412e69ff0b6d22e7039b6cff22d81e1\">Von 10:30 bis 11:30 Uhr (Kontinental).<\/p>\n\n\n\n<p class=\"gb-text gb-text-6390ecc3\"><strong>Mittagsbuffet<\/strong><\/p>\n\n\n\n<p class=\"has-surface-70-color has-text-color has-link-color wp-elements-3be29aa7233d8eada2a89121c3d98fb2\">Von 12:30 bis 14:30 Uhr.<\/p>\n\n\n\n<p class=\"gb-text gb-text-949f4f3e\"><strong>Abendbuffet<\/strong><\/p>\n\n\n\n<p class=\"has-surface-70-color has-text-color has-link-color wp-elements-2661c9f78da451c674f13003b4e5e607\">Von 18:30 bis 21:30 Uhr mit Show-Cooking und Themenabenden w\u00e4hrend der Woche.<\/p>\n\n\n\n<p class=\"gb-text gb-text-5f59e1b8\"><strong>Sp\u00e4t-Snacks<\/strong><\/p>\n\n\n\n<p class=\"has-surface-70-color has-text-color has-link-color wp-elements-98975f981b38bb171fdf4766a55685d8\">Von 21:30 bis 23:00 Uhr.<\/p>\n\n\n\n<p class=\"gb-text gb-text-2ddf9db1\"><strong>AI-Getr\u00e4nke w\u00e4hrend der Mahlzeiten<\/strong><\/p>\n\n\n\n<p class=\"has-surface-70-color has-text-color has-link-color wp-elements-a212c701ba516196cfef7b5307e63177\">Fassbier, Rot-, Ros\u00e9-, Wei\u00df- und Schaumwein, Softdrinks und stilles Wasser werden w\u00e4hrend Mittag- und Abendessen angeboten, w\u00e4hrend Filterkaffee, Tee und S\u00e4fte zum Fr\u00fchst\u00fcck serviert werden.<\/p>\n<\/div>\n<\/div>\n<\/div>\n<\/div>\n\n\n\n<div class=\"gb-accordion__item gb-accordion__item-5a3f4533\">\n<div role=\"button\" tabindex=\"0\" class=\"gb-accordion__toggle gb-accordion__toggle-749ec945\" id=\"gb-accordion-toggle-749ec945\">\n<span class=\"gb-text-e89640a9\"><span class=\"gb-shape\"><svg aria-hidden=\"true\" role=\"img\" height=\"1em\" width=\"1em\" viewBox=\"0 0 512 512\" xmlns=\"http:\/\/www.w3.org\/2000\/svg\"><path fill=\"currentColor\" d=\"M256 8C119 8 8 119 8 256s111 248 248 248 248-111 248-248S393 8 256 8z\"><\/path><\/svg><\/span><span class=\"gb-text\">A La Carte &#8218;Ammos&#8216;<\/span><\/span>\n<\/div>\n\n\n\n<div class=\"gb-accordion__content\" id=\"gb-accordion-content-73d6842f\">\n<div class=\"gb-element-53e3fefb\">\n<p class=\"gb-text gb-text-2266281d\"><strong>Fr\u00fchst\u00fcck<\/strong><\/p>\n\n\n\n<p class=\"has-surface-70-color has-text-color has-link-color wp-elements-30322421c43e29ff3607060d1f334480\">Sp\u00e4tfr\u00fchst\u00fcck (kontinental) von 10:30 Uhr bis 11:30 Uhr.<\/p>\n\n\n\n<p class=\"gb-text gb-text-5ba8fd1b\"><strong>Abendessen<\/strong><\/p>\n\n\n\n<p class=\"has-surface-70-color has-text-color has-link-color wp-elements-8c0f43237aa429092703c0d0dac75ef1\">19:00 bis 23:00 Uhr. Ein Abendessen im \u00c0-la-carte-Restaurant ist pro Aufenthalt inbegriffen (Mindestaufenthalt 7 Tage).<br>*Reservierung ist erforderlich.<\/p>\n<\/div>\n<\/div>\n<\/div>\n\n\n\n<div class=\"gb-accordion__item gb-accordion__item-84262baa\">\n<div role=\"button\" tabindex=\"0\" class=\"gb-accordion__toggle gb-accordion__toggle-3115609f\" id=\"gb-accordion-toggle-3115609f\">\n<span class=\"gb-text-fc3267c3\"><span class=\"gb-shape\"><svg aria-hidden=\"true\" role=\"img\" height=\"1em\" width=\"1em\" viewBox=\"0 0 512 512\" xmlns=\"http:\/\/www.w3.org\/2000\/svg\"><path fill=\"currentColor\" d=\"M256 8C119 8 8 119 8 256s111 248 248 248 248-111 248-248S393 8 256 8z\"><\/path><\/svg><\/span><span class=\"gb-text\">Snack Bar \/ Blue Bar<\/span><\/span>\n<\/div>\n\n\n\n<div class=\"gb-accordion__content\" id=\"gb-accordion-content-0924768a\">\n<div class=\"gb-element-6274be97\">\n<p class=\"has-surface-70-color has-text-color has-link-color wp-elements-dfcfb3f38e533a6f1dc776c4b959a58c\">T\u00e4glich ge\u00f6ffnet von 10:00 bis 01:00 Uhr (AI endet um 24:00 Uhr).<\/p>\n\n\n\n<p class=\"has-surface-70-color has-text-color has-link-color wp-elements-df891a7e0fe1cfa25cbedb5dcf76ca07\">Am Pool gelegen, serviert erfrischende Cocktails, ausgew\u00e4hlte Marken-Spirituosen, lokale Getr\u00e4nke, Kaffee, Tee, Softdrinks und Eiscreme von 10:00 bis 17:30 Uhr.<\/p>\n\n\n\n<p class=\"has-surface-70-color has-text-color has-link-color wp-elements-321525a4f071c99cb6b8c8624159235a\">Kalte und warme Snacks t\u00e4glich zwischen 11:30 und 17:30 Uhr.<\/p>\n<\/div>\n<\/div>\n<\/div>\n\n\n\n<div class=\"gb-accordion__item gb-accordion__item-ad74cc9f\">\n<div role=\"button\" tabindex=\"0\" class=\"gb-accordion__toggle gb-accordion__toggle-a26ad45a\" id=\"gb-accordion-toggle-a26ad45a\">\n<span class=\"gb-text-ed071a59\"><span class=\"gb-shape\"><svg aria-hidden=\"true\" role=\"img\" height=\"1em\" width=\"1em\" viewBox=\"0 0 512 512\" xmlns=\"http:\/\/www.w3.org\/2000\/svg\"><path fill=\"currentColor\" d=\"M256 8C119 8 8 119 8 256s111 248 248 248 248-111 248-248S393 8 256 8z\"><\/path><\/svg><\/span><span class=\"gb-text\">Hauptbar<\/span><\/span>\n<\/div>\n\n\n\n<div class=\"gb-accordion__content\" id=\"gb-accordion-content-aa99daea\">\n<div class=\"gb-element-73b85020\">\n<p class=\"has-surface-70-color has-text-color has-link-color wp-elements-e98821f2373585adcb38fc463e2dc20c\">T\u00e4glich ge\u00f6ffnet von 10:00 bis 01:30 Uhr (All-inclusive endet um 00:00 Uhr).<\/p>\n\n\n\n<p class=\"has-surface-70-color has-text-color has-link-color wp-elements-0d4fe437347dd515d50117bb0fc9eee4\">In entspannter Atmosph\u00e4re mit spektakul\u00e4rem Blick auf das kretische Meer bietet unsere Hauptbar eine gro\u00dfe Auswahl an Spirituosen und Aperitifs, eine hervorragende Auswahl<\/p>\n\n\n\n<p class=\"has-surface-70-color has-text-color has-link-color wp-elements-434efc341b7773cbc85789565c0f6263\">an Cocktails sowie Kaffee und Tee.<\/p>\n<\/div>\n<\/div>\n<\/div>\n<\/div>\n\n\n\n<p class=\"has-surface-70-color has-text-color has-link-color wp-elements-320849960510cc02839679c286b6cac9\">Das All-inclusive-Programm endet am Abreisetag um 18:00 Uhr.<\/p>\n<\/div>\n<\/div>\n<\/div>\n","protected":false},"excerpt":{"rendered":"<p>Das All-inclusive-Programm endet am Abreisetag um 18:00 Uhr.<\/p>\n","protected":false},"author":1,"featured_media":0,"parent":7682,"menu_order":0,"comment_status":"closed","ping_status":"closed","template":"","meta":{"_acf_changed":false,"footnotes":""},"class_list":["post-7770","page","type-page","status-publish"],"acf":{"description":"","menus":false},"_links":{"self":[{"href":"https:\/\/www.zeushotels.gr\/de\/wp-json\/wp\/v2\/pages\/7770","targetHints":{"allow":["GET"]}}],"collection":[{"href":"https:\/\/www.zeushotels.gr\/de\/wp-json\/wp\/v2\/pages"}],"about":[{"href":"https:\/\/www.zeushotels.gr\/de\/wp-json\/wp\/v2\/types\/page"}],"author":[{"embeddable":true,"href":"https:\/\/www.zeushotels.gr\/de\/wp-json\/wp\/v2\/users\/1"}],"replies":[{"embeddable":true,"href":"https:\/\/www.zeushotels.gr\/de\/wp-json\/wp\/v2\/comments?post=7770"}],"version-history":[{"count":3,"href":"https:\/\/www.zeushotels.gr\/de\/wp-json\/wp\/v2\/pages\/7770\/revisions"}],"predecessor-version":[{"id":7775,"href":"https:\/\/www.zeushotels.gr\/de\/wp-json\/wp\/v2\/pages\/7770\/revisions\/7775"}],"up":[{"embeddable":true,"href":"https:\/\/www.zeushotels.gr\/de\/wp-json\/wp\/v2\/pages\/7682"}],"wp:attachment":[{"href":"https:\/\/www.zeushotels.gr\/de\/wp-json\/wp\/v2\/media?parent=7770"}],"curies":[{"name":"wp","href":"https:\/\/api.w.org\/{rel}","templated":true}]}}