{"id":7778,"date":"2025-03-10T02:15:41","date_gmt":"2025-03-10T00:15:41","guid":{"rendered":"https:\/\/www.zeushotels.gr\/blue-sea\/spa\/"},"modified":"2025-11-26T18:09:21","modified_gmt":"2025-11-26T16:09:21","slug":"spa","status":"publish","type":"page","link":"https:\/\/www.zeushotels.gr\/de\/blue-sea\/spa\/","title":{"rendered":"Spa"},"content":{"rendered":"\n<div class=\"gb-white-background gb-container-section-l gb-element-981a54f3 text-box\" id=\"welcome\">\n<div class=\"gb-element-b93f4c92\">\n<div class=\"gb-element-33567b65\">\n<img loading=\"lazy\" decoding=\"async\" width=\"1600\" height=\"804\" class=\"gb-media-36be00a9\" src=\"https:\/\/www.zeushotels.gr\/wp-content\/uploads\/2025\/03\/13-Blue-Sea-Beach-SPA-3.jpg\" title=\"13 Blue Sea Beach - SPA 3\" alt=\"\" srcset=\"https:\/\/www.zeushotels.gr\/wp-content\/uploads\/2025\/03\/13-Blue-Sea-Beach-SPA-3.jpg 1600w, https:\/\/www.zeushotels.gr\/wp-content\/uploads\/2025\/03\/13-Blue-Sea-Beach-SPA-3-800x402.jpg 800w, https:\/\/www.zeushotels.gr\/wp-content\/uploads\/2025\/03\/13-Blue-Sea-Beach-SPA-3-1024x515.jpg 1024w, https:\/\/www.zeushotels.gr\/wp-content\/uploads\/2025\/03\/13-Blue-Sea-Beach-SPA-3-768x386.jpg 768w, https:\/\/www.zeushotels.gr\/wp-content\/uploads\/2025\/03\/13-Blue-Sea-Beach-SPA-3-1536x772.jpg 1536w\" sizes=\"auto, (max-width: 1600px) 100vw, 1600px\" \/>\n<\/div>\n\n\n\n<div class=\"gb-element-8e296104\">\n<h2 class=\"gb-text gb-headline-h2 gb-text-71c6a7f1\">Spa<\/h2>\n\n\n\n<p class=\"gb-text gb-text-4ea464fe\">Entdecken Sie eine Oase der Harmonie und Revitalisierung f\u00fcr K\u00f6rper und Geist im Blue Sea Beach Affiliated by Meli\u00e1 Spa.<\/p>\n\n\n\n<p class=\"gb-text gb-text-7764f6e5\">Mit sorgf\u00e4ltig ausgew\u00e4hlten Sch\u00f6nheits- und Entspannungsbehandlungen erleben Sie eine verj\u00fcngende und entspannende Erfahrung. Unser professionelles Team wird Ihre pers\u00f6nlichen Bed\u00fcrfnisse bewerten und spezielle Behandlungen und Massagen durch ein erweitertes Spa-Men\u00fc vorschlagen.<\/p>\n\n\n\n<p class=\"gb-text gb-text-be78cb6b\">G\u00f6nnen Sie sich eine 15-min\u00fctige kostenlose Massage Ihrer Wahl und lassen Sie sich von uns zu einer einzigartigen &#8222;Reise&#8220; mit griechischem Duft einladen.<\/p>\n\n\n\n<a class=\"gb-text gb-text-400d6c91\" href=\"https:\/\/www.zeushotels.gr\/wp-content\/uploads\/2025\/03\/Blue-Sea_Ammos-Pool-Bar.pdf\">Men\u00fc<\/a>\n<\/div>\n<\/div>\n<\/div>\n\n\n\n<div class=\"gb-container-section-l gb-element-e6da1739 text-box\">\n<div class=\"gb-element-230fc9d6\">\n<div class=\"gb-element-0d107553\">\n<h2 class=\"gb-text gb-headline-h2 gb-text-632a41e0\">Ausstattung<\/h2>\n\n\n\n<div class=\"gb-element-66eb2c9a\">\n<p class=\"gb-text-342543be\"><span class=\"gb-shape\"><svg aria-hidden=\"true\" role=\"img\" height=\"1em\" width=\"1em\" viewBox=\"0 0 512 512\" xmlns=\"http:\/\/www.w3.org\/2000\/svg\"><path fill=\"currentColor\" d=\"M256 8C119 8 8 119 8 256s111 248 248 248 248-111 248-248S393 8 256 8z\"><\/path><\/svg><\/span><span class=\"gb-text\">Beheizter Innenpool<\/span><\/p>\n\n\n\n<p class=\"gb-text-dd62a816\"><span class=\"gb-shape\"><svg aria-hidden=\"true\" role=\"img\" height=\"1em\" width=\"1em\" viewBox=\"0 0 512 512\" xmlns=\"http:\/\/www.w3.org\/2000\/svg\"><path fill=\"currentColor\" d=\"M256 8C119 8 8 119 8 256s111 248 248 248 248-111 248-248S393 8 256 8z\"><\/path><\/svg><\/span><span class=\"gb-text\">Sch\u00f6nheitszentrum<\/span><\/p>\n\n\n\n<p class=\"gb-text-fc9a7c96\"><span class=\"gb-shape\"><svg aria-hidden=\"true\" role=\"img\" height=\"1em\" width=\"1em\" viewBox=\"0 0 512 512\" xmlns=\"http:\/\/www.w3.org\/2000\/svg\"><path fill=\"currentColor\" d=\"M256 8C119 8 8 119 8 256s111 248 248 248 248-111 248-248S393 8 256 8z\"><\/path><\/svg><\/span><span class=\"gb-text\">Sauna<\/span><\/p>\n\n\n\n<p class=\"gb-text-a5649342\"><span class=\"gb-shape\"><svg aria-hidden=\"true\" role=\"img\" height=\"1em\" width=\"1em\" viewBox=\"0 0 512 512\" xmlns=\"http:\/\/www.w3.org\/2000\/svg\"><path fill=\"currentColor\" d=\"M256 8C119 8 8 119 8 256s111 248 248 248 248-111 248-248S393 8 256 8z\"><\/path><\/svg><\/span><span class=\"gb-text\">Dampfbad<\/span><\/p>\n\n\n\n<p class=\"gb-text-729a1dfd\"><span class=\"gb-shape\"><svg aria-hidden=\"true\" role=\"img\" height=\"1em\" width=\"1em\" viewBox=\"0 0 512 512\" xmlns=\"http:\/\/www.w3.org\/2000\/svg\"><path fill=\"currentColor\" d=\"M256 8C119 8 8 119 8 256s111 248 248 248 248-111 248-248S393 8 256 8z\"><\/path><\/svg><\/span><span class=\"gb-text\">Whirlpool<\/span><\/p>\n\n\n\n<p class=\"gb-text-1795a248\"><span class=\"gb-shape\"><svg aria-hidden=\"true\" role=\"img\" height=\"1em\" width=\"1em\" viewBox=\"0 0 512 512\" xmlns=\"http:\/\/www.w3.org\/2000\/svg\"><path fill=\"currentColor\" d=\"M256 8C119 8 8 119 8 256s111 248 248 248 248-111 248-248S393 8 256 8z\"><\/path><\/svg><\/span><span class=\"gb-text\">Duschstrahl<\/span><\/p>\n\n\n\n<p class=\"gb-text-2991138a\"><span class=\"gb-shape\"><svg aria-hidden=\"true\" role=\"img\" height=\"1em\" width=\"1em\" viewBox=\"0 0 512 512\" xmlns=\"http:\/\/www.w3.org\/2000\/svg\"><path fill=\"currentColor\" d=\"M256 8C119 8 8 119 8 256s111 248 248 248 248-111 248-248S393 8 256 8z\"><\/path><\/svg><\/span><span class=\"gb-text\">Gesichtsbehandlungsprogramme<\/span><\/p>\n\n\n\n<p class=\"gb-text-b2e3f383\"><span class=\"gb-shape\"><svg aria-hidden=\"true\" role=\"img\" height=\"1em\" width=\"1em\" viewBox=\"0 0 512 512\" xmlns=\"http:\/\/www.w3.org\/2000\/svg\"><path fill=\"currentColor\" d=\"M256 8C119 8 8 119 8 256s111 248 248 248 248-111 248-248S393 8 256 8z\"><\/path><\/svg><\/span><span class=\"gb-text\">Massage<\/span><\/p>\n\n\n\n<p class=\"gb-text-628a0e76\"><span class=\"gb-shape\"><svg aria-hidden=\"true\" role=\"img\" height=\"1em\" width=\"1em\" viewBox=\"0 0 512 512\" xmlns=\"http:\/\/www.w3.org\/2000\/svg\"><path fill=\"currentColor\" d=\"M256 8C119 8 8 119 8 256s111 248 248 248 248-111 248-248S393 8 256 8z\"><\/path><\/svg><\/span><span class=\"gb-text\">K\u00f6rperbehandlungsprogramme<\/span><\/p>\n<\/div>\n\n\n\n<a class=\"gb-text gb-text-3511d19e\" href=\"https:\/\/hotels.aegeospas.gr\/blue-sea\" target=\"_blank\" rel=\"noopener\">Klicken F\u00fcr Spa-Men\u00fcs<\/a>\n<\/div>\n\n\n\n<div class=\"gb-element-b5dc58b1\">\n<img loading=\"lazy\" decoding=\"async\" width=\"1600\" height=\"1021\" class=\"gb-media-ce298005\" src=\"https:\/\/www.zeushotels.gr\/wp-content\/uploads\/2025\/03\/18-Blue-Sea-Beach-Massage-Room.jpg\" title=\"18 Blue Sea Beach - Massage Room\" alt=\"\" srcset=\"https:\/\/www.zeushotels.gr\/wp-content\/uploads\/2025\/03\/18-Blue-Sea-Beach-Massage-Room.jpg 1600w, https:\/\/www.zeushotels.gr\/wp-content\/uploads\/2025\/03\/18-Blue-Sea-Beach-Massage-Room-800x511.jpg 800w, https:\/\/www.zeushotels.gr\/wp-content\/uploads\/2025\/03\/18-Blue-Sea-Beach-Massage-Room-1024x653.jpg 1024w, https:\/\/www.zeushotels.gr\/wp-content\/uploads\/2025\/03\/18-Blue-Sea-Beach-Massage-Room-768x490.jpg 768w, https:\/\/www.zeushotels.gr\/wp-content\/uploads\/2025\/03\/18-Blue-Sea-Beach-Massage-Room-1536x980.jpg 1536w\" sizes=\"auto, (max-width: 1600px) 100vw, 1600px\" \/>\n<\/div>\n<\/div>\n<\/div>\n","protected":false},"excerpt":{"rendered":"<p>Spa Entdecken Sie eine Oase der Harmonie und Revitalisierung f\u00fcr K\u00f6rper und Geist im Blue Sea Beach Affiliated by Meli\u00e1 Spa. Mit sorgf\u00e4ltig ausgew\u00e4hlten Sch\u00f6nheits- und Entspannungsbehandlungen erleben Sie eine verj\u00fcngende und entspannende Erfahrung. Unser professionelles Team wird Ihre pers\u00f6nlichen Bed\u00fcrfnisse bewerten und spezielle Behandlungen und Massagen durch ein erweitertes Spa-Men\u00fc vorschlagen. G\u00f6nnen Sie sich &#8230; <a title=\"Spa\" class=\"read-more\" href=\"https:\/\/www.zeushotels.gr\/de\/blue-sea\/spa\/\" aria-label=\"Mehr Informationen \u00fcber Spa\">Weiterlesen<\/a><\/p>\n","protected":false},"author":1,"featured_media":0,"parent":7682,"menu_order":0,"comment_status":"closed","ping_status":"closed","template":"","meta":{"_acf_changed":false,"footnotes":""},"class_list":["post-7778","page","type-page","status-publish"],"acf":{"description":"","menus":false},"_links":{"self":[{"href":"https:\/\/www.zeushotels.gr\/de\/wp-json\/wp\/v2\/pages\/7778","targetHints":{"allow":["GET"]}}],"collection":[{"href":"https:\/\/www.zeushotels.gr\/de\/wp-json\/wp\/v2\/pages"}],"about":[{"href":"https:\/\/www.zeushotels.gr\/de\/wp-json\/wp\/v2\/types\/page"}],"author":[{"embeddable":true,"href":"https:\/\/www.zeushotels.gr\/de\/wp-json\/wp\/v2\/users\/1"}],"replies":[{"embeddable":true,"href":"https:\/\/www.zeushotels.gr\/de\/wp-json\/wp\/v2\/comments?post=7778"}],"version-history":[{"count":1,"href":"https:\/\/www.zeushotels.gr\/de\/wp-json\/wp\/v2\/pages\/7778\/revisions"}],"predecessor-version":[{"id":7780,"href":"https:\/\/www.zeushotels.gr\/de\/wp-json\/wp\/v2\/pages\/7778\/revisions\/7780"}],"up":[{"embeddable":true,"href":"https:\/\/www.zeushotels.gr\/de\/wp-json\/wp\/v2\/pages\/7682"}],"wp:attachment":[{"href":"https:\/\/www.zeushotels.gr\/de\/wp-json\/wp\/v2\/media?parent=7778"}],"curies":[{"name":"wp","href":"https:\/\/api.w.org\/{rel}","templated":true}]}}