{"id":7821,"date":"2025-03-15T18:47:35","date_gmt":"2025-03-15T16:47:35","guid":{"rendered":"https:\/\/www.zeushotels.gr\/cooks-club\/cantina\/"},"modified":"2026-01-19T21:02:45","modified_gmt":"2026-01-19T19:02:45","slug":"gastronomie-bars","status":"publish","type":"page","link":"https:\/\/www.zeushotels.gr\/de\/cooks-club\/gastronomie-bars\/","title":{"rendered":"Gastronomie &amp; Bars"},"content":{"rendered":"\n<div class=\"gb-white-background gb-container-section-l gb-element-1db0d76d text-box\" id=\"welcome\">\n<h2 class=\"gb-text gb-text-c467e595\">GASTRONOMIE<\/h2>\n\n\n\n<div class=\"gb-element-9da7d55e\">\n<div class=\"gb-element-8192c3fc\">\n<img loading=\"lazy\" decoding=\"async\" width=\"1618\" height=\"1080\" class=\"gb-media-ff6e88f6\" src=\"https:\/\/www.zeushotels.gr\/wp-content\/uploads\/2025\/11\/22-Cooks-Club-Cantina-front-cooking-2.jpg\" title=\"22 Cook&apos;s Club - Cantina front cooking 2\" alt=\"\" srcset=\"https:\/\/www.zeushotels.gr\/wp-content\/uploads\/2025\/11\/22-Cooks-Club-Cantina-front-cooking-2.jpg 1618w, https:\/\/www.zeushotels.gr\/wp-content\/uploads\/2025\/11\/22-Cooks-Club-Cantina-front-cooking-2-800x534.jpg 800w, https:\/\/www.zeushotels.gr\/wp-content\/uploads\/2025\/11\/22-Cooks-Club-Cantina-front-cooking-2-1024x684.jpg 1024w, https:\/\/www.zeushotels.gr\/wp-content\/uploads\/2025\/11\/22-Cooks-Club-Cantina-front-cooking-2-600x400.jpg 600w, https:\/\/www.zeushotels.gr\/wp-content\/uploads\/2025\/11\/22-Cooks-Club-Cantina-front-cooking-2-768x513.jpg 768w, https:\/\/www.zeushotels.gr\/wp-content\/uploads\/2025\/11\/22-Cooks-Club-Cantina-front-cooking-2-1536x1025.jpg 1536w\" sizes=\"auto, (max-width: 1618px) 100vw, 1618px\" \/>\n<\/div>\n\n\n\n<div class=\"gb-element-cccc8c60\">\n<h2 class=\"gb-text gb-headline-h2 gb-text-2ba41748\">Cantina<\/h2>\n\n\n\n<p class=\"gb-text gb-text-9b261cce\">Im Herzen des Cook\u2019s Club steht die Cantina \u2013 eine pulsierende kulinarische Metropole, die mit den frischesten lokalen und internationalen Aromen gef\u00fcllt ist. Von veganen Leckereien bis hin zu herzhaften Gerichten erfreut die Cantina selbst den w\u00e4hlerischsten Esser mit ihrem st\u00e4ndig wechselnden Food-Konzept, das rund um die Uhr serviert wird.<\/p>\n\n\n\n<p class=\"has-surface-70-color has-text-color has-link-color wp-elements-27dc60fc63aa35e0663a137be157a574\">Hier dreht sich alles um die Freiheit der Wahl, mit einem Men\u00fc, das Sie auf eine gastronomische Reise von den chaotischen Stra\u00dfen Saigons zu famili\u00e4ren Festmahlen lokaler Spezialit\u00e4ten mitnimmt. Vegane und vegetarische Gerichte sind ebenfalls verf\u00fcgbar, w\u00e4hrend glutenfreie und laktosefreie Fr\u00fchst\u00fccksoptionen auf Anfrage arrangiert werden k\u00f6nnen.<\/p>\n\n\n\n<h3 class=\"gb-text gb-text-0d99e6c5\">Zeitplan:<\/h3>\n\n\n\n<p class=\"gb-text gb-text-8a24f5d0\">Fr\u00fchst\u00fcck 07:30-11:00<br>Fr\u00fchst\u00fcck 11:00-14:00<br>Fr\u00fchst\u00fcck 12:00-22:00<\/p>\n\n\n\n<p class=\"gb-text gb-text-bfbc4836\">Der Kredit f\u00fcr Halbpensionsg\u00e4ste betr\u00e4gt t\u00e4glich 22 Euro und kann f\u00fcr beliebige Gerichte oder Getr\u00e4nke im Cantina-Restaurant von 7:30 bis 22:00 Uhr ausgegeben werden. Sie m\u00fcssen nur die Cantina besuchen, Ihre App am QR-Scanner scannen und aus dem Men\u00fc w\u00e4hlen, was Sie m\u00f6chten.<\/p>\n\n\n\n<p class=\"gb-text gb-text-ecfaff83\">Der Cook\u2019s Club ist bargeldlos. Mit anderen Worten, Sie m\u00fcssen Ihre Brieftasche nicht mit sich f\u00fchren: weniger Sorgen, mehr Spa\u00df. Alles, was Sie tun m\u00fcssen, ist die Cook\u2019s Club App auf Ihr Telefon herunterzuladen und den gew\u00fcnschten Betrag auf die App zu laden; so funktioniert Ihr Smartphone als E-Wallet. Alternativ k\u00f6nnen Sie an unserer Rezeption ein E-Armband anfordern.<\/p>\n\n\n\n<a class=\"gb-text gb-text-4396d332\" href=\"https:\/\/www.zeushotels.gr\/wp-content\/uploads\/2025\/11\/cooks-club-cantinta.pdf\">Men\u00fcs<\/a>\n<\/div>\n<\/div>\n<\/div>\n\n\n\n<div class=\"gb-container-section-l gb-element-915c77cc text-box\">\n<h2 class=\"gb-text gb-headline-h2 gb-text-76ef966a\">POOL BAR<\/h2>\n\n\n\n<div class=\"gb-element-b136f19f\">\n<div class=\"gb-element-5021467b\">\n<h2 class=\"gb-text gb-headline-h2 gb-text-2ec62ebe\">Captain Cook<\/h2>\n\n\n\n<p class=\"gb-text gb-text-da992154\">Besiegeln Sie Ihre Urlaubsmomente mit dem Klang des Sommers direkt hier an der Captain Cook Poolbar! Mit einer Reihe von DJs, die von entspannten Melodien bis zu beschwingten Beats f\u00fcr jede Tageszeit spielen, k\u00f6nnen Sie so entspannt oder energiegeladen sein, wie Sie m\u00f6chten. Genie\u00dfen Sie frische S\u00e4fte und Premium-Spirituosen oder einen Signature-Cocktail des Berliner Barkeepers David Wiedemann und lassen Sie die guten Zeiten rollen!<\/p>\n\n\n\n<p class=\"gb-text gb-text-ceea8ef5\">Ge\u00f6ffnet den ganzen Tag von 10:00 &#8211; 01:00 Uhr<\/p>\n\n\n\n<a class=\"gb-text gb-text-c6f72459\" href=\"https:\/\/www.zeushotels.gr\/wp-content\/uploads\/2025\/11\/cooks-club-bar.pdf\">Men\u00fcs<\/a>\n<\/div>\n\n\n\n<div class=\"gb-element-19420c52\">\n<img loading=\"lazy\" decoding=\"async\" width=\"1618\" height=\"1080\" class=\"gb-media-06ea85de\" src=\"https:\/\/www.zeushotels.gr\/wp-content\/uploads\/2025\/12\/Captain-Cook-BAR-scaled.jpg\" title=\"Ammos a la carte 4\" srcset=\"https:\/\/www.zeushotels.gr\/wp-content\/uploads\/2025\/12\/Captain-Cook-BAR-scaled.jpg 1618w, https:\/\/www.zeushotels.gr\/wp-content\/uploads\/2025\/12\/Captain-Cook-BAR-800x534.jpg 800w, https:\/\/www.zeushotels.gr\/wp-content\/uploads\/2025\/12\/Captain-Cook-BAR-1024x684.jpg 1024w, https:\/\/www.zeushotels.gr\/wp-content\/uploads\/2025\/12\/Captain-Cook-BAR-600x400.jpg 600w, https:\/\/www.zeushotels.gr\/wp-content\/uploads\/2025\/12\/Captain-Cook-BAR-768x513.jpg 768w, https:\/\/www.zeushotels.gr\/wp-content\/uploads\/2025\/12\/Captain-Cook-BAR-1536x1025.jpg 1536w, https:\/\/www.zeushotels.gr\/wp-content\/uploads\/2025\/12\/Captain-Cook-BAR-2048x1367.jpg 2048w\" sizes=\"auto, (max-width: 1618px) 100vw, 1618px\" \/>\n<\/div>\n<\/div>\n<\/div>\n","protected":false},"excerpt":{"rendered":"<p>GASTRONOMIE Cantina Im Herzen des Cook\u2019s Club steht die Cantina \u2013 eine pulsierende kulinarische Metropole, die mit den frischesten lokalen und internationalen Aromen gef\u00fcllt ist. Von veganen Leckereien bis hin zu herzhaften Gerichten erfreut die Cantina selbst den w\u00e4hlerischsten Esser mit ihrem st\u00e4ndig wechselnden Food-Konzept, das rund um die Uhr serviert wird. Hier dreht sich &#8230; <a title=\"Gastronomie &amp; Bars\" class=\"read-more\" href=\"https:\/\/www.zeushotels.gr\/de\/cooks-club\/gastronomie-bars\/\" aria-label=\"Mehr Informationen \u00fcber Gastronomie &amp; Bars\">Weiterlesen<\/a><\/p>\n","protected":false},"author":1,"featured_media":0,"parent":1904,"menu_order":0,"comment_status":"closed","ping_status":"closed","template":"","meta":{"_acf_changed":false,"footnotes":""},"class_list":["post-7821","page","type-page","status-publish"],"acf":{"description":"","menus":false},"_links":{"self":[{"href":"https:\/\/www.zeushotels.gr\/de\/wp-json\/wp\/v2\/pages\/7821","targetHints":{"allow":["GET"]}}],"collection":[{"href":"https:\/\/www.zeushotels.gr\/de\/wp-json\/wp\/v2\/pages"}],"about":[{"href":"https:\/\/www.zeushotels.gr\/de\/wp-json\/wp\/v2\/types\/page"}],"author":[{"embeddable":true,"href":"https:\/\/www.zeushotels.gr\/de\/wp-json\/wp\/v2\/users\/1"}],"replies":[{"embeddable":true,"href":"https:\/\/www.zeushotels.gr\/de\/wp-json\/wp\/v2\/comments?post=7821"}],"version-history":[{"count":4,"href":"https:\/\/www.zeushotels.gr\/de\/wp-json\/wp\/v2\/pages\/7821\/revisions"}],"predecessor-version":[{"id":9969,"href":"https:\/\/www.zeushotels.gr\/de\/wp-json\/wp\/v2\/pages\/7821\/revisions\/9969"}],"up":[{"embeddable":true,"href":"https:\/\/www.zeushotels.gr\/de\/wp-json\/wp\/v2\/pages\/1904"}],"wp:attachment":[{"href":"https:\/\/www.zeushotels.gr\/de\/wp-json\/wp\/v2\/media?parent=7821"}],"curies":[{"name":"wp","href":"https:\/\/api.w.org\/{rel}","templated":true}]}}