{"id":7836,"date":"2025-11-16T15:10:31","date_gmt":"2025-11-16T13:10:31","guid":{"rendered":"https:\/\/www.zeushotels.gr\/cooks-club\/services-facilities\/"},"modified":"2025-11-26T20:03:20","modified_gmt":"2025-11-26T18:03:20","slug":"services-facilities","status":"publish","type":"page","link":"https:\/\/www.zeushotels.gr\/de\/cooks-club\/services-facilities\/","title":{"rendered":"Dienstleistungen &#038; Einrichtungen"},"content":{"rendered":"\n<div class=\"gb-white-background gb-container-section-l gb-element-1db0d76d text-box\" id=\"welcome\">\n<div class=\"gb-element-9da7d55e\">\n<div class=\"gb-element-8192c3fc\">\n<img loading=\"lazy\" decoding=\"async\" width=\"1618\" height=\"1080\" class=\"gb-media-ff6e88f6\" src=\"https:\/\/www.zeushotels.gr\/wp-content\/uploads\/2025\/11\/15-Cooks-Club-Cantina-1.jpg\" title=\"15 Cook&apos;s Club - Cantina 1\" alt=\"\" srcset=\"https:\/\/www.zeushotels.gr\/wp-content\/uploads\/2025\/11\/15-Cooks-Club-Cantina-1.jpg 1618w, https:\/\/www.zeushotels.gr\/wp-content\/uploads\/2025\/11\/15-Cooks-Club-Cantina-1-800x534.jpg 800w, https:\/\/www.zeushotels.gr\/wp-content\/uploads\/2025\/11\/15-Cooks-Club-Cantina-1-1024x684.jpg 1024w, https:\/\/www.zeushotels.gr\/wp-content\/uploads\/2025\/11\/15-Cooks-Club-Cantina-1-600x400.jpg 600w, https:\/\/www.zeushotels.gr\/wp-content\/uploads\/2025\/11\/15-Cooks-Club-Cantina-1-768x513.jpg 768w, https:\/\/www.zeushotels.gr\/wp-content\/uploads\/2025\/11\/15-Cooks-Club-Cantina-1-1536x1025.jpg 1536w\" sizes=\"auto, (max-width: 1618px) 100vw, 1618px\" \/>\n<\/div>\n\n\n\n<div class=\"gb-element-cccc8c60\">\n<div class=\"gb-accordion zeus-accordion\">\n<div class=\"gb-accordion__item gb-accordion__item-6a076f2f gb-accordion__item-open\">\n<div role=\"button\" tabindex=\"0\" class=\"gb-accordion__toggle gb-accordion__toggle-7f52f785 gb-block-is-current\" id=\"gb-accordion-toggle-7f52f785\">\n<span class=\"gb-text-1be42ea5\"><span class=\"gb-shape\"><svg aria-hidden=\"true\" role=\"img\" height=\"1em\" width=\"1em\" viewBox=\"0 0 512 512\" xmlns=\"http:\/\/www.w3.org\/2000\/svg\"><path fill=\"currentColor\" d=\"M256 8C119 8 8 119 8 256s111 248 248 248 248-111 248-248S393 8 256 8z\"><\/path><\/svg><\/span><span class=\"gb-text\">G\u00e4ste-serviceleistungen<\/span><\/span>\n<\/div>\n\n\n\n<div class=\"gb-accordion__content\" id=\"gb-accordion-content-d7481e1b\">\n<div class=\"gb-element-2079fb9c\">\n<div>\n<ul class=\"wp-block-list has-surface-70-color has-text-color has-link-color wp-elements-3138414e15b507cdb6cf4c4f0b903565\">\n<li>24-Stunden-Rezeption<\/li>\n\n\n\n<li>Express-Check-out (\u00fcber Smartphone-App)<\/li>\n\n\n\n<li>WLAN<\/li>\n\n\n\n<li>Tablet<\/li>\n\n\n\n<li>Gep\u00e4ckraum und -service<\/li>\n\n\n\n<li>12-Stunden-Zimmerservice\u00a0*<\/li>\n\n\n\n<li>Weckruf<\/li>\n\n\n\n<li>Aufdeckservice\u00a0*<\/li>\n\n\n\n<li>Poolt\u00fccher gegen Kaution (erstattungsf\u00e4hig)<\/li>\n\n\n\n<li>W\u00e4scheservice\u00a0*<\/li>\n\n\n\n<li>B\u00fcgeleisen &amp; B\u00fcgelbrett<\/li>\n<\/ul>\n<\/div>\n\n\n\n<div>\n<ul class=\"wp-block-list has-surface-70-color has-text-color has-link-color wp-elements-174f1ff947f5c22c2b9d5a518088663b\">\n<li>\u00c4rztlicher Bereitschaftsdienst\u00a0*<\/li>\n\n\n\n<li>Erste-Hilfe-Set<\/li>\n\n\n\n<li>Taxi-Transfer\u00a0*<\/li>\n\n\n\n<li>System zur \u00dcberwachung der G\u00e4stezufriedenheit<\/li>\n\n\n\n<li>Business Center<\/li>\n\n\n\n<li>Ausfl\u00fcge\u00a0*<\/li>\n\n\n\n<li>Autovermietung\u00a0*<\/li>\n\n\n\n<li>Parkplatz<\/li>\n<\/ul>\n<\/div>\n<\/div>\n<\/div>\n<\/div>\n\n\n\n<div class=\"gb-accordion__item gb-accordion__item-5a3f4533\">\n<div role=\"button\" tabindex=\"0\" class=\"gb-accordion__toggle gb-accordion__toggle-749ec945\" id=\"gb-accordion-toggle-749ec945\">\n<span class=\"gb-text-e89640a9\"><span class=\"gb-shape\"><svg aria-hidden=\"true\" role=\"img\" height=\"1em\" width=\"1em\" viewBox=\"0 0 512 512\" xmlns=\"http:\/\/www.w3.org\/2000\/svg\"><path fill=\"currentColor\" d=\"M256 8C119 8 8 119 8 256s111 248 248 248 248-111 248-248S393 8 256 8z\"><\/path><\/svg><\/span><span class=\"gb-text\">Freizeit &amp; Sport<\/span><\/span>\n<\/div>\n\n\n\n<div class=\"gb-accordion__content\" id=\"gb-accordion-content-73d6842f\">\n<div class=\"gb-element-53e3fefb\">\n<ul class=\"wp-block-list has-surface-70-color has-text-color has-link-color wp-elements-0ee3e0f9227e4a48bad6d3b31b0f1312\">\n<li>2 Au\u00dfenpools<\/li>\n\n\n\n<li>1 beheizter Innenpool\u00a0*<\/li>\n\n\n\n<li>Liegest\u00fchle rund um den Pool<\/li>\n\n\n\n<li>Internet-Ecke<\/li>\n\n\n\n<li>Spa<\/li>\n\n\n\n<li>Fitnessstudio<\/li>\n\n\n\n<li>Live-DJ<\/li>\n\n\n\n<li>Themenabende &amp; Partys<\/li>\n\n\n\n<li>Rusty Blades Barbershop<\/li>\n\n\n\n<li>SIX FOR SIX Tattoo Studio<\/li>\n<\/ul>\n<\/div>\n<\/div>\n<\/div>\n\n\n\n<div class=\"gb-accordion__item gb-accordion__item-84262baa\">\n<div role=\"button\" tabindex=\"0\" class=\"gb-accordion__toggle gb-accordion__toggle-3115609f\" id=\"gb-accordion-toggle-3115609f\">\n<span class=\"gb-text-fc3267c3\"><span class=\"gb-shape\"><svg aria-hidden=\"true\" role=\"img\" height=\"1em\" width=\"1em\" viewBox=\"0 0 512 512\" xmlns=\"http:\/\/www.w3.org\/2000\/svg\"><path fill=\"currentColor\" d=\"M256 8C119 8 8 119 8 256s111 248 248 248 248-111 248-248S393 8 256 8z\"><\/path><\/svg><\/span><span class=\"gb-text\">Gastronomie &amp; Bars<\/span><\/span>\n<\/div>\n\n\n\n<div class=\"gb-accordion__content\" id=\"gb-accordion-content-0924768a\">\n<div class=\"gb-element-6274be97\">\n<ul class=\"wp-block-list has-surface-70-color has-text-color has-link-color wp-elements-59a2dbb81db6460c33ec9a7183795805\">\n<li>Cantina mit 6 Essensstationen<\/li>\n\n\n\n<li>Poolbar CAPTAIN COOK<\/li>\n\n\n\n<li>Fr\u00fchst\u00fcck im Zimmer\u00a0*<\/li>\n\n\n\n<li>Fr\u00fchaufsteher-Fr\u00fchst\u00fcck<\/li>\n\n\n\n<li>Lunchpaket<\/li>\n<\/ul>\n<\/div>\n<\/div>\n<\/div>\n<\/div>\n<\/div>\n<\/div>\n<\/div>\n","protected":false},"excerpt":{"rendered":"","protected":false},"author":1,"featured_media":0,"parent":1904,"menu_order":0,"comment_status":"closed","ping_status":"closed","template":"","meta":{"_acf_changed":false,"footnotes":""},"class_list":["post-7836","page","type-page","status-publish"],"acf":{"description":"","menus":false},"_links":{"self":[{"href":"https:\/\/www.zeushotels.gr\/de\/wp-json\/wp\/v2\/pages\/7836","targetHints":{"allow":["GET"]}}],"collection":[{"href":"https:\/\/www.zeushotels.gr\/de\/wp-json\/wp\/v2\/pages"}],"about":[{"href":"https:\/\/www.zeushotels.gr\/de\/wp-json\/wp\/v2\/types\/page"}],"author":[{"embeddable":true,"href":"https:\/\/www.zeushotels.gr\/de\/wp-json\/wp\/v2\/users\/1"}],"replies":[{"embeddable":true,"href":"https:\/\/www.zeushotels.gr\/de\/wp-json\/wp\/v2\/comments?post=7836"}],"version-history":[{"count":2,"href":"https:\/\/www.zeushotels.gr\/de\/wp-json\/wp\/v2\/pages\/7836\/revisions"}],"predecessor-version":[{"id":7840,"href":"https:\/\/www.zeushotels.gr\/de\/wp-json\/wp\/v2\/pages\/7836\/revisions\/7840"}],"up":[{"embeddable":true,"href":"https:\/\/www.zeushotels.gr\/de\/wp-json\/wp\/v2\/pages\/1904"}],"wp:attachment":[{"href":"https:\/\/www.zeushotels.gr\/de\/wp-json\/wp\/v2\/media?parent=7836"}],"curies":[{"name":"wp","href":"https:\/\/api.w.org\/{rel}","templated":true}]}}