{"id":7845,"date":"2025-11-16T16:28:01","date_gmt":"2025-11-16T14:28:01","guid":{"rendered":"https:\/\/www.zeushotels.gr\/cooks-club\/spa-gym\/"},"modified":"2025-11-26T20:18:36","modified_gmt":"2025-11-26T18:18:36","slug":"spa-gym","status":"publish","type":"page","link":"https:\/\/www.zeushotels.gr\/de\/cooks-club\/spa-gym\/","title":{"rendered":"Spa &amp; Gym"},"content":{"rendered":"\n<div class=\"gb-white-background gb-container-section-l gb-element-981a54f3 text-box\" id=\"welcome\">\n<div class=\"gb-element-b93f4c92\">\n<div class=\"gb-element-33567b65\">\n<img loading=\"lazy\" decoding=\"async\" width=\"1280\" height=\"640\" class=\"gb-media-36be00a9\" src=\"https:\/\/www.zeushotels.gr\/wp-content\/uploads\/2025\/11\/cooks-almare-spa-1.jpg\" title=\"cook&apos;s-almare-spa-1\" alt=\"\" srcset=\"https:\/\/www.zeushotels.gr\/wp-content\/uploads\/2025\/11\/cooks-almare-spa-1.jpg 1280w, https:\/\/www.zeushotels.gr\/wp-content\/uploads\/2025\/11\/cooks-almare-spa-1-800x400.jpg 800w, https:\/\/www.zeushotels.gr\/wp-content\/uploads\/2025\/11\/cooks-almare-spa-1-1024x512.jpg 1024w, https:\/\/www.zeushotels.gr\/wp-content\/uploads\/2025\/11\/cooks-almare-spa-1-768x384.jpg 768w\" sizes=\"auto, (max-width: 1280px) 100vw, 1280px\" \/>\n<\/div>\n\n\n\n<div class=\"gb-element-8e296104\">\n<h2 class=\"gb-text gb-headline-h2 gb-text-71c6a7f1\">Was Wir Tun<\/h2>\n\n\n\n<p class=\"gb-text gb-text-7d577c34\">Unser erfahrenes Personal bereitet erstklassige Wellness-Vorschl\u00e4ge f\u00fcr Entspannung, Entgiftung, Gewichtsverlust, Gesundheit, Sch\u00f6nheit und Wohlbefinden vor und bietet sie an.<\/p>\n\n\n\n<p>Im Zentrum von Chersonissos erwarten wir Sie, um ein anderes Erlebnis zu entdecken.<\/p>\n\n\n\n<h2 class=\"gb-text gb-headline-h2 gb-text-6c0402c5\">Spa-behandlungen<\/h2>\n\n\n\n<p class=\"gb-text gb-text-4ea464fe\">Bringen Sie Ihre sch\u00f6nste und attraktivste Seite zum Vorschein und lassen Sie Ihre Stimmung steigen. Mit Professionalit\u00e4t, fortschrittlicher Technologie und einer Reihe von Top-Beauty-Produkten als Ihre Verb\u00fcndeten k\u00f6nnen Sie besser aussehen als je zuvor. Entdecken Sie die Geheimnisse eines attraktiven, gepflegten Aussehens im Aquavita Spa und teilen Sie sie &#8230; ohne Zur\u00fcckhaltung!<\/p>\n\n\n\n<h3 class=\"gb-text gb-text-6d68ccf6\">\u00d6ffnungszeiten<\/h3>\n\n\n\n<p class=\"gb-text gb-text-f3d6047f\">\u00d6ffnungszeiten, 10:00 bis 19:00 Uhr.<\/p>\n\n\n\n<a class=\"gb-text gb-text-400d6c91\" href=\"https:\/\/www.zeushotels.gr\/wp-content\/uploads\/2025\/11\/aquavita-spa-menu-en.pdf\">Men\u00fc<\/a>\n<\/div>\n<\/div>\n<\/div>\n\n\n\n<div class=\"gb-container-section-l gb-element-e6da1739 text-box\">\n<div class=\"gb-element-230fc9d6\">\n<div class=\"gb-element-0d107553\">\n<h2 class=\"gb-text gb-headline-h2 gb-text-632a41e0\">Fitnessstudio<\/h2>\n\n\n\n<p class=\"gb-text gb-text-74af9e2d\">F\u00fchlen Sie sich st\u00e4rker und ges\u00fcnder als je zuvor! W\u00e4hlen Sie das Fitnesstraining, das heute zu Ihnen passt, unterst\u00fctzt von unseren Top-Profis und modernster Ausr\u00fcstung.<\/p>\n\n\n\n<h3 class=\"gb-text gb-text-6dfb9155\">\u00d6ffnungszeiten<\/h3>\n\n\n\n<p class=\"gb-text gb-text-76fc1762\">\u00d6ffnungszeiten, 09:00 bis 21:00 Uhr.<\/p>\n<\/div>\n\n\n\n<div class=\"gb-element-b5dc58b1\">\n<img loading=\"lazy\" decoding=\"async\" width=\"1743\" height=\"1080\" class=\"gb-media-ce298005\" src=\"https:\/\/www.zeushotels.gr\/wp-content\/uploads\/2025\/11\/37-Cooks-Club-Gym-1.jpg\" title=\"37 Cook&apos;s Club - Gym 1\" alt=\"\" srcset=\"https:\/\/www.zeushotels.gr\/wp-content\/uploads\/2025\/11\/37-Cooks-Club-Gym-1.jpg 1743w, https:\/\/www.zeushotels.gr\/wp-content\/uploads\/2025\/11\/37-Cooks-Club-Gym-1-800x496.jpg 800w, https:\/\/www.zeushotels.gr\/wp-content\/uploads\/2025\/11\/37-Cooks-Club-Gym-1-1024x635.jpg 1024w, https:\/\/www.zeushotels.gr\/wp-content\/uploads\/2025\/11\/37-Cooks-Club-Gym-1-768x476.jpg 768w, https:\/\/www.zeushotels.gr\/wp-content\/uploads\/2025\/11\/37-Cooks-Club-Gym-1-1536x952.jpg 1536w\" sizes=\"auto, (max-width: 1743px) 100vw, 1743px\" \/>\n<\/div>\n<\/div>\n<\/div>\n","protected":false},"excerpt":{"rendered":"<p>Was Wir Tun Unser erfahrenes Personal bereitet erstklassige Wellness-Vorschl\u00e4ge f\u00fcr Entspannung, Entgiftung, Gewichtsverlust, Gesundheit, Sch\u00f6nheit und Wohlbefinden vor und bietet sie an. Im Zentrum von Chersonissos erwarten wir Sie, um ein anderes Erlebnis zu entdecken. Spa-behandlungen Bringen Sie Ihre sch\u00f6nste und attraktivste Seite zum Vorschein und lassen Sie Ihre Stimmung steigen. Mit Professionalit\u00e4t, fortschrittlicher Technologie &#8230; <a title=\"Spa &amp; Gym\" class=\"read-more\" href=\"https:\/\/www.zeushotels.gr\/de\/cooks-club\/spa-gym\/\" aria-label=\"Mehr Informationen \u00fcber Spa &amp; Gym\">Weiterlesen<\/a><\/p>\n","protected":false},"author":1,"featured_media":0,"parent":1904,"menu_order":0,"comment_status":"closed","ping_status":"closed","template":"","meta":{"_acf_changed":false,"footnotes":""},"class_list":["post-7845","page","type-page","status-publish"],"acf":{"description":"","menus":false},"_links":{"self":[{"href":"https:\/\/www.zeushotels.gr\/de\/wp-json\/wp\/v2\/pages\/7845","targetHints":{"allow":["GET"]}}],"collection":[{"href":"https:\/\/www.zeushotels.gr\/de\/wp-json\/wp\/v2\/pages"}],"about":[{"href":"https:\/\/www.zeushotels.gr\/de\/wp-json\/wp\/v2\/types\/page"}],"author":[{"embeddable":true,"href":"https:\/\/www.zeushotels.gr\/de\/wp-json\/wp\/v2\/users\/1"}],"replies":[{"embeddable":true,"href":"https:\/\/www.zeushotels.gr\/de\/wp-json\/wp\/v2\/comments?post=7845"}],"version-history":[{"count":2,"href":"https:\/\/www.zeushotels.gr\/de\/wp-json\/wp\/v2\/pages\/7845\/revisions"}],"predecessor-version":[{"id":7848,"href":"https:\/\/www.zeushotels.gr\/de\/wp-json\/wp\/v2\/pages\/7845\/revisions\/7848"}],"up":[{"embeddable":true,"href":"https:\/\/www.zeushotels.gr\/de\/wp-json\/wp\/v2\/pages\/1904"}],"wp:attachment":[{"href":"https:\/\/www.zeushotels.gr\/de\/wp-json\/wp\/v2\/media?parent=7845"}],"curies":[{"name":"wp","href":"https:\/\/api.w.org\/{rel}","templated":true}]}}