{"id":7855,"date":"2025-11-16T18:37:08","date_gmt":"2025-11-16T16:37:08","guid":{"rendered":"https:\/\/www.zeushotels.gr\/cooks-club\/hotel-policy\/"},"modified":"2025-11-26T20:23:00","modified_gmt":"2025-11-26T18:23:00","slug":"hotelrichtlinie","status":"publish","type":"page","link":"https:\/\/www.zeushotels.gr\/de\/cooks-club\/hotelrichtlinie\/","title":{"rendered":"Hotelrichtlinie"},"content":{"rendered":"\n<div class=\"gb-white-background gb-container-section-l gb-element-1db0d76d text-box\" id=\"welcome\">\n<div class=\"gb-element-9da7d55e\">\n<div class=\"gb-element-8192c3fc\">\n<img loading=\"lazy\" decoding=\"async\" width=\"1903\" height=\"1080\" class=\"gb-media-ff6e88f6\" src=\"https:\/\/www.zeushotels.gr\/wp-content\/uploads\/2025\/11\/03-Cooks-Club-Hotel-Photo.jpg\" title=\"03 Cook&apos;s Club - Hotel Photo\" alt=\"\" srcset=\"https:\/\/www.zeushotels.gr\/wp-content\/uploads\/2025\/11\/03-Cooks-Club-Hotel-Photo.jpg 1903w, https:\/\/www.zeushotels.gr\/wp-content\/uploads\/2025\/11\/03-Cooks-Club-Hotel-Photo-800x454.jpg 800w, https:\/\/www.zeushotels.gr\/wp-content\/uploads\/2025\/11\/03-Cooks-Club-Hotel-Photo-1024x581.jpg 1024w, https:\/\/www.zeushotels.gr\/wp-content\/uploads\/2025\/11\/03-Cooks-Club-Hotel-Photo-768x436.jpg 768w, https:\/\/www.zeushotels.gr\/wp-content\/uploads\/2025\/11\/03-Cooks-Club-Hotel-Photo-1536x872.jpg 1536w\" sizes=\"auto, (max-width: 1903px) 100vw, 1903px\" \/>\n<\/div>\n\n\n\n<div class=\"gb-element-cccc8c60\">\n<div class=\"gb-accordion zeus-accordion\">\n<div class=\"gb-accordion__item gb-accordion__item-6a076f2f gb-accordion__item-open\">\n<div role=\"button\" tabindex=\"0\" class=\"gb-accordion__toggle gb-accordion__toggle-7f52f785 gb-block-is-current\" id=\"gb-accordion-toggle-7f52f785\">\n<span class=\"gb-text-1be42ea5\"><span class=\"gb-shape\"><svg aria-hidden=\"true\" role=\"img\" height=\"1em\" width=\"1em\" viewBox=\"0 0 512 512\" xmlns=\"http:\/\/www.w3.org\/2000\/svg\"><path fill=\"currentColor\" d=\"M256 8C119 8 8 119 8 256s111 248 248 248 248-111 248-248S393 8 256 8z\"><\/path><\/svg><\/span><span class=\"gb-text\">Allgemein<\/span><\/span>\n<\/div>\n\n\n\n<div class=\"gb-accordion__content\" id=\"gb-accordion-content-d7481e1b\">\n<div class=\"gb-element-2079fb9c\">\n<div>\n<p class=\"gb-text gb-text-7d577c34\">Besucher sind w\u00e4hrend der Betriebszeiten in den \u00f6ffentlichen Bereichen des Hotels erlaubt. Unter keinen Umst\u00e4nden d\u00fcrfen Besucher, die nicht als Hotelg\u00e4ste registriert sind, ohne Erlaubnis des Hotelpersonals die Zimmer betreten.<\/p>\n\n\n\n<p class=\"gb-text gb-text-2eff10bd\">Wenn Sie zum Hotel zur\u00fcckkehren, behalten wir uns das Recht vor, Sie nach Ihrem Pass\/Ausweis oder einem anderen Nachweis Ihres Aufenthalts im Hotel zu fragen, wie z.\u00a0B. Ihr Hotel-App-Konto.<\/p>\n\n\n\n<p class=\"gb-text gb-text-529340f0\">Von unserer Seite tun wir alles, um sicherzustellen, dass das Hotel ein sicherer Ort f\u00fcr alle ist. Sie sind jedoch f\u00fcr Ihre pers\u00f6nlichen Gegenst\u00e4nde verantwortlich.<\/p>\n\n\n\n<ul class=\"wp-block-list has-surface-70-color has-text-color has-link-color wp-elements-2422beea42af1aa8bba2ce514a838e6d\">\n<li>Mindestalter der G\u00e4ste: 18 Jahre.<\/li>\n\n\n\n<li>Check-in: Ab 15:00 Uhr.<\/li>\n\n\n\n<li>Check-out: Bis 11:00 Uhr.<\/li>\n\n\n\n<li>Reinigungsservice: 07:00 Uhr &#8211; 15:00 Uhr.<\/li>\n\n\n\n<li>Handtuchwechsel: alle 2 Tage.<\/li>\n\n\n\n<li>Bettw\u00e4schewechsel: alle 3 Tage.<\/li>\n\n\n\n<li>Haustiere sind nicht erlaubt.<\/li>\n<\/ul>\n<\/div>\n<\/div>\n<\/div>\n<\/div>\n\n\n\n<div class=\"gb-accordion__item gb-accordion__item-5a3f4533\">\n<div role=\"button\" tabindex=\"0\" class=\"gb-accordion__toggle gb-accordion__toggle-749ec945\" id=\"gb-accordion-toggle-749ec945\">\n<span class=\"gb-text-e89640a9\"><span class=\"gb-shape\"><svg aria-hidden=\"true\" role=\"img\" height=\"1em\" width=\"1em\" viewBox=\"0 0 512 512\" xmlns=\"http:\/\/www.w3.org\/2000\/svg\"><path fill=\"currentColor\" d=\"M256 8C119 8 8 119 8 256s111 248 248 248 248-111 248-248S393 8 256 8z\"><\/path><\/svg><\/span><span class=\"gb-text\">Zimmer<\/span><\/span>\n<\/div>\n\n\n\n<div class=\"gb-accordion__content\" id=\"gb-accordion-content-73d6842f\">\n<div class=\"gb-element-53e3fefb\">\n<p class=\"gb-text gb-text-dcf55c01\">Wertvolle Gegenst\u00e4nde sollten im Safe aufbewahrt werden, der in jedem Zimmer verf\u00fcgbar ist. Das Hotel \u00fcbernimmt keine Haftung f\u00fcr den Verlust von Gegenst\u00e4nden, die nicht im Safe eingeschlossen sind.<\/p>\n\n\n\n<p class=\"gb-text gb-text-8e6baeeb\">Sie werden gebeten, der Rezeption alle Sch\u00e4den\/M\u00e4ngel im Zimmer zu melden, die nicht von Ihnen verursacht wurden. Sie k\u00f6nnten f\u00fcr nicht gemeldete Sch\u00e4den oder M\u00e4ngel haftbar gemacht werden.<\/p>\n\n\n\n<p class=\"gb-text gb-text-02b79bf2\">Das Reinigungs- und Wartungspersonal darf das Zimmer nicht betreten, wenn die T\u00fcr verschlossen ist oder das &#8222;Bitte nicht st\u00f6ren&#8220;-Schild an der T\u00fcrklinke h\u00e4ngt.<\/p>\n<\/div>\n<\/div>\n<\/div>\n\n\n\n<div class=\"gb-accordion__item gb-accordion__item-84262baa\">\n<div role=\"button\" tabindex=\"0\" class=\"gb-accordion__toggle gb-accordion__toggle-3115609f\" id=\"gb-accordion-toggle-3115609f\">\n<span class=\"gb-text-fc3267c3\"><span class=\"gb-shape\"><svg aria-hidden=\"true\" role=\"img\" height=\"1em\" width=\"1em\" viewBox=\"0 0 512 512\" xmlns=\"http:\/\/www.w3.org\/2000\/svg\"><path fill=\"currentColor\" d=\"M256 8C119 8 8 119 8 256s111 248 248 248 248-111 248-248S393 8 256 8z\"><\/path><\/svg><\/span><span class=\"gb-text\">Pool &amp; Poolbereich<\/span><\/span>\n<\/div>\n\n\n\n<div class=\"gb-accordion__content\" id=\"gb-accordion-content-0924768a\">\n<div class=\"gb-element-6274be97\">\n<p class=\"gb-text gb-text-25673c55\">Alle Poolt\u00fccher oder andere Gegenst\u00e4nde, die auf den Sonnenliegen verbleiben, wenn der Pool oder die Poolbar geschlossen sind, k\u00f6nnen vom Hotelpersonal entfernt werden. Sie sind f\u00fcr die abgeholten Gegenst\u00e4nde verantwortlich.<\/p>\n\n\n\n<p class=\"gb-text gb-text-55bfb048\">Der Verzehr von im Hotel nicht gekauften Speisen und Getr\u00e4nken im Poolbereich ist strengstens untersagt.<\/p>\n\n\n\n<p class=\"gb-text gb-text-789d2914\">Der Zugang zu den Pools kann \u00fcber die angebrachten Leitern erfolgen. Jede andere Art, die Pools zu betreten, ist nicht gestattet. Sie sind vollst\u00e4ndig verantwortlich f\u00fcr Sch\u00e4den oder Verletzungen, die durch den Versuch entstehen, den Pool auf eine nicht autorisierte Weise zu betreten.<\/p>\n<\/div>\n<\/div>\n<\/div>\n\n\n\n<div class=\"gb-accordion__item gb-accordion__item-ad74cc9f\">\n<div role=\"button\" tabindex=\"0\" class=\"gb-accordion__toggle gb-accordion__toggle-a26ad45a\" id=\"gb-accordion-toggle-a26ad45a\">\n<span class=\"gb-text-ed071a59\"><span class=\"gb-shape\"><svg aria-hidden=\"true\" role=\"img\" height=\"1em\" width=\"1em\" viewBox=\"0 0 512 512\" xmlns=\"http:\/\/www.w3.org\/2000\/svg\"><path fill=\"currentColor\" d=\"M256 8C119 8 8 119 8 256s111 248 248 248 248-111 248-248S393 8 256 8z\"><\/path><\/svg><\/span><span class=\"gb-text\">Restaurant<\/span><\/span>\n<\/div>\n\n\n\n<div class=\"gb-accordion__content\" id=\"gb-accordion-content-aa99daea\">\n<div class=\"gb-element-73b85020\">\n<p class=\"gb-text gb-text-2f17e370\">Zu Ihrer eigenen Sicherheit stellen Sie bitte sicher, dass Sie nicht barfu\u00df sind, wenn Sie das Restaurant betreten.<\/p>\n<\/div>\n<\/div>\n<\/div>\n\n\n\n<div class=\"gb-accordion__item gb-accordion__item-9d6564ed\">\n<div role=\"button\" tabindex=\"0\" class=\"gb-accordion__toggle gb-accordion__toggle-474ab355\" id=\"gb-accordion-toggle-474ab355\">\n<span class=\"gb-text-200d4809\"><span class=\"gb-shape\"><svg aria-hidden=\"true\" role=\"img\" height=\"1em\" width=\"1em\" viewBox=\"0 0 512 512\" xmlns=\"http:\/\/www.w3.org\/2000\/svg\"><path fill=\"currentColor\" d=\"M256 8C119 8 8 119 8 256s111 248 248 248 248-111 248-248S393 8 256 8z\"><\/path><\/svg><\/span><span class=\"gb-text\">Fitnessstudio<\/span><\/span>\n<\/div>\n\n\n\n<div class=\"gb-accordion__content\" id=\"gb-accordion-content-ff9871d0\">\n<div class=\"gb-element-4fa7c16d\">\n<p class=\"gb-text gb-text-df6f06f6\">Die Verwendung von Soundbars, Lautsprechern oder anderen Ger\u00e4ten, die laut Musik abspielen, ist verboten.<\/p>\n\n\n\n<p>Bitte stellen Sie sicher, dass Sie nicht barfu\u00df oder halbnackt sind, wenn Sie das Fitnessstudio besuchen.<\/p>\n<\/div>\n<\/div>\n<\/div>\n\n\n\n<div class=\"gb-accordion__item gb-accordion__item-235f5085\">\n<div role=\"button\" tabindex=\"0\" class=\"gb-accordion__toggle gb-accordion__toggle-14596b2f\" id=\"gb-accordion-toggle-14596b2f\">\n<span class=\"gb-text-792de17f\"><span class=\"gb-shape\"><svg aria-hidden=\"true\" role=\"img\" height=\"1em\" width=\"1em\" viewBox=\"0 0 512 512\" xmlns=\"http:\/\/www.w3.org\/2000\/svg\"><path fill=\"currentColor\" d=\"M256 8C119 8 8 119 8 256s111 248 248 248 248-111 248-248S393 8 256 8z\"><\/path><\/svg><\/span><span class=\"gb-text\">Poolt\u00fccher<\/span><\/span>\n<\/div>\n\n\n\n<div class=\"gb-accordion__content\" id=\"gb-accordion-content-8d42fa89\">\n<div class=\"gb-element-4437b0c7\">\n<p class=\"gb-text gb-text-b4b4a0a6\">Nach Abschluss des Check-in-Verfahrens erhalten Sie pro Person eine Handtuchkarte. Diese Karte kann an der Rezeption gegen ein Pooltuch eingetauscht werden.<\/p>\n\n\n\n<p class=\"gb-text gb-text-99faac63\">Beim Check-out werden Sie gebeten, Ihren Artikel (Handtuchkarte oder Pooltuch) an der Rezeption zur\u00fcckzugeben; andernfalls f\u00e4llt eine Geb\u00fchr von 12\u00a0EUR pro fehlendem Artikel an.<\/p>\n<\/div>\n<\/div>\n<\/div>\n\n\n\n<div class=\"gb-accordion__item gb-accordion__item-59883e7d\">\n<div role=\"button\" tabindex=\"0\" class=\"gb-accordion__toggle gb-accordion__toggle-c328d08e\" id=\"gb-accordion-toggle-c328d08e\">\n<span class=\"gb-text-2bf7f26b\"><span class=\"gb-shape\"><svg aria-hidden=\"true\" role=\"img\" height=\"1em\" width=\"1em\" viewBox=\"0 0 512 512\" xmlns=\"http:\/\/www.w3.org\/2000\/svg\"><path fill=\"currentColor\" d=\"M256 8C119 8 8 119 8 256s111 248 248 248 248-111 248-248S393 8 256 8z\"><\/path><\/svg><\/span><span class=\"gb-text\">Gegenseitiger Respekt<\/span><\/span>\n<\/div>\n\n\n\n<div class=\"gb-accordion__content\" id=\"gb-accordion-content-15b7c6be\">\n<div class=\"gb-element-2990d970\">\n<p class=\"gb-text gb-text-747baa02\">Bitte bedenken Sie stets, dass die Zimmer des Hotels haupts\u00e4chlich zum Entspannen und Ausruhen dienen. Stellen Sie daher sicher, dass Aktivit\u00e4ten, an denen Sie teilnehmen (wie Musik spielen, Zusammenk\u00fcnfte in den Zimmern etc.), die anderen G\u00e4ste nicht st\u00f6ren.<\/p>\n\n\n\n<p class=\"gb-text gb-text-c1decf9c\">Gem\u00e4\u00df der griechischen Gesetzgebung gelten die Stunden von 23:00 bis 07:00 Uhr als Ruhezeiten. In dieser Zeit sollten alle von den G\u00e4sten verursachten Ger\u00e4usche auf ein Minimum reduziert werden. Insbesondere ist das Abspielen von Musik, lautes Sprechen, Singen, Klatschen sowie jede andere Aktivit\u00e4t, die zu Ger\u00e4uschpegeln f\u00fchrt, die andere G\u00e4ste st\u00f6ren k\u00f6nnten, strengstens untersagt.<\/p>\n\n\n\n<p class=\"gb-text gb-text-11e5e287\">Da die Poolbar gesetzlich bis 01:00 Uhr ge\u00f6ffnet ist, sind Sie herzlich eingeladen, sie zu besuchen und Spa\u00df zu haben, w\u00e4hrend Sie die G\u00e4ste ber\u00fccksichtigen, die sich ausruhen.<\/p>\n<\/div>\n<\/div>\n<\/div>\n<\/div>\n<\/div>\n<\/div>\n<\/div>\n","protected":false},"excerpt":{"rendered":"","protected":false},"author":1,"featured_media":0,"parent":1904,"menu_order":0,"comment_status":"closed","ping_status":"closed","template":"","meta":{"_acf_changed":false,"footnotes":""},"class_list":["post-7855","page","type-page","status-publish"],"acf":{"description":"","menus":false},"_links":{"self":[{"href":"https:\/\/www.zeushotels.gr\/de\/wp-json\/wp\/v2\/pages\/7855","targetHints":{"allow":["GET"]}}],"collection":[{"href":"https:\/\/www.zeushotels.gr\/de\/wp-json\/wp\/v2\/pages"}],"about":[{"href":"https:\/\/www.zeushotels.gr\/de\/wp-json\/wp\/v2\/types\/page"}],"author":[{"embeddable":true,"href":"https:\/\/www.zeushotels.gr\/de\/wp-json\/wp\/v2\/users\/1"}],"replies":[{"embeddable":true,"href":"https:\/\/www.zeushotels.gr\/de\/wp-json\/wp\/v2\/comments?post=7855"}],"version-history":[{"count":2,"href":"https:\/\/www.zeushotels.gr\/de\/wp-json\/wp\/v2\/pages\/7855\/revisions"}],"predecessor-version":[{"id":7859,"href":"https:\/\/www.zeushotels.gr\/de\/wp-json\/wp\/v2\/pages\/7855\/revisions\/7859"}],"up":[{"embeddable":true,"href":"https:\/\/www.zeushotels.gr\/de\/wp-json\/wp\/v2\/pages\/1904"}],"wp:attachment":[{"href":"https:\/\/www.zeushotels.gr\/de\/wp-json\/wp\/v2\/media?parent=7855"}],"curies":[{"name":"wp","href":"https:\/\/api.w.org\/{rel}","templated":true}]}}