{"id":7892,"date":"2025-11-16T18:30:25","date_gmt":"2025-11-16T16:30:25","guid":{"rendered":"https:\/\/www.zeushotels.gr\/sol-marina\/dining\/"},"modified":"2026-01-19T21:26:32","modified_gmt":"2026-01-19T19:26:32","slug":"gastronomie-bars","status":"publish","type":"page","link":"https:\/\/www.zeushotels.gr\/de\/sol-marina\/gastronomie-bars\/","title":{"rendered":"Gastronomie &amp; Bars"},"content":{"rendered":"\n<div class=\"gb-white-background gb-container-section-l gb-element-1db0d76d text-box\" id=\"welcome\">\n<h2 class=\"gb-text gb-text-c467e595\">Gastronomie<\/h2>\n\n\n\n<div class=\"gb-element-9da7d55e\">\n<div class=\"gb-element-8192c3fc\">\n<img loading=\"lazy\" decoding=\"async\" width=\"1620\" height=\"1080\" class=\"gb-media-ff6e88f6\" src=\"https:\/\/www.zeushotels.gr\/wp-content\/uploads\/2025\/11\/SOL-MARINA-MAIN-RESTAURANT-1.jpg\" title=\"SOL MARINA MAIN RESTAURANT (1)\" alt=\"\" srcset=\"https:\/\/www.zeushotels.gr\/wp-content\/uploads\/2025\/11\/SOL-MARINA-MAIN-RESTAURANT-1.jpg 1620w, https:\/\/www.zeushotels.gr\/wp-content\/uploads\/2025\/11\/SOL-MARINA-MAIN-RESTAURANT-1-800x533.jpg 800w, https:\/\/www.zeushotels.gr\/wp-content\/uploads\/2025\/11\/SOL-MARINA-MAIN-RESTAURANT-1-1024x683.jpg 1024w, https:\/\/www.zeushotels.gr\/wp-content\/uploads\/2025\/11\/SOL-MARINA-MAIN-RESTAURANT-1-600x400.jpg 600w, https:\/\/www.zeushotels.gr\/wp-content\/uploads\/2025\/11\/SOL-MARINA-MAIN-RESTAURANT-1-768x512.jpg 768w, https:\/\/www.zeushotels.gr\/wp-content\/uploads\/2025\/11\/SOL-MARINA-MAIN-RESTAURANT-1-1536x1024.jpg 1536w\" sizes=\"auto, (max-width: 1620px) 100vw, 1620px\" \/>\n<\/div>\n\n\n\n<div class=\"gb-element-cccc8c60\">\n<h2 class=\"gb-text gb-headline-h2 gb-text-2ba41748\">Hauptrestaurant<\/h2>\n\n\n\n<p class=\"gb-text gb-text-9b261cce\">Modern und ger\u00e4umig serviert das komplett renovierte Hauptrestaurant eine erstaunliche Auswahl an griechischen, mediterranen und internationalen Lieblingsgerichten, kreiert von unserem talentierten Chefkoch und seinem Team.<\/p>\n\n\n\n<h3 class=\"gb-text gb-text-0d99e6c5\">Fr\u00fchst\u00fcck In Buffetform<\/h3>\n\n\n\n<p class=\"gb-text gb-text-8a24f5d0\">Beginnen Sie Ihren Tag mit amerikanischem Fr\u00fchst\u00fcck (zwischen 07:15 und 10:30 Uhr), sorgf\u00e4ltig zubereitet mit frischen Zutaten und Live-Kochen f\u00fcr die wichtigste Mahlzeit des Tages. Kontinentales Fr\u00fchst\u00fcck wird von 10:30 bis 11:00 Uhr serviert.<\/p>\n\n\n\n<h3 class=\"gb-text gb-text-4c14f06f\">Mittagessen In Buffetform<\/h3>\n\n\n\n<p class=\"gb-text gb-text-bfbc4836\">Genie\u00dfen Sie bunte Salate, frisch gekochte Gerichte, Obst und Desserts zum Mittagsbuffet (zwischen 12:30 und 14:30 Uhr).<\/p>\n\n\n\n<h3 class=\"gb-text gb-text-879619be\">Abendessen In Buffetform<\/h3>\n\n\n\n<p class=\"gb-text gb-text-ecfaff83\">Live-Kochen, Themenabende und gastronomische \u00dcberraschungen stehen zum Abendessen auf dem Programm (von 18:30 bis 21:30 Uhr). Unsere K\u00f6che w\u00e4hlen sorgf\u00e4ltig Rezepte f\u00fcr Vielfalt aus, um Ihren Appetit mit k\u00f6stlichen Gerichten zu befriedigen.<\/p>\n\n\n\n<a class=\"gb-text gb-text-4396d332\" href=\"https:\/\/www.zeushotels.gr\/wp-content\/uploads\/2025\/11\/sol-melia-marina-wine-list.pdf\">Weinkarte<\/a>\n<\/div>\n<\/div>\n<\/div>\n\n\n\n<div class=\"gb-container-section-l gb-element-f3a0b5d4 text-box\">\n<div class=\"gb-element-64333bf1\">\n<div class=\"gb-element-a7bb032e\">\n<h2 class=\"gb-text gb-headline-h2 gb-text-dcd9447b\">A La Carte &#8222;Isla by the Sea&#8220;<\/h2>\n\n\n\n<p class=\"gb-text gb-text-c8de3dbc\">Sanfte Farben, elegante Details und das sommerliche Ambiente von Isla. Kosten Sie die frischesten Zutaten, die Griechenland zu bieten hat.<\/p>\n\n\n\n<h3 class=\"gb-text gb-text-aa2cc667\">Abendessen<\/h3>\n\n\n\n<p class=\"gb-text gb-text-2fd156d2\">Das Abendessen wird t\u00e4glich von 19:00 bis 23:00 Uhr serviert.<\/p>\n\n\n\n<div class=\"gb-element-cbd8a161\">\n<a class=\"gb-text gb-text-7511778b\" href=\"https:\/\/www.zeushotels.gr\/wp-content\/uploads\/2025\/11\/isla-menu.pdf\">Men\u00fc<\/a>\n\n\n\n<a class=\"gb-text gb-text-6a2cd61c\" href=\"https:\/\/www.zeushotels.gr\/wp-content\/uploads\/2025\/11\/isla-beach-menu.pdf\">Strandmen\u00fc<\/a>\n<\/div>\n<\/div>\n\n\n\n<div class=\"gb-element-98bc0cf1\">\n<img loading=\"lazy\" decoding=\"async\" width=\"1620\" height=\"1080\" class=\"gb-media-c3054452\" src=\"https:\/\/www.zeushotels.gr\/wp-content\/uploads\/2025\/11\/SOL-MARINA-BEACH-A-LA-CARTE-ISLA.jpg\" title=\"SOL MARINA BEACH A LA CARTE ISLA\" alt=\"\" srcset=\"https:\/\/www.zeushotels.gr\/wp-content\/uploads\/2025\/11\/SOL-MARINA-BEACH-A-LA-CARTE-ISLA.jpg 1620w, https:\/\/www.zeushotels.gr\/wp-content\/uploads\/2025\/11\/SOL-MARINA-BEACH-A-LA-CARTE-ISLA-800x533.jpg 800w, https:\/\/www.zeushotels.gr\/wp-content\/uploads\/2025\/11\/SOL-MARINA-BEACH-A-LA-CARTE-ISLA-1024x683.jpg 1024w, https:\/\/www.zeushotels.gr\/wp-content\/uploads\/2025\/11\/SOL-MARINA-BEACH-A-LA-CARTE-ISLA-600x400.jpg 600w, https:\/\/www.zeushotels.gr\/wp-content\/uploads\/2025\/11\/SOL-MARINA-BEACH-A-LA-CARTE-ISLA-768x512.jpg 768w, https:\/\/www.zeushotels.gr\/wp-content\/uploads\/2025\/11\/SOL-MARINA-BEACH-A-LA-CARTE-ISLA-1536x1024.jpg 1536w\" sizes=\"auto, (max-width: 1620px) 100vw, 1620px\" \/>\n<\/div>\n<\/div>\n<\/div>\n\n\n\n<div class=\"gb-white-background gb-container-section-l gb-element-17b3414b text-box\" id=\"welcome\">\n<h2 class=\"gb-text gb-text-fafbf62a\">BARS<\/h2>\n\n\n\n<div class=\"gb-element-c0e28317\">\n<div class=\"gb-element-a9871f0d\">\n<img loading=\"lazy\" decoding=\"async\" width=\"1620\" height=\"1080\" class=\"gb-media-9098bac6\" src=\"https:\/\/www.zeushotels.gr\/wp-content\/uploads\/2026\/01\/SOL-MARINA-MAIN-BAR-scaled.jpg\" title=\"ammos pool &amp; bar 5\" alt=\"\" srcset=\"https:\/\/www.zeushotels.gr\/wp-content\/uploads\/2026\/01\/SOL-MARINA-MAIN-BAR-scaled.jpg 1620w, https:\/\/www.zeushotels.gr\/wp-content\/uploads\/2026\/01\/SOL-MARINA-MAIN-BAR-800x533.jpg 800w, https:\/\/www.zeushotels.gr\/wp-content\/uploads\/2026\/01\/SOL-MARINA-MAIN-BAR-1024x683.jpg 1024w, https:\/\/www.zeushotels.gr\/wp-content\/uploads\/2026\/01\/SOL-MARINA-MAIN-BAR-600x400.jpg 600w, https:\/\/www.zeushotels.gr\/wp-content\/uploads\/2026\/01\/SOL-MARINA-MAIN-BAR-768x512.jpg 768w, https:\/\/www.zeushotels.gr\/wp-content\/uploads\/2026\/01\/SOL-MARINA-MAIN-BAR-1536x1024.jpg 1536w, https:\/\/www.zeushotels.gr\/wp-content\/uploads\/2026\/01\/SOL-MARINA-MAIN-BAR-2048x1365.jpg 2048w\" sizes=\"auto, (max-width: 1620px) 100vw, 1620px\" \/>\n<\/div>\n\n\n\n<div class=\"gb-element-8a05c28d\">\n<h2 class=\"gb-text gb-headline-h2 gb-text-c9e6ec35\">Lobby Bar<\/h2>\n\n\n\n<p class=\"gb-text gb-text-61b256c8\">Zentral gelegen in der Hotellobby, ist die Hauptbar der Ort, an dem man sein sollte (von 17:30 bis 01:00 Uhr). Zeitlose Lieblingsgetr\u00e4nke und Spirituosen, ideal f\u00fcr einen Aperitif oder einen Drink nach dem Abendessen.<\/p>\n\n\n\n<a class=\"gb-text gb-text-73931410\" href=\"https:\/\/www.zeushotels.gr\/wp-content\/uploads\/2025\/11\/sol-melia-marina-bar-list-ai.pdf\">Men\u00fc<\/a>\n<\/div>\n<\/div>\n<\/div>\n\n\n\n<div class=\"gb-container-section-l gb-element-10756c8c text-box\">\n<div class=\"gb-element-d5644644\">\n<div class=\"gb-element-be8402a5\">\n<h2 class=\"gb-text gb-headline-h2 gb-text-62cfed42\">Pool-SnackBar<\/h2>\n\n\n\n<p class=\"gb-text gb-text-4ab5f712\">Genie\u00dfen und entspannen Sie beim Blick auf das funkelnde blaue Glitzern des Lichts im Wasser an der Pool-Snackbar (von 10:30 bis 17:30 Uhr). Eine wahre Oase, die gek\u00fchlte Erfrischungen, alkoholische Getr\u00e4nke, Kaffee und Tee serviert. Wenn Sie zwischen den Mahlzeiten Hunger versp\u00fcren, werden schmackhafte herzhafte und s\u00fc\u00dfe Leckereien serviert.<\/p>\n\n\n\n<a class=\"gb-text gb-text-c236ae62\" href=\"https:\/\/www.zeushotels.gr\/wp-content\/uploads\/2025\/11\/sol-melia-marina-pool-bar.pdf\">Men\u00fc<\/a>\n<\/div>\n\n\n\n<div class=\"gb-element-9d840ffc\">\n<img loading=\"lazy\" decoding=\"async\" width=\"1620\" height=\"1080\" class=\"gb-media-fb67a319\" src=\"https:\/\/www.zeushotels.gr\/wp-content\/uploads\/2026\/01\/SOL-MARINA-SNACK-BAR-TERRACE-1-scaled.jpg\" title=\"SOL MARINA SNACK BAR TERRACE\" alt=\"\" srcset=\"https:\/\/www.zeushotels.gr\/wp-content\/uploads\/2026\/01\/SOL-MARINA-SNACK-BAR-TERRACE-1-scaled.jpg 1620w, https:\/\/www.zeushotels.gr\/wp-content\/uploads\/2026\/01\/SOL-MARINA-SNACK-BAR-TERRACE-1-800x533.jpg 800w, https:\/\/www.zeushotels.gr\/wp-content\/uploads\/2026\/01\/SOL-MARINA-SNACK-BAR-TERRACE-1-1024x683.jpg 1024w, https:\/\/www.zeushotels.gr\/wp-content\/uploads\/2026\/01\/SOL-MARINA-SNACK-BAR-TERRACE-1-600x400.jpg 600w, https:\/\/www.zeushotels.gr\/wp-content\/uploads\/2026\/01\/SOL-MARINA-SNACK-BAR-TERRACE-1-768x512.jpg 768w, https:\/\/www.zeushotels.gr\/wp-content\/uploads\/2026\/01\/SOL-MARINA-SNACK-BAR-TERRACE-1-1536x1024.jpg 1536w, https:\/\/www.zeushotels.gr\/wp-content\/uploads\/2026\/01\/SOL-MARINA-SNACK-BAR-TERRACE-1-2048x1365.jpg 2048w\" sizes=\"auto, (max-width: 1620px) 100vw, 1620px\" \/>\n<\/div>\n<\/div>\n<\/div>\n\n\n\n<div class=\"gb-white-background gb-container-section-l gb-element-8676e3b3 text-box\" id=\"welcome\">\n<div class=\"gb-element-7835619b\">\n<div class=\"gb-element-7c89d054\">\n<img loading=\"lazy\" decoding=\"async\" width=\"1440\" height=\"1080\" class=\"gb-media-6292c4ac\" src=\"https:\/\/www.zeushotels.gr\/wp-content\/uploads\/2026\/01\/SOL-MARINA-BUNGALOW-POOL-2-scaled.jpg\" title=\"SOL MARINA-SNACK BAR-3\" alt=\"\" srcset=\"https:\/\/www.zeushotels.gr\/wp-content\/uploads\/2026\/01\/SOL-MARINA-BUNGALOW-POOL-2-scaled.jpg 1440w, https:\/\/www.zeushotels.gr\/wp-content\/uploads\/2026\/01\/SOL-MARINA-BUNGALOW-POOL-2-800x600.jpg 800w, https:\/\/www.zeushotels.gr\/wp-content\/uploads\/2026\/01\/SOL-MARINA-BUNGALOW-POOL-2-1024x768.jpg 1024w, https:\/\/www.zeushotels.gr\/wp-content\/uploads\/2026\/01\/SOL-MARINA-BUNGALOW-POOL-2-768x576.jpg 768w, https:\/\/www.zeushotels.gr\/wp-content\/uploads\/2026\/01\/SOL-MARINA-BUNGALOW-POOL-2-1536x1152.jpg 1536w, https:\/\/www.zeushotels.gr\/wp-content\/uploads\/2026\/01\/SOL-MARINA-BUNGALOW-POOL-2-2048x1536.jpg 2048w\" sizes=\"auto, (max-width: 1440px) 100vw, 1440px\" \/>\n<\/div>\n\n\n\n<div class=\"gb-element-51e9ea1a\">\n<h2 class=\"gb-text gb-headline-h2 gb-text-6e8f59ed\">Swim-up Bar<\/h2>\n\n\n\n<p class=\"gb-text gb-text-230956ec\">Genie\u00dfen Sie ein erfrischendes Getr\u00e4nk oder einen Cocktail an unserer Swim-Up-Bar im Bungalow-Bereich von 10:00 \u2013 17:30 Uhr.<\/p>\n<\/div>\n<\/div>\n<\/div>\n","protected":false},"excerpt":{"rendered":"<p>Enjoy your breakfast, lunch and dinner indoors or outdoors with magnificent views to the dazzling blue sea at the hotel&#8217;s main restaurant.<\/p>\n","protected":false},"author":1,"featured_media":9659,"parent":7864,"menu_order":0,"comment_status":"closed","ping_status":"closed","template":"","meta":{"_acf_changed":false,"footnotes":""},"class_list":["post-7892","page","type-page","status-publish","has-post-thumbnail"],"acf":{"description":"","menus":false},"_links":{"self":[{"href":"https:\/\/www.zeushotels.gr\/de\/wp-json\/wp\/v2\/pages\/7892","targetHints":{"allow":["GET"]}}],"collection":[{"href":"https:\/\/www.zeushotels.gr\/de\/wp-json\/wp\/v2\/pages"}],"about":[{"href":"https:\/\/www.zeushotels.gr\/de\/wp-json\/wp\/v2\/types\/page"}],"author":[{"embeddable":true,"href":"https:\/\/www.zeushotels.gr\/de\/wp-json\/wp\/v2\/users\/1"}],"replies":[{"embeddable":true,"href":"https:\/\/www.zeushotels.gr\/de\/wp-json\/wp\/v2\/comments?post=7892"}],"version-history":[{"count":4,"href":"https:\/\/www.zeushotels.gr\/de\/wp-json\/wp\/v2\/pages\/7892\/revisions"}],"predecessor-version":[{"id":9976,"href":"https:\/\/www.zeushotels.gr\/de\/wp-json\/wp\/v2\/pages\/7892\/revisions\/9976"}],"up":[{"embeddable":true,"href":"https:\/\/www.zeushotels.gr\/de\/wp-json\/wp\/v2\/pages\/7864"}],"wp:featuredmedia":[{"embeddable":true,"href":"https:\/\/www.zeushotels.gr\/de\/wp-json\/wp\/v2\/media\/9659"}],"wp:attachment":[{"href":"https:\/\/www.zeushotels.gr\/de\/wp-json\/wp\/v2\/media?parent=7892"}],"curies":[{"name":"wp","href":"https:\/\/api.w.org\/{rel}","templated":true}]}}