{"id":7906,"date":"2025-11-17T13:53:00","date_gmt":"2025-11-17T11:53:00","guid":{"rendered":"https:\/\/www.zeushotels.gr\/sol-marina\/all-inclusive\/"},"modified":"2025-11-26T22:20:56","modified_gmt":"2025-11-26T20:20:56","slug":"alles-inklusive","status":"publish","type":"page","link":"https:\/\/www.zeushotels.gr\/de\/sol-marina\/alles-inklusive\/","title":{"rendered":"Alles Inklusive"},"content":{"rendered":"\n<div class=\"gb-white-background gb-container-section-l gb-element-1db0d76d text-box\" id=\"welcome\">\n<div class=\"gb-element-9da7d55e\">\n<div class=\"gb-element-8192c3fc\">\n<img loading=\"lazy\" decoding=\"async\" width=\"1620\" height=\"1080\" class=\"gb-media-ff6e88f6\" src=\"https:\/\/www.zeushotels.gr\/wp-content\/uploads\/2025\/11\/02-SOL-Marina-Main-Pool-6-1.jpg\" title=\"02 SOL Marina - Main Pool 6 (1)\" alt=\"\" srcset=\"https:\/\/www.zeushotels.gr\/wp-content\/uploads\/2025\/11\/02-SOL-Marina-Main-Pool-6-1.jpg 1620w, https:\/\/www.zeushotels.gr\/wp-content\/uploads\/2025\/11\/02-SOL-Marina-Main-Pool-6-1-800x533.jpg 800w, https:\/\/www.zeushotels.gr\/wp-content\/uploads\/2025\/11\/02-SOL-Marina-Main-Pool-6-1-1024x683.jpg 1024w, https:\/\/www.zeushotels.gr\/wp-content\/uploads\/2025\/11\/02-SOL-Marina-Main-Pool-6-1-600x400.jpg 600w, https:\/\/www.zeushotels.gr\/wp-content\/uploads\/2025\/11\/02-SOL-Marina-Main-Pool-6-1-768x512.jpg 768w, https:\/\/www.zeushotels.gr\/wp-content\/uploads\/2025\/11\/02-SOL-Marina-Main-Pool-6-1-1536x1024.jpg 1536w\" sizes=\"auto, (max-width: 1620px) 100vw, 1620px\" \/>\n<\/div>\n\n\n\n<div class=\"gb-element-cccc8c60\">\n<div class=\"gb-accordion zeus-accordion\">\n<div class=\"gb-accordion__item gb-accordion__item-6a076f2f gb-accordion__item-open\">\n<div role=\"button\" tabindex=\"0\" class=\"gb-accordion__toggle gb-accordion__toggle-7f52f785 gb-block-is-current\" id=\"gb-accordion-toggle-7f52f785\">\n<span class=\"gb-text-1be42ea5\"><span class=\"gb-shape\"><svg aria-hidden=\"true\" role=\"img\" height=\"1em\" width=\"1em\" viewBox=\"0 0 512 512\" xmlns=\"http:\/\/www.w3.org\/2000\/svg\"><path fill=\"currentColor\" d=\"M256 8C119 8 8 119 8 256s111 248 248 248 248-111 248-248S393 8 256 8z\"><\/path><\/svg><\/span><span class=\"gb-text\">Hauptrestaurant<\/span><\/span>\n<\/div>\n\n\n\n<div class=\"gb-accordion__content\" id=\"gb-accordion-content-d7481e1b\">\n<div class=\"gb-element-2079fb9c\">\n<div>\n<p class=\"gb-text gb-text-ce616fd3\"><strong>Fr\u00fchst\u00fccksbuffet<\/strong><\/p>\n\n\n\n<p class=\"has-surface-70-color has-text-color has-link-color wp-elements-a53f67870bd309b537f686433235f391\">Von 07:15 bis 10:30 Uhr Amerikanisches Fr\u00fchst\u00fcck mit Show-Cooking.<br>Von 10:30 bis 11:00 Uhr Sp\u00e4tfr\u00fchst\u00fcck (Kontinental).<\/p>\n\n\n\n<p class=\"gb-text gb-text-be745a22\"><strong>Mittagsbuffet<\/strong><\/p>\n\n\n\n<p class=\"has-surface-70-color has-text-color has-link-color wp-elements-3be29aa7233d8eada2a89121c3d98fb2\">Von 12:30 bis 14:30 Uhr.<\/p>\n\n\n\n<p class=\"gb-text gb-text-5b95660b\"><strong>Abendbuffet<\/strong><\/p>\n\n\n\n<p class=\"has-surface-70-color has-text-color has-link-color wp-elements-2661c9f78da451c674f13003b4e5e607\">Von 18:30 bis 21:30 Uhr mit Show-Cooking und Themenabenden w\u00e4hrend der Woche.<\/p>\n\n\n\n<p class=\"gb-text gb-text-06b44066\"><strong>AI-Getr\u00e4nke w\u00e4hrend der Mahlzeiten<\/strong><\/p>\n\n\n\n<p class=\"has-surface-70-color has-text-color has-link-color wp-elements-57b122cd49ddfb0e5396523eba912305\">S\u00e4fte, Filterkaffee und Tee werden zum Fr\u00fchst\u00fcck serviert.<br>Fassbier, Rot- und Wei\u00dfwein, Softdrinks und stilles Wasser werden w\u00e4hrend Mittag- und Abendessen serviert.<\/p>\n<\/div>\n<\/div>\n<\/div>\n<\/div>\n\n\n\n<div class=\"gb-accordion__item gb-accordion__item-5a3f4533\">\n<div role=\"button\" tabindex=\"0\" class=\"gb-accordion__toggle gb-accordion__toggle-749ec945\" id=\"gb-accordion-toggle-749ec945\">\n<span class=\"gb-text-e89640a9\"><span class=\"gb-shape\"><svg aria-hidden=\"true\" role=\"img\" height=\"1em\" width=\"1em\" viewBox=\"0 0 512 512\" xmlns=\"http:\/\/www.w3.org\/2000\/svg\"><path fill=\"currentColor\" d=\"M256 8C119 8 8 119 8 256s111 248 248 248 248-111 248-248S393 8 256 8z\"><\/path><\/svg><\/span><span class=\"gb-text\">A La Carte &#8218;Isla&#8216;<\/span><\/span>\n<\/div>\n\n\n\n<div class=\"gb-accordion__content\" id=\"gb-accordion-content-73d6842f\">\n<div class=\"gb-element-53e3fefb\">\n<p class=\"gb-text gb-text-7c1cc488\"><strong>Abendessen<\/strong><\/p>\n\n\n\n<p class=\"has-surface-70-color has-text-color has-link-color wp-elements-e1b8109c873861af92e1e066e9ae8f0c\">Von 18:30 bis 21:00 Uhr.<br>Ein Abendessen im \u00c0-la-carte-Restaurant ist pro Aufenthalt inbegriffen (Mindestaufenthalt 7 Tage).<\/p>\n\n\n\n<p class=\"has-surface-70-color has-text-color has-link-color wp-elements-176ec5b77bba8ff22952869e76a49016\">Reservierung ist erforderlich.<\/p>\n<\/div>\n<\/div>\n<\/div>\n\n\n\n<div class=\"gb-accordion__item gb-accordion__item-84262baa\">\n<div role=\"button\" tabindex=\"0\" class=\"gb-accordion__toggle gb-accordion__toggle-3115609f\" id=\"gb-accordion-toggle-3115609f\">\n<span class=\"gb-text-fc3267c3\"><span class=\"gb-shape\"><svg aria-hidden=\"true\" role=\"img\" height=\"1em\" width=\"1em\" viewBox=\"0 0 512 512\" xmlns=\"http:\/\/www.w3.org\/2000\/svg\"><path fill=\"currentColor\" d=\"M256 8C119 8 8 119 8 256s111 248 248 248 248-111 248-248S393 8 256 8z\"><\/path><\/svg><\/span><span class=\"gb-text\">Lobby Lounge Bar<\/span><\/span>\n<\/div>\n\n\n\n<div class=\"gb-accordion__content\" id=\"gb-accordion-content-0924768a\">\n<div class=\"gb-element-6274be97\">\n<p class=\"has-surface-70-color has-text-color has-link-color wp-elements-b79d341db335fa35f208683ecb3644fc\">Von 17:30 bis 01:00 Uhr. All-inclusive endet um 00:00 Uhr.<\/p>\n\n\n\n<p class=\"has-surface-70-color has-text-color has-link-color wp-elements-c2aaa977f3284eec9b7b7a3b8e68671c\">Lokale Spirituosen und bestimmte internationale Marken-Alkoholgetr\u00e4nke, Filterkaffee und Tee, Bier, Rot- und Wei\u00dfwein, S\u00e4fte und Softdrinks (im Glas) werden t\u00e4glich angeboten.<\/p>\n<\/div>\n<\/div>\n<\/div>\n\n\n\n<div class=\"gb-accordion__item gb-accordion__item-ad74cc9f\">\n<div role=\"button\" tabindex=\"0\" class=\"gb-accordion__toggle gb-accordion__toggle-a26ad45a\" id=\"gb-accordion-toggle-a26ad45a\">\n<span class=\"gb-text-ed071a59\"><span class=\"gb-shape\"><svg aria-hidden=\"true\" role=\"img\" height=\"1em\" width=\"1em\" viewBox=\"0 0 512 512\" xmlns=\"http:\/\/www.w3.org\/2000\/svg\"><path fill=\"currentColor\" d=\"M256 8C119 8 8 119 8 256s111 248 248 248 248-111 248-248S393 8 256 8z\"><\/path><\/svg><\/span><span class=\"gb-text\">Pool-SnackBar<\/span><\/span>\n<\/div>\n\n\n\n<div class=\"gb-accordion__content\" id=\"gb-accordion-content-aa99daea\">\n<div class=\"gb-element-73b85020\">\n<p class=\"has-surface-70-color has-text-color has-link-color wp-elements-ad8c3fcd5285d917572249fcfc3aae28\">T\u00e4glich ge\u00f6ffnet von 10:00 bis 17:30 Uhr<br>Von 10:30 bis 17:30 Uhr Snacks und Salate.<br>Von 10:00 bis 17:30 Uhr Eiscreme mit einer Auswahl verschiedener Geschmacksrichtungen<br>Von 16:00 bis 17:00 Uhr Kuchen und Kekse.<\/p>\n<\/div>\n<\/div>\n<\/div>\n<\/div>\n<\/div>\n<\/div>\n<\/div>\n","protected":false},"excerpt":{"rendered":"","protected":false},"author":1,"featured_media":0,"parent":7864,"menu_order":0,"comment_status":"closed","ping_status":"closed","template":"","meta":{"_acf_changed":false,"footnotes":""},"class_list":["post-7906","page","type-page","status-publish"],"acf":{"description":"","menus":false},"_links":{"self":[{"href":"https:\/\/www.zeushotels.gr\/de\/wp-json\/wp\/v2\/pages\/7906","targetHints":{"allow":["GET"]}}],"collection":[{"href":"https:\/\/www.zeushotels.gr\/de\/wp-json\/wp\/v2\/pages"}],"about":[{"href":"https:\/\/www.zeushotels.gr\/de\/wp-json\/wp\/v2\/types\/page"}],"author":[{"embeddable":true,"href":"https:\/\/www.zeushotels.gr\/de\/wp-json\/wp\/v2\/users\/1"}],"replies":[{"embeddable":true,"href":"https:\/\/www.zeushotels.gr\/de\/wp-json\/wp\/v2\/comments?post=7906"}],"version-history":[{"count":2,"href":"https:\/\/www.zeushotels.gr\/de\/wp-json\/wp\/v2\/pages\/7906\/revisions"}],"predecessor-version":[{"id":7910,"href":"https:\/\/www.zeushotels.gr\/de\/wp-json\/wp\/v2\/pages\/7906\/revisions\/7910"}],"up":[{"embeddable":true,"href":"https:\/\/www.zeushotels.gr\/de\/wp-json\/wp\/v2\/pages\/7864"}],"wp:attachment":[{"href":"https:\/\/www.zeushotels.gr\/de\/wp-json\/wp\/v2\/media?parent=7906"}],"curies":[{"name":"wp","href":"https:\/\/api.w.org\/{rel}","templated":true}]}}