{"id":7912,"date":"2025-11-16T19:48:27","date_gmt":"2025-11-16T17:48:27","guid":{"rendered":"https:\/\/www.zeushotels.gr\/sol-marina\/services-facilities\/"},"modified":"2025-11-26T22:25:38","modified_gmt":"2025-11-26T20:25:38","slug":"services-facilities","status":"publish","type":"page","link":"https:\/\/www.zeushotels.gr\/de\/sol-marina\/services-facilities\/","title":{"rendered":"Dienstleistungen &amp; Einrichtungen"},"content":{"rendered":"\n<div class=\"gb-white-background gb-container-section-l gb-element-1db0d76d text-box\" id=\"welcome\">\n<div class=\"gb-element-9da7d55e\">\n<div class=\"gb-element-8192c3fc\">\n<img loading=\"lazy\" decoding=\"async\" width=\"1620\" height=\"1080\" class=\"gb-media-ff6e88f6\" src=\"https:\/\/www.zeushotels.gr\/wp-content\/uploads\/2025\/11\/20-SOL-Marina-Sport.jpg\" title=\"20 SOL Marina - Sport\" alt=\"\" srcset=\"https:\/\/www.zeushotels.gr\/wp-content\/uploads\/2025\/11\/20-SOL-Marina-Sport.jpg 1620w, https:\/\/www.zeushotels.gr\/wp-content\/uploads\/2025\/11\/20-SOL-Marina-Sport-800x533.jpg 800w, https:\/\/www.zeushotels.gr\/wp-content\/uploads\/2025\/11\/20-SOL-Marina-Sport-1024x683.jpg 1024w, https:\/\/www.zeushotels.gr\/wp-content\/uploads\/2025\/11\/20-SOL-Marina-Sport-600x400.jpg 600w, https:\/\/www.zeushotels.gr\/wp-content\/uploads\/2025\/11\/20-SOL-Marina-Sport-768x512.jpg 768w, https:\/\/www.zeushotels.gr\/wp-content\/uploads\/2025\/11\/20-SOL-Marina-Sport-1536x1024.jpg 1536w\" sizes=\"auto, (max-width: 1620px) 100vw, 1620px\" \/>\n<\/div>\n\n\n\n<div class=\"gb-element-cccc8c60\">\n<div class=\"gb-accordion zeus-accordion\">\n<div class=\"gb-accordion__item gb-accordion__item-6a076f2f gb-accordion__item-open\">\n<div role=\"button\" tabindex=\"0\" class=\"gb-accordion__toggle gb-accordion__toggle-7f52f785 gb-block-is-current\" id=\"gb-accordion-toggle-7f52f785\">\n<span class=\"gb-text-1be42ea5\"><span class=\"gb-shape\"><svg aria-hidden=\"true\" role=\"img\" height=\"1em\" width=\"1em\" viewBox=\"0 0 512 512\" xmlns=\"http:\/\/www.w3.org\/2000\/svg\"><path fill=\"currentColor\" d=\"M256 8C119 8 8 119 8 256s111 248 248 248 248-111 248-248S393 8 256 8z\"><\/path><\/svg><\/span><span class=\"gb-text\">G\u00e4ste-serviceleistungen<\/span><\/span>\n<\/div>\n\n\n\n<div class=\"gb-accordion__content\" id=\"gb-accordion-content-d7481e1b\">\n<div class=\"gb-element-2079fb9c\">\n<div>\n<ul class=\"wp-block-list has-surface-70-color has-text-color has-link-color wp-elements-8ad117df63ada755e352a70c2287ae96\">\n<li>24-Stunden-Rezeption<\/li>\n\n\n\n<li>WLAN<\/li>\n\n\n\n<li>Gep\u00e4ckraum und -service<\/li>\n\n\n\n<li>12-Stunden-Zimmerservice\u00a0*<\/li>\n\n\n\n<li>Weckruf<\/li>\n\n\n\n<li>Aufdeckservice\u00a0*<\/li>\n\n\n\n<li>Strandt\u00fccher<\/li>\n\n\n\n<li>TV-Lounge<\/li>\n\n\n\n<li>Internet-Ecke<\/li>\n\n\n\n<li>Laptop \/ Tablet\u00a0*<\/li>\n\n\n\n<li>Orthodoxe Kirche<\/li>\n<\/ul>\n<\/div>\n\n\n\n<div>\n<ul class=\"wp-block-list has-surface-70-color has-text-color has-link-color wp-elements-78961daec19fb70ba7dc36fd64abe10b\">\n<li>W\u00e4scheservice\u00a0*<\/li>\n\n\n\n<li>\u00c4rztlicher Bereitschaftsdienst\u00a0*<\/li>\n\n\n\n<li>Erste-Hilfe-Set<\/li>\n\n\n\n<li>Taxi-Transfer\u00a0*<\/li>\n\n\n\n<li>Autovermietung<\/li>\n\n\n\n<li>Ausfl\u00fcge\u00a0*<\/li>\n\n\n\n<li>Parkplatz<\/li>\n\n\n\n<li>Mini-Markt<\/li>\n\n\n\n<li>Boutique<\/li>\n\n\n\n<li>Juweliergesch\u00e4ft<\/li>\n\n\n\n<li>Konferenzraumkapazit\u00e4t 310 Personen<\/li>\n<\/ul>\n<\/div>\n<\/div>\n<\/div>\n<\/div>\n\n\n\n<div class=\"gb-accordion__item gb-accordion__item-5a3f4533\">\n<div role=\"button\" tabindex=\"0\" class=\"gb-accordion__toggle gb-accordion__toggle-749ec945\" id=\"gb-accordion-toggle-749ec945\">\n<span class=\"gb-text-e89640a9\"><span class=\"gb-shape\"><svg aria-hidden=\"true\" role=\"img\" height=\"1em\" width=\"1em\" viewBox=\"0 0 512 512\" xmlns=\"http:\/\/www.w3.org\/2000\/svg\"><path fill=\"currentColor\" d=\"M256 8C119 8 8 119 8 256s111 248 248 248 248-111 248-248S393 8 256 8z\"><\/path><\/svg><\/span><span class=\"gb-text\">Freizeit &amp; Sport<\/span><\/span>\n<\/div>\n\n\n\n<div class=\"gb-accordion__content\" id=\"gb-accordion-content-73d6842f\">\n<div class=\"gb-element-53e3fefb\">\n<ul class=\"wp-block-list has-surface-70-color has-text-color has-link-color wp-elements-cb2fedc559560b497252f21d295ab463\">\n<li>2 Salzwasserpools<\/li>\n\n\n\n<li>1 Innenpool (Betrieb in der Nebensaison)<\/li>\n\n\n\n<li>Sandstrand<\/li>\n\n\n\n<li>Liegest\u00fchle und Sonnenschirme rund um den Pool und am Strand<\/li>\n\n\n\n<li>Spa\u00a0*<\/li>\n\n\n\n<li>Fitnessstudio<\/li>\n\n\n\n<li>Tischtennis<\/li>\n\n\n\n<li>Billard\u00a0*<\/li>\n\n\n\n<li>Franz\u00f6sisches Boule (P\u00e9tanque)<\/li>\n\n\n\n<li>Aerobic-Bereich<\/li>\n\n\n\n<li>2 Tennispl\u00e4tze mit Kunstrasen<\/li>\n\n\n\n<li>Minigolf<\/li>\n\n\n\n<li>Bogenschie\u00dfen<\/li>\n\n\n\n<li>Beachvolleyball<\/li>\n\n\n\n<li>Beachsoccer<\/li>\n\n\n\n<li>Wassersport (externer Anbieter)\u00a0*<\/li>\n\n\n\n<li>Freilichttheater<\/li>\n\n\n\n<li>Tages- und Abendanimation<\/li>\n<\/ul>\n<\/div>\n<\/div>\n<\/div>\n\n\n\n<div class=\"gb-accordion__item gb-accordion__item-84262baa\">\n<div role=\"button\" tabindex=\"0\" class=\"gb-accordion__toggle gb-accordion__toggle-3115609f\" id=\"gb-accordion-toggle-3115609f\">\n<span class=\"gb-text-fc3267c3\"><span class=\"gb-shape\"><svg aria-hidden=\"true\" role=\"img\" height=\"1em\" width=\"1em\" viewBox=\"0 0 512 512\" xmlns=\"http:\/\/www.w3.org\/2000\/svg\"><path fill=\"currentColor\" d=\"M256 8C119 8 8 119 8 256s111 248 248 248 248-111 248-248S393 8 256 8z\"><\/path><\/svg><\/span><span class=\"gb-text\">Gastronomie &amp; Bars<\/span><\/span>\n<\/div>\n\n\n\n<div class=\"gb-accordion__content\" id=\"gb-accordion-content-0924768a\">\n<div class=\"gb-element-6274be97\">\n<ul class=\"wp-block-list has-surface-70-color has-text-color has-link-color wp-elements-f8d9ab3791d51236d91962e02864c09b\">\n<li>Hauptrestaurant<\/li>\n\n\n\n<li>\u00c0 la Carte \u201eIsla by the sea\u201c<\/li>\n\n\n\n<li>Hauptbar<\/li>\n\n\n\n<li>Pool &#8211; Snackbar<\/li>\n\n\n\n<li>Zimmerservice mit Snacks &amp; Getr\u00e4nken\u00a0*<\/li>\n\n\n\n<li>Zimmerservice f\u00fcr Fr\u00fchst\u00fcck\u00a0*<\/li>\n\n\n\n<li>Fr\u00fches Fr\u00fchst\u00fcck auf Anfrage<\/li>\n\n\n\n<li>Lunchpaket auf Anfrage<\/li>\n<\/ul>\n\n\n\n<p class=\"gb-text gb-text-2fc27d58\">Dresscode:\u00a0Die G\u00e4ste werden gebeten, beim Abendessen sportlich-elegante Kleidung zu tragen. Strandkleidung und Hausschuhe sind zum Essen nicht geeignet.<\/p>\n<\/div>\n<\/div>\n<\/div>\n\n\n\n<div class=\"gb-accordion__item gb-accordion__item-ad74cc9f\">\n<div role=\"button\" tabindex=\"0\" class=\"gb-accordion__toggle gb-accordion__toggle-a26ad45a\" id=\"gb-accordion-toggle-a26ad45a\">\n<span class=\"gb-text-ed071a59\"><span class=\"gb-shape\"><svg aria-hidden=\"true\" role=\"img\" height=\"1em\" width=\"1em\" viewBox=\"0 0 512 512\" xmlns=\"http:\/\/www.w3.org\/2000\/svg\"><path fill=\"currentColor\" d=\"M256 8C119 8 8 119 8 256s111 248 248 248 248-111 248-248S393 8 256 8z\"><\/path><\/svg><\/span><span class=\"gb-text\">Nur F\u00fcr Kinder<\/span><\/span>\n<\/div>\n\n\n\n<div class=\"gb-accordion__content\" id=\"gb-accordion-content-aa99daea\">\n<div class=\"gb-element-73b85020\">\n<ul class=\"wp-block-list has-surface-70-color has-text-color has-link-color wp-elements-ad28cc6d1686ed7ecd20142a9470f7e8\">\n<li>1 Kinderpool<\/li>\n\n\n\n<li>1 Kinderplanschbecken<\/li>\n\n\n\n<li>Mini-Club<\/li>\n\n\n\n<li>Spielplatz<\/li>\n\n\n\n<li>Babybetten<\/li>\n\n\n\n<li>Hochst\u00fchle<\/li>\n\n\n\n<li>Babysitter-Service\u00a0*<\/li>\n<\/ul>\n<\/div>\n<\/div>\n<\/div>\n\n\n\n<div class=\"gb-accordion__item gb-accordion__item-b857dc0f\">\n<div role=\"button\" tabindex=\"0\" class=\"gb-accordion__toggle gb-accordion__toggle-74c81e74\" id=\"gb-accordion-toggle-74c81e74\">\n<span class=\"gb-text-bde169ce\"><span class=\"gb-shape\"><svg aria-hidden=\"true\" role=\"img\" height=\"1em\" width=\"1em\" viewBox=\"0 0 512 512\" xmlns=\"http:\/\/www.w3.org\/2000\/svg\"><path fill=\"currentColor\" d=\"M256 8C119 8 8 119 8 256s111 248 248 248 248-111 248-248S393 8 256 8z\"><\/path><\/svg><\/span><span class=\"gb-text\">Hotelrichtlinie<\/span><\/span>\n<\/div>\n\n\n\n<div class=\"gb-accordion__content\" id=\"gb-accordion-content-7ff677c9\">\n<div class=\"gb-element-1e0e4915\">\n<p class=\"gb-text gb-text-4124d44c\">Check-In: 15:00<\/p>\n\n\n\n<p class=\"gb-text gb-text-3dff62e6\">Check-Out: 11:00<\/p>\n\n\n\n<p class=\"gb-text gb-text-41868a57\">Bei Ankunft erhalten alle G\u00e4ste antiallergische Armb\u00e4nder, die w\u00e4hrend ihres Aufenthalts zu tragen sind<\/p>\n\n\n\n<p class=\"gb-text gb-text-0512203d\">MasterCard, Visa, Maestro und AmEx werden akzeptiert<\/p>\n\n\n\n<p class=\"gb-text gb-text-502748b4\">Pers\u00f6nliche Schecks werden nicht akzeptiert<\/p>\n\n\n\n<p class=\"gb-text gb-text-2522e0b2\">Nur Assistenzhunde sind im Hotel erlaubt<\/p>\n\n\n\n<p class=\"gb-text gb-text-dd3643a1\">Aktivit\u00e4ten k\u00f6nnen abweichen oder variieren \/ \u00c4nderungen vorbehalten<\/p>\n\n\n\n<p class=\"gb-text gb-text-0230a806\">*\u00a0Dienstleistungen sind kostenpflichtig und vor Ort zu zahlen.<\/p>\n<\/div>\n<\/div>\n<\/div>\n<\/div>\n<\/div>\n<\/div>\n<\/div>\n","protected":false},"excerpt":{"rendered":"","protected":false},"author":1,"featured_media":0,"parent":7864,"menu_order":0,"comment_status":"closed","ping_status":"closed","template":"","meta":{"_acf_changed":false,"footnotes":""},"class_list":["post-7912","page","type-page","status-publish"],"acf":{"description":"","menus":false},"_links":{"self":[{"href":"https:\/\/www.zeushotels.gr\/de\/wp-json\/wp\/v2\/pages\/7912","targetHints":{"allow":["GET"]}}],"collection":[{"href":"https:\/\/www.zeushotels.gr\/de\/wp-json\/wp\/v2\/pages"}],"about":[{"href":"https:\/\/www.zeushotels.gr\/de\/wp-json\/wp\/v2\/types\/page"}],"author":[{"embeddable":true,"href":"https:\/\/www.zeushotels.gr\/de\/wp-json\/wp\/v2\/users\/1"}],"replies":[{"embeddable":true,"href":"https:\/\/www.zeushotels.gr\/de\/wp-json\/wp\/v2\/comments?post=7912"}],"version-history":[{"count":1,"href":"https:\/\/www.zeushotels.gr\/de\/wp-json\/wp\/v2\/pages\/7912\/revisions"}],"predecessor-version":[{"id":7914,"href":"https:\/\/www.zeushotels.gr\/de\/wp-json\/wp\/v2\/pages\/7912\/revisions\/7914"}],"up":[{"embeddable":true,"href":"https:\/\/www.zeushotels.gr\/de\/wp-json\/wp\/v2\/pages\/7864"}],"wp:attachment":[{"href":"https:\/\/www.zeushotels.gr\/de\/wp-json\/wp\/v2\/media?parent=7912"}],"curies":[{"name":"wp","href":"https:\/\/api.w.org\/{rel}","templated":true}]}}