{"id":7916,"date":"2025-11-17T16:34:07","date_gmt":"2025-11-17T14:34:07","guid":{"rendered":"https:\/\/www.zeushotels.gr\/sol-marina\/spa\/"},"modified":"2025-11-26T22:27:25","modified_gmt":"2025-11-26T20:27:25","slug":"spa","status":"publish","type":"page","link":"https:\/\/www.zeushotels.gr\/de\/sol-marina\/spa\/","title":{"rendered":"Spa"},"content":{"rendered":"\n<div class=\"gb-white-background gb-container-section-l gb-element-981a54f3 text-box\" id=\"welcome\">\n<div class=\"gb-element-b93f4c92\">\n<div class=\"gb-element-33567b65\">\n<img loading=\"lazy\" decoding=\"async\" width=\"1619\" height=\"1080\" class=\"gb-media-36be00a9\" src=\"https:\/\/www.zeushotels.gr\/wp-content\/uploads\/2025\/11\/SOL-MARINA-SPA.jpg\" title=\"SOL MARINA SPA\" alt=\"\" srcset=\"https:\/\/www.zeushotels.gr\/wp-content\/uploads\/2025\/11\/SOL-MARINA-SPA.jpg 1619w, https:\/\/www.zeushotels.gr\/wp-content\/uploads\/2025\/11\/SOL-MARINA-SPA-800x534.jpg 800w, https:\/\/www.zeushotels.gr\/wp-content\/uploads\/2025\/11\/SOL-MARINA-SPA-1024x683.jpg 1024w, https:\/\/www.zeushotels.gr\/wp-content\/uploads\/2025\/11\/SOL-MARINA-SPA-600x400.jpg 600w, https:\/\/www.zeushotels.gr\/wp-content\/uploads\/2025\/11\/SOL-MARINA-SPA-768x512.jpg 768w, https:\/\/www.zeushotels.gr\/wp-content\/uploads\/2025\/11\/SOL-MARINA-SPA-1536x1025.jpg 1536w\" sizes=\"auto, (max-width: 1619px) 100vw, 1619px\" \/>\n<\/div>\n\n\n\n<div class=\"gb-element-8e296104\">\n<h2 class=\"gb-text gb-headline-h2 gb-text-71c6a7f1\">Spa<\/h2>\n\n\n\n<p class=\"gb-text gb-text-4ea464fe\">Verw\u00f6hnen Sie sich mit Revitalisierungsbehandlungen oder entspannen Sie im Innenpool und laden Sie Ihre Batterien vollst\u00e4ndig auf. G\u00f6nnen Sie sich eine 15-min\u00fctige kostenlose Massage Ihrer Wahl und lassen Sie sich von uns zu einer einzigartigen &#8222;Reise&#8220; der Verw\u00f6hnung und Entspannung einladen.<\/p>\n\n\n\n<p class=\"gb-text gb-text-7764f6e5\">Das Spa wird von Profis betrieben, die das Ziel haben, durch ein erweitertes Spa-Men\u00fc und eine griechische Note Verj\u00fcngung und Entspannung zu bieten. Unser Spa-Manager wird Ihre Bed\u00fcrfnisse bewerten und spezielle Behandlungen und Massagen f\u00fcr Ihre pers\u00f6nliche &#8222;Reise&#8220; mit griechischem Duft vorschlagen!<\/p>\n\n\n\n<a class=\"gb-text gb-text-400d6c91\" href=\"https:\/\/hotels.aegeospas.gr\/marina-beach\" target=\"_blank\" rel=\"noopener\">Spa Men\u00fcs<\/a>\n<\/div>\n<\/div>\n<\/div>\n\n\n\n<div class=\"gb-container-section-l gb-element-e6da1739 text-box\">\n<div class=\"gb-element-230fc9d6\">\n<div class=\"gb-element-0d107553\">\n<h2 class=\"gb-text gb-headline-h2 gb-text-632a41e0\">Ausstattung<\/h2>\n\n\n\n<div class=\"gb-element-66eb2c9a\">\n<p class=\"gb-text-342543be\"><span class=\"gb-shape\"><svg aria-hidden=\"true\" role=\"img\" height=\"1em\" width=\"1em\" viewBox=\"0 0 512 512\" xmlns=\"http:\/\/www.w3.org\/2000\/svg\"><path fill=\"currentColor\" d=\"M256 8C119 8 8 119 8 256s111 248 248 248 248-111 248-248S393 8 256 8z\"><\/path><\/svg><\/span><span class=\"gb-text\">Sch\u00f6nheitszentrum<\/span><\/p>\n\n\n\n<p class=\"gb-text-dd62a816\"><span class=\"gb-shape\"><svg aria-hidden=\"true\" role=\"img\" height=\"1em\" width=\"1em\" viewBox=\"0 0 512 512\" xmlns=\"http:\/\/www.w3.org\/2000\/svg\"><path fill=\"currentColor\" d=\"M256 8C119 8 8 119 8 256s111 248 248 248 248-111 248-248S393 8 256 8z\"><\/path><\/svg><\/span><span class=\"gb-text\">Sauna<\/span><\/p>\n\n\n\n<p class=\"gb-text-fc9a7c96\"><span class=\"gb-shape\"><svg aria-hidden=\"true\" role=\"img\" height=\"1em\" width=\"1em\" viewBox=\"0 0 512 512\" xmlns=\"http:\/\/www.w3.org\/2000\/svg\"><path fill=\"currentColor\" d=\"M256 8C119 8 8 119 8 256s111 248 248 248 248-111 248-248S393 8 256 8z\"><\/path><\/svg><\/span><span class=\"gb-text\">Dampfbad<\/span><\/p>\n\n\n\n<p class=\"gb-text-a5649342\"><span class=\"gb-shape\"><svg aria-hidden=\"true\" role=\"img\" height=\"1em\" width=\"1em\" viewBox=\"0 0 512 512\" xmlns=\"http:\/\/www.w3.org\/2000\/svg\"><path fill=\"currentColor\" d=\"M256 8C119 8 8 119 8 256s111 248 248 248 248-111 248-248S393 8 256 8z\"><\/path><\/svg><\/span><span class=\"gb-text\">Duschstrahl<\/span><\/p>\n\n\n\n<p class=\"gb-text-729a1dfd\"><span class=\"gb-shape\"><svg aria-hidden=\"true\" role=\"img\" height=\"1em\" width=\"1em\" viewBox=\"0 0 512 512\" xmlns=\"http:\/\/www.w3.org\/2000\/svg\"><path fill=\"currentColor\" d=\"M256 8C119 8 8 119 8 256s111 248 248 248 248-111 248-248S393 8 256 8z\"><\/path><\/svg><\/span><span class=\"gb-text\">Signature-Gesichtsbehandlungen<\/span><\/p>\n\n\n\n<p class=\"gb-text-1795a248\"><span class=\"gb-shape\"><svg aria-hidden=\"true\" role=\"img\" height=\"1em\" width=\"1em\" viewBox=\"0 0 512 512\" xmlns=\"http:\/\/www.w3.org\/2000\/svg\"><path fill=\"currentColor\" d=\"M256 8C119 8 8 119 8 256s111 248 248 248 248-111 248-248S393 8 256 8z\"><\/path><\/svg><\/span><span class=\"gb-text\">Signature-Massagen<\/span><\/p>\n\n\n\n<p class=\"gb-text-2991138a\"><span class=\"gb-shape\"><svg aria-hidden=\"true\" role=\"img\" height=\"1em\" width=\"1em\" viewBox=\"0 0 512 512\" xmlns=\"http:\/\/www.w3.org\/2000\/svg\"><path fill=\"currentColor\" d=\"M256 8C119 8 8 119 8 256s111 248 248 248 248-111 248-248S393 8 256 8z\"><\/path><\/svg><\/span><span class=\"gb-text\">K\u00f6rperbehandlungsprogramme<\/span><\/p>\n<\/div>\n<\/div>\n\n\n\n<div class=\"gb-element-b5dc58b1\">\n<img loading=\"lazy\" decoding=\"async\" width=\"1656\" height=\"1080\" class=\"gb-media-ce298005\" src=\"https:\/\/www.zeushotels.gr\/wp-content\/uploads\/2025\/11\/ticket-min-scaled-1.jpg\" title=\"ticket-min-scaled\" alt=\"\" srcset=\"https:\/\/www.zeushotels.gr\/wp-content\/uploads\/2025\/11\/ticket-min-scaled-1.jpg 1656w, https:\/\/www.zeushotels.gr\/wp-content\/uploads\/2025\/11\/ticket-min-scaled-1-800x522.jpg 800w, https:\/\/www.zeushotels.gr\/wp-content\/uploads\/2025\/11\/ticket-min-scaled-1-1024x668.jpg 1024w, https:\/\/www.zeushotels.gr\/wp-content\/uploads\/2025\/11\/ticket-min-scaled-1-768x501.jpg 768w, https:\/\/www.zeushotels.gr\/wp-content\/uploads\/2025\/11\/ticket-min-scaled-1-1536x1002.jpg 1536w, https:\/\/www.zeushotels.gr\/wp-content\/uploads\/2025\/11\/ticket-min-scaled-1-2048x1336.jpg 2048w\" sizes=\"auto, (max-width: 1656px) 100vw, 1656px\" \/>\n<\/div>\n<\/div>\n<\/div>\n","protected":false},"excerpt":{"rendered":"<p>Spa Verw\u00f6hnen Sie sich mit Revitalisierungsbehandlungen oder entspannen Sie im Innenpool und laden Sie Ihre Batterien vollst\u00e4ndig auf. G\u00f6nnen Sie sich eine 15-min\u00fctige kostenlose Massage Ihrer Wahl und lassen Sie sich von uns zu einer einzigartigen &#8222;Reise&#8220; der Verw\u00f6hnung und Entspannung einladen. Das Spa wird von Profis betrieben, die das Ziel haben, durch ein erweitertes &#8230; <a title=\"Spa\" class=\"read-more\" href=\"https:\/\/www.zeushotels.gr\/de\/sol-marina\/spa\/\" aria-label=\"Mehr Informationen \u00fcber Spa\">Weiterlesen<\/a><\/p>\n","protected":false},"author":1,"featured_media":0,"parent":7864,"menu_order":0,"comment_status":"closed","ping_status":"closed","template":"","meta":{"_acf_changed":false,"footnotes":""},"class_list":["post-7916","page","type-page","status-publish"],"acf":{"description":"","menus":false},"_links":{"self":[{"href":"https:\/\/www.zeushotels.gr\/de\/wp-json\/wp\/v2\/pages\/7916","targetHints":{"allow":["GET"]}}],"collection":[{"href":"https:\/\/www.zeushotels.gr\/de\/wp-json\/wp\/v2\/pages"}],"about":[{"href":"https:\/\/www.zeushotels.gr\/de\/wp-json\/wp\/v2\/types\/page"}],"author":[{"embeddable":true,"href":"https:\/\/www.zeushotels.gr\/de\/wp-json\/wp\/v2\/users\/1"}],"replies":[{"embeddable":true,"href":"https:\/\/www.zeushotels.gr\/de\/wp-json\/wp\/v2\/comments?post=7916"}],"version-history":[{"count":1,"href":"https:\/\/www.zeushotels.gr\/de\/wp-json\/wp\/v2\/pages\/7916\/revisions"}],"predecessor-version":[{"id":7918,"href":"https:\/\/www.zeushotels.gr\/de\/wp-json\/wp\/v2\/pages\/7916\/revisions\/7918"}],"up":[{"embeddable":true,"href":"https:\/\/www.zeushotels.gr\/de\/wp-json\/wp\/v2\/pages\/7864"}],"wp:attachment":[{"href":"https:\/\/www.zeushotels.gr\/de\/wp-json\/wp\/v2\/media?parent=7916"}],"curies":[{"name":"wp","href":"https:\/\/api.w.org\/{rel}","templated":true}]}}