{"id":7950,"date":"2025-11-17T18:58:03","date_gmt":"2025-11-17T16:58:03","guid":{"rendered":"https:\/\/www.zeushotels.gr\/neptuno-beach\/dining\/"},"modified":"2025-11-26T23:06:34","modified_gmt":"2025-11-26T21:06:34","slug":"gastronomie","status":"publish","type":"page","link":"https:\/\/www.zeushotels.gr\/de\/neptuno-beach\/gastronomie\/","title":{"rendered":"Gastronomie"},"content":{"rendered":"\n<div class=\"gb-white-background gb-container-section-l gb-element-1db0d76d text-box\" id=\"welcome\">\n<h2 class=\"gb-text gb-text-c467e595\">Gastronomie<\/h2>\n\n\n\n<div class=\"gb-element-9da7d55e\">\n<div class=\"gb-element-8192c3fc\">\n<img loading=\"lazy\" decoding=\"async\" width=\"1760\" height=\"1080\" class=\"gb-media-ff6e88f6\" src=\"https:\/\/www.zeushotels.gr\/wp-content\/uploads\/2025\/11\/13-Neptuno-Front-Cooking-3.jpg\" title=\"13 Neptuno - Front Cooking 3\" alt=\"\" srcset=\"https:\/\/www.zeushotels.gr\/wp-content\/uploads\/2025\/11\/13-Neptuno-Front-Cooking-3.jpg 1760w, https:\/\/www.zeushotels.gr\/wp-content\/uploads\/2025\/11\/13-Neptuno-Front-Cooking-3-800x491.jpg 800w, https:\/\/www.zeushotels.gr\/wp-content\/uploads\/2025\/11\/13-Neptuno-Front-Cooking-3-1024x629.jpg 1024w, https:\/\/www.zeushotels.gr\/wp-content\/uploads\/2025\/11\/13-Neptuno-Front-Cooking-3-768x471.jpg 768w, https:\/\/www.zeushotels.gr\/wp-content\/uploads\/2025\/11\/13-Neptuno-Front-Cooking-3-1536x943.jpg 1536w\" sizes=\"auto, (max-width: 1760px) 100vw, 1760px\" \/>\n<\/div>\n\n\n\n<div class=\"gb-element-cccc8c60\">\n<h2 class=\"gb-text gb-headline-h2 gb-text-2ba41748\">Fr\u00fchst\u00fcck In Buffetform<\/h2>\n\n\n\n<p class=\"gb-text gb-text-6ea00e1e\">Das Hauptrestaurant bietet frische Sommergeschm\u00e4cker in \u00fcppigen Buffets zum Fr\u00fchst\u00fcck, Mittag- und Abendessen mit Optionen f\u00fcr Vegetarier und Kinder.<\/p>\n\n\n\n<h3 class=\"gb-text gb-text-0d99e6c5\">Fr\u00fchst\u00fcck In Buffetform<\/h3>\n\n\n\n<p class=\"gb-text gb-text-8a24f5d0\">Wachen Sie auf zum k\u00f6stlichen amerikanischen Fr\u00fchst\u00fcck mit Live-Kochen, verf\u00fcgbar zwischen 07:15 und 10:00 Uhr. F\u00fcr Langschl\u00e4fer wird bis 10:30 Uhr ein kontinentales Fr\u00fchst\u00fcck serviert.<\/p>\n\n\n\n<h3 class=\"gb-text gb-text-4c14f06f\">Mittagessen In Buffetform<\/h3>\n\n\n\n<p class=\"gb-text gb-text-bfbc4836\">Appetitliche Salate und Vorspeisen, schmackhafte Hauptgerichte, Obst und Desserts werden kunstvoll zum Mittagessen von 12:30 bis 14:30 Uhr pr\u00e4sentiert.<\/p>\n\n\n\n<h3 class=\"gb-text gb-text-879619be\">Abendessen In Buffetform<\/h3>\n\n\n\n<p class=\"gb-text gb-text-ecfaff83\">Zum Abendessen zwischen 19:00 und 21:30 Uhr kosten Sie internationale, mediterrane und griechische Rezepte, zubereitet mit frischen Zutaten, Kr\u00e4utern und Gew\u00fcrzen, um alle Geschm\u00e4cker zu erfreuen. T\u00e4gliches Show-Kochen und griechische, italienische oder asiatische Themenabende w\u00e4hrend der Woche!<\/p>\n\n\n\n<a class=\"gb-text gb-text-4396d332\" href=\"https:\/\/www.zeushotels.gr\/wp-content\/uploads\/2025\/11\/neptuno-wine-list.pdf\">Weinkarte<\/a>\n<\/div>\n<\/div>\n<\/div>\n\n\n\n<div class=\"gb-container-section-l gb-element-f3a0b5d4 text-box\">\n<div class=\"gb-element-64333bf1\">\n<div class=\"gb-element-a7bb032e\">\n<h2 class=\"gb-text gb-headline-h2 gb-text-dcd9447b\">Pool-snackbar<\/h2>\n\n\n\n<p class=\"gb-text gb-text-c8de3dbc\">Genie\u00dfen Sie das Meer, die Sonne und einen Snack an der Neptuno Pool-Snackbar. Den ganzen Tag \u00fcber erfreuen Sie sich an Lieblingssnacks, Nachmittagstee, Eiscreme, Getr\u00e4nken und Drinks. Am Abend sp\u00fcren Sie die Brise des kretischen Meeres, w\u00e4hrend Sie an einem erfrischenden Cocktail nippen. Eine passende Wahl f\u00fcr jeden Moment des Tages!<\/p>\n\n\n\n<h3 class=\"gb-text gb-text-aa2cc667\">Zimmerservice<\/h3>\n\n\n\n<p class=\"gb-text gb-text-2fd156d2\">F\u00fcr diejenigen, die in ihrem Zimmer entspannen m\u00f6chten, steht Zimmerservice zur Verf\u00fcgung (gegen Aufpreis).<br>Fr\u00fchst\u00fcck im Zimmer 07:15 \u2013 10:30 Uhr<br>Snacks &amp; Getr\u00e4nke 08:00 \u2013 20:00 Uhr<\/p>\n\n\n\n<div class=\"gb-element-cbd8a161\">\n<a class=\"gb-text gb-text-7511778b\" href=\"https:\/\/www.zeushotels.gr\/wp-content\/uploads\/2025\/11\/neptuno-bar-list-ai.pdf\">Men\u00fc<\/a>\n<\/div>\n<\/div>\n\n\n\n<div class=\"gb-element-98bc0cf1\">\n<img loading=\"lazy\" decoding=\"async\" width=\"1617\" height=\"1080\" class=\"gb-media-c3054452\" src=\"https:\/\/www.zeushotels.gr\/wp-content\/uploads\/2025\/05\/Pool-2.jpg\" title=\"Pool (2)\" alt=\"\" srcset=\"https:\/\/www.zeushotels.gr\/wp-content\/uploads\/2025\/05\/Pool-2.jpg 1617w, https:\/\/www.zeushotels.gr\/wp-content\/uploads\/2025\/05\/Pool-2-800x534.jpg 800w, https:\/\/www.zeushotels.gr\/wp-content\/uploads\/2025\/05\/Pool-2-1024x684.jpg 1024w, https:\/\/www.zeushotels.gr\/wp-content\/uploads\/2025\/05\/Pool-2-600x400.jpg 600w, https:\/\/www.zeushotels.gr\/wp-content\/uploads\/2025\/05\/Pool-2-768x513.jpg 768w, https:\/\/www.zeushotels.gr\/wp-content\/uploads\/2025\/05\/Pool-2-1536x1026.jpg 1536w\" sizes=\"auto, (max-width: 1617px) 100vw, 1617px\" \/>\n<\/div>\n<\/div>\n<\/div>\n","protected":false},"excerpt":{"rendered":"<p>Enjoy your breakfast, lunch and dinner indoors or outdoors with magnificent views to the dazzling blue sea at the hotel&#8217;s main restaurant.<\/p>\n","protected":false},"author":1,"featured_media":2643,"parent":7932,"menu_order":0,"comment_status":"closed","ping_status":"closed","template":"","meta":{"_acf_changed":false,"footnotes":""},"class_list":["post-7950","page","type-page","status-publish","has-post-thumbnail"],"acf":{"description":"","menus":false},"_links":{"self":[{"href":"https:\/\/www.zeushotels.gr\/de\/wp-json\/wp\/v2\/pages\/7950","targetHints":{"allow":["GET"]}}],"collection":[{"href":"https:\/\/www.zeushotels.gr\/de\/wp-json\/wp\/v2\/pages"}],"about":[{"href":"https:\/\/www.zeushotels.gr\/de\/wp-json\/wp\/v2\/types\/page"}],"author":[{"embeddable":true,"href":"https:\/\/www.zeushotels.gr\/de\/wp-json\/wp\/v2\/users\/1"}],"replies":[{"embeddable":true,"href":"https:\/\/www.zeushotels.gr\/de\/wp-json\/wp\/v2\/comments?post=7950"}],"version-history":[{"count":1,"href":"https:\/\/www.zeushotels.gr\/de\/wp-json\/wp\/v2\/pages\/7950\/revisions"}],"predecessor-version":[{"id":7952,"href":"https:\/\/www.zeushotels.gr\/de\/wp-json\/wp\/v2\/pages\/7950\/revisions\/7952"}],"up":[{"embeddable":true,"href":"https:\/\/www.zeushotels.gr\/de\/wp-json\/wp\/v2\/pages\/7932"}],"wp:featuredmedia":[{"embeddable":true,"href":"https:\/\/www.zeushotels.gr\/de\/wp-json\/wp\/v2\/media\/2643"}],"wp:attachment":[{"href":"https:\/\/www.zeushotels.gr\/de\/wp-json\/wp\/v2\/media?parent=7950"}],"curies":[{"name":"wp","href":"https:\/\/api.w.org\/{rel}","templated":true}]}}