{"id":7959,"date":"2025-11-17T20:25:54","date_gmt":"2025-11-17T18:25:54","guid":{"rendered":"https:\/\/www.zeushotels.gr\/neptuno-beach\/services-facilities\/"},"modified":"2025-11-26T23:16:54","modified_gmt":"2025-11-26T21:16:54","slug":"services-facilities","status":"publish","type":"page","link":"https:\/\/www.zeushotels.gr\/de\/neptuno-beach\/services-facilities\/","title":{"rendered":"Dienstleistungen &amp; Einrichtungen"},"content":{"rendered":"\n<div class=\"gb-white-background gb-container-section-l gb-element-1db0d76d text-box\" id=\"welcome\">\n<div class=\"gb-element-9da7d55e\">\n<div class=\"gb-element-8192c3fc\">\n<img loading=\"lazy\" decoding=\"async\" width=\"1623\" height=\"1080\" class=\"gb-media-ff6e88f6\" src=\"https:\/\/www.zeushotels.gr\/wp-content\/uploads\/2025\/11\/Pool-6.jpg\" title=\"Pool-6\" alt=\"\" srcset=\"https:\/\/www.zeushotels.gr\/wp-content\/uploads\/2025\/11\/Pool-6.jpg 1623w, https:\/\/www.zeushotels.gr\/wp-content\/uploads\/2025\/11\/Pool-6-800x532.jpg 800w, https:\/\/www.zeushotels.gr\/wp-content\/uploads\/2025\/11\/Pool-6-1024x682.jpg 1024w, https:\/\/www.zeushotels.gr\/wp-content\/uploads\/2025\/11\/Pool-6-600x400.jpg 600w, https:\/\/www.zeushotels.gr\/wp-content\/uploads\/2025\/11\/Pool-6-768x511.jpg 768w, https:\/\/www.zeushotels.gr\/wp-content\/uploads\/2025\/11\/Pool-6-1536x1022.jpg 1536w\" sizes=\"auto, (max-width: 1623px) 100vw, 1623px\" \/>\n<\/div>\n\n\n\n<div class=\"gb-element-cccc8c60\">\n<div class=\"gb-accordion zeus-accordion\">\n<div class=\"gb-accordion__item gb-accordion__item-6a076f2f gb-accordion__item-open\">\n<div role=\"button\" tabindex=\"0\" class=\"gb-accordion__toggle gb-accordion__toggle-7f52f785 gb-block-is-current\" id=\"gb-accordion-toggle-7f52f785\">\n<span class=\"gb-text-1be42ea5\"><span class=\"gb-shape\"><svg aria-hidden=\"true\" role=\"img\" height=\"1em\" width=\"1em\" viewBox=\"0 0 512 512\" xmlns=\"http:\/\/www.w3.org\/2000\/svg\"><path fill=\"currentColor\" d=\"M256 8C119 8 8 119 8 256s111 248 248 248 248-111 248-248S393 8 256 8z\"><\/path><\/svg><\/span><span class=\"gb-text\">G\u00e4ste-serviceleistungen<\/span><\/span>\n<\/div>\n\n\n\n<div class=\"gb-accordion__content\" id=\"gb-accordion-content-d7481e1b\">\n<div class=\"gb-element-2079fb9c\">\n<div>\n<ul class=\"wp-block-list has-surface-70-color has-text-color has-link-color wp-elements-391522786258aaeb6f6ba27290defb88\">\n<li>24-Stunden-Rezeption<\/li>\n\n\n\n<li>WLAN<\/li>\n\n\n\n<li>12-Stunden-Zimmerservice&nbsp;*<\/li>\n\n\n\n<li>Weckruf<\/li>\n\n\n\n<li>Aufdeckservice&nbsp;*<\/li>\n\n\n\n<li>Strandt\u00fccher gegen r\u00fcckzahlbare Kaution<\/li>\n\n\n\n<li>TV-Lounge<\/li>\n\n\n\n<li>Laptop \/ Tablet&nbsp;*<\/li>\n\n\n\n<li>W\u00e4scheservice&nbsp;*<\/li>\n\n\n\n<li>\u00c4rztlicher Bereitschaftsdienst&nbsp;*<\/li>\n\n\n\n<li>Erste-Hilfe-Set<\/li>\n\n\n\n<li>Taxi-Transfer&nbsp;*<\/li>\n\n\n\n<li>Ausfl\u00fcge&nbsp;*<\/li>\n\n\n\n<li>Parkplatz<\/li>\n<\/ul>\n\n\n\n<p class=\"has-surface-70-color has-text-color has-link-color wp-elements-debf2d2debeba3171604715c10025b3b\">*&nbsp;Dienstleistungen sind kostenpflichtig und vor Ort zu zahlen.<\/p>\n<\/div>\n<\/div>\n<\/div>\n<\/div>\n\n\n\n<div class=\"gb-accordion__item gb-accordion__item-5a3f4533\">\n<div role=\"button\" tabindex=\"0\" class=\"gb-accordion__toggle gb-accordion__toggle-749ec945\" id=\"gb-accordion-toggle-749ec945\">\n<span class=\"gb-text-e89640a9\"><span class=\"gb-shape\"><svg aria-hidden=\"true\" role=\"img\" height=\"1em\" width=\"1em\" viewBox=\"0 0 512 512\" xmlns=\"http:\/\/www.w3.org\/2000\/svg\"><path fill=\"currentColor\" d=\"M256 8C119 8 8 119 8 256s111 248 248 248 248-111 248-248S393 8 256 8z\"><\/path><\/svg><\/span><span class=\"gb-text\">Freizeit &amp; Sport<\/span><\/span>\n<\/div>\n\n\n\n<div class=\"gb-accordion__content\" id=\"gb-accordion-content-73d6842f\">\n<div class=\"gb-element-53e3fefb\">\n<ul class=\"wp-block-list has-surface-70-color has-text-color has-link-color wp-elements-67960825ed4077173e1e324a40f1a2c6\">\n<li>1 Au\u00dfenpool mit S\u00fc\u00dfwasser<\/li>\n\n\n\n<li>Sand- und Kieselstrand<\/li>\n\n\n\n<li>Liegest\u00fchle und Sonnenschirme rund um den Pool und am Strand<\/li>\n\n\n\n<li>Massagekabine am Strand&nbsp;*<\/li>\n\n\n\n<li>Tischtennis<\/li>\n\n\n\n<li>Billard&nbsp;*<\/li>\n\n\n\n<li>Franz\u00f6sisches Boule (P\u00e9tanque)<\/li>\n\n\n\n<li>Darts<\/li>\n\n\n\n<li>Beachvolleyball<\/li>\n\n\n\n<li>Wassergymnastik<\/li>\n\n\n\n<li>Wasserball<\/li>\n\n\n\n<li>Leichte Sportaktivit\u00e4ten 6 Tage pro Woche<\/li>\n\n\n\n<li>Abendunterhaltungsprogramm 3-4 Mal pro Woche<\/li>\n<\/ul>\n\n\n\n<p class=\"has-surface-70-color has-text-color has-link-color wp-elements-debf2d2debeba3171604715c10025b3b\">*&nbsp;Dienstleistungen sind kostenpflichtig und vor Ort zu zahlen.<\/p>\n<\/div>\n<\/div>\n<\/div>\n\n\n\n<div class=\"gb-accordion__item gb-accordion__item-84262baa\">\n<div role=\"button\" tabindex=\"0\" class=\"gb-accordion__toggle gb-accordion__toggle-3115609f\" id=\"gb-accordion-toggle-3115609f\">\n<span class=\"gb-text-fc3267c3\"><span class=\"gb-shape\"><svg aria-hidden=\"true\" role=\"img\" height=\"1em\" width=\"1em\" viewBox=\"0 0 512 512\" xmlns=\"http:\/\/www.w3.org\/2000\/svg\"><path fill=\"currentColor\" d=\"M256 8C119 8 8 119 8 256s111 248 248 248 248-111 248-248S393 8 256 8z\"><\/path><\/svg><\/span><span class=\"gb-text\">Gastronomie &amp; Bars<\/span><\/span>\n<\/div>\n\n\n\n<div class=\"gb-accordion__content\" id=\"gb-accordion-content-0924768a\">\n<div class=\"gb-element-6274be97\">\n<ul class=\"wp-block-list has-surface-70-color has-text-color has-link-color wp-elements-a3bcc36b172d428fae00d8fbd771ad6f\">\n<li>Hauptrestaurant<\/li>\n\n\n\n<li>Poolbar<\/li>\n\n\n\n<li>Zimmerservice f\u00fcr Fr\u00fchst\u00fcck 07.15 \u2013 10.30 Uhr&nbsp;*<\/li>\n\n\n\n<li>Zimmerservice mit Snacks &amp; Getr\u00e4nken 08.00 \u2013 20.00<\/li>\n\n\n\n<li>Uhr&nbsp;*<\/li>\n\n\n\n<li>Fr\u00fches Fr\u00fchst\u00fcck auf Anfrage<\/li>\n\n\n\n<li>Lunchpaket auf Anfrage<\/li>\n<\/ul>\n\n\n\n<p class=\"gb-text gb-text-2fc27d58\"><strong>Dresscode:<\/strong>&nbsp;Die G\u00e4ste werden gebeten, beim Abendessen sportlich-elegante Kleidung zu tragen. Strandkleidung und Hausschuhe sind zum Essen nicht geeignet.<\/p>\n<\/div>\n<\/div>\n<\/div>\n\n\n\n<div class=\"gb-accordion__item gb-accordion__item-ad74cc9f\">\n<div role=\"button\" tabindex=\"0\" class=\"gb-accordion__toggle gb-accordion__toggle-a26ad45a\" id=\"gb-accordion-toggle-a26ad45a\">\n<span class=\"gb-text-ed071a59\"><span class=\"gb-shape\"><svg aria-hidden=\"true\" role=\"img\" height=\"1em\" width=\"1em\" viewBox=\"0 0 512 512\" xmlns=\"http:\/\/www.w3.org\/2000\/svg\"><path fill=\"currentColor\" d=\"M256 8C119 8 8 119 8 256s111 248 248 248 248-111 248-248S393 8 256 8z\"><\/path><\/svg><\/span><span class=\"gb-text\">Nur F\u00fcr Kinder<\/span><\/span>\n<\/div>\n\n\n\n<div class=\"gb-accordion__content\" id=\"gb-accordion-content-aa99daea\">\n<div class=\"gb-element-73b85020\">\n<ul class=\"wp-block-list has-surface-70-color has-text-color has-link-color wp-elements-5e6b69b8a331fcc668ee82e7259bc731\">\n<li>1 Kinderpool<\/li>\n\n\n\n<li>Au\u00dfenspielplatz f\u00fcr Kinder<\/li>\n\n\n\n<li>Babybetten<\/li>\n\n\n\n<li>Hochst\u00fchle (im Restaurant)<\/li>\n\n\n\n<li>Minidisco in der Hochsaison (Teil des Abendprogramms)<\/li>\n\n\n\n<li>Miniclub 1 Stunde pro Tag (6 Tage pro Woche)<\/li>\n<\/ul>\n<\/div>\n<\/div>\n<\/div>\n\n\n\n<div class=\"gb-accordion__item gb-accordion__item-a58246aa\">\n<div role=\"button\" tabindex=\"0\" class=\"gb-accordion__toggle gb-accordion__toggle-92e2ba69\" id=\"gb-accordion-toggle-92e2ba69\">\n<span class=\"gb-text-6241a8a9\"><span class=\"gb-shape\"><svg aria-hidden=\"true\" role=\"img\" height=\"1em\" width=\"1em\" viewBox=\"0 0 512 512\" xmlns=\"http:\/\/www.w3.org\/2000\/svg\"><path fill=\"currentColor\" d=\"M256 8C119 8 8 119 8 256s111 248 248 248 248-111 248-248S393 8 256 8z\"><\/path><\/svg><\/span><span class=\"gb-text\">Hotelrichtlinie<\/span><\/span>\n<\/div>\n\n\n\n<div class=\"gb-accordion__content\" id=\"gb-accordion-content-4bcc467a\">\n<div class=\"gb-element-c3c46e99\">\n<ul class=\"wp-block-list has-surface-70-color has-text-color has-link-color wp-elements-b8d1712168771e69f5ebbb150fef2fbe\">\n<li>Check-In: 15:00<\/li>\n\n\n\n<li>Check-Out: 11:00<\/li>\n\n\n\n<li>Bei Ankunft erhalten alle G\u00e4ste antiallergische Armb\u00e4nder, die w\u00e4hrend ihres Aufenthalts zu tragen sind<\/li>\n\n\n\n<li>Akzeptierte Kreditkarten: MasterCard, Visa, Maestro<\/li>\n\n\n\n<li>Pers\u00f6nliche Schecks werden nicht akzeptiert<\/li>\n\n\n\n<li>Haustiere sind im Hotel nicht erlaubt<\/li>\n\n\n\n<li>Aktivit\u00e4ten k\u00f6nnen abweichen oder variieren \/ \u00c4nderungen vorbehalten<\/li>\n<\/ul>\n\n\n\n<p class=\"has-surface-70-color has-text-color has-link-color wp-elements-2d9ca40dc7980297e79bd823331a0f6a\">*\u00a0Dienstleistungen sind kostenpflichtig und vor Ort zu zahlen.<\/p>\n<\/div>\n<\/div>\n<\/div>\n<\/div>\n<\/div>\n<\/div>\n<\/div>\n","protected":false},"excerpt":{"rendered":"","protected":false},"author":1,"featured_media":0,"parent":7932,"menu_order":0,"comment_status":"closed","ping_status":"closed","template":"","meta":{"_acf_changed":false,"footnotes":""},"class_list":["post-7959","page","type-page","status-publish"],"acf":{"description":"","menus":false},"_links":{"self":[{"href":"https:\/\/www.zeushotels.gr\/de\/wp-json\/wp\/v2\/pages\/7959","targetHints":{"allow":["GET"]}}],"collection":[{"href":"https:\/\/www.zeushotels.gr\/de\/wp-json\/wp\/v2\/pages"}],"about":[{"href":"https:\/\/www.zeushotels.gr\/de\/wp-json\/wp\/v2\/types\/page"}],"author":[{"embeddable":true,"href":"https:\/\/www.zeushotels.gr\/de\/wp-json\/wp\/v2\/users\/1"}],"replies":[{"embeddable":true,"href":"https:\/\/www.zeushotels.gr\/de\/wp-json\/wp\/v2\/comments?post=7959"}],"version-history":[{"count":2,"href":"https:\/\/www.zeushotels.gr\/de\/wp-json\/wp\/v2\/pages\/7959\/revisions"}],"predecessor-version":[{"id":7963,"href":"https:\/\/www.zeushotels.gr\/de\/wp-json\/wp\/v2\/pages\/7959\/revisions\/7963"}],"up":[{"embeddable":true,"href":"https:\/\/www.zeushotels.gr\/de\/wp-json\/wp\/v2\/pages\/7932"}],"wp:attachment":[{"href":"https:\/\/www.zeushotels.gr\/de\/wp-json\/wp\/v2\/media?parent=7959"}],"curies":[{"name":"wp","href":"https:\/\/api.w.org\/{rel}","templated":true}]}}