{"id":7966,"date":"2025-11-17T20:26:33","date_gmt":"2025-11-17T18:26:33","guid":{"rendered":"https:\/\/www.zeushotels.gr\/neptuno-beach\/all-inclusive\/"},"modified":"2025-11-26T23:20:14","modified_gmt":"2025-11-26T21:20:14","slug":"alles-inklusive","status":"publish","type":"page","link":"https:\/\/www.zeushotels.gr\/de\/neptuno-beach\/alles-inklusive\/","title":{"rendered":"Alles Inklusive"},"content":{"rendered":"\n<div class=\"gb-white-background gb-container-section-l gb-element-1db0d76d text-box\" id=\"welcome\">\n<div class=\"gb-element-9da7d55e\">\n<div class=\"gb-element-8192c3fc\">\n<img loading=\"lazy\" decoding=\"async\" width=\"1623\" height=\"1080\" class=\"gb-media-ff6e88f6\" src=\"https:\/\/www.zeushotels.gr\/wp-content\/uploads\/2025\/11\/External-2.jpg\" title=\"External-2\" alt=\"\" srcset=\"https:\/\/www.zeushotels.gr\/wp-content\/uploads\/2025\/11\/External-2.jpg 1623w, https:\/\/www.zeushotels.gr\/wp-content\/uploads\/2025\/11\/External-2-800x532.jpg 800w, https:\/\/www.zeushotels.gr\/wp-content\/uploads\/2025\/11\/External-2-1024x682.jpg 1024w, https:\/\/www.zeushotels.gr\/wp-content\/uploads\/2025\/11\/External-2-600x400.jpg 600w, https:\/\/www.zeushotels.gr\/wp-content\/uploads\/2025\/11\/External-2-768x511.jpg 768w, https:\/\/www.zeushotels.gr\/wp-content\/uploads\/2025\/11\/External-2-1536x1022.jpg 1536w\" sizes=\"auto, (max-width: 1623px) 100vw, 1623px\" \/>\n<\/div>\n\n\n\n<div class=\"gb-element-cccc8c60\">\n<div class=\"gb-accordion zeus-accordion\">\n<div class=\"gb-accordion__item gb-accordion__item-6a076f2f gb-accordion__item-open\">\n<div role=\"button\" tabindex=\"0\" class=\"gb-accordion__toggle gb-accordion__toggle-7f52f785 gb-block-is-current\" id=\"gb-accordion-toggle-7f52f785\">\n<span class=\"gb-text-1be42ea5\"><span class=\"gb-shape\"><svg aria-hidden=\"true\" role=\"img\" height=\"1em\" width=\"1em\" viewBox=\"0 0 512 512\" xmlns=\"http:\/\/www.w3.org\/2000\/svg\"><path fill=\"currentColor\" d=\"M256 8C119 8 8 119 8 256s111 248 248 248 248-111 248-248S393 8 256 8z\"><\/path><\/svg><\/span><span class=\"gb-text\">Hauptrestaurant<\/span><\/span>\n<\/div>\n\n\n\n<div class=\"gb-accordion__content\" id=\"gb-accordion-content-d7481e1b\">\n<div class=\"gb-element-2079fb9c\">\n<div>\n<p class=\"gb-text gb-text-ce616fd3\"><strong>Fr\u00fchst\u00fccksbuffet<\/strong><\/p>\n\n\n\n<p class=\"has-surface-70-color has-text-color has-link-color wp-elements-322a8ea2228afee369fc8e712ce8c59d\">Von 07:15 bis 10:00 Uhr Amerikanisches Fr\u00fchst\u00fcck.<br>Von 10:00 bis 10:30 Uhr Kontinentales Fr\u00fchst\u00fcck.<\/p>\n\n\n\n<p class=\"gb-text gb-text-be745a22\"><strong>Mittagsbuffet<\/strong><\/p>\n\n\n\n<p class=\"has-surface-70-color has-text-color has-link-color wp-elements-3be29aa7233d8eada2a89121c3d98fb2\">Von 12:30 bis 14:30 Uhr.<\/p>\n\n\n\n<p class=\"gb-text gb-text-5b95660b\"><strong>Abendbuffet<\/strong><\/p>\n\n\n\n<p class=\"has-surface-70-color has-text-color has-link-color wp-elements-6c593f9a5cc727b6ccf2945139b7fbfb\">Von 19:00 bis 21:30 Uhr Show-Cooking und Themenabende w\u00e4hrend der Woche.<\/p>\n\n\n\n<p class=\"gb-text gb-text-06b44066\"><strong>AI-Getr\u00e4nke w\u00e4hrend der Mahlzeiten<\/strong><\/p>\n\n\n\n<p class=\"has-surface-70-color has-text-color has-link-color wp-elements-57b122cd49ddfb0e5396523eba912305\">S\u00e4fte, Filterkaffee und Tee werden zum Fr\u00fchst\u00fcck serviert.<br>Fassbier, Rot- und Wei\u00dfwein, Softdrinks und stilles Wasser werden w\u00e4hrend Mittag- und Abendessen serviert.<\/p>\n<\/div>\n<\/div>\n<\/div>\n<\/div>\n\n\n\n<div class=\"gb-accordion__item gb-accordion__item-5a3f4533\">\n<div role=\"button\" tabindex=\"0\" class=\"gb-accordion__toggle gb-accordion__toggle-749ec945\" id=\"gb-accordion-toggle-749ec945\">\n<span class=\"gb-text-e89640a9\"><span class=\"gb-shape\"><svg aria-hidden=\"true\" role=\"img\" height=\"1em\" width=\"1em\" viewBox=\"0 0 512 512\" xmlns=\"http:\/\/www.w3.org\/2000\/svg\"><path fill=\"currentColor\" d=\"M256 8C119 8 8 119 8 256s111 248 248 248 248-111 248-248S393 8 256 8z\"><\/path><\/svg><\/span><span class=\"gb-text\">Pool-Snackbar<\/span><\/span>\n<\/div>\n\n\n\n<div class=\"gb-accordion__content\" id=\"gb-accordion-content-73d6842f\">\n<div class=\"gb-element-53e3fefb\">\n<p class=\"has-surface-70-color has-text-color has-link-color wp-elements-26db2821ceaa83d595b7b396c26c0685\">T\u00e4glich ge\u00f6ffnet von 10:00 bis 01:00 Uhr, All-inclusive endet um 23:00 Uhr.<\/p>\n\n\n\n<p class=\"has-surface-70-color has-text-color has-link-color wp-elements-276bd936ad813f7addc8ed2619d9a2f9\">Von 10:00 bis 23:00 Uhr.<\/p>\n\n\n\n<p class=\"has-surface-70-color has-text-color has-link-color wp-elements-c2298b5f026b80e33895d72d84ea82a8\">Ausgew\u00e4hlte Marken-Spirituosen, lokale und internationale Getr\u00e4nke, bestimmte alkoholische und alkoholfreie Cocktails, Fassbier, Rot- und Wei\u00dfwein des Hauses, S\u00e4fte, Softdrinks, stilles Wasser, Filterkaffee und Tee werden angeboten.<\/p>\n\n\n\n<p class=\"has-surface-70-color has-text-color has-link-color wp-elements-4f97a08da12e13a3184852b1bd2c265e\">Von 10:00 bis 17:30 Uhr Eiscreme mit einer Auswahl verschiedener Geschmacksrichtungen<\/p>\n\n\n\n<p class=\"has-surface-70-color has-text-color has-link-color wp-elements-58dd4a3c0f896a5776446ce0965a91ca\">Von 11:00 bis 12:30 Uhr &amp; 15:00 bis 17:30 Uhr Snacks, Pommes Frites, Pizza, Sandwiches und herzhafte Geb\u00e4ckst\u00fccke.<\/p>\n\n\n\n<p class=\"has-surface-70-color has-text-color has-link-color wp-elements-22f874877239794420ad9abce3e7261b\">Von 16:00 bis 17:00 Uhr Kuchen und Kekse.<\/p>\n<\/div>\n<\/div>\n<\/div>\n\n\n\n<div class=\"gb-accordion__item gb-accordion__item-84262baa\">\n<div role=\"button\" tabindex=\"0\" class=\"gb-accordion__toggle gb-accordion__toggle-3115609f\" id=\"gb-accordion-toggle-3115609f\">\n<span class=\"gb-text-fc3267c3\"><span class=\"gb-shape\"><svg aria-hidden=\"true\" role=\"img\" height=\"1em\" width=\"1em\" viewBox=\"0 0 512 512\" xmlns=\"http:\/\/www.w3.org\/2000\/svg\"><path fill=\"currentColor\" d=\"M256 8C119 8 8 119 8 256s111 248 248 248 248-111 248-248S393 8 256 8z\"><\/path><\/svg><\/span><span class=\"gb-text\">Im Zimmer<\/span><\/span>\n<\/div>\n\n\n\n<div class=\"gb-accordion__content\" id=\"gb-accordion-content-0924768a\">\n<div class=\"gb-element-6274be97\">\n<p class=\"has-surface-70-color has-text-color has-link-color wp-elements-156478f257288c6584366842192f256f\">Wasserflasche bei Ankunft<br>T\u00e4gliche Wasserauff\u00fcllung im Superior Zimmer mit seitlichem Meerblick &amp; Premium Zimmer mit seitlichem Meerblick.<br>T\u00e4gliche Auff\u00fcllung der Kaffeestation mit Kaffee, Tee, Milch und Zucker.<\/p>\n<\/div>\n<\/div>\n<\/div>\n<\/div>\n<\/div>\n<\/div>\n<\/div>\n","protected":false},"excerpt":{"rendered":"","protected":false},"author":1,"featured_media":0,"parent":7932,"menu_order":0,"comment_status":"closed","ping_status":"closed","template":"","meta":{"_acf_changed":false,"footnotes":""},"class_list":["post-7966","page","type-page","status-publish"],"acf":{"description":"","menus":false},"_links":{"self":[{"href":"https:\/\/www.zeushotels.gr\/de\/wp-json\/wp\/v2\/pages\/7966","targetHints":{"allow":["GET"]}}],"collection":[{"href":"https:\/\/www.zeushotels.gr\/de\/wp-json\/wp\/v2\/pages"}],"about":[{"href":"https:\/\/www.zeushotels.gr\/de\/wp-json\/wp\/v2\/types\/page"}],"author":[{"embeddable":true,"href":"https:\/\/www.zeushotels.gr\/de\/wp-json\/wp\/v2\/users\/1"}],"replies":[{"embeddable":true,"href":"https:\/\/www.zeushotels.gr\/de\/wp-json\/wp\/v2\/comments?post=7966"}],"version-history":[{"count":2,"href":"https:\/\/www.zeushotels.gr\/de\/wp-json\/wp\/v2\/pages\/7966\/revisions"}],"predecessor-version":[{"id":7971,"href":"https:\/\/www.zeushotels.gr\/de\/wp-json\/wp\/v2\/pages\/7966\/revisions\/7971"}],"up":[{"embeddable":true,"href":"https:\/\/www.zeushotels.gr\/de\/wp-json\/wp\/v2\/pages\/7932"}],"wp:attachment":[{"href":"https:\/\/www.zeushotels.gr\/de\/wp-json\/wp\/v2\/media?parent=7966"}],"curies":[{"name":"wp","href":"https:\/\/api.w.org\/{rel}","templated":true}]}}