{"id":8003,"date":"2025-11-19T16:03:42","date_gmt":"2025-11-19T14:03:42","guid":{"rendered":"https:\/\/www.zeushotels.gr\/ydoria-resort\/dining\/"},"modified":"2026-01-19T21:35:26","modified_gmt":"2026-01-19T19:35:26","slug":"gastronomie-bars","status":"publish","type":"page","link":"https:\/\/www.zeushotels.gr\/de\/ydoria-resort\/gastronomie-bars\/","title":{"rendered":"Gastronomie &amp; Bars"},"content":{"rendered":"\n<div class=\"gb-white-background gb-container-section-l gb-element-1db0d76d text-box\" id=\"welcome\">\n<h2 class=\"gb-text gb-text-c467e595\">Gastronomie<\/h2>\n\n\n\n<div class=\"gb-element-9da7d55e\">\n<div class=\"gb-element-8192c3fc\">\n<img loading=\"lazy\" decoding=\"async\" width=\"1349\" height=\"900\" class=\"gb-media-ff6e88f6\" src=\"https:\/\/www.zeushotels.gr\/wp-content\/uploads\/2025\/11\/Restaurant-11.jpg\" title=\"Restaurant (11)\" alt=\"\" srcset=\"https:\/\/www.zeushotels.gr\/wp-content\/uploads\/2025\/11\/Restaurant-11.jpg 1349w, https:\/\/www.zeushotels.gr\/wp-content\/uploads\/2025\/11\/Restaurant-11-800x534.jpg 800w, https:\/\/www.zeushotels.gr\/wp-content\/uploads\/2025\/11\/Restaurant-11-1024x683.jpg 1024w, https:\/\/www.zeushotels.gr\/wp-content\/uploads\/2025\/11\/Restaurant-11-600x400.jpg 600w, https:\/\/www.zeushotels.gr\/wp-content\/uploads\/2025\/11\/Restaurant-11-768x512.jpg 768w\" sizes=\"auto, (max-width: 1349px) 100vw, 1349px\" \/>\n<\/div>\n\n\n\n<div class=\"gb-element-cccc8c60\">\n<h2 class=\"gb-text gb-headline-h2 gb-text-2ba41748\">Hauptrestaurant<\/h2>\n\n\n\n<p class=\"gb-text gb-text-9b261cce\">Unser Hauptrestaurant bietet eine reichhaltige Auswahl an internationaler, mediterraner und griechischer K\u00fcche, wobei die Gerichte mit frischen und \u00fcberwiegend regionalen Zutaten, Kr\u00e4utern und Gew\u00fcrzen zubereitet werden, um alle Geschmacksvorlieben zu befriedigen. Themenabende wie griechische, italienische und asiatische K\u00fcche sowie Live-Show-Cooking bieten einzigartige kulinarische Erlebnisse w\u00e4hrend der Woche.<\/p>\n\n\n\n<p class=\"gb-text gb-text-e6bf923a\">Vegetarische und kindgerechte Optionen sind immer verf\u00fcgbar, sodass jeder Gast eine ma\u00dfgeschneiderte und k\u00f6stliche Mahlzeit genie\u00dfen kann.<\/p>\n\n\n\n<h3 class=\"gb-text gb-text-0d99e6c5\">Fr\u00fchst\u00fcck In Buffetform<\/h3>\n\n\n\n<p class=\"gb-text gb-text-8a24f5d0\">Von 07:15 bis 10:30 Uhr Amerikanisches Fr\u00fchst\u00fcck mit Show-Cooking.<\/p>\n\n\n\n<h3 class=\"gb-text gb-text-4c14f06f\">Sp\u00e4taufsteherfr\u00fchst\u00fcck<\/h3>\n\n\n\n<p class=\"gb-text gb-text-bfbc4836\">Von 10:30 bis 11:00 Uhr (Kontinental)<\/p>\n\n\n\n<h3 class=\"gb-text gb-text-879619be\">Mittagessen In Buffetform<\/h3>\n\n\n\n<p class=\"gb-text gb-text-ecfaff83\">Von 12:30 bis 14:30 Uhr.<\/p>\n<\/div>\n<\/div>\n<\/div>\n\n\n\n<div class=\"gb-container-section-l gb-element-10756c8c text-box\">\n<h2 class=\"gb-text gb-text-2c963d2b\">BARS<\/h2>\n\n\n\n<div class=\"gb-element-d5644644\">\n<div class=\"gb-element-be8402a5\">\n<h2 class=\"gb-text gb-headline-h2 gb-text-c9e6ec35\">Hauptbar &#8222;Ydor&#8220; am Pool<\/h2>\n\n\n\n<p class=\"gb-text gb-text-61b256c8\">Unsere G\u00e4ste k\u00f6nnen sich an unserer Hauptbar \u201eYdor\u201c oder an der Poolbar den ganzen Tag \u00fcber mit erfrischenden Getr\u00e4nken entspannen.<\/p>\n\n\n\n<p class=\"gb-text gb-text-eef84ef3\">Die Hauptbar \u201eYdor\u201c am Pool ist t\u00e4glich von 10:00 bis 1:00 Uhr ge\u00f6ffnet und bietet von 10:30 bis 17:30 Uhr eine k\u00f6stliche Auswahl an Snacks, Salaten und Eiscreme. Genie\u00dfen Sie von 16:00 bis 17:00 Uhr leckere Kuchen- und Kekseauswahl.<\/p>\n\n\n\n<p class=\"gb-text gb-text-8efbcf23\">Die Bar ist der perfekte Ort, um sich zu entspannen und sich verw\u00f6hnen zu lassen, w\u00e4hrend Sie ein erfrischendes Getr\u00e4nk in einer erholsamen Poolatmosph\u00e4re genie\u00dfen.<\/p>\n\n\n\n<p class=\"gb-text gb-text-c5f255ca\">AI ends at 24:00.<\/p>\n<\/div>\n\n\n\n<div class=\"gb-element-9d840ffc\">\n<img loading=\"lazy\" decoding=\"async\" width=\"1353\" height=\"900\" class=\"gb-media-fb67a319\" src=\"https:\/\/www.zeushotels.gr\/wp-content\/uploads\/2025\/11\/Ydor-Pool-Bar-11.jpg\" title=\"Snack Bar (6)\" alt=\"\" srcset=\"https:\/\/www.zeushotels.gr\/wp-content\/uploads\/2025\/11\/Ydor-Pool-Bar-11.jpg 1353w, https:\/\/www.zeushotels.gr\/wp-content\/uploads\/2025\/11\/Ydor-Pool-Bar-11-800x532.jpg 800w, https:\/\/www.zeushotels.gr\/wp-content\/uploads\/2025\/11\/Ydor-Pool-Bar-11-1024x681.jpg 1024w, https:\/\/www.zeushotels.gr\/wp-content\/uploads\/2025\/11\/Ydor-Pool-Bar-11-600x400.jpg 600w, https:\/\/www.zeushotels.gr\/wp-content\/uploads\/2025\/11\/Ydor-Pool-Bar-11-768x511.jpg 768w\" sizes=\"auto, (max-width: 1353px) 100vw, 1353px\" \/>\n<\/div>\n<\/div>\n<\/div>\n\n\n\n<div class=\"gb-white-background gb-container-section-l gb-element-17b3414b text-box\" id=\"welcome\">\n<div class=\"gb-element-c0e28317\">\n<div class=\"gb-element-a9871f0d\">\n<img loading=\"lazy\" decoding=\"async\" width=\"1353\" height=\"900\" class=\"gb-media-9098bac6\" src=\"https:\/\/www.zeushotels.gr\/wp-content\/uploads\/2025\/11\/Snack-Bar-6.jpg\" title=\"Ydor Pool Bar (11)\" alt=\"\" srcset=\"https:\/\/www.zeushotels.gr\/wp-content\/uploads\/2025\/11\/Snack-Bar-6.jpg 1353w, https:\/\/www.zeushotels.gr\/wp-content\/uploads\/2025\/11\/Snack-Bar-6-800x532.jpg 800w, https:\/\/www.zeushotels.gr\/wp-content\/uploads\/2025\/11\/Snack-Bar-6-1024x681.jpg 1024w, https:\/\/www.zeushotels.gr\/wp-content\/uploads\/2025\/11\/Snack-Bar-6-600x400.jpg 600w, https:\/\/www.zeushotels.gr\/wp-content\/uploads\/2025\/11\/Snack-Bar-6-768x511.jpg 768w\" sizes=\"auto, (max-width: 1353px) 100vw, 1353px\" \/>\n<\/div>\n\n\n\n<div class=\"gb-element-8a05c28d\">\n<h2 class=\"gb-text gb-headline-h2 gb-text-62cfed42\">Pool-Snackbar<\/h2>\n\n\n\n<p class=\"gb-text gb-text-4ab5f712\">Die Poolbar, die sich in unmittelbarer N\u00e4he des Pools befindet, ist der perfekte Ort, um zurelaxen und ein erfrischendes Getr\u00e4nk oder einen Kaffee zu genie\u00dfen. Sie hat t\u00e4glich ge\u00f6ffnet und bietet eine Auswahl an Erfrischungen, w\u00e4hrend Sie die Sonnenstrahlen genie\u00dfen. Erleben Sie eine angenehme Atmosph\u00e4re und Genuss pur am Pool.<\/p>\n<\/div>\n<\/div>\n<\/div>\n","protected":false},"excerpt":{"rendered":"<p>Enjoy your breakfast, lunch and dinner indoors or outdoors with magnificent views to the dazzling blue sea at the hotel&#8217;s main restaurant.<\/p>\n","protected":false},"author":1,"featured_media":5940,"parent":7977,"menu_order":0,"comment_status":"closed","ping_status":"closed","template":"","meta":{"_acf_changed":false,"footnotes":""},"class_list":["post-8003","page","type-page","status-publish","has-post-thumbnail"],"acf":{"description":"","menus":false},"_links":{"self":[{"href":"https:\/\/www.zeushotels.gr\/de\/wp-json\/wp\/v2\/pages\/8003","targetHints":{"allow":["GET"]}}],"collection":[{"href":"https:\/\/www.zeushotels.gr\/de\/wp-json\/wp\/v2\/pages"}],"about":[{"href":"https:\/\/www.zeushotels.gr\/de\/wp-json\/wp\/v2\/types\/page"}],"author":[{"embeddable":true,"href":"https:\/\/www.zeushotels.gr\/de\/wp-json\/wp\/v2\/users\/1"}],"replies":[{"embeddable":true,"href":"https:\/\/www.zeushotels.gr\/de\/wp-json\/wp\/v2\/comments?post=8003"}],"version-history":[{"count":5,"href":"https:\/\/www.zeushotels.gr\/de\/wp-json\/wp\/v2\/pages\/8003\/revisions"}],"predecessor-version":[{"id":9985,"href":"https:\/\/www.zeushotels.gr\/de\/wp-json\/wp\/v2\/pages\/8003\/revisions\/9985"}],"up":[{"embeddable":true,"href":"https:\/\/www.zeushotels.gr\/de\/wp-json\/wp\/v2\/pages\/7977"}],"wp:featuredmedia":[{"embeddable":true,"href":"https:\/\/www.zeushotels.gr\/de\/wp-json\/wp\/v2\/media\/5940"}],"wp:attachment":[{"href":"https:\/\/www.zeushotels.gr\/de\/wp-json\/wp\/v2\/media?parent=8003"}],"curies":[{"name":"wp","href":"https:\/\/api.w.org\/{rel}","templated":true}]}}