{"id":8017,"date":"2025-11-26T23:55:09","date_gmt":"2025-11-26T21:55:09","guid":{"rendered":"https:\/\/www.zeushotels.gr\/?page_id=8017"},"modified":"2025-11-27T00:03:27","modified_gmt":"2025-11-26T22:03:27","slug":"slides-pool","status":"publish","type":"page","link":"https:\/\/www.zeushotels.gr\/de\/ydoria-resort\/slides-pool\/","title":{"rendered":"Rutschenpool"},"content":{"rendered":"\n<div class=\"gb-white-background gb-container-section-l gb-element-17b3414b text-box\" id=\"welcome\">\n<div class=\"gb-element-c0e28317\">\n<div class=\"gb-element-a9871f0d\">\n<img loading=\"lazy\" decoding=\"async\" width=\"1920\" height=\"1079\" class=\"gb-media-9098bac6\" src=\"https:\/\/www.zeushotels.gr\/wp-content\/uploads\/2025\/11\/ydoria-Slides-3.jpg\" title=\"ydoria-Slides (3)\" alt=\"\" srcset=\"https:\/\/www.zeushotels.gr\/wp-content\/uploads\/2025\/11\/ydoria-Slides-3.jpg 1920w, https:\/\/www.zeushotels.gr\/wp-content\/uploads\/2025\/11\/ydoria-Slides-3-800x450.jpg 800w, https:\/\/www.zeushotels.gr\/wp-content\/uploads\/2025\/11\/ydoria-Slides-3-1024x576.jpg 1024w, https:\/\/www.zeushotels.gr\/wp-content\/uploads\/2025\/11\/ydoria-Slides-3-768x432.jpg 768w, https:\/\/www.zeushotels.gr\/wp-content\/uploads\/2025\/11\/ydoria-Slides-3-1536x863.jpg 1536w\" sizes=\"auto, (max-width: 1920px) 100vw, 1920px\" \/>\n<\/div>\n\n\n\n<div class=\"gb-element-8a05c28d\">\n<h2 class=\"gb-text gb-headline-h2 gb-text-c9e6ec35\">Rutschenpool<\/h2>\n\n\n\n<p class=\"gb-text gb-text-61b256c8\">Der Rutschenpool im Ydoria Resort ist ein Unterhaltungsbereich, der perfekt f\u00fcr Familien und Abenteuerlustige ist. Mit aufregenden Wasserrutschen und ger\u00e4umigen Liegefl\u00e4chen bietet er eine lebhafte Atmosph\u00e4re, in der Kinder und Erwachsene gleicherma\u00dfen Spa\u00df haben k\u00f6nnen. Tauchen Sie in das Abenteuer ein und schaffen Sie unvergessliche Erinnerungen in dieser lebhaften Pool-Oase!<\/p>\n<\/div>\n<\/div>\n<\/div>\n","protected":false},"excerpt":{"rendered":"<p>Enjoy your breakfast, lunch and dinner indoors or outdoors with magnificent views to the dazzling blue sea at the hotel&#8217;s main restaurant.<\/p>\n","protected":false},"author":1,"featured_media":8033,"parent":7977,"menu_order":0,"comment_status":"closed","ping_status":"closed","template":"","meta":{"_acf_changed":false,"footnotes":""},"class_list":["post-8017","page","type-page","status-publish","has-post-thumbnail"],"acf":{"description":"","menus":false},"_links":{"self":[{"href":"https:\/\/www.zeushotels.gr\/de\/wp-json\/wp\/v2\/pages\/8017","targetHints":{"allow":["GET"]}}],"collection":[{"href":"https:\/\/www.zeushotels.gr\/de\/wp-json\/wp\/v2\/pages"}],"about":[{"href":"https:\/\/www.zeushotels.gr\/de\/wp-json\/wp\/v2\/types\/page"}],"author":[{"embeddable":true,"href":"https:\/\/www.zeushotels.gr\/de\/wp-json\/wp\/v2\/users\/1"}],"replies":[{"embeddable":true,"href":"https:\/\/www.zeushotels.gr\/de\/wp-json\/wp\/v2\/comments?post=8017"}],"version-history":[{"count":3,"href":"https:\/\/www.zeushotels.gr\/de\/wp-json\/wp\/v2\/pages\/8017\/revisions"}],"predecessor-version":[{"id":8110,"href":"https:\/\/www.zeushotels.gr\/de\/wp-json\/wp\/v2\/pages\/8017\/revisions\/8110"}],"up":[{"embeddable":true,"href":"https:\/\/www.zeushotels.gr\/de\/wp-json\/wp\/v2\/pages\/7977"}],"wp:featuredmedia":[{"embeddable":true,"href":"https:\/\/www.zeushotels.gr\/de\/wp-json\/wp\/v2\/media\/8033"}],"wp:attachment":[{"href":"https:\/\/www.zeushotels.gr\/de\/wp-json\/wp\/v2\/media?parent=8017"}],"curies":[{"name":"wp","href":"https:\/\/api.w.org\/{rel}","templated":true}]}}