{"id":8118,"date":"2025-11-19T17:19:28","date_gmt":"2025-11-19T15:19:28","guid":{"rendered":"https:\/\/www.zeushotels.gr\/ydoria-resort\/services-facilities\/"},"modified":"2025-11-27T00:09:51","modified_gmt":"2025-11-26T22:09:51","slug":"dienstleistungen-einrichtungen","status":"publish","type":"page","link":"https:\/\/www.zeushotels.gr\/de\/ydoria-resort\/dienstleistungen-einrichtungen\/","title":{"rendered":"Dienstleistungen &amp; Einrichtungen"},"content":{"rendered":"\n<div class=\"gb-white-background gb-container-section-l gb-element-1db0d76d text-box\" id=\"welcome\">\n<div class=\"gb-element-9da7d55e\">\n<div class=\"gb-element-8192c3fc\">\n<img loading=\"lazy\" decoding=\"async\" width=\"1920\" height=\"962\" class=\"gb-media-ff6e88f6\" src=\"https:\/\/www.zeushotels.gr\/wp-content\/uploads\/2025\/11\/Reception-5-scaled.jpg\" title=\"Reception\" alt=\"\" srcset=\"https:\/\/www.zeushotels.gr\/wp-content\/uploads\/2025\/11\/Reception-5-scaled.jpg 1920w, https:\/\/www.zeushotels.gr\/wp-content\/uploads\/2025\/11\/Reception-5-800x400.jpg 800w, https:\/\/www.zeushotels.gr\/wp-content\/uploads\/2025\/11\/Reception-5-1024x513.jpg 1024w, https:\/\/www.zeushotels.gr\/wp-content\/uploads\/2025\/11\/Reception-5-768x384.jpg 768w, https:\/\/www.zeushotels.gr\/wp-content\/uploads\/2025\/11\/Reception-5-1536x769.jpg 1536w, https:\/\/www.zeushotels.gr\/wp-content\/uploads\/2025\/11\/Reception-5-2048x1025.jpg 2048w\" sizes=\"auto, (max-width: 1920px) 100vw, 1920px\" \/>\n<\/div>\n\n\n\n<div class=\"gb-element-cccc8c60\">\n<div class=\"gb-accordion zeus-accordion\">\n<div class=\"gb-accordion__item gb-accordion__item-6a076f2f gb-accordion__item-open\">\n<div role=\"button\" tabindex=\"0\" class=\"gb-accordion__toggle gb-accordion__toggle-7f52f785 gb-block-is-current\" id=\"gb-accordion-toggle-7f52f785\">\n<span class=\"gb-text-1be42ea5\"><span class=\"gb-shape\"><svg aria-hidden=\"true\" role=\"img\" height=\"1em\" width=\"1em\" viewBox=\"0 0 512 512\" xmlns=\"http:\/\/www.w3.org\/2000\/svg\"><path fill=\"currentColor\" d=\"M256 8C119 8 8 119 8 256s111 248 248 248 248-111 248-248S393 8 256 8z\"><\/path><\/svg><\/span><span class=\"gb-text\">G\u00e4ste-serviceleistungen<\/span><\/span>\n<\/div>\n\n\n\n<div class=\"gb-accordion__content\" id=\"gb-accordion-content-d7481e1b\">\n<div class=\"gb-element-2079fb9c\">\n<div>\n<ul class=\"wp-block-list has-surface-70-color has-text-color has-link-color wp-elements-784f78d02f66ec8a418c0b58c9a4bcef\">\n<li>24-Stunden-Rezeption<\/li>\n\n\n\n<li>WLAN<\/li>\n\n\n\n<li>Gep\u00e4ckraum und -service<\/li>\n\n\n\n<li>Weckruf<\/li>\n\n\n\n<li>Poolt\u00fccher gegen Kaution (erstattungsf\u00e4hig)<\/li>\n\n\n\n<li>TV-Lounge<\/li>\n\n\n\n<li>W\u00e4scheservice\u00a0*<\/li>\n\n\n\n<li>\u00c4rztlicher Bereitschaftsdienst\u00a0*<\/li>\n<\/ul>\n<\/div>\n\n\n\n<div>\n<ul class=\"wp-block-list has-surface-70-color has-text-color has-link-color wp-elements-b5893ed2e9b8e93c3eb30120cccf28b5\">\n<li>Erste-Hilfe-Set<\/li>\n\n\n\n<li>Taxi-Transfer\u00a0*<\/li>\n\n\n\n<li>Autovermietung<\/li>\n\n\n\n<li>Ausfl\u00fcge\u00a0*<\/li>\n\n\n\n<li>Parkplatz<\/li>\n\n\n\n<li>Express-Check-in-out-Service<\/li>\n\n\n\n<li>Business Center<\/li>\n<\/ul>\n<\/div>\n<\/div>\n<\/div>\n<\/div>\n\n\n\n<div class=\"gb-accordion__item gb-accordion__item-5a3f4533\">\n<div role=\"button\" tabindex=\"0\" class=\"gb-accordion__toggle gb-accordion__toggle-749ec945\" id=\"gb-accordion-toggle-749ec945\">\n<span class=\"gb-text-e89640a9\"><span class=\"gb-shape\"><svg aria-hidden=\"true\" role=\"img\" height=\"1em\" width=\"1em\" viewBox=\"0 0 512 512\" xmlns=\"http:\/\/www.w3.org\/2000\/svg\"><path fill=\"currentColor\" d=\"M256 8C119 8 8 119 8 256s111 248 248 248 248-111 248-248S393 8 256 8z\"><\/path><\/svg><\/span><span class=\"gb-text\">Freizeit &amp; Sport<\/span><\/span>\n<\/div>\n\n\n\n<div class=\"gb-accordion__content\" id=\"gb-accordion-content-73d6842f\">\n<div class=\"gb-element-53e3fefb\">\n<ul class=\"wp-block-list has-surface-70-color has-text-color has-link-color wp-elements-42234fdd7fd52e4aa93fdfef727c1fb0\">\n<li>4 Pools<\/li>\n\n\n\n<li>1 Pool mit Rutschen<\/li>\n\n\n\n<li>Liegest\u00fchle und Sonnenschirme rund um den<\/li>\n\n\n\n<li>Poolbereich<\/li>\n\n\n\n<li>Tischtennis<\/li>\n\n\n\n<li>Tages- und Abendanimation<\/li>\n<\/ul>\n<\/div>\n<\/div>\n<\/div>\n\n\n\n<div class=\"gb-accordion__item gb-accordion__item-84262baa\">\n<div role=\"button\" tabindex=\"0\" class=\"gb-accordion__toggle gb-accordion__toggle-3115609f\" id=\"gb-accordion-toggle-3115609f\">\n<span class=\"gb-text-fc3267c3\"><span class=\"gb-shape\"><svg aria-hidden=\"true\" role=\"img\" height=\"1em\" width=\"1em\" viewBox=\"0 0 512 512\" xmlns=\"http:\/\/www.w3.org\/2000\/svg\"><path fill=\"currentColor\" d=\"M256 8C119 8 8 119 8 256s111 248 248 248 248-111 248-248S393 8 256 8z\"><\/path><\/svg><\/span><span class=\"gb-text\">Gastronomie &amp; Bars<\/span><\/span>\n<\/div>\n\n\n\n<div class=\"gb-accordion__content\" id=\"gb-accordion-content-0924768a\">\n<div class=\"gb-element-6274be97\">\n<ul class=\"wp-block-list has-surface-70-color has-text-color has-link-color wp-elements-fbb73815c8c1644e49ae37edf383033b\">\n<li>Hauptrestaurant<\/li>\n\n\n\n<li>Hauptbar am Pool<\/li>\n\n\n\n<li>Poolbar<\/li>\n\n\n\n<li>Fr\u00fches Fr\u00fchst\u00fcck auf Anfrage<\/li>\n\n\n\n<li>Lunchpaket auf Anfrage<\/li>\n\n\n\n<li>Zimmerservice f\u00fcr Fr\u00fchst\u00fcck\u00a0*<\/li>\n\n\n\n<li>12-Stunden-Zimmerservice\u00a0*<\/li>\n<\/ul>\n<\/div>\n<\/div>\n<\/div>\n\n\n\n<div class=\"gb-accordion__item gb-accordion__item-ad74cc9f\">\n<div role=\"button\" tabindex=\"0\" class=\"gb-accordion__toggle gb-accordion__toggle-a26ad45a\" id=\"gb-accordion-toggle-a26ad45a\">\n<span class=\"gb-text-ed071a59\"><span class=\"gb-shape\"><svg aria-hidden=\"true\" role=\"img\" height=\"1em\" width=\"1em\" viewBox=\"0 0 512 512\" xmlns=\"http:\/\/www.w3.org\/2000\/svg\"><path fill=\"currentColor\" d=\"M256 8C119 8 8 119 8 256s111 248 248 248 248-111 248-248S393 8 256 8z\"><\/path><\/svg><\/span><span class=\"gb-text\">Nur F\u00fcr Kinder<\/span><\/span>\n<\/div>\n\n\n\n<div class=\"gb-accordion__content\" id=\"gb-accordion-content-aa99daea\">\n<div class=\"gb-element-73b85020\">\n<ul class=\"wp-block-list has-surface-70-color has-text-color has-link-color wp-elements-1255b553b50ab0e4887fbb377a046477\">\n<li>1 Kinder Planschbecken<\/li>\n\n\n\n<li>Mini-Club<\/li>\n\n\n\n<li>Spielplatz<\/li>\n\n\n\n<li>Hochst\u00fchle<\/li>\n\n\n\n<li>Babybetten<\/li>\n<\/ul>\n<\/div>\n<\/div>\n<\/div>\n\n\n\n<div class=\"gb-accordion__item gb-accordion__item-272f906a\">\n<div role=\"button\" tabindex=\"0\" class=\"gb-accordion__toggle gb-accordion__toggle-5d2c4051\" id=\"gb-accordion-toggle-5d2c4051\">\n<span class=\"gb-text-99223d38\"><span class=\"gb-shape\"><svg aria-hidden=\"true\" role=\"img\" height=\"1em\" width=\"1em\" viewBox=\"0 0 512 512\" xmlns=\"http:\/\/www.w3.org\/2000\/svg\"><path fill=\"currentColor\" d=\"M256 8C119 8 8 119 8 256s111 248 248 248 248-111 248-248S393 8 256 8z\"><\/path><\/svg><\/span><span class=\"gb-text\">Hotelrichtlinie<\/span><\/span>\n<\/div>\n\n\n\n<div class=\"gb-accordion__content\" id=\"gb-accordion-content-8437dd62\">\n<div class=\"gb-element-fd9c6957\">\n<ul class=\"wp-block-list has-surface-70-color has-text-color has-link-color wp-elements-47f9e5fae32cb74f21cd5e7f5dbc5d62\">\n<li>Check-In: 15:00<\/li>\n\n\n\n<li>Check-Out: 11:00<\/li>\n\n\n\n<li>Bei Ankunft erhalten alle G\u00e4ste eine ID-Karte mit Foto f\u00fcr die Dauer ihres Aufenthalts<\/li>\n\n\n\n<li>Akzeptierte Kreditkarten: MasterCard, Visa, Maestro<\/li>\n\n\n\n<li>Nicht akzeptiert: Pers\u00f6nliche Schecks und AmEx<\/li>\n\n\n\n<li>Hunde sind im Hotel nicht erlaubt<\/li>\n\n\n\n<li>Aktivit\u00e4ten k\u00f6nnen abweichen oder variieren \/ \u00c4nderungen vorbehalten<\/li>\n<\/ul>\n\n\n\n<p class=\"has-surface-70-color has-text-color has-link-color wp-elements-2d9ca40dc7980297e79bd823331a0f6a\">*\u00a0Dienstleistungen sind kostenpflichtig und vor Ort zu zahlen.<\/p>\n<\/div>\n<\/div>\n<\/div>\n<\/div>\n<\/div>\n<\/div>\n<\/div>\n","protected":false},"excerpt":{"rendered":"","protected":false},"author":1,"featured_media":0,"parent":7977,"menu_order":0,"comment_status":"closed","ping_status":"closed","template":"","meta":{"_acf_changed":false,"footnotes":""},"class_list":["post-8118","page","type-page","status-publish"],"acf":{"description":"","menus":false},"_links":{"self":[{"href":"https:\/\/www.zeushotels.gr\/de\/wp-json\/wp\/v2\/pages\/8118","targetHints":{"allow":["GET"]}}],"collection":[{"href":"https:\/\/www.zeushotels.gr\/de\/wp-json\/wp\/v2\/pages"}],"about":[{"href":"https:\/\/www.zeushotels.gr\/de\/wp-json\/wp\/v2\/types\/page"}],"author":[{"embeddable":true,"href":"https:\/\/www.zeushotels.gr\/de\/wp-json\/wp\/v2\/users\/1"}],"replies":[{"embeddable":true,"href":"https:\/\/www.zeushotels.gr\/de\/wp-json\/wp\/v2\/comments?post=8118"}],"version-history":[{"count":3,"href":"https:\/\/www.zeushotels.gr\/de\/wp-json\/wp\/v2\/pages\/8118\/revisions"}],"predecessor-version":[{"id":8123,"href":"https:\/\/www.zeushotels.gr\/de\/wp-json\/wp\/v2\/pages\/8118\/revisions\/8123"}],"up":[{"embeddable":true,"href":"https:\/\/www.zeushotels.gr\/de\/wp-json\/wp\/v2\/pages\/7977"}],"wp:attachment":[{"href":"https:\/\/www.zeushotels.gr\/de\/wp-json\/wp\/v2\/media?parent=8118"}],"curies":[{"name":"wp","href":"https:\/\/api.w.org\/{rel}","templated":true}]}}