{"id":8125,"date":"2025-11-19T17:20:43","date_gmt":"2025-11-19T15:20:43","guid":{"rendered":"https:\/\/www.zeushotels.gr\/ydoria-resort\/all-inclusive\/"},"modified":"2025-11-27T00:12:13","modified_gmt":"2025-11-26T22:12:13","slug":"all-inclusive","status":"publish","type":"page","link":"https:\/\/www.zeushotels.gr\/de\/ydoria-resort\/all-inclusive\/","title":{"rendered":"Alles Inklusive"},"content":{"rendered":"\n<div class=\"gb-white-background gb-container-section-l gb-element-1db0d76d text-box\" id=\"welcome\">\n<div class=\"gb-element-9da7d55e\">\n<div class=\"gb-element-8192c3fc\">\n<img loading=\"lazy\" decoding=\"async\" width=\"1640\" height=\"1080\" class=\"gb-media-ff6e88f6\" src=\"https:\/\/www.zeushotels.gr\/wp-content\/uploads\/2025\/11\/Water-slides.jpg\" title=\"Water slides\" alt=\"\" srcset=\"https:\/\/www.zeushotels.gr\/wp-content\/uploads\/2025\/11\/Water-slides.jpg 1640w, https:\/\/www.zeushotels.gr\/wp-content\/uploads\/2025\/11\/Water-slides-800x527.jpg 800w, https:\/\/www.zeushotels.gr\/wp-content\/uploads\/2025\/11\/Water-slides-1024x675.jpg 1024w, https:\/\/www.zeushotels.gr\/wp-content\/uploads\/2025\/11\/Water-slides-768x506.jpg 768w, https:\/\/www.zeushotels.gr\/wp-content\/uploads\/2025\/11\/Water-slides-1536x1012.jpg 1536w\" sizes=\"auto, (max-width: 1640px) 100vw, 1640px\" \/>\n<\/div>\n\n\n\n<div class=\"gb-element-cccc8c60\">\n<div class=\"gb-accordion zeus-accordion\">\n<div class=\"gb-accordion__item gb-accordion__item-6a076f2f gb-accordion__item-open\">\n<div role=\"button\" tabindex=\"0\" class=\"gb-accordion__toggle gb-accordion__toggle-7f52f785 gb-block-is-current\" id=\"gb-accordion-toggle-7f52f785\">\n<span class=\"gb-text-1be42ea5\"><span class=\"gb-shape\"><svg aria-hidden=\"true\" role=\"img\" height=\"1em\" width=\"1em\" viewBox=\"0 0 512 512\" xmlns=\"http:\/\/www.w3.org\/2000\/svg\"><path fill=\"currentColor\" d=\"M256 8C119 8 8 119 8 256s111 248 248 248 248-111 248-248S393 8 256 8z\"><\/path><\/svg><\/span><span class=\"gb-text\">Hauptrestaurant<\/span><\/span>\n<\/div>\n\n\n\n<div class=\"gb-accordion__content\" id=\"gb-accordion-content-d7481e1b\">\n<div class=\"gb-element-2079fb9c\">\n<div>\n<p class=\"has-surface-70-color has-text-color has-link-color wp-elements-5749d18aa228964f29e8b14e20de33e5\">Das Hauptrestaurant bietet griechische und internationale K\u00fcche. Show-Cooking mit Themenabenden wird unter der Woche angeboten. Glutenfreie und vegetarische Optionen sind verf\u00fcgbar.<\/p>\n\n\n\n<p class=\"gb-text gb-text-ce616fd3\"><strong>Fr\u00fchst\u00fccksbuffet<\/strong><\/p>\n\n\n\n<p class=\"has-surface-70-color has-text-color has-link-color wp-elements-b7080ef76ef9659eb3bd95e5c2f57380\">Von 07:15 bis 10:30 Uhr Amerikanisches Fr\u00fchst\u00fcck mit Show-Cooking.<\/p>\n\n\n\n<p class=\"gb-text gb-text-be745a22\"><strong>Sp\u00e4tfr\u00fchst\u00fcck<\/strong><\/p>\n\n\n\n<p class=\"has-surface-70-color has-text-color has-link-color wp-elements-75b2c945c05f0ee050696f998c4d0816\">Von 10:30 bis 11:00 Uhr (Kontinental)<\/p>\n\n\n\n<p class=\"gb-text gb-text-5b95660b\"><strong>Mittagsbuffet<\/strong><\/p>\n\n\n\n<p class=\"has-surface-70-color has-text-color has-link-color wp-elements-3be29aa7233d8eada2a89121c3d98fb2\">Von 12:30 bis 14:30 Uhr.<\/p>\n\n\n\n<p class=\"gb-text gb-text-94afc173\"><strong>Abendbuffet<\/strong><\/p>\n\n\n\n<p class=\"has-surface-70-color has-text-color has-link-color wp-elements-2661c9f78da451c674f13003b4e5e607\">Von 18:30 bis 21:30 Uhr mit Show-Cooking und Themenabenden w\u00e4hrend der Woche.<\/p>\n\n\n\n<p class=\"gb-text gb-text-06b44066\"><strong>AI-Getr\u00e4nke w\u00e4hrend der Mahlzeiten<\/strong><\/p>\n\n\n\n<p class=\"has-surface-70-color has-text-color has-link-color wp-elements-79d6a96c4082ef913ba74b5889a75b8a\">S\u00e4fte, Filterkaffee und Tee sind beim Fr\u00fchst\u00fcck verf\u00fcgbar. Fassbier, Rot- und Wei\u00dfwein des Hauses, Softdrinks und stilles Wasser sind w\u00e4hrend des Mittag- und Abendessens verf\u00fcgbar.<\/p>\n<\/div>\n<\/div>\n<\/div>\n<\/div>\n\n\n\n<div class=\"gb-accordion__item gb-accordion__item-5a3f4533\">\n<div role=\"button\" tabindex=\"0\" class=\"gb-accordion__toggle gb-accordion__toggle-749ec945\" id=\"gb-accordion-toggle-749ec945\">\n<span class=\"gb-text-e89640a9\"><span class=\"gb-shape\"><svg aria-hidden=\"true\" role=\"img\" height=\"1em\" width=\"1em\" viewBox=\"0 0 512 512\" xmlns=\"http:\/\/www.w3.org\/2000\/svg\"><path fill=\"currentColor\" d=\"M256 8C119 8 8 119 8 256s111 248 248 248 248-111 248-248S393 8 256 8z\"><\/path><\/svg><\/span><span class=\"gb-text\">Hauptabar &#8222;Ydor&#8220; am Pool<\/span><\/span>\n<\/div>\n\n\n\n<div class=\"gb-accordion__content\" id=\"gb-accordion-content-73d6842f\">\n<div class=\"gb-element-53e3fefb\">\n<p class=\"has-surface-70-color has-text-color has-link-color wp-elements-26a2b34769a334ad2ae58dc41538df62\">\u00e4glich ge\u00f6ffnet von 10:00 bis 01:00 Uhr (AI endet um 24:00 Uhr).<\/p>\n\n\n\n<p class=\"has-surface-70-color has-text-color has-link-color wp-elements-4f97a08da12e13a3184852b1bd2c265e\">Von 10:00 bis 17:30 Uhr Eiscreme mit einer Auswahl verschiedener Geschmacksrichtungen<\/p>\n<\/div>\n<\/div>\n<\/div>\n\n\n\n<div class=\"gb-accordion__item gb-accordion__item-84262baa\">\n<div role=\"button\" tabindex=\"0\" class=\"gb-accordion__toggle gb-accordion__toggle-3115609f\" id=\"gb-accordion-toggle-3115609f\">\n<span class=\"gb-text-fc3267c3\"><span class=\"gb-shape\"><svg aria-hidden=\"true\" role=\"img\" height=\"1em\" width=\"1em\" viewBox=\"0 0 512 512\" xmlns=\"http:\/\/www.w3.org\/2000\/svg\"><path fill=\"currentColor\" d=\"M256 8C119 8 8 119 8 256s111 248 248 248 248-111 248-248S393 8 256 8z\"><\/path><\/svg><\/span><span class=\"gb-text\">Poolbar<\/span><\/span>\n<\/div>\n\n\n\n<div class=\"gb-accordion__content\" id=\"gb-accordion-content-0924768a\">\n<div class=\"gb-element-6274be97\">\n<p class=\"gb-text gb-text-2fc27d58\">T\u00e4glich ge\u00f6ffnet von 10:00 bis 17:30 Uhr<\/p>\n\n\n\n<p class=\"has-surface-70-color has-text-color has-link-color wp-elements-94239eec1d458479801d2bdd4c878d9c\">Lokale Spirituosen und bestimmte internationale Markenspirituosen, Filterkaffee und Tee, Bier, Rot- und Wei\u00dfwein des Hauses, S\u00e4fte und Softdrinks (im Glas) werden t\u00e4glich angeboten. Die perfekte Wahl, direkt neben dem Pool, um w\u00e4hrend einer Pause beim Schwimmen oder Sonnenbaden zu entspannen. Erholen Sie sich und genie\u00dfen Sie Cocktails, Kaffee und Softdrinks.<\/p>\n<\/div>\n<\/div>\n<\/div>\n\n\n\n<div class=\"gb-accordion__item gb-accordion__item-ad74cc9f\">\n<div role=\"button\" tabindex=\"0\" class=\"gb-accordion__toggle gb-accordion__toggle-a26ad45a\" id=\"gb-accordion-toggle-a26ad45a\">\n<span class=\"gb-text-ed071a59\"><span class=\"gb-shape\"><svg aria-hidden=\"true\" role=\"img\" height=\"1em\" width=\"1em\" viewBox=\"0 0 512 512\" xmlns=\"http:\/\/www.w3.org\/2000\/svg\"><path fill=\"currentColor\" d=\"M256 8C119 8 8 119 8 256s111 248 248 248 248-111 248-248S393 8 256 8z\"><\/path><\/svg><\/span><span class=\"gb-text\">In Zimmer<\/span><\/span>\n<\/div>\n\n\n\n<div class=\"gb-accordion__content\" id=\"gb-accordion-content-aa99daea\">\n<div class=\"gb-element-73b85020\">\n<p class=\"has-surface-70-color has-text-color has-link-color wp-elements-0deabfce1235579f8ed004ceeac6bdd2\">Wasserflasche bei Ankunft<br>T\u00e4gliche Auff\u00fcllung der Kaffeestation mit Kaffee, Tee, Milch und Zucker in allen Zimmertypen.<\/p>\n<\/div>\n<\/div>\n<\/div>\n<\/div>\n\n\n\n<p class=\"has-surface-70-color has-text-color has-link-color wp-elements-320849960510cc02839679c286b6cac9\">Das All-inclusive-Programm endet am Abreisetag um 18:00 Uhr.<\/p>\n<\/div>\n<\/div>\n<\/div>\n","protected":false},"excerpt":{"rendered":"<p>Das All-inclusive-Programm endet am Abreisetag um 18:00 Uhr.<\/p>\n","protected":false},"author":1,"featured_media":0,"parent":7977,"menu_order":0,"comment_status":"closed","ping_status":"closed","template":"","meta":{"_acf_changed":false,"footnotes":""},"class_list":["post-8125","page","type-page","status-publish"],"acf":{"description":"","menus":false},"_links":{"self":[{"href":"https:\/\/www.zeushotels.gr\/de\/wp-json\/wp\/v2\/pages\/8125","targetHints":{"allow":["GET"]}}],"collection":[{"href":"https:\/\/www.zeushotels.gr\/de\/wp-json\/wp\/v2\/pages"}],"about":[{"href":"https:\/\/www.zeushotels.gr\/de\/wp-json\/wp\/v2\/types\/page"}],"author":[{"embeddable":true,"href":"https:\/\/www.zeushotels.gr\/de\/wp-json\/wp\/v2\/users\/1"}],"replies":[{"embeddable":true,"href":"https:\/\/www.zeushotels.gr\/de\/wp-json\/wp\/v2\/comments?post=8125"}],"version-history":[{"count":1,"href":"https:\/\/www.zeushotels.gr\/de\/wp-json\/wp\/v2\/pages\/8125\/revisions"}],"predecessor-version":[{"id":8127,"href":"https:\/\/www.zeushotels.gr\/de\/wp-json\/wp\/v2\/pages\/8125\/revisions\/8127"}],"up":[{"embeddable":true,"href":"https:\/\/www.zeushotels.gr\/de\/wp-json\/wp\/v2\/pages\/7977"}],"wp:attachment":[{"href":"https:\/\/www.zeushotels.gr\/de\/wp-json\/wp\/v2\/media?parent=8125"}],"curies":[{"name":"wp","href":"https:\/\/api.w.org\/{rel}","templated":true}]}}