{"id":8136,"date":"2025-11-19T17:59:23","date_gmt":"2025-11-19T15:59:23","guid":{"rendered":"https:\/\/www.zeushotels.gr\/ydoria-resort\/press-release\/"},"modified":"2025-11-27T00:15:22","modified_gmt":"2025-11-26T22:15:22","slug":"katze","status":"publish","type":"page","link":"https:\/\/www.zeushotels.gr\/de\/ydoria-resort\/katze\/","title":{"rendered":"Katze"},"content":{"rendered":"\n<p><strong><strong>Kreta, Griechenland, 1.1.2025<\/strong><\/strong><\/p>\n\n\n\n<p>Wir freuen uns, bekannt geben zu k\u00f6nnen, dass das Ydoria Resort auf Kreta k\u00fcrzlich den Eigent\u00fcmer gewechselt hat und seit dem 1.1.2025 unter neuer Leitung steht. Das Hotel wurde von den bisherigen Eigent\u00fcmern MVG Single Members S.A. \u00fcbernommen und wird nun von Zeus Hotels S.A. gef\u00fchrt.<\/p>\n\n\n\n<p>Wir freuen uns darauf, unsere G\u00e4ste in unserem Hotel begr\u00fc\u00dfen zu d\u00fcrfen und ihnen die gewohnte griechische Gastfreundschaft zu bieten. Daran hat sich im Ydoria Resort nichts ge\u00e4ndert. Die Betreuung unserer G\u00e4ste hat f\u00fcr uns weiterhin oberste Priorit\u00e4t.<\/p>\n\n\n\n<p><strong><strong>\u00dcber Ydoria Resort<\/strong><\/strong><\/p>\n\n\n\n<p>Willkommen im Ydoria Resort, einem charmanten R\u00fcckzugsort in Adelianos Kambos, Rethymno. Wir bieten verschiedene Zimmertypen f\u00fcr einen komfortablen und individuellen Aufenthalt. Genie\u00dfen Sie unsere vier einladenden Pools, die zum Entspannen in ruhiger Atmosph\u00e4re einladen. Nur 200 Meter vom Strand und 6 km vom Zentrum von Rethymno entfernt, bieten unsere 190 modernen Zimmer vom gem\u00fctlichen Doppelzimmer bis zur ger\u00e4umigen Familiensuite mit eigenem Pool alles, was das Herz begehrt. Genie\u00dfen Sie griechische, mediterrane und internationale Gerichte in unserem Hauptrestaurant oder entspannen Sie an unseren Poolbars. Das Ydoria Resort ist ideal f\u00fcr romantische Kurzurlaube und Familienausfl\u00fcge und bietet einen Kinderclub, einen Spielplatz, ein Fitnessstudio, ein Spa und t\u00e4gliches Unterhaltungsprogramm.<\/p>\n\n\n\n<p>Weitere Informationen finden Sie unter:\u00a0<a href=\"https:\/\/www.zeushotels.gr\/ydoria\/overview.html\">Webseite: https:\/\/www.zeushotels.gr\/ydoria\/overview.html<\/a><\/p>\n\n\n\n<p>Kontakt:<\/p>\n\n\n\n<p><a href=\"tel:+302810398600\"><a href=\"tel:+302810398600\">Tel: +30 2810 398600<\/a><\/a><\/p>\n\n\n\n<p><a href=\"mailto:info@zeushotels.gr\"><a href=\"mailto:info@zeushotels.gr\">Email: info@zeushotels.gr<\/a><\/a><\/p>\n\n\n\n<p><a href=\"https:\/\/www.zeushotels.gr\/de\/ydoria-resort\/\">Webseite: https:\/\/www.zeushotels.gr\/de\/ydoria-resort\/<\/a><\/p>\n","protected":false},"excerpt":{"rendered":"<p>Kreta, Griechenland, 1.1.2025 Wir freuen uns, bekannt geben zu k\u00f6nnen, dass das Ydoria Resort auf Kreta k\u00fcrzlich den Eigent\u00fcmer gewechselt hat und seit dem 1.1.2025 unter neuer Leitung steht. Das Hotel wurde von den bisherigen Eigent\u00fcmern MVG Single Members S.A. \u00fcbernommen und wird nun von Zeus Hotels S.A. gef\u00fchrt. Wir freuen uns darauf, unsere G\u00e4ste &#8230; <a title=\"Katze\" class=\"read-more\" href=\"https:\/\/www.zeushotels.gr\/de\/ydoria-resort\/katze\/\" aria-label=\"Mehr Informationen \u00fcber Katze\">Weiterlesen<\/a><\/p>\n","protected":false},"author":1,"featured_media":0,"parent":7977,"menu_order":0,"comment_status":"closed","ping_status":"closed","template":"","meta":{"_acf_changed":false,"footnotes":""},"class_list":["post-8136","page","type-page","status-publish"],"acf":{"description":"","menus":false},"_links":{"self":[{"href":"https:\/\/www.zeushotels.gr\/de\/wp-json\/wp\/v2\/pages\/8136","targetHints":{"allow":["GET"]}}],"collection":[{"href":"https:\/\/www.zeushotels.gr\/de\/wp-json\/wp\/v2\/pages"}],"about":[{"href":"https:\/\/www.zeushotels.gr\/de\/wp-json\/wp\/v2\/types\/page"}],"author":[{"embeddable":true,"href":"https:\/\/www.zeushotels.gr\/de\/wp-json\/wp\/v2\/users\/1"}],"replies":[{"embeddable":true,"href":"https:\/\/www.zeushotels.gr\/de\/wp-json\/wp\/v2\/comments?post=8136"}],"version-history":[{"count":1,"href":"https:\/\/www.zeushotels.gr\/de\/wp-json\/wp\/v2\/pages\/8136\/revisions"}],"predecessor-version":[{"id":8137,"href":"https:\/\/www.zeushotels.gr\/de\/wp-json\/wp\/v2\/pages\/8136\/revisions\/8137"}],"up":[{"embeddable":true,"href":"https:\/\/www.zeushotels.gr\/de\/wp-json\/wp\/v2\/pages\/7977"}],"wp:attachment":[{"href":"https:\/\/www.zeushotels.gr\/de\/wp-json\/wp\/v2\/media?parent=8136"}],"curies":[{"name":"wp","href":"https:\/\/api.w.org\/{rel}","templated":true}]}}