{"id":8169,"date":"2025-11-19T22:43:41","date_gmt":"2025-11-19T20:43:41","guid":{"rendered":"https:\/\/www.zeushotels.gr\/innside-elounda\/dining\/"},"modified":"2026-01-19T21:40:48","modified_gmt":"2026-01-19T19:40:48","slug":"gastronomie-bars","status":"publish","type":"page","link":"https:\/\/www.zeushotels.gr\/de\/innside-elounda\/gastronomie-bars\/","title":{"rendered":"Gastronomie &amp; Bars"},"content":{"rendered":"\n<div class=\"gb-white-background gb-container-section-l gb-element-1db0d76d text-box\" id=\"welcome\">\n<h2 class=\"gb-text gb-text-1cfab037\">Gastronomie<\/h2>\n\n\n\n<div class=\"gb-element-9da7d55e\">\n<div class=\"gb-element-8192c3fc\">\n<img loading=\"lazy\" decoding=\"async\" width=\"1620\" height=\"1080\" class=\"gb-media-ff6e88f6\" src=\"https:\/\/www.zeushotels.gr\/wp-content\/uploads\/2025\/11\/innside-calydon-4.jpg\" title=\"innside-calydon (4)\" alt=\"\" srcset=\"https:\/\/www.zeushotels.gr\/wp-content\/uploads\/2025\/11\/innside-calydon-4.jpg 1620w, https:\/\/www.zeushotels.gr\/wp-content\/uploads\/2025\/11\/innside-calydon-4-800x533.jpg 800w, https:\/\/www.zeushotels.gr\/wp-content\/uploads\/2025\/11\/innside-calydon-4-1024x683.jpg 1024w, https:\/\/www.zeushotels.gr\/wp-content\/uploads\/2025\/11\/innside-calydon-4-600x400.jpg 600w, https:\/\/www.zeushotels.gr\/wp-content\/uploads\/2025\/11\/innside-calydon-4-768x512.jpg 768w, https:\/\/www.zeushotels.gr\/wp-content\/uploads\/2025\/11\/innside-calydon-4-1536x1024.jpg 1536w\" sizes=\"auto, (max-width: 1620px) 100vw, 1620px\" \/>\n<\/div>\n\n\n\n<div class=\"gb-element-cccc8c60\">\n<h2 class=\"gb-text gb-headline-h2 gb-text-2ba41748\">Calydon<\/h2>\n\n\n\n<p class=\"gb-text gb-text-9b261cce\">Genie\u00dfen Sie ein einzigartiges gastronomisches Erlebnis in Elounda. Authentische mediterrane K\u00fcche, zubereitet in einem Restaurant mit privilegierter Lage und Panoramablick.<\/p>\n<\/div>\n<\/div>\n<\/div>\n\n\n\n<div class=\"gb-element-64333bf1\">\n<div class=\"gb-element-a7bb032e\">\n<h2 class=\"gb-text gb-headline-h2 gb-text-dcd9447b\">\u00c0 la carte Harupi<\/h2>\n\n\n\n<p class=\"gb-text gb-text-c8de3dbc\">Text goes here<\/p>\n\n\n\n<h3 class=\"gb-text gb-text-aa2cc667\">Dinner<\/h3>\n\n\n\n<p class=\"gb-text gb-text-2fd156d2\">The dinner is served every day 19:00 &#8211; 23:00.<\/p>\n\n\n\n<div class=\"gb-element-cbd8a161\">\n<a class=\"gb-text gb-text-7511778b\" href=\"https:\/\/www.zeushotels.gr\/wp-content\/uploads\/2025\/11\/isla-menu.pdf\">Menu<\/a>\n<\/div>\n<\/div>\n\n\n\n<div class=\"gb-element-98bc0cf1\">\n<img loading=\"lazy\" decoding=\"async\" width=\"1620\" height=\"1080\" class=\"gb-media-c3054452\" src=\"https:\/\/www.zeushotels.gr\/wp-content\/uploads\/2025\/11\/innside-calydon-1.jpg\" title=\"innside-calydon (1)\" alt=\"\" srcset=\"https:\/\/www.zeushotels.gr\/wp-content\/uploads\/2025\/11\/innside-calydon-1.jpg 1620w, https:\/\/www.zeushotels.gr\/wp-content\/uploads\/2025\/11\/innside-calydon-1-800x533.jpg 800w, https:\/\/www.zeushotels.gr\/wp-content\/uploads\/2025\/11\/innside-calydon-1-1024x683.jpg 1024w, https:\/\/www.zeushotels.gr\/wp-content\/uploads\/2025\/11\/innside-calydon-1-600x400.jpg 600w, https:\/\/www.zeushotels.gr\/wp-content\/uploads\/2025\/11\/innside-calydon-1-768x512.jpg 768w, https:\/\/www.zeushotels.gr\/wp-content\/uploads\/2025\/11\/innside-calydon-1-1536x1024.jpg 1536w\" sizes=\"auto, (max-width: 1620px) 100vw, 1620px\" \/>\n<\/div>\n<\/div>\n\n\n\n<div class=\"gb-white-background gb-container-section-l gb-element-17b3414b text-box\" id=\"welcome\">\n<h2 class=\"gb-text gb-text-c467e595\">BARS<\/h2>\n\n\n\n<div class=\"gb-element-c0e28317\">\n<div class=\"gb-element-a9871f0d\">\n<img loading=\"lazy\" decoding=\"async\" width=\"1620\" height=\"1080\" class=\"gb-media-9098bac6\" src=\"https:\/\/www.zeushotels.gr\/wp-content\/uploads\/2025\/12\/DSC00752-HDR-Edit_resized.jpg\" title=\"Lobby_Bar\" alt=\"Lobby_Bar\" srcset=\"https:\/\/www.zeushotels.gr\/wp-content\/uploads\/2025\/12\/DSC00752-HDR-Edit_resized.jpg 1620w, https:\/\/www.zeushotels.gr\/wp-content\/uploads\/2025\/12\/DSC00752-HDR-Edit_resized-800x533.jpg 800w, https:\/\/www.zeushotels.gr\/wp-content\/uploads\/2025\/12\/DSC00752-HDR-Edit_resized-1024x683.jpg 1024w, https:\/\/www.zeushotels.gr\/wp-content\/uploads\/2025\/12\/DSC00752-HDR-Edit_resized-600x400.jpg 600w, https:\/\/www.zeushotels.gr\/wp-content\/uploads\/2025\/12\/DSC00752-HDR-Edit_resized-768x512.jpg 768w, https:\/\/www.zeushotels.gr\/wp-content\/uploads\/2025\/12\/DSC00752-HDR-Edit_resized-1536x1024.jpg 1536w, https:\/\/www.zeushotels.gr\/wp-content\/uploads\/2025\/12\/DSC00752-HDR-Edit_resized-2048x1366.jpg 2048w\" sizes=\"auto, (max-width: 1620px) 100vw, 1620px\" \/>\n<\/div>\n\n\n\n<div class=\"gb-element-8a05c28d\">\n<h2 class=\"gb-text gb-headline-h2 gb-text-c9e6ec35\">Lobby Bar<\/h2>\n\n\n\n<p class=\"gb-text gb-text-61b256c8\">Sie brauchen eine Pause? Ein Raum im Retro-Stil mit Blick auf den Garten, in dem Sie Ihr Lieblingsgetr\u00e4nk genie\u00dfen k\u00f6nnen. Nutzen Sie die gro\u00dfartige Atmosph\u00e4re, um eine gro\u00dfartige Zeit zu verbringen, entweder allein oder in Gesellschaft.<\/p>\n<\/div>\n<\/div>\n<\/div>\n\n\n\n<div class=\"gb-container-section-l gb-element-10756c8c text-box\">\n<div class=\"gb-element-d5644644\">\n<div class=\"gb-element-be8402a5\">\n<h2 class=\"gb-text gb-headline-h2 gb-text-62cfed42\">Pool Bar<\/h2>\n\n\n\n<p class=\"gb-text gb-text-4ab5f712\">Genie\u00dfen Sie einen Drink mit uns! Bringen Sie Ihr Handtuch mit und legen Sie es auf die Sonnenliege, w\u00e4hrend Sie sich zweimal abk\u00fchlen. Nehmen Sie ein Bad, w\u00e4hrend Sie einen der k\u00f6stlichen Cocktails in unserer Poolbar genie\u00dfen.<\/p>\n<\/div>\n\n\n\n<div class=\"gb-element-9d840ffc\">\n<img loading=\"lazy\" decoding=\"async\" width=\"1620\" height=\"1080\" class=\"gb-media-fb67a319\" src=\"https:\/\/www.zeushotels.gr\/wp-content\/uploads\/2025\/11\/innside-pool-bar.jpg\" title=\"innside-pool-bar\" alt=\"\" srcset=\"https:\/\/www.zeushotels.gr\/wp-content\/uploads\/2025\/11\/innside-pool-bar.jpg 1620w, https:\/\/www.zeushotels.gr\/wp-content\/uploads\/2025\/11\/innside-pool-bar-800x533.jpg 800w, https:\/\/www.zeushotels.gr\/wp-content\/uploads\/2025\/11\/innside-pool-bar-1024x683.jpg 1024w, https:\/\/www.zeushotels.gr\/wp-content\/uploads\/2025\/11\/innside-pool-bar-600x400.jpg 600w, https:\/\/www.zeushotels.gr\/wp-content\/uploads\/2025\/11\/innside-pool-bar-768x512.jpg 768w, https:\/\/www.zeushotels.gr\/wp-content\/uploads\/2025\/11\/innside-pool-bar-1536x1024.jpg 1536w\" sizes=\"auto, (max-width: 1620px) 100vw, 1620px\" \/>\n<\/div>\n<\/div>\n<\/div>\n","protected":false},"excerpt":{"rendered":"<p>Enjoy your breakfast, lunch and dinner indoors or outdoors with magnificent views to the dazzling blue sea at the hotel&#8217;s main restaurant.<\/p>\n","protected":false},"author":1,"featured_media":8762,"parent":8146,"menu_order":0,"comment_status":"closed","ping_status":"closed","template":"","meta":{"_acf_changed":false,"footnotes":""},"class_list":["post-8169","page","type-page","status-publish","has-post-thumbnail"],"acf":{"description":"","menus":false},"_links":{"self":[{"href":"https:\/\/www.zeushotels.gr\/de\/wp-json\/wp\/v2\/pages\/8169","targetHints":{"allow":["GET"]}}],"collection":[{"href":"https:\/\/www.zeushotels.gr\/de\/wp-json\/wp\/v2\/pages"}],"about":[{"href":"https:\/\/www.zeushotels.gr\/de\/wp-json\/wp\/v2\/types\/page"}],"author":[{"embeddable":true,"href":"https:\/\/www.zeushotels.gr\/de\/wp-json\/wp\/v2\/users\/1"}],"replies":[{"embeddable":true,"href":"https:\/\/www.zeushotels.gr\/de\/wp-json\/wp\/v2\/comments?post=8169"}],"version-history":[{"count":4,"href":"https:\/\/www.zeushotels.gr\/de\/wp-json\/wp\/v2\/pages\/8169\/revisions"}],"predecessor-version":[{"id":9989,"href":"https:\/\/www.zeushotels.gr\/de\/wp-json\/wp\/v2\/pages\/8169\/revisions\/9989"}],"up":[{"embeddable":true,"href":"https:\/\/www.zeushotels.gr\/de\/wp-json\/wp\/v2\/pages\/8146"}],"wp:featuredmedia":[{"embeddable":true,"href":"https:\/\/www.zeushotels.gr\/de\/wp-json\/wp\/v2\/media\/8762"}],"wp:attachment":[{"href":"https:\/\/www.zeushotels.gr\/de\/wp-json\/wp\/v2\/media?parent=8169"}],"curies":[{"name":"wp","href":"https:\/\/api.w.org\/{rel}","templated":true}]}}