{"id":8198,"date":"2025-11-19T23:42:24","date_gmt":"2025-11-19T21:42:24","guid":{"rendered":"https:\/\/www.zeushotels.gr\/palm-beach\/dining\/"},"modified":"2026-01-19T22:18:28","modified_gmt":"2026-01-19T20:18:28","slug":"gastronomie-bars","status":"publish","type":"page","link":"https:\/\/www.zeushotels.gr\/de\/palm-beach\/gastronomie-bars\/","title":{"rendered":"Gastronomie &amp; Bars"},"content":{"rendered":"\n<div class=\"gb-white-background gb-container-section-l gb-element-1db0d76d text-box\" id=\"welcome\">\n<h2 class=\"gb-text gb-text-c467e595\">Gastronomie<\/h2>\n\n\n\n<div class=\"gb-element-9da7d55e\">\n<div class=\"gb-element-8192c3fc\">\n<img loading=\"lazy\" decoding=\"async\" width=\"1618\" height=\"1080\" class=\"gb-media-ff6e88f6\" src=\"https:\/\/www.zeushotels.gr\/wp-content\/uploads\/2025\/11\/palm-beach-Restaurant-terrace-2.jpg\" title=\"palm-beach-Restaurant terrace (2)\" alt=\"\" srcset=\"https:\/\/www.zeushotels.gr\/wp-content\/uploads\/2025\/11\/palm-beach-Restaurant-terrace-2.jpg 1618w, https:\/\/www.zeushotels.gr\/wp-content\/uploads\/2025\/11\/palm-beach-Restaurant-terrace-2-800x534.jpg 800w, https:\/\/www.zeushotels.gr\/wp-content\/uploads\/2025\/11\/palm-beach-Restaurant-terrace-2-1024x684.jpg 1024w, https:\/\/www.zeushotels.gr\/wp-content\/uploads\/2025\/11\/palm-beach-Restaurant-terrace-2-600x400.jpg 600w, https:\/\/www.zeushotels.gr\/wp-content\/uploads\/2025\/11\/palm-beach-Restaurant-terrace-2-768x513.jpg 768w, https:\/\/www.zeushotels.gr\/wp-content\/uploads\/2025\/11\/palm-beach-Restaurant-terrace-2-1536x1025.jpg 1536w\" sizes=\"auto, (max-width: 1618px) 100vw, 1618px\" \/>\n<\/div>\n\n\n\n<div class=\"gb-element-cccc8c60\">\n<h2 class=\"gb-text gb-headline-h2 gb-text-2ba41748\">Hauptrestaurant<\/h2>\n\n\n\n<p class=\"gb-text gb-text-9b261cce\">G\u00e4ste jeden Alters genie\u00dfen k\u00f6stliche kretische und mediterrane Gerichte, inspirierte Getr\u00e4nke und Cocktails und bewundern dabei die atemberaubende Aussicht. Ob im Hauptrestaurant oder an der Haupt- oder Poolbar vom fr\u00fchen Morgen bis zum sp\u00e4ten Abend serviert, k\u00f6nnen Sie k\u00f6stliche lokale Spezialit\u00e4ten, exzellenten Service und herzliche Gastfreundschaft genie\u00dfen. Die verwendeten Rohstoffe sind von hoher Qualit\u00e4t, haupts\u00e4chlich von griechischen Produzenten, mit dem Ziel, die lokale Produktion zu unterst\u00fctzen. Erleben Sie kulinarische Abwechslung und Wohlf\u00fchlmomente in Ihrem Urlaub!<\/p>\n\n\n\n<h3 class=\"gb-text gb-text-0d99e6c5\">Betriebszeiten<\/h3>\n\n\n\n<p class=\"gb-text gb-text-8a24f5d0\">Fr\u00fchst\u00fcck: 08:00 &#8211; 11:15 Uhr. Abendessen: 19:00 &#8211; 21:30 Uhr<\/p>\n<\/div>\n<\/div>\n<\/div>\n\n\n\n<div class=\"gb-white-background gb-container-section-l gb-element-17b3414b text-box\" id=\"welcome\">\n<h2 class=\"gb-text gb-text-87fd4013\">BARS<\/h2>\n\n\n\n<div class=\"gb-element-c0e28317\">\n<div class=\"gb-element-a9871f0d\">\n<img loading=\"lazy\" decoding=\"async\" width=\"721\" height=\"1080\" class=\"gb-media-9098bac6\" src=\"https:\/\/www.zeushotels.gr\/wp-content\/uploads\/2025\/11\/palm-beach-Pool-Bar-scaled.jpg\" title=\"palm-beach-Main Bar (6)\" alt=\"\" srcset=\"https:\/\/www.zeushotels.gr\/wp-content\/uploads\/2025\/11\/palm-beach-Pool-Bar-scaled.jpg 721w, https:\/\/www.zeushotels.gr\/wp-content\/uploads\/2025\/11\/palm-beach-Pool-Bar-534x800.jpg 534w, https:\/\/www.zeushotels.gr\/wp-content\/uploads\/2025\/11\/palm-beach-Pool-Bar-684x1024.jpg 684w, https:\/\/www.zeushotels.gr\/wp-content\/uploads\/2025\/11\/palm-beach-Pool-Bar-768x1151.jpg 768w, https:\/\/www.zeushotels.gr\/wp-content\/uploads\/2025\/11\/palm-beach-Pool-Bar-1025x1536.jpg 1025w, https:\/\/www.zeushotels.gr\/wp-content\/uploads\/2025\/11\/palm-beach-Pool-Bar-1367x2048.jpg 1367w\" sizes=\"auto, (max-width: 721px) 100vw, 721px\" \/>\n<\/div>\n\n\n\n<div class=\"gb-element-8a05c28d\">\n<h2 class=\"gb-text gb-headline-h2 gb-text-62cfed42\">Pool-Snackbar<\/h2>\n\n\n\n<p class=\"gb-text gb-text-4ab5f712\">\u00d6ffnungszeiten: 10:00 &#8211; 18:00 Uhr<\/p>\n<\/div>\n<\/div>\n<\/div>\n\n\n\n<div class=\"gb-container-section-l gb-element-10756c8c text-box\">\n<div class=\"gb-element-d5644644\">\n<div class=\"gb-element-be8402a5\">\n<h2 class=\"gb-text gb-headline-h2 gb-text-c9e6ec35\">Hauptbar<\/h2>\n\n\n\n<p class=\"gb-text gb-text-61b256c8\">\u00d6ffnungszeiten: 10:00 &#8211; 23:00 Uhr<\/p>\n<\/div>\n\n\n\n<div class=\"gb-element-9d840ffc\">\n<img decoding=\"async\" class=\"gb-media-fb67a319\" src=\"https:\/\/www.zeushotels.gr\/wp-content\/uploads\/2025\/11\/palm-beach-Main-Bar-6.jpg\" title=\"palm-beach-Pool Bar\" alt=\"\"\/>\n<\/div>\n<\/div>\n<\/div>\n","protected":false},"excerpt":{"rendered":"<p>Enjoy your breakfast, lunch and dinner indoors or outdoors with magnificent views to the dazzling blue sea at the hotel&#8217;s main restaurant.<\/p>\n","protected":false},"author":1,"featured_media":6601,"parent":8179,"menu_order":0,"comment_status":"closed","ping_status":"closed","template":"","meta":{"_acf_changed":false,"footnotes":""},"class_list":["post-8198","page","type-page","status-publish","has-post-thumbnail"],"acf":{"description":"","menus":false},"_links":{"self":[{"href":"https:\/\/www.zeushotels.gr\/de\/wp-json\/wp\/v2\/pages\/8198","targetHints":{"allow":["GET"]}}],"collection":[{"href":"https:\/\/www.zeushotels.gr\/de\/wp-json\/wp\/v2\/pages"}],"about":[{"href":"https:\/\/www.zeushotels.gr\/de\/wp-json\/wp\/v2\/types\/page"}],"author":[{"embeddable":true,"href":"https:\/\/www.zeushotels.gr\/de\/wp-json\/wp\/v2\/users\/1"}],"replies":[{"embeddable":true,"href":"https:\/\/www.zeushotels.gr\/de\/wp-json\/wp\/v2\/comments?post=8198"}],"version-history":[{"count":3,"href":"https:\/\/www.zeushotels.gr\/de\/wp-json\/wp\/v2\/pages\/8198\/revisions"}],"predecessor-version":[{"id":9994,"href":"https:\/\/www.zeushotels.gr\/de\/wp-json\/wp\/v2\/pages\/8198\/revisions\/9994"}],"up":[{"embeddable":true,"href":"https:\/\/www.zeushotels.gr\/de\/wp-json\/wp\/v2\/pages\/8179"}],"wp:featuredmedia":[{"embeddable":true,"href":"https:\/\/www.zeushotels.gr\/de\/wp-json\/wp\/v2\/media\/6601"}],"wp:attachment":[{"href":"https:\/\/www.zeushotels.gr\/de\/wp-json\/wp\/v2\/media?parent=8198"}],"curies":[{"name":"wp","href":"https:\/\/api.w.org\/{rel}","templated":true}]}}