{"id":8210,"date":"2025-11-19T23:42:59","date_gmt":"2025-11-19T21:42:59","guid":{"rendered":"https:\/\/www.zeushotels.gr\/palm-beach\/services-facilities\/"},"modified":"2025-11-27T01:18:51","modified_gmt":"2025-11-26T23:18:51","slug":"services-facilities","status":"publish","type":"page","link":"https:\/\/www.zeushotels.gr\/de\/palm-beach\/services-facilities\/","title":{"rendered":"Dienstleistungen &amp; Einrichtungen"},"content":{"rendered":"\n<div class=\"gb-white-background gb-container-section-l gb-element-1db0d76d text-box\" id=\"welcome\">\n<div class=\"gb-element-9da7d55e\">\n<div class=\"gb-element-8192c3fc\">\n<img loading=\"lazy\" decoding=\"async\" width=\"1618\" height=\"1080\" class=\"gb-media-ff6e88f6\" src=\"https:\/\/www.zeushotels.gr\/wp-content\/uploads\/2025\/11\/palm-beach-Pool-Bar-2.jpg\" title=\"palm-beach-Pool Bar (2)\" alt=\"\" srcset=\"https:\/\/www.zeushotels.gr\/wp-content\/uploads\/2025\/11\/palm-beach-Pool-Bar-2.jpg 1618w, https:\/\/www.zeushotels.gr\/wp-content\/uploads\/2025\/11\/palm-beach-Pool-Bar-2-800x534.jpg 800w, https:\/\/www.zeushotels.gr\/wp-content\/uploads\/2025\/11\/palm-beach-Pool-Bar-2-1024x684.jpg 1024w, https:\/\/www.zeushotels.gr\/wp-content\/uploads\/2025\/11\/palm-beach-Pool-Bar-2-600x400.jpg 600w, https:\/\/www.zeushotels.gr\/wp-content\/uploads\/2025\/11\/palm-beach-Pool-Bar-2-768x513.jpg 768w, https:\/\/www.zeushotels.gr\/wp-content\/uploads\/2025\/11\/palm-beach-Pool-Bar-2-1536x1025.jpg 1536w\" sizes=\"auto, (max-width: 1618px) 100vw, 1618px\" \/>\n<\/div>\n\n\n\n<div class=\"gb-element-cccc8c60\">\n<div class=\"gb-accordion zeus-accordion\">\n<div class=\"gb-accordion__item gb-accordion__item-6a076f2f gb-accordion__item-open\">\n<div role=\"button\" tabindex=\"0\" class=\"gb-accordion__toggle gb-accordion__toggle-7f52f785 gb-block-is-current\" id=\"gb-accordion-toggle-7f52f785\">\n<span class=\"gb-text-1be42ea5\"><span class=\"gb-shape\"><svg aria-hidden=\"true\" role=\"img\" height=\"1em\" width=\"1em\" viewBox=\"0 0 512 512\" xmlns=\"http:\/\/www.w3.org\/2000\/svg\"><path fill=\"currentColor\" d=\"M256 8C119 8 8 119 8 256s111 248 248 248 248-111 248-248S393 8 256 8z\"><\/path><\/svg><\/span><span class=\"gb-text\">G\u00e4ste-serviceleistungen<\/span><\/span>\n<\/div>\n\n\n\n<div class=\"gb-accordion__content\" id=\"gb-accordion-content-d7481e1b\">\n<div class=\"gb-element-2079fb9c\">\n<div>\n<ul class=\"wp-block-list has-surface-70-color has-text-color has-link-color wp-elements-208fb65ac057b1821bae13d3ea329a73\">\n<li>WLAN (kostenlos) in \u00f6ffentlichen Bereichen<\/li>\n\n\n\n<li>Gep\u00e4ckraum<\/li>\n\n\n\n<li>Aufzug<\/li>\n<\/ul>\n<\/div>\n<\/div>\n<\/div>\n<\/div>\n\n\n\n<div class=\"gb-accordion__item gb-accordion__item-5a3f4533\">\n<div role=\"button\" tabindex=\"0\" class=\"gb-accordion__toggle gb-accordion__toggle-749ec945\" id=\"gb-accordion-toggle-749ec945\">\n<span class=\"gb-text-e89640a9\"><span class=\"gb-shape\"><svg aria-hidden=\"true\" role=\"img\" height=\"1em\" width=\"1em\" viewBox=\"0 0 512 512\" xmlns=\"http:\/\/www.w3.org\/2000\/svg\"><path fill=\"currentColor\" d=\"M256 8C119 8 8 119 8 256s111 248 248 248 248-111 248-248S393 8 256 8z\"><\/path><\/svg><\/span><span class=\"gb-text\">Freizeit &amp; Sport<\/span><\/span>\n<\/div>\n\n\n\n<div class=\"gb-accordion__content\" id=\"gb-accordion-content-73d6842f\">\n<div class=\"gb-element-53e3fefb\">\n<ul class=\"wp-block-list has-surface-70-color has-text-color has-link-color wp-elements-da1f6fb2646eb30a9f7673e8fe56a4fd\">\n<li>Au\u00dfenpool &#8211; S\u00fc\u00dfwasser<\/li>\n\n\n\n<li>Liegest\u00fchle und Sonnenschirme rund um den Poolbereich<\/li>\n\n\n\n<li>Sandstrand &#8211; direkter Zugang<\/li>\n<\/ul>\n<\/div>\n<\/div>\n<\/div>\n\n\n\n<div class=\"gb-accordion__item gb-accordion__item-84262baa\">\n<div role=\"button\" tabindex=\"0\" class=\"gb-accordion__toggle gb-accordion__toggle-3115609f\" id=\"gb-accordion-toggle-3115609f\">\n<span class=\"gb-text-fc3267c3\"><span class=\"gb-shape\"><svg aria-hidden=\"true\" role=\"img\" height=\"1em\" width=\"1em\" viewBox=\"0 0 512 512\" xmlns=\"http:\/\/www.w3.org\/2000\/svg\"><path fill=\"currentColor\" d=\"M256 8C119 8 8 119 8 256s111 248 248 248 248-111 248-248S393 8 256 8z\"><\/path><\/svg><\/span><span class=\"gb-text\">Gastronomie &amp; Bars<\/span><\/span>\n<\/div>\n\n\n\n<div class=\"gb-accordion__content\" id=\"gb-accordion-content-0924768a\">\n<div class=\"gb-element-6274be97\">\n<ul class=\"wp-block-list has-surface-70-color has-text-color has-link-color wp-elements-8d058b002f4425e7c1234cb701d3831a\">\n<li>Hauptrestaurant<\/li>\n\n\n\n<li>Hauptbar<\/li>\n\n\n\n<li>Poolbar<\/li>\n<\/ul>\n<\/div>\n<\/div>\n<\/div>\n\n\n\n<div class=\"gb-accordion__item gb-accordion__item-ad74cc9f\">\n<div role=\"button\" tabindex=\"0\" class=\"gb-accordion__toggle gb-accordion__toggle-a26ad45a\" id=\"gb-accordion-toggle-a26ad45a\">\n<span class=\"gb-text-ed071a59\"><span class=\"gb-shape\"><svg aria-hidden=\"true\" role=\"img\" height=\"1em\" width=\"1em\" viewBox=\"0 0 512 512\" xmlns=\"http:\/\/www.w3.org\/2000\/svg\"><path fill=\"currentColor\" d=\"M256 8C119 8 8 119 8 256s111 248 248 248 248-111 248-248S393 8 256 8z\"><\/path><\/svg><\/span><span class=\"gb-text\">Hotelrichtlinie<\/span><\/span>\n<\/div>\n\n\n\n<div class=\"gb-accordion__content\" id=\"gb-accordion-content-aa99daea\">\n<div class=\"gb-element-73b85020\">\n<ul class=\"wp-block-list has-surface-70-color has-text-color has-link-color wp-elements-c10ebb724c076ac6704c40240a2afdd8\">\n<li>Check-In: 15:00<\/li>\n\n\n\n<li>Check-Out: 11:00<\/li>\n\n\n\n<li>Bei Ankunft erhalten alle G\u00e4ste antiallergische Armb\u00e4nder, die w\u00e4hrend ihres Aufenthalts zu tragen sind<\/li>\n\n\n\n<li>Akzeptierte Kreditkarten: MasterCard, Visa, Maestro<\/li>\n\n\n\n<li>Pers\u00f6nliche Schecks werden nicht akzeptiert<\/li>\n\n\n\n<li>Hunde sind im Hotel nicht erlaubt<\/li>\n\n\n\n<li>Aktivit\u00e4ten k\u00f6nnen abweichen oder variieren \/ \u00c4nderungen vorbehalten<\/li>\n<\/ul>\n\n\n\n<p class=\"has-surface-70-color has-text-color has-link-color wp-elements-eea730553897fa588b4ee2dcdedab429\">*\u00a0Services require extra charge, payable locally<\/p>\n<\/div>\n<\/div>\n<\/div>\n<\/div>\n<\/div>\n<\/div>\n<\/div>\n","protected":false},"excerpt":{"rendered":"","protected":false},"author":1,"featured_media":0,"parent":8179,"menu_order":0,"comment_status":"closed","ping_status":"closed","template":"","meta":{"_acf_changed":false,"footnotes":""},"class_list":["post-8210","page","type-page","status-publish"],"acf":{"description":"","menus":false},"_links":{"self":[{"href":"https:\/\/www.zeushotels.gr\/de\/wp-json\/wp\/v2\/pages\/8210","targetHints":{"allow":["GET"]}}],"collection":[{"href":"https:\/\/www.zeushotels.gr\/de\/wp-json\/wp\/v2\/pages"}],"about":[{"href":"https:\/\/www.zeushotels.gr\/de\/wp-json\/wp\/v2\/types\/page"}],"author":[{"embeddable":true,"href":"https:\/\/www.zeushotels.gr\/de\/wp-json\/wp\/v2\/users\/1"}],"replies":[{"embeddable":true,"href":"https:\/\/www.zeushotels.gr\/de\/wp-json\/wp\/v2\/comments?post=8210"}],"version-history":[{"count":1,"href":"https:\/\/www.zeushotels.gr\/de\/wp-json\/wp\/v2\/pages\/8210\/revisions"}],"predecessor-version":[{"id":8212,"href":"https:\/\/www.zeushotels.gr\/de\/wp-json\/wp\/v2\/pages\/8210\/revisions\/8212"}],"up":[{"embeddable":true,"href":"https:\/\/www.zeushotels.gr\/de\/wp-json\/wp\/v2\/pages\/8179"}],"wp:attachment":[{"href":"https:\/\/www.zeushotels.gr\/de\/wp-json\/wp\/v2\/media?parent=8210"}],"curies":[{"name":"wp","href":"https:\/\/api.w.org\/{rel}","templated":true}]}}