{"id":8243,"date":"2025-11-20T10:58:06","date_gmt":"2025-11-20T08:58:06","guid":{"rendered":"https:\/\/www.zeushotels.gr\/el-greco\/dining\/"},"modified":"2025-11-27T01:30:58","modified_gmt":"2025-11-26T23:30:58","slug":"gastronomie","status":"publish","type":"page","link":"https:\/\/www.zeushotels.gr\/de\/el-greco\/gastronomie\/","title":{"rendered":"Gastronomie"},"content":{"rendered":"\n<div class=\"gb-white-background gb-container-section-l gb-element-1db0d76d text-box\" id=\"welcome\">\n<h2 class=\"gb-text gb-text-c467e595\">Gastronomie<\/h2>\n\n\n\n<div class=\"gb-element-9da7d55e\">\n<div class=\"gb-element-8192c3fc\">\n<img loading=\"lazy\" decoding=\"async\" width=\"1618\" height=\"1080\" class=\"gb-media-ff6e88f6\" src=\"https:\/\/www.zeushotels.gr\/wp-content\/uploads\/2025\/11\/el-greco-VSJ_6721.jpg\" title=\"el-greco-VSJ_6721\" alt=\"\" srcset=\"https:\/\/www.zeushotels.gr\/wp-content\/uploads\/2025\/11\/el-greco-VSJ_6721.jpg 1618w, https:\/\/www.zeushotels.gr\/wp-content\/uploads\/2025\/11\/el-greco-VSJ_6721-800x534.jpg 800w, https:\/\/www.zeushotels.gr\/wp-content\/uploads\/2025\/11\/el-greco-VSJ_6721-1024x684.jpg 1024w, https:\/\/www.zeushotels.gr\/wp-content\/uploads\/2025\/11\/el-greco-VSJ_6721-600x400.jpg 600w, https:\/\/www.zeushotels.gr\/wp-content\/uploads\/2025\/11\/el-greco-VSJ_6721-768x513.jpg 768w, https:\/\/www.zeushotels.gr\/wp-content\/uploads\/2025\/11\/el-greco-VSJ_6721-1536x1025.jpg 1536w\" sizes=\"auto, (max-width: 1618px) 100vw, 1618px\" \/>\n<\/div>\n\n\n\n<div class=\"gb-element-cccc8c60\">\n<p class=\"gb-text gb-text-9b261cce\">Beginnen Sie Ihren Tag im El Greco Hotel mit einem k\u00f6stlichen kontinentalen Fr\u00fchst\u00fcck und erkunden Sie die pulsierende Stadt Heraklion, reich an Geschichte, Kultur und atemberaubenden Sehensw\u00fcrdigkeiten.<\/p>\n<\/div>\n<\/div>\n<\/div>\n","protected":false},"excerpt":{"rendered":"<p>Enjoy your breakfast, lunch and dinner indoors or outdoors with magnificent views to the dazzling blue sea at the hotel&#8217;s main restaurant.<\/p>\n","protected":false},"author":1,"featured_media":6699,"parent":8220,"menu_order":0,"comment_status":"closed","ping_status":"closed","template":"","meta":{"_acf_changed":false,"footnotes":""},"class_list":["post-8243","page","type-page","status-publish","has-post-thumbnail"],"acf":{"description":"","menus":false},"_links":{"self":[{"href":"https:\/\/www.zeushotels.gr\/de\/wp-json\/wp\/v2\/pages\/8243","targetHints":{"allow":["GET"]}}],"collection":[{"href":"https:\/\/www.zeushotels.gr\/de\/wp-json\/wp\/v2\/pages"}],"about":[{"href":"https:\/\/www.zeushotels.gr\/de\/wp-json\/wp\/v2\/types\/page"}],"author":[{"embeddable":true,"href":"https:\/\/www.zeushotels.gr\/de\/wp-json\/wp\/v2\/users\/1"}],"replies":[{"embeddable":true,"href":"https:\/\/www.zeushotels.gr\/de\/wp-json\/wp\/v2\/comments?post=8243"}],"version-history":[{"count":1,"href":"https:\/\/www.zeushotels.gr\/de\/wp-json\/wp\/v2\/pages\/8243\/revisions"}],"predecessor-version":[{"id":8244,"href":"https:\/\/www.zeushotels.gr\/de\/wp-json\/wp\/v2\/pages\/8243\/revisions\/8244"}],"up":[{"embeddable":true,"href":"https:\/\/www.zeushotels.gr\/de\/wp-json\/wp\/v2\/pages\/8220"}],"wp:featuredmedia":[{"embeddable":true,"href":"https:\/\/www.zeushotels.gr\/de\/wp-json\/wp\/v2\/media\/6699"}],"wp:attachment":[{"href":"https:\/\/www.zeushotels.gr\/de\/wp-json\/wp\/v2\/media?parent=8243"}],"curies":[{"name":"wp","href":"https:\/\/api.w.org\/{rel}","templated":true}]}}