{"id":8294,"date":"2025-11-20T20:31:36","date_gmt":"2025-11-20T18:31:36","guid":{"rendered":"https:\/\/www.zeushotels.gr\/sol-cosmopolitan\/dining\/"},"modified":"2026-01-19T22:24:42","modified_gmt":"2026-01-19T20:24:42","slug":"gastronomie-bars","status":"publish","type":"page","link":"https:\/\/www.zeushotels.gr\/de\/sol-cosmopolitan\/gastronomie-bars\/","title":{"rendered":"Gastronomie &amp; Bars"},"content":{"rendered":"\n<div class=\"gb-white-background gb-container-section-l gb-element-1db0d76d text-box\" id=\"welcome\">\n<h2 class=\"gb-text gb-text-c467e595\">Gastronomie<\/h2>\n\n\n\n<div class=\"gb-element-9da7d55e\">\n<div class=\"gb-element-8192c3fc\">\n<img loading=\"lazy\" decoding=\"async\" width=\"1618\" height=\"1080\" class=\"gb-media-ff6e88f6\" src=\"https:\/\/www.zeushotels.gr\/wp-content\/uploads\/2025\/11\/13-SOL-Cosmopolitan-Main-Restaurant.jpg\" title=\"13 SOL Cosmopolitan - Main Restaurant\" alt=\"\" srcset=\"https:\/\/www.zeushotels.gr\/wp-content\/uploads\/2025\/11\/13-SOL-Cosmopolitan-Main-Restaurant.jpg 1618w, https:\/\/www.zeushotels.gr\/wp-content\/uploads\/2025\/11\/13-SOL-Cosmopolitan-Main-Restaurant-800x534.jpg 800w, https:\/\/www.zeushotels.gr\/wp-content\/uploads\/2025\/11\/13-SOL-Cosmopolitan-Main-Restaurant-1024x684.jpg 1024w, https:\/\/www.zeushotels.gr\/wp-content\/uploads\/2025\/11\/13-SOL-Cosmopolitan-Main-Restaurant-600x400.jpg 600w, https:\/\/www.zeushotels.gr\/wp-content\/uploads\/2025\/11\/13-SOL-Cosmopolitan-Main-Restaurant-768x513.jpg 768w, https:\/\/www.zeushotels.gr\/wp-content\/uploads\/2025\/11\/13-SOL-Cosmopolitan-Main-Restaurant-1536x1025.jpg 1536w\" sizes=\"auto, (max-width: 1618px) 100vw, 1618px\" \/>\n<\/div>\n\n\n\n<div class=\"gb-element-cccc8c60\">\n<h2 class=\"gb-text gb-headline-h2 gb-text-2ba41748\">Hauptrestaurant<\/h2>\n\n\n\n<p class=\"gb-text gb-text-9b261cce\">Reichhaltige frische Buffets zum Fr\u00fchst\u00fcck, Mittag- und Abendessen im Hauptrestaurant reichen von frischem Obst bis zu appetitlichen warmen Mahlzeiten, die drinnen oder drau\u00dfen mit herrlichem Blick auf das funkelnde Meer oder den ber\u00fchmten Ixian-Sonnenuntergang genossen werden k\u00f6nnen.<\/p>\n\n\n\n<h3 class=\"gb-text gb-text-0d99e6c5\">Fr\u00fchst\u00fcck In Buffetform<\/h3>\n\n\n\n<p class=\"gb-text gb-text-8a24f5d0\">F\u00fcr den besten Start in den Tag w\u00e4hlen Sie das Fr\u00fchst\u00fcck vom amerikanischen Buffet mit Live-Kochen, verf\u00fcgbar zwischen 07:00 und 10:00 Uhr. F\u00fcr Langschl\u00e4fer wird bis 10:30 Uhr ein kontinentales Fr\u00fchst\u00fcck serviert.<\/p>\n\n\n\n<h3 class=\"gb-text gb-text-4c14f06f\">Mittagessen In Buffetform<\/h3>\n\n\n\n<p class=\"gb-text gb-text-bfbc4836\">Bunte Salate, \u00fcppige Hauptgerichte mit Optionen f\u00fcr Vegetarier und Kinder, k\u00f6stliche Fr\u00fcchte und Desserts werden zum Mittagessen von 12:30 bis 14:30 Uhr angeboten.<\/p>\n\n\n\n<h3 class=\"gb-text gb-text-879619be\">Abendessen In Buffetform<\/h3>\n\n\n\n<p class=\"gb-text gb-text-ecfaff83\">Zum Abendessen zwischen 18:30 und 21:30 Uhr bereitet der Chef spezielle Rezepte aus der internationalen, mediterranen und griechischen K\u00fcche zu, angereichert mit frischen Zutaten, Kr\u00e4utern und Gew\u00fcrzen, um alle Geschm\u00e4cker zu erfreuen. W\u00e4hrend der Woche genie\u00dfen Sie Gerichte aus aller Welt mit griechischen, italienischen oder asiatischen Themenabenden und Show-Cooking. Auswahlm\u00f6glichkeiten f\u00fcr Vegetarier und Kinder sind immer verf\u00fcgbar.<\/p>\n\n\n\n<a class=\"gb-text gb-text-4396d332\" href=\"https:\/\/www.zeushotels.gr\/wp-content\/uploads\/2025\/11\/sol-melia-cosmopolitan-wine-list.pdf\">Weinkarte<\/a>\n<\/div>\n<\/div>\n<\/div>\n\n\n\n<div class=\"gb-container-section-l gb-element-f3a0b5d4 text-box\">\n<div class=\"gb-element-64333bf1\">\n<div class=\"gb-element-a7bb032e\">\n<h2 class=\"gb-text gb-headline-h2 gb-text-dcd9447b\">A La Carte &#8222;Elies&#8220;<\/h2>\n\n\n\n<p class=\"gb-text gb-text-c8de3dbc\">Genie\u00dfen Sie Ihr Abendessen im \u00c0-la-carte-Restaurant Elies! Es ist t\u00e4glich zwischen 19:00 und 21:30 Uhr ge\u00f6ffnet und bietet k\u00f6stliche Gerichte, inspiriert von der griechischen und mediterranen K\u00fcche. Ge\u00f6ffnet vom 1. Juni bis zum 30. September. Reservierung ist erforderlich.<\/p>\n\n\n\n<div class=\"gb-element-cbd8a161\"><\/div>\n<\/div>\n\n\n\n<div class=\"gb-element-98bc0cf1\">\n<img loading=\"lazy\" decoding=\"async\" width=\"1785\" height=\"1080\" class=\"gb-media-c3054452\" src=\"https:\/\/www.zeushotels.gr\/wp-content\/uploads\/2025\/11\/10-SOL-Cosmopolitan-A-la-carte-Terrace-1.jpg\" title=\"10 SOL Cosmopolitan - A la carte Terrace 1\" alt=\"\" srcset=\"https:\/\/www.zeushotels.gr\/wp-content\/uploads\/2025\/11\/10-SOL-Cosmopolitan-A-la-carte-Terrace-1.jpg 1785w, https:\/\/www.zeushotels.gr\/wp-content\/uploads\/2025\/11\/10-SOL-Cosmopolitan-A-la-carte-Terrace-1-800x484.jpg 800w, https:\/\/www.zeushotels.gr\/wp-content\/uploads\/2025\/11\/10-SOL-Cosmopolitan-A-la-carte-Terrace-1-1024x620.jpg 1024w, https:\/\/www.zeushotels.gr\/wp-content\/uploads\/2025\/11\/10-SOL-Cosmopolitan-A-la-carte-Terrace-1-768x465.jpg 768w, https:\/\/www.zeushotels.gr\/wp-content\/uploads\/2025\/11\/10-SOL-Cosmopolitan-A-la-carte-Terrace-1-1536x929.jpg 1536w\" sizes=\"auto, (max-width: 1785px) 100vw, 1785px\" \/>\n<\/div>\n<\/div>\n<\/div>\n\n\n\n<div class=\"gb-white-background gb-container-section-l gb-element-17b3414b text-box\" id=\"welcome\">\n<h2 class=\"gb-text gb-text-e9f232d4\">Bars<\/h2>\n\n\n\n<div class=\"gb-element-c0e28317\">\n<div class=\"gb-element-a9871f0d\">\n<img loading=\"lazy\" decoding=\"async\" width=\"1620\" height=\"1080\" class=\"gb-media-9098bac6\" src=\"https:\/\/www.zeushotels.gr\/wp-content\/uploads\/2025\/11\/SOL-COSMOPOLITAN-MAIN-BAR.jpg\" title=\"SOL COSMOPOLITAN MAIN BAR\" alt=\"\" srcset=\"https:\/\/www.zeushotels.gr\/wp-content\/uploads\/2025\/11\/SOL-COSMOPOLITAN-MAIN-BAR.jpg 1620w, https:\/\/www.zeushotels.gr\/wp-content\/uploads\/2025\/11\/SOL-COSMOPOLITAN-MAIN-BAR-800x533.jpg 800w, https:\/\/www.zeushotels.gr\/wp-content\/uploads\/2025\/11\/SOL-COSMOPOLITAN-MAIN-BAR-1024x683.jpg 1024w, https:\/\/www.zeushotels.gr\/wp-content\/uploads\/2025\/11\/SOL-COSMOPOLITAN-MAIN-BAR-600x400.jpg 600w, https:\/\/www.zeushotels.gr\/wp-content\/uploads\/2025\/11\/SOL-COSMOPOLITAN-MAIN-BAR-768x512.jpg 768w, https:\/\/www.zeushotels.gr\/wp-content\/uploads\/2025\/11\/SOL-COSMOPOLITAN-MAIN-BAR-1536x1024.jpg 1536w\" sizes=\"auto, (max-width: 1620px) 100vw, 1620px\" \/>\n<\/div>\n\n\n\n<div class=\"gb-element-8a05c28d\">\n<h2 class=\"gb-text gb-headline-h2 gb-text-c9e6ec35\">Hauptbar<\/h2>\n\n\n\n<p class=\"gb-text gb-text-61b256c8\">Direkt in der Hotellobby gelegen, macht seine zentrale Lage es zu einem idealen Treffpunkt. H\u00f6ren Sie Musik, w\u00e4hrend Sie zwischen 17:30 und 01:00 Uhr an einem Cocktail nippen, und beobachten Sie den Sonnenuntergang \u00fcber dem Meer, um Ihre Sommermomente zu schaffen!<\/p>\n<\/div>\n<\/div>\n<\/div>\n\n\n\n<div class=\"gb-container-section-l gb-element-10756c8c text-box\">\n<div class=\"gb-element-d5644644\">\n<div class=\"gb-element-be8402a5\">\n<h2 class=\"gb-text gb-headline-h2 gb-text-62cfed42\">Pool-Snackbar<\/h2>\n\n\n\n<p class=\"gb-text gb-text-4ab5f712\">F\u00fcr eine entspannte Pool-Atmosph\u00e4re, die zu Ihrer Stimmung und Ihrem Geschmack passt, ist die Pool-Snackbar des Cosmopolitan genau der richtige Ort. Angeboten werden zeitlose Favoriten von frischen Salaten, s\u00fc\u00dfen und herzhaften Snacks bis hin zu Eiscreme zu bestimmten Zeiten.<\/p>\n\n\n\n<a class=\"gb-text gb-text-7511778b\" href=\"https:\/\/www.zeushotels.gr\/wp-content\/uploads\/2025\/11\/sol-melia-cosmopolitan-snack-bar.pdf\">Men\u00fc<\/a>\n<\/div>\n\n\n\n<div class=\"gb-element-9d840ffc\">\n<img loading=\"lazy\" decoding=\"async\" width=\"1620\" height=\"1080\" class=\"gb-media-fb67a319\" src=\"https:\/\/www.zeushotels.gr\/wp-content\/uploads\/2025\/11\/04-SOL-Cosmopolitan-Main-Pool-4.jpg\" title=\"04 SOL Cosmopolitan - Main Pool 4\" alt=\"\" srcset=\"https:\/\/www.zeushotels.gr\/wp-content\/uploads\/2025\/11\/04-SOL-Cosmopolitan-Main-Pool-4.jpg 1620w, https:\/\/www.zeushotels.gr\/wp-content\/uploads\/2025\/11\/04-SOL-Cosmopolitan-Main-Pool-4-800x533.jpg 800w, https:\/\/www.zeushotels.gr\/wp-content\/uploads\/2025\/11\/04-SOL-Cosmopolitan-Main-Pool-4-1024x683.jpg 1024w, https:\/\/www.zeushotels.gr\/wp-content\/uploads\/2025\/11\/04-SOL-Cosmopolitan-Main-Pool-4-600x400.jpg 600w, https:\/\/www.zeushotels.gr\/wp-content\/uploads\/2025\/11\/04-SOL-Cosmopolitan-Main-Pool-4-768x512.jpg 768w, https:\/\/www.zeushotels.gr\/wp-content\/uploads\/2025\/11\/04-SOL-Cosmopolitan-Main-Pool-4-1536x1024.jpg 1536w\" sizes=\"auto, (max-width: 1620px) 100vw, 1620px\" \/>\n<\/div>\n<\/div>\n<\/div>\n","protected":false},"excerpt":{"rendered":"<p>Enjoy your breakfast, lunch and dinner indoors or outdoors with magnificent views to the dazzling blue sea at the hotel&#8217;s main restaurant.<\/p>\n","protected":false},"author":1,"featured_media":6879,"parent":8261,"menu_order":0,"comment_status":"closed","ping_status":"closed","template":"","meta":{"_acf_changed":false,"footnotes":""},"class_list":["post-8294","page","type-page","status-publish","has-post-thumbnail"],"acf":{"description":"","menus":false},"_links":{"self":[{"href":"https:\/\/www.zeushotels.gr\/de\/wp-json\/wp\/v2\/pages\/8294","targetHints":{"allow":["GET"]}}],"collection":[{"href":"https:\/\/www.zeushotels.gr\/de\/wp-json\/wp\/v2\/pages"}],"about":[{"href":"https:\/\/www.zeushotels.gr\/de\/wp-json\/wp\/v2\/types\/page"}],"author":[{"embeddable":true,"href":"https:\/\/www.zeushotels.gr\/de\/wp-json\/wp\/v2\/users\/1"}],"replies":[{"embeddable":true,"href":"https:\/\/www.zeushotels.gr\/de\/wp-json\/wp\/v2\/comments?post=8294"}],"version-history":[{"count":3,"href":"https:\/\/www.zeushotels.gr\/de\/wp-json\/wp\/v2\/pages\/8294\/revisions"}],"predecessor-version":[{"id":9997,"href":"https:\/\/www.zeushotels.gr\/de\/wp-json\/wp\/v2\/pages\/8294\/revisions\/9997"}],"up":[{"embeddable":true,"href":"https:\/\/www.zeushotels.gr\/de\/wp-json\/wp\/v2\/pages\/8261"}],"wp:featuredmedia":[{"embeddable":true,"href":"https:\/\/www.zeushotels.gr\/de\/wp-json\/wp\/v2\/media\/6879"}],"wp:attachment":[{"href":"https:\/\/www.zeushotels.gr\/de\/wp-json\/wp\/v2\/media?parent=8294"}],"curies":[{"name":"wp","href":"https:\/\/api.w.org\/{rel}","templated":true}]}}