{"id":8310,"date":"2025-11-20T20:32:05","date_gmt":"2025-11-20T18:32:05","guid":{"rendered":"https:\/\/www.zeushotels.gr\/sol-cosmopolitan\/services-facilities\/"},"modified":"2025-11-27T02:22:14","modified_gmt":"2025-11-27T00:22:14","slug":"dienstleistungen-einrichtungen","status":"publish","type":"page","link":"https:\/\/www.zeushotels.gr\/de\/sol-cosmopolitan\/dienstleistungen-einrichtungen\/","title":{"rendered":"Dienstleistungen &amp; Einrichtungen"},"content":{"rendered":"\n<div class=\"gb-white-background gb-container-section-l gb-element-1db0d76d text-box\" id=\"welcome\">\n<div class=\"gb-element-9da7d55e\">\n<div class=\"gb-element-8192c3fc\">\n<img loading=\"lazy\" decoding=\"async\" width=\"1620\" height=\"1080\" class=\"gb-media-ff6e88f6\" src=\"https:\/\/www.zeushotels.gr\/wp-content\/uploads\/2025\/11\/SOL-COSMOPOLITAN-SPLASH-POOL-5.jpg\" title=\"SOL COSMOPOLITAN SPLASH POOL-5\" alt=\"\" srcset=\"https:\/\/www.zeushotels.gr\/wp-content\/uploads\/2025\/11\/SOL-COSMOPOLITAN-SPLASH-POOL-5.jpg 1620w, https:\/\/www.zeushotels.gr\/wp-content\/uploads\/2025\/11\/SOL-COSMOPOLITAN-SPLASH-POOL-5-800x533.jpg 800w, https:\/\/www.zeushotels.gr\/wp-content\/uploads\/2025\/11\/SOL-COSMOPOLITAN-SPLASH-POOL-5-1024x683.jpg 1024w, https:\/\/www.zeushotels.gr\/wp-content\/uploads\/2025\/11\/SOL-COSMOPOLITAN-SPLASH-POOL-5-600x400.jpg 600w, https:\/\/www.zeushotels.gr\/wp-content\/uploads\/2025\/11\/SOL-COSMOPOLITAN-SPLASH-POOL-5-768x512.jpg 768w, https:\/\/www.zeushotels.gr\/wp-content\/uploads\/2025\/11\/SOL-COSMOPOLITAN-SPLASH-POOL-5-1536x1024.jpg 1536w\" sizes=\"auto, (max-width: 1620px) 100vw, 1620px\" \/>\n<\/div>\n\n\n\n<div class=\"gb-element-cccc8c60\">\n<div class=\"gb-accordion zeus-accordion\">\n<div class=\"gb-accordion__item gb-accordion__item-6a076f2f gb-accordion__item-open\">\n<div role=\"button\" tabindex=\"0\" class=\"gb-accordion__toggle gb-accordion__toggle-7f52f785 gb-block-is-current\" id=\"gb-accordion-toggle-7f52f785\">\n<span class=\"gb-text-1be42ea5\"><span class=\"gb-shape\"><svg aria-hidden=\"true\" role=\"img\" height=\"1em\" width=\"1em\" viewBox=\"0 0 512 512\" xmlns=\"http:\/\/www.w3.org\/2000\/svg\"><path fill=\"currentColor\" d=\"M256 8C119 8 8 119 8 256s111 248 248 248 248-111 248-248S393 8 256 8z\"><\/path><\/svg><\/span><span class=\"gb-text\">G\u00e4ste-serviceleistungen<\/span><\/span>\n<\/div>\n\n\n\n<div class=\"gb-accordion__content\" id=\"gb-accordion-content-d7481e1b\">\n<div class=\"gb-element-2079fb9c\">\n<div>\n<ul class=\"wp-block-list has-surface-70-color has-text-color has-link-color wp-elements-8385676adac04ca5126112585432f49e\">\n<li>24-Stunden-Rezeption<\/li>\n\n\n\n<li>Express-Check-in (\u00fcber Smartphone-App)<\/li>\n\n\n\n<li>Express-Check-out (\u00fcber Smartphone-App)<\/li>\n\n\n\n<li>WLAN<\/li>\n\n\n\n<li>Gep\u00e4ckraum und -service<\/li>\n\n\n\n<li>12-Stunden-Zimmerservice\u00a0*<\/li>\n\n\n\n<li>Weckruf<\/li>\n\n\n\n<li>Strand- und Poolt\u00fccher gegen r\u00fcckzahlbare Kaution<\/li>\n<\/ul>\n<\/div>\n\n\n\n<div>\n<ul class=\"wp-block-list has-surface-70-color has-text-color has-link-color wp-elements-ac802cca11d5d300467af54ec0055777\">\n<li>TV-Lounge<\/li>\n\n\n\n<li>W\u00e4scheservice\u00a0*<\/li>\n\n\n\n<li>\u00c4rztlicher Bereitschaftsdienst\u00a0*<\/li>\n\n\n\n<li>Erste-Hilfe-Set<\/li>\n\n\n\n<li>Ausfl\u00fcge\u00a0*<\/li>\n\n\n\n<li>Parkplatz<\/li>\n\n\n\n<li>1 Tagungsraum mit einer Kapazit\u00e4t von 200 Personen<\/li>\n<\/ul>\n<\/div>\n<\/div>\n<\/div>\n<\/div>\n\n\n\n<div class=\"gb-accordion__item gb-accordion__item-5a3f4533\">\n<div role=\"button\" tabindex=\"0\" class=\"gb-accordion__toggle gb-accordion__toggle-749ec945\" id=\"gb-accordion-toggle-749ec945\">\n<span class=\"gb-text-e89640a9\"><span class=\"gb-shape\"><svg aria-hidden=\"true\" role=\"img\" height=\"1em\" width=\"1em\" viewBox=\"0 0 512 512\" xmlns=\"http:\/\/www.w3.org\/2000\/svg\"><path fill=\"currentColor\" d=\"M256 8C119 8 8 119 8 256s111 248 248 248 248-111 248-248S393 8 256 8z\"><\/path><\/svg><\/span><span class=\"gb-text\">Freizeit &amp; Sport<\/span><\/span>\n<\/div>\n\n\n\n<div class=\"gb-accordion__content\" id=\"gb-accordion-content-73d6842f\">\n<div class=\"gb-element-53e3fefb\">\n<ul class=\"wp-block-list has-surface-70-color has-text-color has-link-color wp-elements-4e7d16a60fe6fc295f458994def93a7c\">\n<li>2 Au\u00dfenpools mit S\u00fc\u00dfwasser<\/li>\n\n\n\n<li>Sand- und Kieselstrand<\/li>\n\n\n\n<li>Sonnenliegen und Sonnenschirme rund um den<\/li>\n\n\n\n<li>Pool &amp; Strand<\/li>\n\n\n\n<li>Wellness f\u00fcr Gesichts- und K\u00f6rperbehandlungen\u00a0*<\/li>\n\n\n\n<li>Fitnessstudio<\/li>\n\n\n\n<li>Tischtennis<\/li>\n\n\n\n<li>Billard\u00a0*<\/li>\n\n\n\n<li>Franz\u00f6sisches Boule (P\u00e9tanque)<\/li>\n\n\n\n<li>Darts<\/li>\n\n\n\n<li>Wassergymnastik<\/li>\n\n\n\n<li>Wasserball<\/li>\n\n\n\n<li>Wassersport (externer Anbieter)\u00a0*<\/li>\n\n\n\n<li>Freilichttheater<\/li>\n\n\n\n<li>Tages- und Abendanimation<\/li>\n\n\n\n<li>Folkloretanzabend<\/li>\n\n\n\n<li>Live-Musikabend<\/li>\n<\/ul>\n<\/div>\n<\/div>\n<\/div>\n\n\n\n<div class=\"gb-accordion__item gb-accordion__item-84262baa\">\n<div role=\"button\" tabindex=\"0\" class=\"gb-accordion__toggle gb-accordion__toggle-3115609f\" id=\"gb-accordion-toggle-3115609f\">\n<span class=\"gb-text-fc3267c3\"><span class=\"gb-shape\"><svg aria-hidden=\"true\" role=\"img\" height=\"1em\" width=\"1em\" viewBox=\"0 0 512 512\" xmlns=\"http:\/\/www.w3.org\/2000\/svg\"><path fill=\"currentColor\" d=\"M256 8C119 8 8 119 8 256s111 248 248 248 248-111 248-248S393 8 256 8z\"><\/path><\/svg><\/span><span class=\"gb-text\">Gastronomie &amp; Bars<\/span><\/span>\n<\/div>\n\n\n\n<div class=\"gb-accordion__content\" id=\"gb-accordion-content-0924768a\">\n<div class=\"gb-element-6274be97\">\n<ul class=\"wp-block-list has-surface-70-color has-text-color has-link-color wp-elements-8afcf8a92c049c2590137883ba40b7b4\">\n<li>Hauptrestaurant<\/li>\n\n\n\n<li>Hauptbar<\/li>\n\n\n\n<li>Snackbar<\/li>\n\n\n\n<li>Zimmerservice mit Snacks &amp; Getr\u00e4nken\u00a0*<\/li>\n\n\n\n<li>Zimmerservice schwimmendes Fr\u00fchst\u00fcck\u00a0*<\/li>\n\n\n\n<li>Zimmerservice f\u00fcr Fr\u00fchst\u00fcck\u00a0*<\/li>\n\n\n\n<li>Fr\u00fches Fr\u00fchst\u00fcck auf Anfrage<\/li>\n<\/ul>\n\n\n\n<p class=\"gb-text gb-text-2fc27d58\"><strong>Dresscode:<\/strong>\u00a0Die G\u00e4ste werden gebeten, beim Abendessen sportlich-elegante Kleidung zu tragen. Strandkleidung und Hausschuhe sind zum Essen nicht geeignet.<\/p>\n<\/div>\n<\/div>\n<\/div>\n\n\n\n<div class=\"gb-accordion__item gb-accordion__item-ad74cc9f\">\n<div role=\"button\" tabindex=\"0\" class=\"gb-accordion__toggle gb-accordion__toggle-a26ad45a\" id=\"gb-accordion-toggle-a26ad45a\">\n<span class=\"gb-text-ed071a59\"><span class=\"gb-shape\"><svg aria-hidden=\"true\" role=\"img\" height=\"1em\" width=\"1em\" viewBox=\"0 0 512 512\" xmlns=\"http:\/\/www.w3.org\/2000\/svg\"><path fill=\"currentColor\" d=\"M256 8C119 8 8 119 8 256s111 248 248 248 248-111 248-248S393 8 256 8z\"><\/path><\/svg><\/span><span class=\"gb-text\">Nur F\u00fcr Kinder<\/span><\/span>\n<\/div>\n\n\n\n<div class=\"gb-accordion__content\" id=\"gb-accordion-content-aa99daea\">\n<div class=\"gb-element-73b85020\">\n<ul class=\"wp-block-list has-surface-70-color has-text-color has-link-color wp-elements-7e756ed7ca3ff59fd86f859669765074\">\n<li>1 Kinderpool<\/li>\n\n\n\n<li>1 Kinderplanschbecken<\/li>\n\n\n\n<li>Innen- und Au\u00dfenspielplatz<\/li>\n\n\n\n<li>Mini-Club<\/li>\n\n\n\n<li>Minidisco (Teil der Animation)<\/li>\n\n\n\n<li>Babybetten<\/li>\n\n\n\n<li>Hochst\u00fchle<\/li>\n\n\n\n<li>Unterhaltsames Kinderprogramm mit Malen, Spielen, Musik<\/li>\n<\/ul>\n<\/div>\n<\/div>\n<\/div>\n\n\n\n<div class=\"gb-accordion__item gb-accordion__item-b857dc0f\">\n<div role=\"button\" tabindex=\"0\" class=\"gb-accordion__toggle gb-accordion__toggle-74c81e74\" id=\"gb-accordion-toggle-74c81e74\">\n<span class=\"gb-text-bde169ce\"><span class=\"gb-shape\"><svg aria-hidden=\"true\" role=\"img\" height=\"1em\" width=\"1em\" viewBox=\"0 0 512 512\" xmlns=\"http:\/\/www.w3.org\/2000\/svg\"><path fill=\"currentColor\" d=\"M256 8C119 8 8 119 8 256s111 248 248 248 248-111 248-248S393 8 256 8z\"><\/path><\/svg><\/span><span class=\"gb-text\">Hotelrichtlinie<\/span><\/span>\n<\/div>\n\n\n\n<div class=\"gb-accordion__content\" id=\"gb-accordion-content-7ff677c9\">\n<div class=\"gb-element-1e0e4915\">\n<p class=\"gb-text gb-text-4124d44c\">Check-In: 15:00<\/p>\n\n\n\n<p class=\"gb-text gb-text-3dff62e6\">Check-Out: 11:00<\/p>\n\n\n\n<p class=\"gb-text gb-text-41868a57\">Bei Ankunft erhalten alle G\u00e4ste antiallergische Armb\u00e4nder, die w\u00e4hrend ihres Aufenthalts zu tragen sind<\/p>\n\n\n\n<p class=\"gb-text gb-text-0512203d\">MasterCard, Visa, Maestro und AmEx werden akzeptiert<\/p>\n\n\n\n<p class=\"gb-text gb-text-502748b4\">Pers\u00f6nliche Schecks werden nicht akzeptiert<\/p>\n\n\n\n<p class=\"gb-text gb-text-2522e0b2\">Haustiere sind im Hotel nicht erlaubt<\/p>\n\n\n\n<p class=\"gb-text gb-text-dd3643a1\">Aktivit\u00e4ten k\u00f6nnen abweichen oder variieren \/ \u00c4nderungen vorbehalten<\/p>\n\n\n\n<p class=\"gb-text gb-text-0230a806\">*\u00a0Dienstleistungen sind kostenpflichtig und vor Ort zu zahlen.<\/p>\n<\/div>\n<\/div>\n<\/div>\n<\/div>\n<\/div>\n<\/div>\n<\/div>\n","protected":false},"excerpt":{"rendered":"","protected":false},"author":1,"featured_media":0,"parent":8261,"menu_order":0,"comment_status":"closed","ping_status":"closed","template":"","meta":{"_acf_changed":false,"footnotes":""},"class_list":["post-8310","page","type-page","status-publish"],"acf":{"description":"","menus":false},"_links":{"self":[{"href":"https:\/\/www.zeushotels.gr\/de\/wp-json\/wp\/v2\/pages\/8310","targetHints":{"allow":["GET"]}}],"collection":[{"href":"https:\/\/www.zeushotels.gr\/de\/wp-json\/wp\/v2\/pages"}],"about":[{"href":"https:\/\/www.zeushotels.gr\/de\/wp-json\/wp\/v2\/types\/page"}],"author":[{"embeddable":true,"href":"https:\/\/www.zeushotels.gr\/de\/wp-json\/wp\/v2\/users\/1"}],"replies":[{"embeddable":true,"href":"https:\/\/www.zeushotels.gr\/de\/wp-json\/wp\/v2\/comments?post=8310"}],"version-history":[{"count":3,"href":"https:\/\/www.zeushotels.gr\/de\/wp-json\/wp\/v2\/pages\/8310\/revisions"}],"predecessor-version":[{"id":8315,"href":"https:\/\/www.zeushotels.gr\/de\/wp-json\/wp\/v2\/pages\/8310\/revisions\/8315"}],"up":[{"embeddable":true,"href":"https:\/\/www.zeushotels.gr\/de\/wp-json\/wp\/v2\/pages\/8261"}],"wp:attachment":[{"href":"https:\/\/www.zeushotels.gr\/de\/wp-json\/wp\/v2\/media?parent=8310"}],"curies":[{"name":"wp","href":"https:\/\/api.w.org\/{rel}","templated":true}]}}