{"id":8318,"date":"2025-11-20T20:32:20","date_gmt":"2025-11-20T18:32:20","guid":{"rendered":"https:\/\/www.zeushotels.gr\/sol-cosmopolitan\/all-inclusive\/"},"modified":"2025-11-27T02:25:19","modified_gmt":"2025-11-27T00:25:19","slug":"alles-inklusive","status":"publish","type":"page","link":"https:\/\/www.zeushotels.gr\/de\/sol-cosmopolitan\/alles-inklusive\/","title":{"rendered":"Alles Inklusive"},"content":{"rendered":"\n<div class=\"gb-white-background gb-container-section-l gb-element-1db0d76d text-box\" id=\"welcome\">\n<div class=\"gb-element-9da7d55e\">\n<div class=\"gb-element-8192c3fc\">\n<img loading=\"lazy\" decoding=\"async\" width=\"1640\" height=\"1080\" class=\"gb-media-ff6e88f6\" src=\"https:\/\/www.zeushotels.gr\/wp-content\/uploads\/2025\/11\/Water-slides.jpg\" title=\"Water slides\" alt=\"\" srcset=\"https:\/\/www.zeushotels.gr\/wp-content\/uploads\/2025\/11\/Water-slides.jpg 1640w, https:\/\/www.zeushotels.gr\/wp-content\/uploads\/2025\/11\/Water-slides-800x527.jpg 800w, https:\/\/www.zeushotels.gr\/wp-content\/uploads\/2025\/11\/Water-slides-1024x675.jpg 1024w, https:\/\/www.zeushotels.gr\/wp-content\/uploads\/2025\/11\/Water-slides-768x506.jpg 768w, https:\/\/www.zeushotels.gr\/wp-content\/uploads\/2025\/11\/Water-slides-1536x1012.jpg 1536w\" sizes=\"auto, (max-width: 1640px) 100vw, 1640px\" \/>\n<\/div>\n\n\n\n<div class=\"gb-element-cccc8c60\">\n<div class=\"gb-accordion zeus-accordion\">\n<div class=\"gb-accordion__item gb-accordion__item-6a076f2f gb-accordion__item-open\">\n<div role=\"button\" tabindex=\"0\" class=\"gb-accordion__toggle gb-accordion__toggle-7f52f785 gb-block-is-current\" id=\"gb-accordion-toggle-7f52f785\">\n<span class=\"gb-text-1be42ea5\"><span class=\"gb-shape\"><svg aria-hidden=\"true\" role=\"img\" height=\"1em\" width=\"1em\" viewBox=\"0 0 512 512\" xmlns=\"http:\/\/www.w3.org\/2000\/svg\"><path fill=\"currentColor\" d=\"M256 8C119 8 8 119 8 256s111 248 248 248 248-111 248-248S393 8 256 8z\"><\/path><\/svg><\/span><span class=\"gb-text\">Hauptrestaurant<\/span><\/span>\n<\/div>\n\n\n\n<div class=\"gb-accordion__content\" id=\"gb-accordion-content-d7481e1b\">\n<div class=\"gb-element-2079fb9c\">\n<div>\n<p class=\"gb-text gb-text-ce616fd3\"><strong>Fr\u00fchst\u00fccksbuffet<\/strong><\/p>\n\n\n\n<p class=\"has-surface-70-color has-text-color has-link-color wp-elements-be08a98da57c04d120965b65442777f7\">Von 07:00 bis 10:30 Uhr Amerikanisches Fr\u00fchst\u00fcck mit Show-Cooking.<\/p>\n\n\n\n<p class=\"gb-text gb-text-be745a22\"><strong>Mittagsbuffet<\/strong><\/p>\n\n\n\n<p class=\"has-surface-70-color has-text-color has-link-color wp-elements-3be29aa7233d8eada2a89121c3d98fb2\">Von 12:30 bis 14:30 Uhr.<\/p>\n\n\n\n<p class=\"gb-text gb-text-5b95660b\"><strong>Abendbuffet<\/strong><\/p>\n\n\n\n<p class=\"has-surface-70-color has-text-color has-link-color wp-elements-2661c9f78da451c674f13003b4e5e607\">Von 18:30 bis 21:30 Uhr mit Show-Cooking und Themenabenden w\u00e4hrend der Woche.<\/p>\n\n\n\n<p class=\"gb-text gb-text-94afc173\"><strong>AI-Getr\u00e4nke w\u00e4hrend der Mahlzeiten<\/strong><\/p>\n\n\n\n<p class=\"has-surface-70-color has-text-color has-link-color wp-elements-92e89a70e281dd8bb82590c77a2830d8\">S\u00e4fte, Kaffee und Tee, lokales Fassbier, Rot- und Wei\u00dfwein, Softdrinks und stilles Wasser werden w\u00e4hrend Mittag- und Abendessen serviert.<\/p>\n<\/div>\n<\/div>\n<\/div>\n<\/div>\n\n\n\n<div class=\"gb-accordion__item gb-accordion__item-5a3f4533\">\n<div role=\"button\" tabindex=\"0\" class=\"gb-accordion__toggle gb-accordion__toggle-749ec945\" id=\"gb-accordion-toggle-749ec945\">\n<span class=\"gb-text-e89640a9\"><span class=\"gb-shape\"><svg aria-hidden=\"true\" role=\"img\" height=\"1em\" width=\"1em\" viewBox=\"0 0 512 512\" xmlns=\"http:\/\/www.w3.org\/2000\/svg\"><path fill=\"currentColor\" d=\"M256 8C119 8 8 119 8 256s111 248 248 248 248-111 248-248S393 8 256 8z\"><\/path><\/svg><\/span><span class=\"gb-text\">A La Carte &#8218;Elies&#8216;<\/span><\/span>\n<\/div>\n\n\n\n<div class=\"gb-accordion__content\" id=\"gb-accordion-content-73d6842f\">\n<div class=\"gb-element-53e3fefb\">\n<p class=\"gb-text gb-text-7d1abdc3\"><strong>Abendessen<\/strong><\/p>\n\n\n\n<p class=\"has-surface-70-color has-text-color has-link-color wp-elements-aa91c51a5dde8ba074bb21af6e0df7cd\">Von 19:00 bis 21:30 Uhr werden frische griechische Spezialit\u00e4ten angeboten.<br>Das Restaurant ist vom 1. Juni bis zum 30. September ge\u00f6ffnet.<br>Ein Abendessen im \u00c0-la-carte-Restaurant ist pro Aufenthalt inbegriffen (Mindestaufenthalt 7 Tage).<\/p>\n\n\n\n<p class=\"has-surface-70-color has-text-color has-link-color wp-elements-176ec5b77bba8ff22952869e76a49016\">Reservierung ist erforderlich.<\/p>\n<\/div>\n<\/div>\n<\/div>\n\n\n\n<div class=\"gb-accordion__item gb-accordion__item-84262baa\">\n<div role=\"button\" tabindex=\"0\" class=\"gb-accordion__toggle gb-accordion__toggle-3115609f\" id=\"gb-accordion-toggle-3115609f\">\n<span class=\"gb-text-fc3267c3\"><span class=\"gb-shape\"><svg aria-hidden=\"true\" role=\"img\" height=\"1em\" width=\"1em\" viewBox=\"0 0 512 512\" xmlns=\"http:\/\/www.w3.org\/2000\/svg\"><path fill=\"currentColor\" d=\"M256 8C119 8 8 119 8 256s111 248 248 248 248-111 248-248S393 8 256 8z\"><\/path><\/svg><\/span><span class=\"gb-text\">Hauptbar<\/span><\/span>\n<\/div>\n\n\n\n<div class=\"gb-accordion__content\" id=\"gb-accordion-content-0924768a\">\n<div class=\"gb-element-6274be97\">\n<p class=\"has-surface-70-color has-text-color has-link-color wp-elements-4037ab5c0289624387cb88c149cdcbcb\">Von 17:30 bis 01:00 Uhr. All-inclusive endet um 23:00 Uhr.<\/p>\n\n\n\n<p class=\"has-surface-70-color has-text-color has-link-color wp-elements-ceb824dffc1038e73bfcc0963eaafb6b\">Ausgew\u00e4hlte Marken-Spirituosen, lokale und internationale Getr\u00e4nke, Bier, Rot- und Wei\u00dfwein sowie Softdrinks, Kaffee und Tee werden t\u00e4glich angeboten.<\/p>\n<\/div>\n<\/div>\n<\/div>\n\n\n\n<div class=\"gb-accordion__item gb-accordion__item-ad74cc9f\">\n<div role=\"button\" tabindex=\"0\" class=\"gb-accordion__toggle gb-accordion__toggle-a26ad45a\" id=\"gb-accordion-toggle-a26ad45a\">\n<span class=\"gb-text-ed071a59\"><span class=\"gb-shape\"><svg aria-hidden=\"true\" role=\"img\" height=\"1em\" width=\"1em\" viewBox=\"0 0 512 512\" xmlns=\"http:\/\/www.w3.org\/2000\/svg\"><path fill=\"currentColor\" d=\"M256 8C119 8 8 119 8 256s111 248 248 248 248-111 248-248S393 8 256 8z\"><\/path><\/svg><\/span><span class=\"gb-text\">Pool-Snackbar<\/span><\/span>\n<\/div>\n\n\n\n<div class=\"gb-accordion__content\" id=\"gb-accordion-content-aa99daea\">\n<div class=\"gb-element-73b85020\">\n<p class=\"has-surface-70-color has-text-color has-link-color wp-elements-dd6cc14c0c091227f5fa3bb56a487d4b\">T\u00e4glich ge\u00f6ffnet von 10:00 bis 24:00 Uhr (Betriebszeiten k\u00f6nnen zu Beginn und am Ende der Saison abweichen).<br>Von 12:00 bis 16:00 Uhr Snacks und Salate.<br>Von 16:00 bis 17:00 Uhr Kuchen und Kekse.<br>Eiscreme zu bestimmten Zeiten t\u00e4glich in unserer Pool-Snackbar.<\/p>\n<\/div>\n<\/div>\n<\/div>\n<\/div>\n\n\n\n<p class=\"has-surface-70-color has-text-color has-link-color wp-elements-320849960510cc02839679c286b6cac9\">Das All-inclusive-Programm endet am Abreisetag um 18:00 Uhr.<\/p>\n<\/div>\n<\/div>\n<\/div>\n","protected":false},"excerpt":{"rendered":"<p>Das All-inclusive-Programm endet am Abreisetag um 18:00 Uhr.<\/p>\n","protected":false},"author":1,"featured_media":0,"parent":8261,"menu_order":0,"comment_status":"closed","ping_status":"closed","template":"","meta":{"_acf_changed":false,"footnotes":""},"class_list":["post-8318","page","type-page","status-publish"],"acf":{"description":"","menus":false},"_links":{"self":[{"href":"https:\/\/www.zeushotels.gr\/de\/wp-json\/wp\/v2\/pages\/8318","targetHints":{"allow":["GET"]}}],"collection":[{"href":"https:\/\/www.zeushotels.gr\/de\/wp-json\/wp\/v2\/pages"}],"about":[{"href":"https:\/\/www.zeushotels.gr\/de\/wp-json\/wp\/v2\/types\/page"}],"author":[{"embeddable":true,"href":"https:\/\/www.zeushotels.gr\/de\/wp-json\/wp\/v2\/users\/1"}],"replies":[{"embeddable":true,"href":"https:\/\/www.zeushotels.gr\/de\/wp-json\/wp\/v2\/comments?post=8318"}],"version-history":[{"count":1,"href":"https:\/\/www.zeushotels.gr\/de\/wp-json\/wp\/v2\/pages\/8318\/revisions"}],"predecessor-version":[{"id":8320,"href":"https:\/\/www.zeushotels.gr\/de\/wp-json\/wp\/v2\/pages\/8318\/revisions\/8320"}],"up":[{"embeddable":true,"href":"https:\/\/www.zeushotels.gr\/de\/wp-json\/wp\/v2\/pages\/8261"}],"wp:attachment":[{"href":"https:\/\/www.zeushotels.gr\/de\/wp-json\/wp\/v2\/media?parent=8318"}],"curies":[{"name":"wp","href":"https:\/\/api.w.org\/{rel}","templated":true}]}}