{"id":8338,"date":"2025-11-21T01:05:35","date_gmt":"2025-11-20T23:05:35","guid":{"rendered":"https:\/\/www.zeushotels.gr\/magma-resort\/dining\/"},"modified":"2026-01-19T22:29:04","modified_gmt":"2026-01-19T20:29:04","slug":"gastronomie-bars","status":"publish","type":"page","link":"https:\/\/www.zeushotels.gr\/de\/magma-resort\/gastronomie-bars\/","title":{"rendered":"Gastronomie &amp; Bars"},"content":{"rendered":"\n<div class=\"gb-white-background gb-container-section-l gb-element-1db0d76d text-box\" id=\"welcome\">\n<h2 class=\"gb-text gb-text-c467e595\">Gastronomie<\/h2>\n\n\n\n<div class=\"gb-element-9da7d55e\">\n<div class=\"gb-element-8192c3fc\">\n<img loading=\"lazy\" decoding=\"async\" width=\"1920\" height=\"1080\" class=\"gb-media-ff6e88f6\" src=\"https:\/\/www.zeushotels.gr\/wp-content\/uploads\/2025\/11\/JTRUB-P0184-Restaurant-Views.16x9.png\" title=\"JTRUB-P0184-Restaurant-Views.16x9\" alt=\"\" srcset=\"https:\/\/www.zeushotels.gr\/wp-content\/uploads\/2025\/11\/JTRUB-P0184-Restaurant-Views.16x9.png 1920w, https:\/\/www.zeushotels.gr\/wp-content\/uploads\/2025\/11\/JTRUB-P0184-Restaurant-Views.16x9-800x450.png 800w, https:\/\/www.zeushotels.gr\/wp-content\/uploads\/2025\/11\/JTRUB-P0184-Restaurant-Views.16x9-1024x576.png 1024w, https:\/\/www.zeushotels.gr\/wp-content\/uploads\/2025\/11\/JTRUB-P0184-Restaurant-Views.16x9-768x432.png 768w, https:\/\/www.zeushotels.gr\/wp-content\/uploads\/2025\/11\/JTRUB-P0184-Restaurant-Views.16x9-1536x864.png 1536w, https:\/\/www.zeushotels.gr\/wp-content\/uploads\/2025\/11\/JTRUB-P0184-Restaurant-Views.16x9-2048x1152.png 2048w\" sizes=\"auto, (max-width: 1920px) 100vw, 1920px\" \/>\n<\/div>\n\n\n\n<div class=\"gb-element-cccc8c60\">\n<h2 class=\"gb-text gb-headline-h2 gb-text-2ba41748\">Colombo Restaurant<\/h2>\n\n\n\n<p class=\"gb-text gb-text-9b261cce\">Von schicken Champagner-Fr\u00fchst\u00fccken mit Blick auf die \u00c4g\u00e4is bis hin zu entspannten Mittagessen und Themenabenden \u2013 Colombo ist Ihr stilvoller R\u00fcckzugsort f\u00fcr ganzt\u00e4gige kulinarische Erlebnisse. Ob Sie als Fr\u00fchaufsteher unser fr\u00fches Fr\u00fchst\u00fccksangebot genie\u00dfen oder sp\u00e4ter am Tag eine gem\u00fctliche Mahlzeit bevorzugen \u2013 Colombo bietet ein vielf\u00e4ltiges Dining-Erlebnis, das jedem Geschmack gerecht wird.<\/p>\n\n\n\n<h3 class=\"gb-text gb-text-0d99e6c5\">Fr\u00fchst\u00fcck<\/h3>\n\n\n\n<p class=\"gb-text gb-text-8a24f5d0\">Mo \u2013 So 7:30 \u2013 11:00 Uhr<\/p>\n\n\n\n<h3 class=\"gb-text gb-text-4c14f06f\">Mittagessen<\/h3>\n\n\n\n<p class=\"gb-text gb-text-bfbc4836\">Mo \u2013 So 12:00 \u2013 18:00 Uhr<\/p>\n\n\n\n<a class=\"gb-text gb-text-1387f436\" href=\"https:\/\/www.zeushotels.gr\/wp-content\/uploads\/2025\/11\/Magma-Resort-Colombo-Restaurant-Menu.pdf\">Men\u00fc<\/a>\n<\/div>\n<\/div>\n<\/div>\n\n\n\n<div class=\"gb-container-section-l gb-element-f3a0b5d4 text-box\">\n<div class=\"gb-element-64333bf1\">\n<div class=\"gb-element-a7bb032e\">\n<h2 class=\"gb-text gb-headline-h2 gb-text-dcd9447b\">Magma Soul Restaurant<\/h2>\n\n\n\n<p class=\"gb-text gb-text-106cd136\">Begeben Sie sich auf eine griechische Genussreise mit Consultant Chef Lefteris Soultatos und Executive Chef Stefanos Kokkalis. Vom \u00fcppigen Norden bis zum lebhaften S\u00fcden erwartet Sie eine harmonische Kombination aus Fisch- und Fleischgerichten, die jeweils ihre regionale Seele widerspiegeln. Tauchen Sie ein in die Frische des S\u00fcdens und erleben Sie den Rhythmus der nordgriechischen Traditionen, w\u00e4hrend jeder Bissen zu einer poetischen Note der kulinarischen Wunder Griechenlands wird. Zudem kreieren wir personalisierte Gerichte f\u00fcr besondere Anl\u00e4sse, Feierlichkeiten und einzigartige kulinarische Momente.<\/p>\n\n\n\n<h3 class=\"gb-text gb-text-aa2cc667\">Abendessen<\/h3>\n\n\n\n<p class=\"gb-text gb-text-2fd156d2\">Mo \u2013 So 19:30 \u2013 23:00 Uhr<\/p>\n\n\n\n<div class=\"gb-element-95f3fcb1\">\n<a class=\"gb-text gb-text-efccdb37\" href=\"https:\/\/www.zeushotels.gr\/wp-content\/uploads\/2025\/11\/September-Web-Magma-Soul-Menu-2025.pdf\">Men\u00fc<\/a>\n\n\n\n<a class=\"gb-text gb-text-bf839d6b\" href=\"https:\/\/www.zeushotels.gr\/wp-content\/uploads\/2025\/11\/magma-resort-wines-menu.pdf\">Wines Men\u00fc<\/a>\n<\/div>\n<\/div>\n\n\n\n<div class=\"gb-element-98bc0cf1\">\n<img loading=\"lazy\" decoding=\"async\" width=\"1920\" height=\"1080\" class=\"gb-media-c3054452\" src=\"https:\/\/www.zeushotels.gr\/wp-content\/uploads\/2025\/11\/JTRUB-P0187-Magma-Nighttime-View.16x9.png\" title=\"JTRUB-P0187-Magma-Nighttime-View.16x9\" alt=\"\" srcset=\"https:\/\/www.zeushotels.gr\/wp-content\/uploads\/2025\/11\/JTRUB-P0187-Magma-Nighttime-View.16x9.png 1920w, https:\/\/www.zeushotels.gr\/wp-content\/uploads\/2025\/11\/JTRUB-P0187-Magma-Nighttime-View.16x9-800x450.png 800w, https:\/\/www.zeushotels.gr\/wp-content\/uploads\/2025\/11\/JTRUB-P0187-Magma-Nighttime-View.16x9-1024x576.png 1024w, https:\/\/www.zeushotels.gr\/wp-content\/uploads\/2025\/11\/JTRUB-P0187-Magma-Nighttime-View.16x9-768x432.png 768w, https:\/\/www.zeushotels.gr\/wp-content\/uploads\/2025\/11\/JTRUB-P0187-Magma-Nighttime-View.16x9-1536x864.png 1536w, https:\/\/www.zeushotels.gr\/wp-content\/uploads\/2025\/11\/JTRUB-P0187-Magma-Nighttime-View.16x9-2048x1152.png 2048w\" sizes=\"auto, (max-width: 1920px) 100vw, 1920px\" \/>\n<\/div>\n<\/div>\n<\/div>\n\n\n\n<div class=\"gb-white-background gb-container-section-l gb-element-17b3414b text-box\" id=\"welcome\">\n<h2 class=\"gb-text gb-text-fe7f4b81\">Bars<\/h2>\n\n\n\n<div class=\"gb-element-c0e28317\">\n<div class=\"gb-element-a9871f0d\">\n<img loading=\"lazy\" decoding=\"async\" width=\"864\" height=\"1080\" class=\"gb-media-9098bac6\" src=\"https:\/\/www.zeushotels.gr\/wp-content\/uploads\/2026\/01\/HyattMagmaSantorini17-scaled.jpg\" title=\"JTRUB-P0099-Magma-Lounge-Fire.16x9\" alt=\"\" srcset=\"https:\/\/www.zeushotels.gr\/wp-content\/uploads\/2026\/01\/HyattMagmaSantorini17-scaled.jpg 864w, https:\/\/www.zeushotels.gr\/wp-content\/uploads\/2026\/01\/HyattMagmaSantorini17-640x800.jpg 640w, https:\/\/www.zeushotels.gr\/wp-content\/uploads\/2026\/01\/HyattMagmaSantorini17-819x1024.jpg 819w, https:\/\/www.zeushotels.gr\/wp-content\/uploads\/2026\/01\/HyattMagmaSantorini17-768x960.jpg 768w, https:\/\/www.zeushotels.gr\/wp-content\/uploads\/2026\/01\/HyattMagmaSantorini17-1229x1536.jpg 1229w, https:\/\/www.zeushotels.gr\/wp-content\/uploads\/2026\/01\/HyattMagmaSantorini17-1638x2048.jpg 1638w\" sizes=\"auto, (max-width: 864px) 100vw, 864px\" \/>\n<\/div>\n\n\n\n<div class=\"gb-element-8a05c28d\">\n<h2 class=\"gb-text gb-headline-h2 gb-text-c9e6ec35\">Bar On The Rocks<\/h2>\n\n\n\n<p class=\"gb-text gb-text-61b256c8\">Tauchen Sie ein in ein Geschmacksparadies am Pool. Genie\u00dfen Sie verlockende Snacks und Drinks in einer unbeschwerten Atmosph\u00e4re, in der jeder Schluck und jeder Bissen pure Erholung bedeutet. Entspannen Sie sich mit der Brise der \u00c4g\u00e4is unter der griechischen Sonne oder genie\u00dfen Sie die Aperitivo-Zeit am lodernden Feuerplatz.<\/p>\n\n\n\n<a class=\"gb-text gb-text-4396d332\" href=\"https:\/\/www.zeushotels.gr\/wp-content\/uploads\/2025\/11\/JTRUB-BAR-ON-THE-ROCKS-MENU.pdf\">Men\u00fc<\/a>\n<\/div>\n<\/div>\n<\/div>\n\n\n\n<div class=\"gb-container-section-l gb-element-10756c8c text-box\">\n<div class=\"gb-element-d5644644\">\n<div class=\"gb-element-be8402a5\">\n<h2 class=\"gb-text gb-headline-h2 gb-text-62cfed42\">Astra Lounge<\/h2>\n\n\n\n<p class=\"gb-text gb-text-4ab5f712\">Genie\u00dfen Sie Meisterwerke der Cocktailkunst und feinste Weine bei einer Cocktail-Masterclass. Erheben Sie Ihr Erlebnis mit privatem Dining \u2013 ein Ballett des Butlers unter Santorinis sternenklarem Himmel. Lassen Sie die Sterne ihren Zauber tanzen und die \u00c4g\u00e4is-Brise die B\u00fchne gestalten.<\/p>\n\n\n\n<a class=\"gb-text gb-text-7511778b\" href=\"https:\/\/www.zeushotels.gr\/wp-content\/uploads\/2025\/11\/PRIVATE_DINNER.pdf\">Men\u00fc<\/a>\n<\/div>\n\n\n\n<div class=\"gb-element-9d840ffc\">\n<img loading=\"lazy\" decoding=\"async\" width=\"1920\" height=\"1080\" class=\"gb-media-fb67a319\" src=\"https:\/\/www.zeushotels.gr\/wp-content\/uploads\/2025\/11\/JTRUB-P0136-Magma-Models-Dinner-Pool-Standing.16x9.png\" title=\"JTRUB-P0136-Magma-Models-Dinner-Pool-Standing.16x9\" alt=\"\" srcset=\"https:\/\/www.zeushotels.gr\/wp-content\/uploads\/2025\/11\/JTRUB-P0136-Magma-Models-Dinner-Pool-Standing.16x9.png 1920w, https:\/\/www.zeushotels.gr\/wp-content\/uploads\/2025\/11\/JTRUB-P0136-Magma-Models-Dinner-Pool-Standing.16x9-800x450.png 800w, https:\/\/www.zeushotels.gr\/wp-content\/uploads\/2025\/11\/JTRUB-P0136-Magma-Models-Dinner-Pool-Standing.16x9-1024x576.png 1024w, https:\/\/www.zeushotels.gr\/wp-content\/uploads\/2025\/11\/JTRUB-P0136-Magma-Models-Dinner-Pool-Standing.16x9-768x432.png 768w, https:\/\/www.zeushotels.gr\/wp-content\/uploads\/2025\/11\/JTRUB-P0136-Magma-Models-Dinner-Pool-Standing.16x9-1536x864.png 1536w, https:\/\/www.zeushotels.gr\/wp-content\/uploads\/2025\/11\/JTRUB-P0136-Magma-Models-Dinner-Pool-Standing.16x9-2048x1152.png 2048w\" sizes=\"auto, (max-width: 1920px) 100vw, 1920px\" \/>\n<\/div>\n<\/div>\n<\/div>\n","protected":false},"excerpt":{"rendered":"<p>Enjoy your breakfast, lunch and dinner indoors or outdoors with magnificent views to the dazzling blue sea at the hotel&#8217;s main restaurant.<\/p>\n","protected":false},"author":1,"featured_media":9126,"parent":8329,"menu_order":0,"comment_status":"closed","ping_status":"closed","template":"","meta":{"_acf_changed":false,"footnotes":""},"class_list":["post-8338","page","type-page","status-publish","has-post-thumbnail"],"acf":{"description":"","menus":false},"_links":{"self":[{"href":"https:\/\/www.zeushotels.gr\/de\/wp-json\/wp\/v2\/pages\/8338","targetHints":{"allow":["GET"]}}],"collection":[{"href":"https:\/\/www.zeushotels.gr\/de\/wp-json\/wp\/v2\/pages"}],"about":[{"href":"https:\/\/www.zeushotels.gr\/de\/wp-json\/wp\/v2\/types\/page"}],"author":[{"embeddable":true,"href":"https:\/\/www.zeushotels.gr\/de\/wp-json\/wp\/v2\/users\/1"}],"replies":[{"embeddable":true,"href":"https:\/\/www.zeushotels.gr\/de\/wp-json\/wp\/v2\/comments?post=8338"}],"version-history":[{"count":3,"href":"https:\/\/www.zeushotels.gr\/de\/wp-json\/wp\/v2\/pages\/8338\/revisions"}],"predecessor-version":[{"id":10000,"href":"https:\/\/www.zeushotels.gr\/de\/wp-json\/wp\/v2\/pages\/8338\/revisions\/10000"}],"up":[{"embeddable":true,"href":"https:\/\/www.zeushotels.gr\/de\/wp-json\/wp\/v2\/pages\/8329"}],"wp:featuredmedia":[{"embeddable":true,"href":"https:\/\/www.zeushotels.gr\/de\/wp-json\/wp\/v2\/media\/9126"}],"wp:attachment":[{"href":"https:\/\/www.zeushotels.gr\/de\/wp-json\/wp\/v2\/media?parent=8338"}],"curies":[{"name":"wp","href":"https:\/\/api.w.org\/{rel}","templated":true}]}}