{"id":8386,"date":"2025-11-21T01:27:20","date_gmt":"2025-11-20T23:27:20","guid":{"rendered":"https:\/\/www.zeushotels.gr\/discover-rhodes\/"},"modified":"2026-02-06T18:22:09","modified_gmt":"2026-02-06T16:22:09","slug":"entdecke-rhodos","status":"publish","type":"page","link":"https:\/\/www.zeushotels.gr\/de\/entdecke-rhodos\/","title":{"rendered":"Entdecke Rhodos"},"content":{"rendered":"\n<div class=\"gb-element-32c102f7\">\n<h2 class=\"gb-text gb-headline-h2 gb-text-13a6dc67\">DISCOVER THE ISLAND<\/h2>\n\n\n\n<h3 class=\"gb-text gb-headline-h3 gb-text-989c7b87\"><strong>Unser Hotel auf RHODOS<\/strong><\/h3>\n\n\n\n<div class=\"gb-element-5cd6aea6\">\n<div class=\"gb-element-b94c81d2\">\n<img loading=\"lazy\" decoding=\"async\" width=\"1440\" height=\"1080\" class=\"gb-media-38c1c2aa\" src=\"https:\/\/www.zeushotels.gr\/wp-content\/uploads\/2025\/11\/ZTprHrv8.jpeg\" title=\"ZTprHrv8\" alt=\"\" srcset=\"https:\/\/www.zeushotels.gr\/wp-content\/uploads\/2025\/11\/ZTprHrv8.jpeg 1440w, https:\/\/www.zeushotels.gr\/wp-content\/uploads\/2025\/11\/ZTprHrv8-800x600.jpeg 800w, https:\/\/www.zeushotels.gr\/wp-content\/uploads\/2025\/11\/ZTprHrv8-1024x768.jpeg 1024w, https:\/\/www.zeushotels.gr\/wp-content\/uploads\/2025\/11\/ZTprHrv8-768x576.jpeg 768w, https:\/\/www.zeushotels.gr\/wp-content\/uploads\/2025\/11\/ZTprHrv8-1536x1152.jpeg 1536w\" sizes=\"auto, (max-width: 1440px) 100vw, 1440px\" \/>\n<\/div>\n\n\n\n<div class=\"gb-element-e7471b02\">\n<div class=\"gb-element-784a39e6\">\n<h2 class=\"gb-text gb-text-db76acda\">Rhodos<\/h2>\n\n\n\n<p class=\"gb-text gb-text-ae1c5804\">Entdecken Sie die Magie von Rhodos mit dem exklusiven Besucherf\u00fchrer von Zeus Hotels \u2013 sorgf\u00e4ltig gestaltet, um die verborgenen Sch\u00e4tze und ikonischen Wahrzeichen der Insel sichtbar zu machen. Als Ihre engagierten Gastgeber haben wir jahrzehntelanges lokales Wissen in diesem umfassenden Guide zusammengetragen, damit unsere G\u00e4ste das authentische Herz von Rhodos jenseits der typischen Touristenwege erleben k\u00f6nnen.<\/p>\n\n\n\n<p class=\"gb-text gb-text-0c1acdf1\">Vom mittelalterlichen Glanz der Altstadt bis zu den sonnenverw\u00f6hnten Str\u00e4nden von Lindos f\u00fchrt Sie unser Guide zu faszinierenden historischen St\u00e4tten und kristallklaren Str\u00e4nden. Lassen Sie Zeus Hotels Ihr Tor zu unvergesslichen Abenteuern auf Rhodos sein, die Ihren Urlaub in eine Reise voller Entdeckungen verwandeln.<\/p>\n<\/div>\n<\/div>\n<\/div>\n<\/div>\n\n\n\n<div class=\"gb-element-7a468c15\">\n<div class=\"gb-element-effb75c2\">\n<h2 class=\"gb-text gb-text-c461c72c\"><strong>5 TOP-AKTIVIT\u00c4TEN AUF RHODOS<\/strong><\/h2>\n\n\n\n<h3 class=\"gb-text gb-text-af5fa672\"><strong><strong>Mittelalterliche Stadt Rhodos<\/strong><\/strong><\/h3>\n\n\n\n<p>Als UNESCO-Weltkulturerbe ist die mittelalterliche Stadt Rhodos eine faszinierende Mischung aus Kopfsteinpflasterstra\u00dfen, mittelalterlichen Befestigungen und Ritterburgen. Tief in Geschichte verwurzelt, versetzt sie Besucher mit ihrem antiken Charme und ihrer beeindruckenden Architektur zur\u00fcck in vergangene Zeiten \u2013 ein absolutes Muss f\u00fcr Geschichtsliebhaber.<\/p>\n\n\n\n<h3 class=\"gb-text gb-text-3dc98b17\"><strong><strong>Lindos<\/strong><\/strong><\/h3>\n\n\n\n<p>Lindos ist ein malerisches Dorf mit engen, von wei\u00df get\u00fcnchten H\u00e4usern ges\u00e4umten Gassen. Beherrscht von einer antiken Akropolis bietet es atemberaubende Ausblicke auf das Meer und die umliegende Landschaft. Der Ort vereint nat\u00fcrliche Sch\u00f6nheit mit reichem historischem Erbe und z\u00e4hlt zu den sch\u00f6nsten Pl\u00e4tzen der Insel.<\/p>\n\n\n\n<h3 class=\"gb-text gb-text-a7d3dbc7\">Kamiros<\/h3>\n\n\n\n<div>\n<p>Kamiros ist eine antike dorische Stadt, in der Besucher die Ruinen dieses einst florierenden Stadtstaates erkunden k\u00f6nnen. In malerischer Hanglage gelegen, bietet die St\u00e4tte einen Einblick in das klassische griechische Leben mit gut erhaltenen Strukturen und einer eindrucksvollen Umgebung.<\/p>\n<\/div>\n\n\n\n<h3 class=\"gb-text gb-text-cb00d94a\"><strong>Seven Springs (Epta Piges)<\/strong><\/h3>\n\n\n\n<p>Seven Springs ist eine \u00fcppige, gr\u00fcne Oase der Insel, bekannt f\u00fcr ruhige Wanderwege, erfrischende Gew\u00e4sser und einen Tunnel, der zu einer nat\u00fcrlichen Quelle f\u00fchrt. Ein perfekter Ort f\u00fcr Naturliebhaber, die Ruhe suchen und eine Verbindung zur nat\u00fcrlichen Sch\u00f6nheit der Insel erleben m\u00f6chten.<\/p>\n\n\n\n<h3 class=\"gb-text gb-text-74df6aee\"><strong>Profitis Ilias<\/strong><\/h3>\n\n\n\n<p>In den Bergen gelegen, bietet Profitis Ilias atemberaubende Ausblicke auf die Insel und das Meer. Die Gegend beherbergt traditionelle G\u00e4steh\u00e4user und bietet eine friedliche Auszeit fernab der belebten Touristengebiete \u2013 ideal f\u00fcr alle, die ein authentisches, lokales Erlebnis in ruhiger Umgebung suchen.<\/p>\n<\/div>\n<\/div>\n","protected":false},"excerpt":{"rendered":"<p>DISCOVER THE ISLAND Unser Hotel auf RHODOS Rhodos Entdecken Sie die Magie von Rhodos mit dem exklusiven Besucherf\u00fchrer von Zeus Hotels \u2013 sorgf\u00e4ltig gestaltet, um die verborgenen Sch\u00e4tze und ikonischen Wahrzeichen der Insel sichtbar zu machen. Als Ihre engagierten Gastgeber haben wir jahrzehntelanges lokales Wissen in diesem umfassenden Guide zusammengetragen, damit unsere G\u00e4ste das authentische &#8230; <a title=\"Entdecke Rhodos\" class=\"read-more\" href=\"https:\/\/www.zeushotels.gr\/de\/entdecke-rhodos\/\" aria-label=\"Mehr Informationen \u00fcber Entdecke Rhodos\">Weiterlesen<\/a><\/p>\n","protected":false},"author":1,"featured_media":7426,"parent":0,"menu_order":0,"comment_status":"closed","ping_status":"closed","template":"","meta":{"_acf_changed":false,"footnotes":""},"class_list":["post-8386","page","type-page","status-publish","has-post-thumbnail"],"acf":{"description":"","menus":false},"_links":{"self":[{"href":"https:\/\/www.zeushotels.gr\/de\/wp-json\/wp\/v2\/pages\/8386","targetHints":{"allow":["GET"]}}],"collection":[{"href":"https:\/\/www.zeushotels.gr\/de\/wp-json\/wp\/v2\/pages"}],"about":[{"href":"https:\/\/www.zeushotels.gr\/de\/wp-json\/wp\/v2\/types\/page"}],"author":[{"embeddable":true,"href":"https:\/\/www.zeushotels.gr\/de\/wp-json\/wp\/v2\/users\/1"}],"replies":[{"embeddable":true,"href":"https:\/\/www.zeushotels.gr\/de\/wp-json\/wp\/v2\/comments?post=8386"}],"version-history":[{"count":2,"href":"https:\/\/www.zeushotels.gr\/de\/wp-json\/wp\/v2\/pages\/8386\/revisions"}],"predecessor-version":[{"id":11687,"href":"https:\/\/www.zeushotels.gr\/de\/wp-json\/wp\/v2\/pages\/8386\/revisions\/11687"}],"wp:featuredmedia":[{"embeddable":true,"href":"https:\/\/www.zeushotels.gr\/de\/wp-json\/wp\/v2\/media\/7426"}],"wp:attachment":[{"href":"https:\/\/www.zeushotels.gr\/de\/wp-json\/wp\/v2\/media?parent=8386"}],"curies":[{"name":"wp","href":"https:\/\/api.w.org\/{rel}","templated":true}]}}