{"id":8396,"date":"2025-11-21T01:27:01","date_gmt":"2025-11-20T23:27:01","guid":{"rendered":"https:\/\/www.zeushotels.gr\/discover-santorini\/"},"modified":"2026-02-06T18:24:36","modified_gmt":"2026-02-06T16:24:36","slug":"entdecke-santorini","status":"publish","type":"page","link":"https:\/\/www.zeushotels.gr\/de\/entdecke-santorini\/","title":{"rendered":"Entdecke Santorini"},"content":{"rendered":"\n<div class=\"gb-element-32c102f7\">\n<h2 class=\"gb-text gb-headline-h2 gb-text-13a6dc67\">ENTDECKE DIE INSEL<\/h2>\n\n\n\n<h3 class=\"gb-text gb-headline-h3 gb-text-989c7b87\"><strong>Unser Hotel auf Santorini<\/strong><\/h3>\n\n\n\n<div class=\"gb-element-5cd6aea6\">\n<div class=\"gb-element-b94c81d2\">\n<img loading=\"lazy\" decoding=\"async\" width=\"1441\" height=\"1080\" class=\"gb-media-38c1c2aa\" src=\"https:\/\/www.zeushotels.gr\/wp-content\/uploads\/2025\/11\/12-1-scaled.jpg\" title=\"12 (1)\" alt=\"\" srcset=\"https:\/\/www.zeushotels.gr\/wp-content\/uploads\/2025\/11\/12-1-scaled.jpg 1441w, https:\/\/www.zeushotels.gr\/wp-content\/uploads\/2025\/11\/12-1-800x600.jpg 800w, https:\/\/www.zeushotels.gr\/wp-content\/uploads\/2025\/11\/12-1-1024x767.jpg 1024w, https:\/\/www.zeushotels.gr\/wp-content\/uploads\/2025\/11\/12-1-768x576.jpg 768w, https:\/\/www.zeushotels.gr\/wp-content\/uploads\/2025\/11\/12-1-1536x1151.jpg 1536w, https:\/\/www.zeushotels.gr\/wp-content\/uploads\/2025\/11\/12-1-2048x1535.jpg 2048w\" sizes=\"auto, (max-width: 1441px) 100vw, 1441px\" \/>\n<\/div>\n\n\n\n<div class=\"gb-element-e7471b02\">\n<div class=\"gb-element-784a39e6\">\n<h2 class=\"gb-text gb-text-db76acda\">Santorini<\/h2>\n\n\n\n<p class=\"gb-text gb-text-ae1c5804\">Entdecken Sie die Magie von Santorini mit dem exklusiven Besucherf\u00fchrer von Zeus Hotels \u2013 sorgf\u00e4ltig gestaltet, um die verborgenen Sch\u00e4tze und ikonischen Wahrzeichen der Insel zu enth\u00fcllen. Als Ihre engagierten Gastgeber haben wir jahrzehntelanges lokales Wissen in diesem umfassenden Guide zusammengef\u00fchrt, damit unsere G\u00e4ste das authentische Herz von Santorini jenseits der \u00fcblichen Touristenwege erleben k\u00f6nnen.<\/p>\n\n\n\n<p class=\"gb-text gb-text-0c1acdf1\">Von den legend\u00e4ren Sonnenunterg\u00e4ngen in Oia bis zu den antiken Ruinen von Akrotiri f\u00fchrt Sie unser Guide durch dramatische Vulkanlandschaften und bezaubernde D\u00f6rfer auf den Klippen. Lassen Sie Zeus Hotels Ihr Tor zu unvergesslichen Santorini-Abenteuern sein, die Ihren Urlaub in eine Reise voller Entdeckungen verwandeln.<\/p>\n<\/div>\n<\/div>\n<\/div>\n<\/div>\n\n\n\n<div class=\"gb-element-7a468c15\">\n<div class=\"gb-element-effb75c2\">\n<h2 class=\"gb-text gb-text-c461c72c\"><strong>5 TOP-AKTIVIT\u00c4TEN AUF SANTORINI<\/strong><\/h2>\n\n\n\n<h3 class=\"gb-text gb-text-af5fa672\"><br><strong>Emporio<\/strong><\/h3>\n\n\n\n<p>Emporio ist ein traditionelles Dorf, das den Charme Santorinis perfekt widerspiegelt \u2013 mit engen, gewundenen Gassen, wei\u00df get\u00fcnchten H\u00e4usern und historischer venezianischer Architektur. Es ist weniger \u00fcberlaufen als die beliebten Orte Fira und Oia und bietet eine authentischere und ruhigere Atmosph\u00e4re. Im Dorf befindet sich zudem eine beeindruckende mittelalterliche Burg, die einen wunderbaren Ausblick auf die S\u00fcdk\u00fcste der Insel gew\u00e4hrt. Schlendern Sie durch die charmanten Stra\u00dfen und entdecken Sie den wahren Charakter Santorinis fernab der Touristenmengen.<\/p>\n\n\n\n<h3 class=\"gb-text gb-text-3dc98b17\"><strong>Akrotiri (Prehistoric Settlement)<\/strong><\/h3>\n\n\n\n<p>Akrotiri ist eine der bedeutendsten arch\u00e4ologischen St\u00e4tten Griechenlands und bietet einen seltenen Einblick in die antike minoische Zivilisation. Die Siedlung wurde um 1600 v. Chr. durch einen Vulkanausbruch zerst\u00f6rt und in Vulkanasche konserviert \u2013 \u00e4hnlich wie Pompeji. Besucher k\u00f6nnen die gut erhaltenen Stra\u00dfen, Geb\u00e4ude und Wandmalereien entdecken und dabei mehr \u00fcber das t\u00e4gliche Leben der Minoer erfahren. Die St\u00e4tte vereint Geschichte, Kunst und Natur zu einem unvergesslichen Kulturerlebnis.<\/p>\n\n\n\n<h3 class=\"gb-text gb-text-a7d3dbc7\"><strong>Imerovigli<\/strong><\/h3>\n\n\n\n<div>\n<p>Hoch oben an den Klippen der Caldera gelegen, ist Imerovigli ein ruhiges Dorf, das f\u00fcr seine atemberaubenden Ausblicke auf das Meer und die Caldera bekannt ist. Von hier sieht man einige der sch\u00f6nsten Sonnenunterg\u00e4nge der Insel, wenn die Sonne hinter dem Horizont versinkt und den Himmel in leuchtenden Farben erstrahlen l\u00e4sst. Die engen Gassen sind ges\u00e4umt von wei\u00df get\u00fcnchten H\u00e4usern, luxuri\u00f6sen Hotels und kleinen Caf\u00e9s. Imerovigli ist perfekt f\u00fcr einen romantischen Spaziergang oder einen friedlichen R\u00fcckzugsort fernab vom Trubel der touristischen Hotspots.<\/p>\n<\/div>\n\n\n\n<h3 class=\"gb-text gb-text-cb00d94a\"><strong>Vlychada Beach<\/strong><\/h3>\n\n\n\n<p>Vlychada Beach ist einer der versteckten Sch\u00e4tze Santorinis und beeindruckt durch dramatische vulkanische Klippen, die an eine Mondlandschaft erinnern. Der Strand ist ruhiger als viele der bekannteren Str\u00e4nde der Insel und bietet einen idealen Ort zum Entspannen und Sonnenbaden. Die einzigartige Landschaft, geformt durch jahrhundertelange vulkanische Aktivit\u00e4t, bildet einen faszinierenden Kontrast zum kristallklaren Wasser. Ein zus\u00e4tzlicher Pluspunkt ist die N\u00e4he zum spannenden Tomatenmuseum (Tomato Industrial Museum).<\/p>\n\n\n\n<h3 class=\"gb-text gb-text-74df6aee\"><strong>Pyrgos<\/strong><\/h3>\n\n\n\n<p>Pyrgos ist ein malerisches Dorf an den H\u00e4ngen eines H\u00fcgels und bietet einen Panoramablick \u00fcber die gesamte Insel. Das Dorf ist gepr\u00e4gt von engen, traditionellen Gassen, wei\u00dfen H\u00e4usern und charmanten Kirchen, die Besuchern einen authentischen Einblick in das l\u00e4ndliche Leben Santorinis geben. Auf der H\u00fcgelspitze steht eine mittelalterliche Burg, von der aus man atemberaubende Ausblicke \u00fcber die Insel, das Meer und die umliegende Landschaft genie\u00dft. Pyrgos ist ideal f\u00fcr alle, die Santorinis urspr\u00fcnglichen Charme und seine beeindruckenden Ausblicke abseits der belebten Regionen erleben m\u00f6chten.<\/p>\n<\/div>\n<\/div>\n","protected":false},"excerpt":{"rendered":"<p>ENTDECKE DIE INSEL Unser Hotel auf Santorini Santorini Entdecken Sie die Magie von Santorini mit dem exklusiven Besucherf\u00fchrer von Zeus Hotels \u2013 sorgf\u00e4ltig gestaltet, um die verborgenen Sch\u00e4tze und ikonischen Wahrzeichen der Insel zu enth\u00fcllen. Als Ihre engagierten Gastgeber haben wir jahrzehntelanges lokales Wissen in diesem umfassenden Guide zusammengef\u00fchrt, damit unsere G\u00e4ste das authentische Herz &#8230; <a title=\"Entdecke Santorini\" class=\"read-more\" href=\"https:\/\/www.zeushotels.gr\/de\/entdecke-santorini\/\" aria-label=\"Mehr Informationen \u00fcber Entdecke Santorini\">Weiterlesen<\/a><\/p>\n","protected":false},"author":1,"featured_media":7429,"parent":0,"menu_order":0,"comment_status":"closed","ping_status":"closed","template":"","meta":{"_acf_changed":false,"footnotes":""},"class_list":["post-8396","page","type-page","status-publish","has-post-thumbnail"],"acf":{"description":"","menus":false},"_links":{"self":[{"href":"https:\/\/www.zeushotels.gr\/de\/wp-json\/wp\/v2\/pages\/8396","targetHints":{"allow":["GET"]}}],"collection":[{"href":"https:\/\/www.zeushotels.gr\/de\/wp-json\/wp\/v2\/pages"}],"about":[{"href":"https:\/\/www.zeushotels.gr\/de\/wp-json\/wp\/v2\/types\/page"}],"author":[{"embeddable":true,"href":"https:\/\/www.zeushotels.gr\/de\/wp-json\/wp\/v2\/users\/1"}],"replies":[{"embeddable":true,"href":"https:\/\/www.zeushotels.gr\/de\/wp-json\/wp\/v2\/comments?post=8396"}],"version-history":[{"count":3,"href":"https:\/\/www.zeushotels.gr\/de\/wp-json\/wp\/v2\/pages\/8396\/revisions"}],"predecessor-version":[{"id":11689,"href":"https:\/\/www.zeushotels.gr\/de\/wp-json\/wp\/v2\/pages\/8396\/revisions\/11689"}],"wp:featuredmedia":[{"embeddable":true,"href":"https:\/\/www.zeushotels.gr\/de\/wp-json\/wp\/v2\/media\/7429"}],"wp:attachment":[{"href":"https:\/\/www.zeushotels.gr\/de\/wp-json\/wp\/v2\/media?parent=8396"}],"curies":[{"name":"wp","href":"https:\/\/api.w.org\/{rel}","templated":true}]}}